{"id":1520,"date":"2024-07-22T15:12:29","date_gmt":"2024-07-22T15:12:29","guid":{"rendered":"https:\/\/ykhoathongminh.com\/?post_type=product&#038;p=1520"},"modified":"2024-10-26T06:09:33","modified_gmt":"2024-10-26T06:09:33","slug":"ban-dap-phuc-hoi-chuc-nang-chan-cai-tien-co-khang-luc-phana-pn13s","status":"publish","type":"product","link":"https:\/\/ykhoathongminh.com\/en\/product\/ban-dap-phuc-hoi-chuc-nang-chan-cai-tien-co-khang-luc-phana-pn13s\/","title":{"rendered":"B\u00e0n \u0111\u1ea1p ph\u1ee5c h\u1ed3i ch\u1ee9c n\u0103ng ch\u00e2n c\u1ea3i ti\u1ebfn c\u00f3 kh\u00e1ng l\u1ef1c Phana PN13S"},"content":{"rendered":"<p><b><u>CH\u1ee8C N\u0102NG<\/u><\/b> :<\/p>\n<ul>\n<li>T\u1eadp m\u1ea1nh c\u01a1 2 ch\u00e2n, kh\u1edbp h\u00f4ng, kh\u1edbp g\u1ed1i, kh\u1edbp c\u1ed5 ch\u00e2n.<\/li>\n<li>\u0110\u00e2y l\u00e0 lo\u1ea1i xe \u0111\u1ea1p \u0111\u01b0\u1ee3c c\u1ea3i ti\u1ebfn \u0111\u01a1n gi\u1ea3n, nh\u1ecf g\u1ecdn c\u00f3 th\u1ec3 ng\u1ed3i gh\u1ebf \u0111\u1ea1p ho\u1eb7c n\u1eb1m \u0111\u1ea1p.<\/li>\n<li>Khi \u0111\u1ea1p xe \u1edf t\u01b0 th\u1ebf n\u1eb1m s\u1ebd t\u1eadp th\u00eam \u0111\u01b0\u1ee3c c\u01a1 l\u01b0ng v\u00e0 c\u01a1 b\u1ee5ng.<\/li>\n<li>D\u1ee5ng c\u1ee5 n\u00e0y r\u1ea5t ti\u1ec7n l\u1ee3i cho ng\u01b0\u1eddi b\u1ec7nh t\u1eadp t\u1ea1i nh\u00e0.<\/li>\n<li>Xe n\u00e0y c\u00f3 th\u00eam l\u1ef1c kh\u00e1ng \u0111\u1ec3 c\u00f3 th\u1ec3 \u0111i\u1ec1u ch\u1ec9nh l\u1ef1c n\u1eb7ng &#8211; nh\u1eb9 khi t\u1eadp.<\/li>\n<\/ul>\n<p><b><u>CH\u1ec8 \u0110\u1ecaNH :<\/u><\/b> C\u00e1c b\u1ec7nh \u0111\u1ec3 l\u1ea1i di ch\u1ee9ng y\u1ebfu li\u1ec7t ch\u00e2n: Tai bi\u1ebfn m\u1ea1ch m\u00e1u n\u00e3o, c\u00e1c b\u1ec7nh v\u1ec1 x\u01b0\u01a1ng kh\u1edbp&#8230;.<\/p>\n<p><b><u>CH\u1ed0NG CH\u1ec8 \u0110\u1ecaNH<\/u><\/b><b>: <\/b>L\u01b0u \u00fd khi t\u1eadp cho b\u1ec7nh nh\u00e2n c\u00f3 t\u0103ng huy\u1ebft \u00e1p v\u00e0 suy tim. Theo d\u00f5i huy\u1ebft \u00e1p v\u00e0 t\u1eadp theo s\u1ee9c c\u1ee7a ng\u01b0\u1eddi b\u1ec7nh , c\u00f3 th\u1eddi gian ngh\u1ec9 xen k\u1ebb trong th\u1eddi gian t\u1eadp.<\/p>","protected":false},"excerpt":{"rendered":"<p><strong>N\u01b0\u1edbc s\u1ea3n xu\u1ea5t: Vi\u1ec7t Nam<\/strong><\/p>\n<p><strong>Ti\u00eau chu\u1ea9n ch\u1ea5t l\u01b0\u01a1ng ISO13485<\/strong><\/p>\n<p><strong>Th\u00f4ng s\u1ed1 k\u1ef9 thu\u1eadt:<\/strong><\/p>\n<p>&#8211; Ch\u1ea5t li\u1ec7u: Khung s\u1eaft s\u01a1n t\u0129nh \u0111i\u1ec7n,<\/p>\n<p>&#8211; K\u00edch th\u01b0\u1edbc: D55xR46xC45cm (+\/- sai s\u1ed1 5%).<\/p>\n<p>&#8211; B\u00e0n \u0111\u1ea1p c\u00f3 2 chi\u1ebfc gu\u1ed1c nh\u1ef1a, c\u00f3 d\u00e2y bu\u1ed9c, k\u00edch th\u01b0\u1edbc gu\u1ed1c: D27xR12cm. Ch\u00e2n \u0111\u1ebf c\u00f3 4 c\u1ee5c cao su \u0111\u00f3ng ngo\u00e0i ch\u1ed1ng tr\u01b0\u1ee3t. T\u0103ng &#8211; gi\u1ea3m l\u1ef1c kh\u00e1ng b\u1eb1ng n\u00fam v\u1eb7n.<\/p>\n<p>&#8211; Kh\u1ed1i l\u01b0\u1ee3ng: 4,3 kg.<\/p>","protected":false},"featured_media":7314,"comment_status":"open","ping_status":"closed","template":"","meta":{"_acf_changed":false,"rank_math_lock_modified_date":false},"product_cat":[255,121,118],"product_tag":[],"class_list":{"0":"post-1520","1":"product","2":"type-product","3":"status-publish","4":"has-post-thumbnail","6":"product_cat-dung-cu-tap-chi-duoi","7":"product_cat-dung-cu-tap-luyen","8":"product_cat-phuc-hoi-chuc-nang","10":"first","11":"instock","12":"shipping-taxable","13":"purchasable","14":"product-type-simple"},"acf":[],"_links":{"self":[{"href":"https:\/\/ykhoathongminh.com\/en\/wp-json\/wp\/v2\/product\/1520"}],"collection":[{"href":"https:\/\/ykhoathongminh.com\/en\/wp-json\/wp\/v2\/product"}],"about":[{"href":"https:\/\/ykhoathongminh.com\/en\/wp-json\/wp\/v2\/types\/product"}],"replies":[{"embeddable":true,"href":"https:\/\/ykhoathongminh.com\/en\/wp-json\/wp\/v2\/comments?post=1520"}],"wp:featuredmedia":[{"embeddable":true,"href":"https:\/\/ykhoathongminh.com\/en\/wp-json\/wp\/v2\/media\/7314"}],"wp:attachment":[{"href":"https:\/\/ykhoathongminh.com\/en\/wp-json\/wp\/v2\/media?parent=1520"}],"wp:term":[{"taxonomy":"product_cat","embeddable":true,"href":"https:\/\/ykhoathongminh.com\/en\/wp-json\/wp\/v2\/product_cat?post=1520"},{"taxonomy":"product_tag","embeddable":true,"href":"https:\/\/ykhoathongminh.com\/en\/wp-json\/wp\/v2\/product_tag?post=1520"}],"curies":[{"name":"wp","href":"https:\/\/api.w.org\/{rel}","templated":true}]}}