{"id":1574,"date":"2024-07-22T15:12:41","date_gmt":"2024-07-22T15:12:41","guid":{"rendered":"https:\/\/ykhoathongminh.com\/?post_type=product&#038;p=1574"},"modified":"2024-10-10T15:42:22","modified_gmt":"2024-10-10T15:42:22","slug":"tui-chuom-lanh-cao-su-pt-dung-khi-bi-chan-thuong","status":"publish","type":"product","link":"https:\/\/ykhoathongminh.com\/en\/product\/tui-chuom-lanh-cao-su-pt-dung-khi-bi-chan-thuong\/","title":{"rendered":"T\u00fai Ch\u01b0\u1eddm L\u1ea1nh Cao Su PT D\u00f9ng Khi B\u1ecb Ch\u1ea5n Th\u01b0\u01a1ng"},"content":{"rendered":"<div id=\"detail-content-0\" class=\"description\">\n<h3>\u01afu \u0111i\u1ec3m c\u1ee7a t\u00fai ch\u01b0\u1eddm l\u1ea1nh cao su PT<\/h3>\n<p><img loading=\"lazy\" decoding=\"async\" class=\"size-medium wp-image-7640\" src=\"https:\/\/ykhoathongminh.com\/wp-content\/uploads\/2023\/07\/Tui-chuom-lanh-cao-su-540x540.jpg\" alt=\"\" width=\"540\" height=\"540\" \/><\/p>\n<p>&nbsp;<\/p>\n<h2>M\u1ed9t s\u1ed1 \u01b0u \u0111i\u1ec3m c\u1ee7a t\u00fai ch\u01b0\u1eddm l\u1ea1nh l\u00e0:<\/h2>\n<p>T\u00fai ch\u01b0\u1eddm \u0111\u00e1 gi\u00fap gi\u1ea3m \u0111au, tan b\u1ea7m t\u00edm v\u00e0 \u0111i\u1ec1u tr\u1ecb ch\u1ea5n th\u01b0\u01a1ng x\u01b0\u01a1ng kh\u1edbp, bong g\u00e2n, c\u0103ng c\u01a1,&#8230;<\/p>\n<p>C\u00f3 th\u1ec3 d\u00f9ng ch\u01b0\u1eddm n\u00f3ng gi\u1ea3m \u0111au, gi\u1ea3m \u0111au b\u1ee5ng ho\u1eb7c gi\u1eef nhi\u1ec7t khi l\u1ea1nh gi\u1ea3m nhi\u1ec7t khi s\u1ed1t.<\/p>\n<p>Kh\u00f4ng l\u00e0m b\u1ecfng ho\u1eb7c t\u1ed5n th\u01b0\u01a1ng da khi ti\u1ebfp x\u00fac v\u1edbi nhi\u1ec7t \u0111\u1ed9 n\u00f3ng ho\u1eb7c l\u1ea1nh.<\/p>\n<h3>Nh\u1eefng tr\u01b0\u1eddng h\u1ee3p n\u00ean ch\u01b0\u1eddm l\u1ea1nh<\/h3>\n<p>Ch\u01b0\u1eddm l\u1ea1nh c\u00f3 hi\u1ec7u qu\u1ea3 \u0111\u1ed1i v\u1edbi vi\u00eam c\u1ea5p t\u00ednh. Do \u0111\u00f3, ch\u1ec9 \u0111\u1ecbnh ch\u01b0\u1eddm l\u1ea1nh ch\u1ee7 y\u1ebfu d\u00e0nh cho c\u00e1c tr\u01b0\u1eddng h\u1ee3p vi\u00eam m\u1edbi nh\u01b0:<\/p>\n<p>Ch\u01b0\u1eddm l\u1ea1nh \u0111\u01b0\u1ee3c ch\u1ec9 \u0111\u1ecbnh trong tr\u01b0\u1eddng h\u1ee3p \u0111au c\u1ea5p t\u00ednh nh\u01b0 \u0111au r\u0103ng, nh\u1ee9c \u0111\u1ea7u, \u0111au ngay sau ch\u1ea5n th\u01b0\u01a1ng.<\/p>\n<p>Gi\u1ea3m vi\u00eam c\u1ea5p t\u00ednh.<\/p>\n<p>H\u1ea1 th\u00e2n nhi\u1ec7t s\u1ed1t cao.<\/p>\n<p>H\u1ea1n ch\u1ebf ch\u1ea3y m\u00e1u, c\u00f4n tr\u00f9ng c\u1eafn, m\u1ea9n ng\u1ee9a, \u0111au n\u1eeda \u0111\u1ea7u.<\/p>\n<p>Gi\u1ea3m \u0111au trong m\u1ed9t s\u1ed1 tr\u01b0\u1eddng h\u1ee3p t\u1ed5n th\u01b0\u01a1ng th\u1ea7n kinh ngo\u1ea1i vi, co c\u1ee9ng c\u01a1, \u0111au gout b\u00f9ng ph\u00e1t.<\/p>\n<h3>Nh\u1eefng tr\u01b0\u1eddng h\u1ee3p kh\u00f4ng n\u00ean ch\u01b0\u1eddm l\u1ea1nh<\/h3>\n<p>Ch\u01b0\u1eddm l\u1ea1nh kh\u00f4ng n\u00ean th\u1ef1c hi\u1ec7n cho c\u00e1c tr\u01b0\u1eddng h\u1ee3p sau:<\/p>\n<p>V\u1ebft th\u01b0\u01a1ng h\u1edf.<\/p>\n<p>Nh\u1eefng ng\u01b0\u1eddi nh\u1ea1y c\u1ea3m v\u1edbi l\u1ea1nh, d\u1ec5 b\u1ecb t\u00ea l\u1ea1nh.<\/p>\n<p>Nh\u1eefng ng\u01b0\u1eddi b\u1ecb r\u1ed1i lo\u1ea1n m\u1ea1ch m\u00e1u ho\u1eb7c h\u1ec7 th\u1ea7n kinh giao c\u1ea3m \u1ea3nh h\u01b0\u1edfng \u0111\u1ebfn l\u01b0u l\u01b0\u1ee3ng m\u00e1u.<\/p>\n<p>Ch\u01b0\u1eddm l\u1ea1nh kh\u00f4ng hi\u1ec7u qu\u1ea3 \u0111\u1ed1i v\u1edbi ch\u1ee9ng \u0111au l\u01b0ng. H\u1ea7u h\u1ebft c\u00e1c c\u01a1n \u0111au l\u01b0ng l\u00e0 m\u00e3n t\u00ednh v\u00e0 do c\u0103ng c\u01a1, v\u00ec v\u1eady ch\u01b0\u1eddm l\u1ea1nh l\u00e0m cho c\u00e1c tri\u1ec7u ch\u1ee9ng tr\u1edf n\u00ean t\u1ed3i t\u1ec7 h\u01a1n. Ngo\u00e0i ra v\u1ecb tr\u00ed l\u01b0ng g\u1ea7n c\u1ed9t s\u1ed1ng kh\u00e1 nh\u1ea1y c\u1ea3m kh\u00f4ng n\u00ean ch\u01b0\u1eddm l\u1ea1nh v\u00f9ng c\u1ed9t s\u1ed1ng n\u00e0y.<\/p>\n<\/div>\n<div id=\"detail-content-1\" class=\"usage\">\n<h2 class=\"css-8uyn92\">C\u00f4ng d\u1ee5ng cu\u0309a T\u00fai ch\u01b0\u1eddm l\u1ea1nh y t\u1ebf<\/h2>\n<div>\n<p>B\u1ecf \u0111\u00e1 v\u00e0o ch\u01b0\u1eddm \u0111\u01a1n gi\u1ea3n v\u00e0 d\u1ec5 d\u00e0ng.<\/p>\n<p>Ch\u0103m s\u00f3c ch\u1ea5n th\u01b0\u01a1ng hi\u1ec7u qu\u1ea3.<\/p>\n<p>Ch\u0103m s\u00f3c h\u1ea1 nhi\u1ec7t s\u1ed1t.<\/p>\n<p>Gi\u00fap l\u00e0m gi\u1ea3m \u0111au nh\u1ee9c, tan m\u00e1u b\u1ea7m, gi\u1ea3m \u0111au b\u1ee5ng, ch\u01b0\u1eddm l\u1ea1nh khi b\u1ecb bong g\u00e2n, ch\u1ea5n th\u01b0\u01a1ng\u2026<\/p>\n<\/div>\n<\/div>","protected":false},"excerpt":{"rendered":"<p>T\u00fai ch\u01b0\u1eddm l\u1ea1nh l\u00e0 s\u1ea3n ph\u1ea9m \u0111\u1eb7c th\u00f9 \u0111\u1ec3 l\u00e0m ch\u01b0\u1eddm l\u1ea1nh n\u01a1i b\u1ecb ch\u1ea5n th\u01b0\u01a1ng, gi\u00fap gi\u1ea3m \u0111au nhanh v\u00e0 h\u1ed3i ph\u1ee5c t\u1ed5n th\u01b0\u01a1ng tr\u00ean c\u01a1 th\u1ec3.<\/p>","protected":false},"featured_media":8186,"comment_status":"open","ping_status":"closed","template":"","meta":{"_acf_changed":false,"rank_math_lock_modified_date":false},"product_cat":[1342,148,838,1238,1224,1343,158,149],"product_tag":[],"class_list":{"0":"post-1574","1":"product","2":"type-product","3":"status-publish","4":"has-post-thumbnail","6":"product_cat-cham-soc-ca-nhan","7":"product_cat-cham-soc-vet-thuong","8":"product_cat-dung-cu-y-te","9":"product_cat-dung-cu-y-te-khac","10":"product_cat-san-pham-cham-soc-khac","11":"product_cat-thiet-bi-cham-soc-gia-dinh","12":"product_cat-vat-tu-tieu-hao","13":"product_cat-vat-tu-y-te","15":"first","16":"instock","17":"shipping-taxable","18":"purchasable","19":"product-type-simple"},"acf":[],"_links":{"self":[{"href":"https:\/\/ykhoathongminh.com\/en\/wp-json\/wp\/v2\/product\/1574"}],"collection":[{"href":"https:\/\/ykhoathongminh.com\/en\/wp-json\/wp\/v2\/product"}],"about":[{"href":"https:\/\/ykhoathongminh.com\/en\/wp-json\/wp\/v2\/types\/product"}],"replies":[{"embeddable":true,"href":"https:\/\/ykhoathongminh.com\/en\/wp-json\/wp\/v2\/comments?post=1574"}],"wp:featuredmedia":[{"embeddable":true,"href":"https:\/\/ykhoathongminh.com\/en\/wp-json\/wp\/v2\/media\/8186"}],"wp:attachment":[{"href":"https:\/\/ykhoathongminh.com\/en\/wp-json\/wp\/v2\/media?parent=1574"}],"wp:term":[{"taxonomy":"product_cat","embeddable":true,"href":"https:\/\/ykhoathongminh.com\/en\/wp-json\/wp\/v2\/product_cat?post=1574"},{"taxonomy":"product_tag","embeddable":true,"href":"https:\/\/ykhoathongminh.com\/en\/wp-json\/wp\/v2\/product_tag?post=1574"}],"curies":[{"name":"wp","href":"https:\/\/api.w.org\/{rel}","templated":true}]}}