{"id":1581,"date":"2024-07-22T15:12:55","date_gmt":"2024-07-22T15:12:55","guid":{"rendered":"https:\/\/ykhoathongminh.com\/?post_type=product&#038;p=1581"},"modified":"2024-09-23T14:37:49","modified_gmt":"2024-09-23T14:37:49","slug":"day-du-rit-lon-trang-3m-tap-keo-tay","status":"publish","type":"product","link":"https:\/\/ykhoathongminh.com\/en\/product\/day-du-rit-lon-trang-3m-tap-keo-tay\/","title":{"rendered":"D\u00c2Y D\u00d9 R\u00cdT L\u1edaN TR\u1eaeNG 3M T\u1eacP K\u00c9O TAY"},"content":{"rendered":"<p>D\u00e2y d\u00f9 tr\u00f2n nh\u1ecf ch\u1ecbu m\u00e0i m\u00f2n t\u1ed1t, kh\u00f4ng b\u1ecb m\u1ee5c v\u00e0 n\u1ea5m m\u1ed1c. Gi\u00fap b\u1ea1n m\u00f3c, n\u1ed1i hay bu\u1ed9c \u0111\u1ed3, l\u1ec1u tr\u1ea1i ch\u1eafc ch\u1eafn h\u01a1n. D\u00e2y d\u00f9 l\u00e0 ph\u1ee5 ki\u1ec7n du l\u1ecbch kh\u00f4ng th\u1ec3 thi\u1ebfu khi \u0111i leo n\u00fai, c\u00e2u c\u00e1, c\u1eafm tr\u1ea1i d\u00e3 ngo\u1ea1i hay nh\u1eefng chuy\u1ebfn \u0111i ph\u01b0\u1ee3t c\u1ee7a b\u1ea1n.<\/p>\n<p>D\u00e2y d\u00f9 ch\u1ecbu l\u1ef1c c\u1ef1c t\u1ed1t l\u00e0 lo\u1ea1i d\u00e2y th\u00edch h\u1ee3p nh\u1ea5t cho ho\u1ea1t \u0111\u1ed9ng ngo\u00e0i tr\u1eddi, s\u0103n b\u1eafn, c\u1eafm tr\u1ea1i, leo n\u00fai, th\u00e1m hi\u1ec3m, chi\u1ebfn thu\u1eadt v\u00e0 nhi\u1ec1u \u1ee9ng d\u1ee5ng kh\u00e1c, b\u00ean c\u1ea1nh \u0111\u00f3 s\u1ea3n ph\u1ea9m c\u00f2n ch\u1ed1ng m\u1ee5c v\u00e0 m\u1ed1c c\u1ef1c t\u1ed1t, an to\u00e0n v\u00e0 v\u00f4 c\u00f9ng ti\u1ec7n l\u1ee3i cho ng\u01b0\u1eddi s\u1eed d\u1ee5ng.<\/p>","protected":false},"excerpt":{"rendered":"<p><strong>PhaNa<\/strong> l\u00e0 th\u01b0\u01a1ng hi\u1ec7u h\u00e0ng \u0111\u1ea7u t\u1ea1i Vi\u1ec7t Nam v\u1edbi h\u01a1n 30 n\u0103m kinh nghi\u00eam trong l\u0129nh v\u1ef1c kinh doanh v\u00e0 s\u1ea3n xu\u1ea5t Thi\u1ebft b\u1ecb V\u1eadt l\u00fd tr\u1ecb li\u1ec7u &#8211; Ph\u1ee5c h\u1ed3i ch\u1ee9c n\u0103ng, d\u1ee5ng c\u1ee5 y khoa &#8211; th\u1ea9m m\u1ef9.<\/p>","protected":false},"featured_media":7305,"comment_status":"open","ping_status":"closed","template":"","meta":{"_acf_changed":false,"rank_math_lock_modified_date":false},"product_cat":[121,1345,118],"product_tag":[],"class_list":{"0":"post-1581","1":"product","2":"type-product","3":"status-publish","4":"has-post-thumbnail","6":"product_cat-dung-cu-tap-luyen","7":"product_cat-dung-cu-tap-luyen-khac","8":"product_cat-phuc-hoi-chuc-nang","10":"first","11":"instock","12":"shipping-taxable","13":"purchasable","14":"product-type-simple"},"acf":[],"_links":{"self":[{"href":"https:\/\/ykhoathongminh.com\/en\/wp-json\/wp\/v2\/product\/1581"}],"collection":[{"href":"https:\/\/ykhoathongminh.com\/en\/wp-json\/wp\/v2\/product"}],"about":[{"href":"https:\/\/ykhoathongminh.com\/en\/wp-json\/wp\/v2\/types\/product"}],"replies":[{"embeddable":true,"href":"https:\/\/ykhoathongminh.com\/en\/wp-json\/wp\/v2\/comments?post=1581"}],"wp:featuredmedia":[{"embeddable":true,"href":"https:\/\/ykhoathongminh.com\/en\/wp-json\/wp\/v2\/media\/7305"}],"wp:attachment":[{"href":"https:\/\/ykhoathongminh.com\/en\/wp-json\/wp\/v2\/media?parent=1581"}],"wp:term":[{"taxonomy":"product_cat","embeddable":true,"href":"https:\/\/ykhoathongminh.com\/en\/wp-json\/wp\/v2\/product_cat?post=1581"},{"taxonomy":"product_tag","embeddable":true,"href":"https:\/\/ykhoathongminh.com\/en\/wp-json\/wp\/v2\/product_tag?post=1581"}],"curies":[{"name":"wp","href":"https:\/\/api.w.org\/{rel}","templated":true}]}}