{"id":1583,"date":"2024-07-22T15:12:56","date_gmt":"2024-07-22T15:12:56","guid":{"rendered":"https:\/\/ykhoathongminh.com\/?post_type=product&#038;p=1583"},"modified":"2024-09-23T14:32:19","modified_gmt":"2024-09-23T14:32:19","slug":"dung-cu-tap-phuc-hoi-tay-chan-gbm-081-da-nang","status":"publish","type":"product","link":"https:\/\/ykhoathongminh.com\/en\/product\/dung-cu-tap-phuc-hoi-tay-chan-gbm-081-da-nang\/","title":{"rendered":"D\u1ee4NG C\u1ee4 T\u1eacP PH\u1ee4C H\u1ed2I TAY CH\u00c2N GBM 081 \u0110A N\u0102NG"},"content":{"rendered":"<p><strong> L\u1ee2I \u00cdCH KHI S\u1eec D\u1ee4NG:<\/strong><\/p>\n<p>&#8211; L\u00e0m d\u1ee5ng c\u1ee5 t\u1eadp luy\u1ec7n ph\u1ee5c h\u1ed3i ch\u1ee9c n\u0103ng \u0111i l\u1ea1i \u0111\u1ed1i v\u1edbi c\u00e1c tr\u01b0\u1eddng h\u1ee3p kh\u1ea3 n\u0103ng \u0111\u1ee9ng k\u00e9m, c\u00e1c ch\u00e2n kh\u00f4ng tr\u1ee5 v\u1eefng.<\/p>\n<p>&#8211; L\u00e0 d\u1ee5ng c\u1ee5 chuy\u00ean d\u00f9ng v\u1edbi 6 ch\u1ee9c n\u0103ng: b\u00e0n \u0111\u1ea1p ch\u00e2n, b\u00e0n \u0111\u1ea1p tay, quay tay, k\u00e9o d\u00e2y, l\u0103n b\u00e0n ch\u00e2n &amp; l\u1eafc ch\u00e2n.<\/p>\n<p>&#8211; Ph\u00f9 h\u1ee3p \u0111\u1ec3 t\u1eadp luy\u1ec7n ph\u1ee5c h\u1ed3i ch\u1ee9c n\u0103ng cho ng\u01b0\u1eddi gi\u00e0 v\u00e0 b\u1ec7nh nh\u00e2n li\u1ec7t n\u1eeda ng\u01b0\u1eddi, ng\u01b0\u1eddi c\u1ea7n ph\u1ee5c h\u1ed3i ch\u00e2n tay sau tai bi\u1ebfn, d\u00f9ng t\u1eadp t\u1ea1i nh\u00e0, d\u00f9ng cho c\u00e1c ph\u00f2ng t\u1eadp ph\u1ee5c h\u1ed3i ch\u1ee9c n\u0103ng trong b\u1ec7nh vi\u1ec7n, c\u00e1c ph\u00f2ng t\u1eadp v\u1eadt l\u00fd tr\u1ecb li\u1ec7u.<\/p>\n<p>&#8211; T\u0103ng c\u01b0\u1eddng s\u1ee9c m\u1ea1nh c\u01a1 b\u1eafp, t\u0103ng kh\u1ea3 n\u0103ng v\u1eadn \u0111\u1ed9ng c\u1ee7a kh\u1edbp, t\u0103ng c\u01b0\u1eddng s\u1ef1 linh ho\u1ea1t c\u1ee7a tay v\u00e0 ch\u00e2n, \u0111\u1ea3 th\u00f4ng kinh m\u1ea1ch c\u01a1 th\u1ec3, v.v.<\/p>\n<p><strong>\u01afU \u0110I\u1ec2M N\u1ed4I B\u1eacT:<\/strong><\/p>\n<p>&#8211; D\u1ee5ng c\u1ee5 t\u1eadp ph\u1ee5c h\u1ed3i ch\u1ee9c n\u0103ng 6 trong 1 \u0111\u01b0\u1ee3c l\u00e0m b\u1eb1ng khung th\u00e9p &amp; nh\u1ef1a ABS.<\/p>\n<p>&#8211; Khung c\u00f3 trong l\u01b0\u1ee3ng 13kg nh\u1ecf g\u1ecdn v\u00e0 d\u1ec5 d\u00e0ng di chuy\u1ec3n.<\/p>\n<p>&#8211; Khung th\u00e9p h\u1ee3p kim s\u01a1n t\u0129nh \u0111i\u1ec7n ch\u1ed1ng g\u1ec9, ch\u1eafc ch\u1eafn v\u00e0 an to\u00e0n cho ng\u01b0\u1eddi s\u1eed d\u1ee5ng.<\/p>\n<p>&#8211; T\u00edch h\u1ee3p \u0111\u1ed3ng h\u1ed3 \u0111i\u1ec7n t\u1eed \u0111\u1ebfm s\u1ed1 v\u00f2ng quay \u0111\u1ec3 ng\u01b0\u1eddi t\u1eadp t\u1ef1 \u0111\u1eb7t m\u1ee5c ti\u00eau t\u1eadp luy\u1ec7n cho m\u00ecnh.<\/p>\n<p>&#8211; Ma\u0300n hi\u0300nh LCD hi\u00ea\u0309n thi\u0323 s\u00f4\u0301 vo\u0300ng \u0111a\u0323p, t\u00f4\u0301c \u0111\u00f4\u0323, th\u01a1\u0300i gian va\u0300 l\u01b0\u01a1\u0323ng calo \u0111a\u0303 ti\u00eau hao trong qua\u0301 tri\u0300nh \u0111a\u0323p.<\/p>\n<p>&#8211; Chi\u1ec1u cao t\u1eadp tay c\u00f3 th\u1ec3 \u0111i\u1ec1u ch\u1ec9nh theo ng\u01b0\u1eddi s\u1eed d\u1ee5ng c\u00f3 3 m\u1ee9c \u0111\u1ed9 t\u00f9y ch\u1ec9nh \u0111\u00e1p \u1ee9ng nh\u1eefng ng\u01b0\u1eddi c\u00f3 chi\u1ec1u cao kh\u00e1c nhau.<\/p>\n<figure id=\"attachment_7685\" aria-describedby=\"caption-attachment-7685\" style=\"width: 540px\" class=\"wp-caption aligncenter\"><img loading=\"lazy\" decoding=\"async\" class=\"size-medium wp-image-7685\" src=\"https:\/\/ykhoathongminh.com\/wp-content\/uploads\/2023\/07\/Dung-cu-tap-phuc-hoi-tay-chan-gbm-081-chac-chan-540x540.jpg\" alt=\"\" width=\"540\" height=\"540\" \/><figcaption id=\"caption-attachment-7685\" class=\"wp-caption-text\">D\u1ee5ng c\u1ee5 t\u1eadp ph\u1ee5c h\u1ed3i tay ch\u00e2n GBM 081 ch\u1eafc ch\u1eafn<\/figcaption><\/figure>\n<p>&#8211; B\u00e0i t\u1eadp k\u00e9o d\u00e2y t\u1eadp tay gi\u00fap t\u1eadp c\u0103ng c\u01a1, d\u00e2y t\u1eadp l\u00e0m t\u1eeb ch\u1ea5t li\u1ec7u cao su m\u1ec1m v\u00e0 th\u00e2n thi\u1ec7n v\u1edbi l\u00e0n da.<\/p>\n<p>&#8211; B\u00e0i t\u1eadp chi tr\u00ean: r\u00e8n luy\u1ec7n s\u1ef1 d\u1ebbo dai v\u00e0 s\u1ee9c m\u1ea1nh c\u1ee7a tay.<\/p>\n<p>&#8211; B\u00e0i t\u1eadp chi d\u01b0\u1edbi: \u0111\u1ea3 th\u00f4ng kinh m\u1ea1ch, gi\u1ea3m co th\u1eaft ch\u00e2n tay.<\/p>\n<p>&#8211; V\u01a1\u0301i nu\u0301m \u0111i\u00ea\u0300u chi\u0309nh kh\u00e1ng l\u1ef1c chi tr\u00ean v\u00e0 chi d\u01b0\u1edbi co\u0301 th\u00ea\u0309 t\u00e2\u0323p luy\u00ea\u0323n v\u01a1\u0301i ca\u0301c c\u01b0\u1eddng \u0111\u1ed9 t\u01b0\u0300 nhe\u0323 \u0111\u00ea\u0301n n\u0103\u0323ng ph\u00f9 h\u1ee3p v\u1edbi c\u00e1c b\u00e0i t\u1eadp s\u1ee9c m\u1ea1nh tay, ch\u00e2n kh\u00e1c nhau.<\/p>\n<p>&#8211; Ba\u0300n \u0111a\u0323p cao su \u0111\u01b0\u01a1\u0323c thi\u00ea\u0301t k\u00ea\u0301 tu\u0300y chi\u0309nh giu\u0301p ng\u01b0\u01a1\u0300i t\u00e2\u0323p kh\u00f4ng tu\u00f4\u0323t ch\u00e2n trong khi t\u00e2\u0323p luy\u00ea\u0323n.<\/p>\n<p>&#8211; Thi\u1ebft k\u1ebf ch\u00e2n khung ch\u1ed1ng tr\u01b0\u1ee3t ba chi\u1ec1u \u0111\u1ec3 t\u0103ng ma s\u00e1t, \u1ed5n \u0111\u1ecbnh v\u00e0 an to\u00e0n khi s\u1eed d\u1ee5ng.<\/p>\n<p>&#8211; \u0110\u1ebf ch\u1ed7 \u0111\u1ec3 ch\u00e2n l\u00e0m t\u1eeb nh\u1ef1a PP thi\u1ebft k\u1ebf \u0111a gi\u00e1c, ch\u1eafc ch\u1eafn, an to\u00e0n v\u00e0 ch\u1ed1ng tr\u01b0\u1ee3t khi t\u1eadp luy\u1ec7n.<\/p>\n<p>&#8211; Ch\u1ed7 \u0111\u1ec3 ch\u00e2n c\u00f3 c\u00e1c h\u1ea1t massage cao su ch\u1ed1ng tr\u01b0\u1ee3t v\u00e0 c\u00f3 th\u1ec3 \u0111i\u1ec1u ch\u1ec9nh r\u1ed9ng h\u01a1n gi\u00fap luy\u1ec7n t\u1eadp tho\u1ea3i m\u00e1i h\u01a1n.<\/p>\n<p>&#8211; Thi\u1ebft k\u1ebf c\u00f3 th\u1ec3 th\u00e1o r\u1eddi, thu\u1eadn ti\u1ec7n h\u01a1n \u0111\u1ec3 c\u1ea5t gi\u1eef v\u00e0 mang theo.<\/p>\n<p>&#8211; Ph\u1ea7n ch\u00e2n xoay c\u00f3 th\u1ec3 th\u00e1o r\u1eddi v\u00e0 s\u1eed d\u1ee5ng ri\u00eang, thu\u1eadn ti\u1ec7n h\u01a1n khi mang theo khi \u0111i ra ngo\u00e0i.<\/p>\n<p>&#8211; Khi t\u1eadp ng\u1ed3i hai b\u00ean c\u1ee7a d\u1ee5ng c\u1ee5 \u0111\u1ec3 t\u1eadp luy\u1ec7n.<\/p>\n<p>&#8211; S\u1eed d\u1ee5ng gh\u1ebf c\u00f3 s\u1eb5n t\u1ea1i nh\u00e0 ho\u1eb7c c\u00f3 th\u1ec3 ng\u1ed3i gi\u01b0\u1eddng ho\u1eb7c sofa \u0111\u1ec3 t\u1eadp luy\u1ec7n.<\/p>","protected":false},"excerpt":{"rendered":"<p>D\u00f9ng cho ng\u01b0\u1eddi t\u1eadp ph\u1ee5c h\u1ed3i ch\u00e2n tay sau tai bi\u1ebfn, d\u00f9ng cho ng\u01b0\u1eddi gi\u00e0 t\u1eadp t\u1ea1i nh\u00e0, d\u00f9ng cho c\u00e1c ph\u00f2ng t\u1eadp ph\u1ee5c h\u1ed3i ch\u1ee9c n\u0103ng trong b\u1ec7nh vi\u1ec7n, c\u00e1c ph\u00f2ng t\u1eadp v\u1eadt l\u00fd tr\u1ecb li\u1ec7u<\/p>","protected":false},"featured_media":7297,"comment_status":"open","ping_status":"closed","template":"","meta":{"_acf_changed":false,"rank_math_lock_modified_date":false},"product_cat":[255,256,121,257,118],"product_tag":[],"class_list":{"0":"post-1583","1":"product","2":"type-product","3":"status-publish","4":"has-post-thumbnail","6":"product_cat-dung-cu-tap-chi-duoi","7":"product_cat-dung-cu-tap-chi-tren","8":"product_cat-dung-cu-tap-luyen","9":"product_cat-dung-cu-tap-toan-than","10":"product_cat-phuc-hoi-chuc-nang","12":"first","13":"instock","14":"shipping-taxable","15":"purchasable","16":"product-type-simple"},"acf":[],"_links":{"self":[{"href":"https:\/\/ykhoathongminh.com\/en\/wp-json\/wp\/v2\/product\/1583"}],"collection":[{"href":"https:\/\/ykhoathongminh.com\/en\/wp-json\/wp\/v2\/product"}],"about":[{"href":"https:\/\/ykhoathongminh.com\/en\/wp-json\/wp\/v2\/types\/product"}],"replies":[{"embeddable":true,"href":"https:\/\/ykhoathongminh.com\/en\/wp-json\/wp\/v2\/comments?post=1583"}],"wp:featuredmedia":[{"embeddable":true,"href":"https:\/\/ykhoathongminh.com\/en\/wp-json\/wp\/v2\/media\/7297"}],"wp:attachment":[{"href":"https:\/\/ykhoathongminh.com\/en\/wp-json\/wp\/v2\/media?parent=1583"}],"wp:term":[{"taxonomy":"product_cat","embeddable":true,"href":"https:\/\/ykhoathongminh.com\/en\/wp-json\/wp\/v2\/product_cat?post=1583"},{"taxonomy":"product_tag","embeddable":true,"href":"https:\/\/ykhoathongminh.com\/en\/wp-json\/wp\/v2\/product_tag?post=1583"}],"curies":[{"name":"wp","href":"https:\/\/api.w.org\/{rel}","templated":true}]}}