{"id":1621,"date":"2024-07-22T15:13:20","date_gmt":"2024-07-22T15:13:20","guid":{"rendered":"https:\/\/ykhoathongminh.com\/?post_type=product&#038;p=1621"},"modified":"2025-04-23T07:03:32","modified_gmt":"2025-04-23T07:03:32","slug":"tui-cuu-thuong-y-te-mau-do-size-xl","status":"publish","type":"product","link":"https:\/\/ykhoathongminh.com\/en\/product\/tui-cuu-thuong-y-te-mau-do-size-xl\/","title":{"rendered":"T\u00fai C\u1ee9u Th\u01b0\u01a1ng Y T\u1ebf M\u00e0u \u0110\u1ecf Size XL"},"content":{"rendered":"<h2 align=\"justify\"><strong>\u01afU \u0110I\u1ec2M S\u1ea2N PH\u1ea8M:<\/strong><\/h2>\n<p>\u2013 T\u00fai y t\u1ebf c\u1ee9u th\u01b0\u01a1ng gi\u00fap b\u1ea1n \u0111\u1ec3 c\u00e1c d\u1ee5ng c\u1ee5 s\u01a1 c\u1ea5p c\u1ee9u ho\u1eb7c thu\u1ed1c u\u1ed1ng cho gia \u0111\u00ecnh, c\u01a1 quan, t\u1ed5 ch\u1ee9c, c\u00f4ng ty,\u2026<\/p>\n<p>\u2013 T\u00fai \u0111u\u1ee3c thi\u1ebft k\u1ebf chuy\u00ean nghi\u1ec7p, n\u0103ng \u0111\u1ed9ng, d\u1ec5 di chuy\u1ec3n.<\/p>\n<p>\u2013 D\u1ebbo dai b\u1ec1n s\u1ee3i, ch\u1ecbu \u0111\u01b0\u1ee3c m\u00e0i m\u00f2n, \u00edt t\u00e1c \u0111\u1ed9ng c\u1ee7a nhi\u1ec7t \u0111\u1ed9, kh\u00f4ng nh\u0103n, \u00edt b\u00e1m b\u1ee5i v\u00e0 d\u1ec5 v\u1ec7 sinh b\u1ea3o qu\u1ea3n, h\u1ea1n ch\u1ebf th\u1ea5m n\u01b0\u1edbc.<\/p>\n<p>\u2013 T\u00fai c\u00f3 4 ng\u0103n: 1 ng\u0103n l\u1edbn v\u00e0 3 ng\u0103n nh\u1ecf b\u00ean h\u00f4ng t\u00fai.<\/p>\n<figure id=\"attachment_7794\" aria-describedby=\"caption-attachment-7794\" style=\"width: 540px\" class=\"wp-caption aligncenter\"><img loading=\"lazy\" decoding=\"async\" class=\"size-medium wp-image-7794\" src=\"https:\/\/ykhoathongminh.com\/wp-content\/uploads\/2023\/07\/Tui-cuu-thuong-y-te-mau-do-tai-bien-hoa-540x540.jpg\" alt=\"\" width=\"540\" height=\"540\" \/><figcaption id=\"caption-attachment-7794\" class=\"wp-caption-text\">T\u00fai c\u1ee9u th\u01b0\u01a1ng y t\u1ebf m\u00e0u \u0111\u1ecf t\u1ea1i Bi\u00ean Ho\u00e0<\/figcaption><\/figure>\n<h2 align=\"justify\"><strong>T\u00daI Y T\u1ebe C\u1ee8U TH\u01af\u01a0NG C\u1ea6N THI\u1ebeT TH\u1ebe N\u00c0O?<\/strong><\/h2>\n<p>T\u00fai c\u1ee9u th\u01b0\u01a1ng l\u00e0 m\u1ed9t v\u1eadt d\u1ee5ng c\u1ea7n thi\u1ebft kh\u00f4ng ch\u1ec9 cho b\u1ec7nh vi\u1ec7n, tr\u1ea1m y t\u1ebf m\u00e0 c\u00f2n cho m\u1ed7i gia \u0111\u00ecnh. Trong lao \u0111\u1ed9ng v\u00e0 sinh ho\u1ea1t th\u01b0\u1eddng ng\u00e0y b\u1ea1n c\u00f3 th\u1ec3 g\u1eb7p ph\u1ea3i m\u1ed9t s\u1ed1 t\u00ecnh hu\u1ed1ng d\u1eabn \u0111\u1ebfn t\u00ecnh tr\u1ea1ng tr\u1ea7y x\u01b0\u1edbc da, ch\u1ea3y m\u00e1u. Ho\u1eb7c c\u00f3 th\u1ec3 g\u1eb7p m\u1ed9t s\u1ed1 v\u1ea5n \u0111\u1ec1 \u0111\u1ed1i v\u1edbi s\u1ee9c kh\u1ecfe nh\u01b0 \u0111au b\u1ee5ng, c\u1ea3m c\u00fam, d\u1ecb \u1ee9ng ,\u2026 Trong nh\u1eefng ho\u00e0n c\u1ea3nh \u0111\u00f3 vi\u1ec7c s\u1edf h\u1eefu m\u1ed9t T\u00fai c\u1ee9u th\u01b0\u01a1ng cho gia \u0111\u00ecnh, c\u01a1 quan l\u00e0 \u0111i\u1ec1u v\u00f4 c\u00f9ng quan tr\u1ecdng.<\/p>\n<p>V\u1edbi m\u1ed7i gia \u0111\u00ecnh \u0111\u1ec1u s\u1eafm cho m\u00ecnh m\u1ed9t t\u1ee7 thu\u1ed1c nh\u1ecf d\u00f9ng \u0111\u1ec3 ch\u1ee9a thu\u1ed1c v\u00e0 c\u00e1c v\u1eadt d\u1ee5ng y t\u1ebf kh\u00e1c. Nh\u01b0ng n\u1ebfu gia \u0111\u00ecnh b\u1ea1n c\u00f3 m\u1ed9t chuy\u1ebfn \u0111i xa trong v\u00e0i ng\u00e0y th\u00ec vi\u1ec7c mang theo chi\u1ebfc t\u1ee7 thu\u1ed1c l\u00e0 \u0111i\u1ec1u kh\u00f4ng th\u1ec3. M\u1eb7t kh\u00e1c v\u1edbi m\u1ed9t chi\u1ebfc t\u00fai nh\u1ecf g\u1ecdn v\u1eeba c\u00f3 th\u1ec3 s\u1eed d\u1ee5ng trong sinh ho\u1ea1t h\u1eb1ng ng\u00e0y l\u1ea1i v\u1eeba c\u00f3 th\u1ec3 mang \u0111i b\u1ea5t c\u1ee9 \u0111\u00e2u khi c\u1ea7n thi\u1ebft. Kh\u00f4ng nh\u1eefng th\u1ebf s\u1eafm m\u1ed9t chi\u1ebfc t\u00fai y t\u1ebf c\u00f2n \u0111\u1ec3 th\u1ec3 hi\u1ec7n t\u00ecnh y\u00eau v\u1edbi gia \u0111\u00ecnh. V\u00e0 s\u1ef1 quan t\u00e2m t\u1edbi s\u1ee9c kh\u1ecfe c\u1ee7a c\u00e1c th\u00e0nh vi\u00ean.<\/p>\n<p>\u0110\u1ed1i v\u1edbi c\u01a1 s\u1edf l\u00e0m vi\u1ec7c, c\u00e1c c\u00f4ng ty c\u00e0ng c\u1ea7n thi\u1ebft khi trang b\u1ecb t\u00fai y t\u1ebf c\u1ee9u th\u01b0\u01a1ng. T\u00f9y theo quy m\u00f4 c\u1ee7a c\u00f4ng ty c\u00f3 k\u00edch c\u1ee1 v\u00e0 ti\u00eau chu\u1ea9n t\u00fai kh\u00e1c nhau. N\u00f3 s\u1ebd gi\u1ea3i quy\u1ebft t\u1ea5t c\u1ea3 c\u00e1c v\u1ea5n \u0111\u1ec1 v\u1edbi s\u1ee9c kh\u1ecfe c\u1ee7a b\u1ea1n \u1edf m\u1ee9c \u0111\u1ed9 s\u01a1 c\u1ee9u v\u00e0 ch\u1eefa tr\u1ecb \u0111\u01a1n gi\u1ea3n. Ch\u00fang ta \u0111\u1ec1u bi\u1ebft r\u1eb1ng v\u1edbi nh\u1eefng ch\u1ea5n th\u01b0\u01a1ng nghi\u00eam tr\u1ecdng th\u00ec vi\u1ec7c s\u01a1 c\u1ee9u ban \u0111\u1ea7u h\u1ebft s\u1ee9c quan tr\u1ecdng. Th\u1eadm ch\u00ed, s\u01a1 c\u1ee9u c\u00f3 th\u1ec3 quy\u1ebft \u0111\u1ecbnh m\u1ee9c \u0111\u1ed9 th\u00e0nh c\u00f4ng c\u1ee7a qu\u00e1 tr\u00ecnh ch\u1eefa tr\u1ecb.<\/p>","protected":false},"excerpt":{"rendered":"<p><strong>T\u00fai y t\u1ebf c\u1ee9u th\u01b0\u01a1ng<\/strong> l\u00e0 s\u1ea3n ph\u1ea9m ch\u1ea5t l\u01b0\u1ee3ng c\u00f3 th\u1ec3 ch\u1ee9a \u0111\u1ef1ng \u0111\u1ea7y \u0111\u1ee7 c\u00e1c d\u1ee5ng c\u1ee5 s\u01a1 c\u1ea5p c\u1ee9u t\u1ea1i nh\u00e0 v\u1edbi gi\u00e1 th\u00e0nh h\u1ee3p l\u00fd tr\u00ean th\u1ecb tr\u01b0\u1eddng hi\u1ec7n nay. V\u1eadt d\u1ee5ng r\u1ea5t c\u1ea7n thi\u1ebft n\u00e0y \u0111\u01b0\u1ee3c thi\u1ebft k\u1ebf nh\u1ecf g\u1ecdn, m\u00e0u s\u1eafc d\u1ec5 ph\u00e2n bi\u1ec7t v\u1edbi c\u00e1c lo\u1ea1i t\u00fai kh\u00e1c, \u0111\u1ed3ng th\u1eddi l\u00e0 s\u1ea3n ph\u1ea9m kh\u00f4ng th\u1ec3 thi\u1ebfu trong m\u1ed9t c\u01a1 s\u1edf c\u00f4ng t\u00e1c, c\u00f4ng ty hay c\u00e1c x\u00ed nghi\u1ec7p, c\u00f4ng x\u01b0\u1edfng.<\/p>","protected":false},"featured_media":8198,"comment_status":"open","ping_status":"closed","template":"","meta":{"_acf_changed":false,"rank_math_lock_modified_date":false},"product_cat":[838,1238,1168,1180,158,149,1171],"product_tag":[],"class_list":{"0":"post-1621","1":"product","2":"type-product","3":"status-publish","4":"has-post-thumbnail","6":"product_cat-dung-cu-y-te","7":"product_cat-dung-cu-y-te-khac","8":"product_cat-thiet-bi-y-te-doanh-nghiep","9":"product_cat-tui-so-cuu","10":"product_cat-vat-tu-tieu-hao","11":"product_cat-vat-tu-y-te","12":"product_cat-y-te-doanh-nghiep","14":"first","15":"instock","16":"shipping-taxable","17":"purchasable","18":"product-type-simple"},"acf":[],"_links":{"self":[{"href":"https:\/\/ykhoathongminh.com\/en\/wp-json\/wp\/v2\/product\/1621"}],"collection":[{"href":"https:\/\/ykhoathongminh.com\/en\/wp-json\/wp\/v2\/product"}],"about":[{"href":"https:\/\/ykhoathongminh.com\/en\/wp-json\/wp\/v2\/types\/product"}],"replies":[{"embeddable":true,"href":"https:\/\/ykhoathongminh.com\/en\/wp-json\/wp\/v2\/comments?post=1621"}],"wp:featuredmedia":[{"embeddable":true,"href":"https:\/\/ykhoathongminh.com\/en\/wp-json\/wp\/v2\/media\/8198"}],"wp:attachment":[{"href":"https:\/\/ykhoathongminh.com\/en\/wp-json\/wp\/v2\/media?parent=1621"}],"wp:term":[{"taxonomy":"product_cat","embeddable":true,"href":"https:\/\/ykhoathongminh.com\/en\/wp-json\/wp\/v2\/product_cat?post=1621"},{"taxonomy":"product_tag","embeddable":true,"href":"https:\/\/ykhoathongminh.com\/en\/wp-json\/wp\/v2\/product_tag?post=1621"}],"curies":[{"name":"wp","href":"https:\/\/api.w.org\/{rel}","templated":true}]}}