{"id":1677,"date":"2024-07-22T15:13:48","date_gmt":"2024-07-22T15:13:48","guid":{"rendered":"https:\/\/ykhoathongminh.com\/?post_type=product&#038;p=1677"},"modified":"2024-10-16T09:47:01","modified_gmt":"2024-10-16T09:47:01","slug":"nep-chan-h1-orbe-cao-160cm","status":"publish","type":"product","link":"https:\/\/ykhoathongminh.com\/en\/product\/nep-chan-h1-orbe-cao-160cm\/","title":{"rendered":"N\u1eb9p Ch\u00e2n H1 Orbe Cao 160cm"},"content":{"rendered":"<h2 style=\"text-align: justify;\"><strong>N\u1eb9p Ch\u00e2n H1 Orbe l\u00e0 s\u1ea3n ph\u1ea9m uy t\u00edn ch\u1ea5t l\u01b0\u1ee3ng<\/strong><\/h2>\n<ul style=\"text-align: justify;\">\n<li>Ch\u1ea5t li\u1ec7u s\u1ea3n ph\u1ea9m l\u00e0 m\u1ed9t trong nh\u1eefng y\u1ebfu t\u1ed1 h\u00e0ng \u0111\u1ea7u quy\u1ebft \u0111\u1ecbnh \u0111\u1ebfn ch\u1ea5t l\u01b0\u1ee3ng s\u1ea3n ph\u1ea9m.<strong> N\u1eb9p ch\u00e2n H1 Orbe<\/strong>\u00a0\u0111\u01b0\u1ee3c l\u00e0m t\u1eeb\u00a0v\u1ea3i cotton,\u00a0v\u1ea3i tricot,\u00a0v\u1ea3i c\u00f3 l\u1ed7 tho\u00e1ng kh\u00ed, t\u1ea1o c\u1ea3m gi\u00e1c tho\u1ea3i m\u00e1i cho ng\u01b0\u1eddi b\u1ec7nh trong su\u1ed1t qu\u00e1 tr\u00ecnh s\u1eed d\u1ee5ng.<\/li>\n<li>S\u1ea3n ph\u1ea9m <strong>N\u1eb9p ch\u00e2n H1 Orbe<\/strong>\u00a0c\u00f3 thi\u1ebft k\u1ebf g\u1ecdn g\u00e0ng, ti\u1ec7n d\u1ee5ng, \u0111\u1ea3m b\u1ea3o t\u00ednh th\u1ea9m m\u1ef9 cao<\/li>\n<li><strong>N\u1eb9p Ch\u00e2n H1 Orbe<\/strong>\u00a0c\u00f3 thi\u1ebft k\u1ebf Kh\u00f3a Velcro ti\u1ec7n d\u1ee5ng, n\u1eb9p h\u1ee3p kim nh\u00f4m gi\u00fap b\u1ea3o v\u1ec7 t\u1ed1i \u0111a v\u1ebft th\u01b0\u01a1ng, c\u1ed1 \u0111\u1ecbnh ho\u00e0n h\u1ea3o mang l\u1ea1i hi\u1ec7u qu\u1ea3 b\u1ea5t ng\u1edd cho ng\u01b0\u1eddi s\u1eed d\u1ee5ng,<\/li>\n<li>S\u1ea3n ph\u1ea9m\u00a0<strong>N\u1eb9p Ch\u00e2n H1 Orbe<\/strong>\u00a0\u0111\u01b0\u1ee3c s\u1ea3n xu\u1ea5t tr\u00ean d\u00e2y chuy\u1ec1n hi\u1ec7n \u0111\u1ea1i, \u0111\u1ea1t ti\u00eau chu\u1ea9n qu\u1ed1c t\u1ebf \u0111\u01b0\u1ee3c b\u1ed9 y t\u1ebf c\u00f4ng nh\u1eadn.<\/li>\n<\/ul>\n<h3 style=\"text-align: justify;\"><strong>N\u1eb9p Ch\u00e2n H1 Orbe\u00a0&#8211;\u00a0c\u00f4ng c\u1ee5 h\u1ed7 tr\u1ee3 ho\u00e0n h\u1ea3o\u00a0c\u1ed1 \u0111\u1ecbnh, \u1ed5n \u0111\u1ecbnh kh\u1edbp c\u1ed5 ch\u00e2n sau ch\u1ea5n th\u01b0\u01a1ng, sau m\u1ed5<\/strong><\/h3>\n<ol style=\"text-align: justify;\">\n<li>\n<h3><strong>\u00a0 \u00a0 \u00a0\u00a0<\/strong>Ch\u1ee9c n\u0103ng ch\u00ednh c\u1ee7a N\u1eb9p Ch\u00e2n H1 Orbe :<\/h3>\n<\/li>\n<\/ol>\n<ul>\n<li style=\"text-align: justify;\">C\u1ed1 \u0111\u1ecbnh, \u1ed5n \u0111\u1ecbnh kh\u1edbp c\u1ed5 ch\u00e2n sau m\u1ed5, sau ch\u1ea5n th\u01b0\u01a1ng.<\/li>\n<li style=\"text-align: justify;\">Ch\u1ed1ng xoay hi\u1ec7u qu\u1ea3 \u1edf t\u01b0 th\u1ebf n\u1eb1m c\u1ee7a ch\u00e2n ch\u1ea5n th\u01b0\u01a1ng.<\/li>\n<li style=\"text-align: justify;\">H\u1ed7 tr\u1ee3 c\u1ed1 \u0111\u1ecbnh v\u00f9ng quanh kh\u1edbp g\u1ed1i, c\u1eb3ng ch\u00e2n, \u0111\u00f9i<\/li>\n<\/ul>\n<ol style=\"text-align: justify;\" start=\"2\">\n<li>\n<h3><strong>\u00a0 \u00a0 \u00a0\u00a0<\/strong>N\u1eb9p Ch\u00e2n H1 Orbe \u0111\u01b0\u1ee3c c\u00e1c b\u00e1c s\u0129\u00a0 ch\u1ec9 \u0111\u1ecbnh trong c\u00e1c tr\u01b0\u1eddng h\u1ee3p<\/h3>\n<\/li>\n<\/ol>\n<ul>\n<li style=\"text-align: justify;\">G\u00e3y c\u1ed5 x\u01b0\u01a1ng \u0111\u00f9i \u1edf ng\u01b0\u1eddi cao tu\u1ed5i kh\u00f4ng c\u00f3 ch\u1ec9 \u0111\u1ecbnh ph\u1eabu thu\u1eadt.<\/li>\n<li style=\"text-align: justify;\">Sau ph\u1eabu thu\u1eadt quanh \u1ed5 c\u1ed1i, kh\u1edbp g\u1ed1i c\u1ed5 ch\u00e2n, c\u1ed5 x\u01b0\u01a1ng \u0111\u00f9i.<\/li>\n<li style=\"text-align: justify;\">S\u01a1 c\u1ee9u c\u1ed1 \u0111\u1ecbnh sau ch\u1ea5n th\u01b0\u01a1ng \u1edf kh\u1edbp g\u1ed1i ho\u1eb7c quanh kh\u1edbp g\u1ed1i.<\/li>\n<li style=\"text-align: justify;\">H\u1ed7 tr\u1ee3, c\u1ed1 \u0111\u1ecbnh sau ph\u1eabu thu\u1eadt quanh kh\u1edbp g\u1ed1i.<\/li>\n<\/ul>","protected":false},"excerpt":{"rendered":"<p style=\"text-align: justify;\">G\u00e3y ch\u00e2n l\u00e0 hi\u1ec7n t\u01b0\u1ee3ng xu\u1ea5t hi\u1ec7n v\u1ebft n\u1ee9t, g\u00e3y trong x\u01b0\u01a1ng ch\u00e2n. C\u00e1c nguy\u00ean nh\u00e2n th\u01b0\u1eddng g\u1eb7p bao g\u1ed3m tai n\u1ea1n giao th\u00f4ng, t\u00e9 ng\u00e3, ch\u1ea5n th\u01b0\u01a1ng trong th\u1ec3 thao. Vi\u1ec7c \u0111i\u1ec1u tr\u1ecb g\u00e3y x\u01b0\u01a1ng \u1edf ch\u00e2n ph\u1ee5 thu\u1ed9c ph\u1ea7n l\u1edbn v\u00e0o v\u1ecb tr\u00ed v\u00e0 m\u1ee9c \u0111\u1ed9 nghi\u00eam tr\u1ecdng c\u1ee7a v\u1ebft th\u01b0\u01a1ng. M\u1ed9t s\u1ed1 tr\u01b0\u1eddng h\u1ee3p g\u00e3y x\u01b0\u01a1ng c\u00f3 th\u1ec3 \u0111\u01b0\u1ee3c \u0111i\u1ec1u tr\u1ecb b\u1eb1ng vi\u1ec7c c\u1ed1 \u0111\u1ecbnh x\u01b0\u01a1ng v\u1edbi m\u1ed9t khu\u00f4n \u0111\u00fac b\u1eb1ng b\u1ed9t ho\u1eb7c n\u1eb9p. \u0110\u1eb7c bi\u1ec7t vi\u1ec7c c\u1ed1 \u0111\u1ecbnh ch\u00e2n sau ch\u1ea5n th\u01b0\u01a1ng l\u00e0 v\u00f4 c\u00f9ng quan tr\u1ecdng.<\/p>\n<p style=\"text-align: justify;\">Hi\u1ec3u \u0111\u01b0\u1ee3c \u0111i\u1ec1u n\u00e0y, c\u00e1c chuy\u00ean gia y t\u1ebf \u0111\u00e3 nghi\u00ean c\u1ee9u v\u00e0 cho ra \u0111\u1eddi s\u1ea3n ph\u1ea9m <strong>N\u1eb9p ch\u00e2n H1 ORBE<\/strong> l\u00fd t\u01b0\u1edfng cho vi\u1ec7c C\u1ed1 \u0111\u1ecbnh, \u1ed5n \u0111\u1ecbnh kh\u1edbp c\u1ed5 ch\u00e2n sau ch\u1ea5n th\u01b0\u01a1ng, sau m\u1ed5, h\u1ed7 tr\u1ee3 hi\u1ec7u qu\u1ea3 c\u1ed1 \u0111\u1ecbnh v\u00f9ng quanh kh\u1edbp g\u1ed1i, \u0111\u00f9i, c\u1eb3ng ch\u00e2n. <strong>N\u1eb9p Ch\u00e2n H1 ORBE<\/strong> l\u00e0 m\u1ed9t trong nh\u1eefng s\u1ea3n ph\u1ea9m \u0111ang \u0111\u01b0\u1ee3c r\u1ea5t nhi\u1ec1u ph\u00f2ng kh\u00e1m, b\u1ec7nh vi\u1ec7n tr\u00ean kh\u1eafp c\u1ea3 n\u01b0\u1edbc tin d\u00f9ng b\u1edfi hi\u1ec7u qu\u1ea3 b\u1ea5t ng\u1edd c\u1ee7a s\u1ea3n ph\u1ea9m mang l\u1ea1i.<\/p>","protected":false},"featured_media":8662,"comment_status":"open","ping_status":"closed","template":"","meta":{"_acf_changed":false,"rank_math_lock_modified_date":false},"product_cat":[1360,714,490,1361,1359,1358],"product_tag":[],"class_list":{"0":"post-1677","1":"product","2":"type-product","3":"status-publish","4":"has-post-thumbnail","6":"product_cat-dai-nep-cang-chan","7":"product_cat-dai-nep-chan-dai-nep-chan-thuong","8":"product_cat-dai-nep-chan-thuong","9":"product_cat-dai-nep-co-chan-mat-ca","10":"product_cat-dai-nep-dau-goi","11":"product_cat-dai-nep-dui","13":"first","14":"instock","15":"shipping-taxable","16":"purchasable","17":"product-type-simple"},"acf":[],"_links":{"self":[{"href":"https:\/\/ykhoathongminh.com\/en\/wp-json\/wp\/v2\/product\/1677"}],"collection":[{"href":"https:\/\/ykhoathongminh.com\/en\/wp-json\/wp\/v2\/product"}],"about":[{"href":"https:\/\/ykhoathongminh.com\/en\/wp-json\/wp\/v2\/types\/product"}],"replies":[{"embeddable":true,"href":"https:\/\/ykhoathongminh.com\/en\/wp-json\/wp\/v2\/comments?post=1677"}],"wp:featuredmedia":[{"embeddable":true,"href":"https:\/\/ykhoathongminh.com\/en\/wp-json\/wp\/v2\/media\/8662"}],"wp:attachment":[{"href":"https:\/\/ykhoathongminh.com\/en\/wp-json\/wp\/v2\/media?parent=1677"}],"wp:term":[{"taxonomy":"product_cat","embeddable":true,"href":"https:\/\/ykhoathongminh.com\/en\/wp-json\/wp\/v2\/product_cat?post=1677"},{"taxonomy":"product_tag","embeddable":true,"href":"https:\/\/ykhoathongminh.com\/en\/wp-json\/wp\/v2\/product_tag?post=1677"}],"curies":[{"name":"wp","href":"https:\/\/api.w.org\/{rel}","templated":true}]}}