{"id":1766,"date":"2024-07-22T15:14:18","date_gmt":"2024-07-22T15:14:18","guid":{"rendered":"https:\/\/ykhoathongminh.com\/?post_type=product&#038;p=1766"},"modified":"2024-10-15T03:45:19","modified_gmt":"2024-10-15T03:45:19","slug":"bong-y-te-bao-thach-cat-mieng-6cm-x-6cm-500gr","status":"publish","type":"product","link":"https:\/\/ykhoathongminh.com\/en\/product\/bong-y-te-bao-thach-cat-mieng-6cm-x-6cm-500gr\/","title":{"rendered":"B\u00f4ng Y T\u1ebf B\u1ea3o Th\u1ea1ch C\u1eaft Mi\u1ebfng 6cm x 6cm 500gr"},"content":{"rendered":"<p><strong>\u0110\u1eb7c \u0111i\u1ec3m<\/strong><\/p>\n<ul>\n<li>\u0110\u01b0\u1ee3c l\u00e0m t\u1eeb 100% b\u00f4ng t\u1ef1 nhi\u00ean.<\/li>\n<li>S\u1ea3n xu\u1ea5t theo ti\u00eau chu\u1ea9n D\u01b0\u1ee3c \u0110i\u1ec3n Vi\u1ec7t Nam.<\/li>\n<li>Ti\u1ec7t tr\u00f9ng b\u1eb1ng kh\u00ed Ethylene Oxide.<\/li>\n<li>K\u00edch th\u01b0\u1edbc: 6cmx6cm<\/li>\n<li>\u0110\u1ed3ng \u0111\u1ec1u v\u1ec1 k\u00edch th\u01b0\u1edbc v\u00e0 tr\u1ecdng l\u01b0\u1ee3ng.<\/li>\n<li>Kh\u1ea3 n\u0103ng th\u1ea5m h\u00fat cao v\u00e0 nhanh.<\/li>\n<li>M\u1ecbn m\u00e0ng, m\u1ec1m m\u1ea1i, kh\u00f4ng g\u00e2y k\u00edch \u1ee9ng da.<\/li>\n<li>Th\u00e2n thi\u1ec7n m\u00f4i tr\u01b0\u1eddng, b\u00f4ng tr\u1eafng v\u00e0 s\u1ea1ch.<\/li>\n<\/ul>\n<p><strong>T\u00ednh n\u0103ng<\/strong><\/p>\n<ul>\n<li>B\u00f4ng c\u1eaft \u0111\u01b0\u1ee3c s\u1eed d\u1ee5ng r\u1ed9ng r\u00e3i trong c\u00e1c b\u1ec7nh vi\u1ec7n, trung t\u00e2m y t\u1ebf, ph\u00f2ng kh\u00e1m, ph\u00f2ng nha khoa v\u00e0 c\u00e1c c\u00f4ng ty d\u01b0\u1ee3c ph\u1ea9m, v.v.<\/li>\n<li>D\u00f9ng \u0111\u1ec3 l\u00e0m s\u1ea1ch c\u00e1c v\u1ebft th\u01b0\u01a1ng, th\u1ea5m m\u00e1u v\u00e0 d\u1ecbch ti\u1ebft.<\/li>\n<li>D\u00f9ng \u0111\u1ec3 th\u1ea5m thu\u1ed1c v\u00e0 b\u00f4i l\u00ean v\u1ebft th\u01b0\u01a1ng.<\/li>\n<li>Ngo\u00e0i ra c\u00f2n \u0111\u01b0\u1ee3c d\u00f9ng \u0111\u1ec3 ch\u1eb7m m\u00e1u khi ti\u00eam ch\u00edch.<\/li>\n<\/ul>","protected":false},"excerpt":{"rendered":"<ul>\n<li>B\u00f4ng c\u1eaft \u0111\u01b0\u1ee3c s\u1eed d\u1ee5ng r\u1ed9ng r\u00e3i trong c\u00e1c b\u1ec7nh vi\u1ec7n, trung t\u00e2m y t\u1ebf, ph\u00f2ng kh\u00e1m, ph\u00f2ng nha khoa v\u00e0 c\u00e1c c\u00f4ng ty d\u01b0\u1ee3c ph\u1ea9m, v.v.<\/li>\n<li>D\u00f9ng \u0111\u1ec3 l\u00e0m s\u1ea1ch c\u00e1c v\u1ebft th\u01b0\u01a1ng, th\u1ea5m m\u00e1u v\u00e0 d\u1ecbch ti\u1ebft.<\/li>\n<li>D\u00f9ng \u0111\u1ec3 th\u1ea5m thu\u1ed1c v\u00e0 b\u00f4i l\u00ean v\u1ebft th\u01b0\u01a1ng.<\/li>\n<li>Ngo\u00e0i ra c\u00f2n \u0111\u01b0\u1ee3c d\u00f9ng \u0111\u1ec3 ch\u1eb7m m\u00e1u khi ti\u00eam ch\u00edch.<\/li>\n<\/ul>","protected":false},"featured_media":8387,"comment_status":"open","ping_status":"closed","template":"","meta":{"_acf_changed":false,"rank_math_lock_modified_date":false},"product_cat":[144,158,149],"product_tag":[],"class_list":{"0":"post-1766","1":"product","2":"type-product","3":"status-publish","4":"has-post-thumbnail","6":"product_cat-bong-y-te","7":"product_cat-vat-tu-tieu-hao","8":"product_cat-vat-tu-y-te","10":"first","11":"instock","12":"shipping-taxable","13":"purchasable","14":"product-type-simple"},"acf":[],"_links":{"self":[{"href":"https:\/\/ykhoathongminh.com\/en\/wp-json\/wp\/v2\/product\/1766"}],"collection":[{"href":"https:\/\/ykhoathongminh.com\/en\/wp-json\/wp\/v2\/product"}],"about":[{"href":"https:\/\/ykhoathongminh.com\/en\/wp-json\/wp\/v2\/types\/product"}],"replies":[{"embeddable":true,"href":"https:\/\/ykhoathongminh.com\/en\/wp-json\/wp\/v2\/comments?post=1766"}],"wp:featuredmedia":[{"embeddable":true,"href":"https:\/\/ykhoathongminh.com\/en\/wp-json\/wp\/v2\/media\/8387"}],"wp:attachment":[{"href":"https:\/\/ykhoathongminh.com\/en\/wp-json\/wp\/v2\/media?parent=1766"}],"wp:term":[{"taxonomy":"product_cat","embeddable":true,"href":"https:\/\/ykhoathongminh.com\/en\/wp-json\/wp\/v2\/product_cat?post=1766"},{"taxonomy":"product_tag","embeddable":true,"href":"https:\/\/ykhoathongminh.com\/en\/wp-json\/wp\/v2\/product_tag?post=1766"}],"curies":[{"name":"wp","href":"https:\/\/api.w.org\/{rel}","templated":true}]}}