{"id":1769,"date":"2024-07-22T15:14:19","date_gmt":"2024-07-22T15:14:19","guid":{"rendered":"https:\/\/ykhoathongminh.com\/?post_type=product&#038;p=1769"},"modified":"2024-10-08T03:39:58","modified_gmt":"2024-10-08T03:39:58","slug":"che-pham-diet-muoi-trong-gia-dung-va-y-te-map-permethrin-50ec-1-lit","status":"publish","type":"product","link":"https:\/\/ykhoathongminh.com\/en\/product\/che-pham-diet-muoi-trong-gia-dung-va-y-te-map-permethrin-50ec-1-lit\/","title":{"rendered":"Ch\u1ebf Ph\u1ea9m Di\u1ec7t Mu\u1ed7i Trong Gia D\u1ee5ng V\u00e0 Y T\u1ebf Map Permethrin 50ec 1 l\u00edt"},"content":{"rendered":"<h2><strong>TH\u00d4NG TIN S\u1ea2N PH\u1ea8M:<\/strong><\/h2>\n<p>&#8211;\u00a0H\u00e3ng s\u1ea3n xu\u1ea5t: Hockley International (V\u01b0\u01a1ng qu\u1ed1c Anh)<\/p>\n<p>&#8211; Ph\u00e2n ph\u1ed1i: Map Pacific Vi\u1ec7t Nam<\/p>\n<p>&#8211; Th\u00e0nh ph\u1ea7n ch\u00ednh: Permethrin \u2026..50%, ch\u1ea5t nh\u0169 d\u1ea7u<\/p>\n<p>&#8211; Quy c\u00e1ch: chai 1000ml, 1 th\u00f9ng 100 chai<\/p>\n<p>&#8211; \u0110\u1ed1i t\u01b0\u1ee3ng ki\u1ec3m so\u00e1t: mu\u1ed7i, c\u00f4n tr\u00f9ng (gi\u00e1n, ki\u1ebfn, ru\u1ed3i, s\u00e2u, b\u1ecd ch\u00e9t, ve\u2026).<\/p>\n<p>&#8211; T\u1ef7 l\u1ec7 pha: 20ml\/ 1 l\u00edt n\u01b0\u1edbc<\/p>\n<p>&#8211; H\u1ea1n s\u1eed d\u1ee5ng: 02 n\u0103m<\/p>\n<p>&nbsp;<\/p>\n<h2><strong>C\u01a1 ch\u1ebf ho\u1ea1t \u0111\u1ed9ng<\/strong><\/h2>\n<p>Ho\u1ea1t ch\u1ea5t Pyrethrin trong thu\u1ed1c c\u00f3 kh\u1ea3 n\u0103ng g\u00e2y t\u00e1c \u0111\u1ed9ng m\u1ea1nh \u0111\u1ebfn h\u1ec7 th\u1ea7n kinh c\u1ee7a c\u00f4n tr\u00f9ng, l\u00e0m t\u00ea li\u1ec7t v\u00e0 ch\u1ebft m\u1ee5c ti\u00eau ngay t\u1ea1i ch\u1ed7. Pyrethrin c\u00f3 kh\u1ea3 n\u0103ng ph\u00e1t t\u00e1n cao trong kh\u00f4ng kh\u00ed, \u1edf nh\u1eefng v\u00f9ng c\u00f3 d\u1ecbch b\u1ec7nh thu\u1ed1c ph\u00e1t huy kh\u1ea3 n\u0103ng tuy\u1ec7t v\u1eddi c\u1ee7a m\u00ecnh.<\/p>\n<p><strong>\u0110\u1eb7c t\u00ednh v\u00e0 c\u00f4ng d\u1ee5ng c\u1ee7a s\u1ea3n ph\u1ea9m<\/strong><\/p>\n<p>&#8211; Ph\u00f2ng ch\u1ed1ng c\u00e1c Vector truy\u1ec1n b\u1ec7nh nguy hi\u1ec3m nh\u01b0 s\u1ed1t xu\u1ea5t huy\u1ebft, s\u1ed1t r\u00e9t, vi\u00eam n\u00e3o nh\u1eadt b\u1ea3n ph\u00e1t ban\u2026 do mu\u1ed7i g\u00e2y ra<\/p>\n<p>&#8211; Di\u1ec7t mu\u1ed7i Map Permethrin 50EC c\u00f3 m\u00f9i nh\u1eb9, kh\u00f4ng l\u00e0m hoen \u1ed1 \u0111\u1ed3 \u0111\u1ea1c trong qu\u00e1 tr\u00ecnh s\u1eed d\u1ee5ng, L\u00e0 h\u00f3a ch\u1ea5t di\u1ec7t mu\u1ed7i d\u1ea1ng nh\u0169 c\u00f3 t\u00ednh t\u1ed3n l\u01b0u cao tr\u00ean c\u00e1c b\u1ec1 m\u1eb7t, kh\u00f4ng g\u00e2y d\u1ecb \u1ee9ng khi ti\u1ebfp x\u00fac v\u1edbi da.<\/p>\n<p>&#8211; Permethrin 50EC s\u1eed d\u1ee5ng \u0111\u1ec3 phun di\u1ec7t mu\u1ed7i trong y t\u1ebf v\u00e0 gia \u0111\u00ecnh. C\u00f3 th\u1ec3 \u00e1p d\u1ee5ng cho nh\u1eefng n\u01a1i nh\u01b0: nh\u00e0 \u1edf, tr\u01b0\u1eddng h\u1ecdc, b\u1ec7nh vi\u1ec7n, chung c\u01b0, nh\u00e0 h\u00e0ng, kh\u00e1ch s\u1ea1n, \u0111\u1ec1n ch\u00f9a, b\u1ea3o t\u00e0ng, c\u00f4ng tr\u00ecnh x\u00e2y d\u1ef1ng\u2026<\/p>\n<p>&#8211; Permethrin l\u00e0 m\u1ed9t lo\u1ea1i Pyrethrin ch\u1ec9 \u0111\u1ed9c \u0111\u1ed1i v\u1edbi \u0111\u1ed9ng v\u1eadt m\u00e1u l\u1ea1nh (nh\u01b0 mu\u1ed7i v\u00e0 c\u00f4n tr\u00f9ng kh\u00e1c), ng\u01b0\u1eddi v\u00e0 v\u1eadt nu\u00f4i l\u00e0 nh\u1eefng \u0111\u1ed9ng v\u1eadt m\u00e1u n\u00f3ng n\u00ean \u00edt b\u1ecb \u1ea3nh h\u01b0\u1edfng b\u1edfi ho\u1ea1t ch\u1ea5t n\u00e0y, kh\u00f4ng \u1ea3nh h\u01b0\u1edfng \u0111\u1ebfn m\u00f4i tr\u01b0\u1eddng xung quanh.<\/p>\n<p>&nbsp;<\/p>","protected":false},"excerpt":{"rendered":"<p><strong>Permethrin 50EC<\/strong> l\u00e0 s\u1ea3n ph\u1ea9m thu\u1ed1c di\u1ec7t mu\u1ed7i sinh h\u1ecdc v\u1edbi th\u00e0nh ph\u1ea7n t\u1ef1 nhi\u00ean \u0111\u01b0\u1ee3c \u0111i\u1ec1u ch\u1ebf t\u1eeb th\u1ef1c v\u1eadt thu\u1ed9c nh\u00f3m c\u00fac t\u1ed5ng h\u1ee3p (Pyrethroid). C\u00f3 ngu\u1ed3n g\u1ed1c t\u1eeb c\u00e2y hoa c\u00fac Chrysanthemum Cinerariaefolium v\u00e0 Chrysan&#8230;<\/p>","protected":false},"featured_media":7824,"comment_status":"open","ping_status":"closed","template":"","meta":{"_acf_changed":false,"rank_math_lock_modified_date":false},"product_cat":[1173,1245,1243,1168,1171],"product_tag":[],"class_list":{"0":"post-1769","1":"product","2":"type-product","3":"status-publish","4":"has-post-thumbnail","6":"product_cat-bao-ho-lao-dong","7":"product_cat-hoa-chat-bao-ho-lao-dong","8":"product_cat-san-pham-y-te-khac","9":"product_cat-thiet-bi-y-te-doanh-nghiep","10":"product_cat-y-te-doanh-nghiep","12":"first","13":"instock","14":"shipping-taxable","15":"purchasable","16":"product-type-simple"},"acf":[],"_links":{"self":[{"href":"https:\/\/ykhoathongminh.com\/en\/wp-json\/wp\/v2\/product\/1769"}],"collection":[{"href":"https:\/\/ykhoathongminh.com\/en\/wp-json\/wp\/v2\/product"}],"about":[{"href":"https:\/\/ykhoathongminh.com\/en\/wp-json\/wp\/v2\/types\/product"}],"replies":[{"embeddable":true,"href":"https:\/\/ykhoathongminh.com\/en\/wp-json\/wp\/v2\/comments?post=1769"}],"wp:featuredmedia":[{"embeddable":true,"href":"https:\/\/ykhoathongminh.com\/en\/wp-json\/wp\/v2\/media\/7824"}],"wp:attachment":[{"href":"https:\/\/ykhoathongminh.com\/en\/wp-json\/wp\/v2\/media?parent=1769"}],"wp:term":[{"taxonomy":"product_cat","embeddable":true,"href":"https:\/\/ykhoathongminh.com\/en\/wp-json\/wp\/v2\/product_cat?post=1769"},{"taxonomy":"product_tag","embeddable":true,"href":"https:\/\/ykhoathongminh.com\/en\/wp-json\/wp\/v2\/product_tag?post=1769"}],"curies":[{"name":"wp","href":"https:\/\/api.w.org\/{rel}","templated":true}]}}