{"id":1783,"date":"2024-07-22T15:14:41","date_gmt":"2024-07-22T15:14:41","guid":{"rendered":"https:\/\/ykhoathongminh.com\/?post_type=product&#038;p=1783"},"modified":"2024-12-12T06:20:16","modified_gmt":"2024-12-12T06:20:16","slug":"may-massage-mat-thong-minh-tich-hop-bluetooth-rulax","status":"publish","type":"product","link":"https:\/\/ykhoathongminh.com\/en\/product\/may-massage-mat-thong-minh-tich-hop-bluetooth-rulax\/","title":{"rendered":"M\u00e1y Massage M\u1eaft Th\u00f4ng Minh T\u00edch H\u1ee3p Bluetooth Rulax"},"content":{"rendered":"<h2><strong>Gi\u1edbi thi\u1ec7u s\u1ea3n ph\u1ea9m m\u00e1y massage m\u1eaft<\/strong><\/h2>\n<p>\u27a8 \u0110\u00f4i m\u1eaft c\u1ee7a b\u1ea1n lu\u00f4n ph\u1ea3i ho\u1ea1t \u0111\u1ed9ng li\u00ean t\u1ee5c \u0111\u1ebfn m\u1ee9c qu\u00e1 t\u1ea3i, t\u1eeb vi\u1ec7c nh\u00ecn \u0111\u01b0\u1eddng, trong khi l\u00e0m vi\u1ec7c, k\u1ec3 c\u1ea3 nh\u1eefng l\u00fac gi\u1ea3i tr\u00ed, hay chu\u1ea9n b\u1ecb \u0111i ng\u1ee7. \u0110i\u1ec1u n\u00e0y khi\u1ebfn m\u1eaft b\u1ea1n lu\u00f4n trong t\u00ecnh tr\u1ea1ng m\u1ec7t m\u1ecfi, l\u1edd \u0111\u1edd, k\u00e9m nhanh nh\u1ea1y.<\/p>\n<p>\u27a8 M\u1ed9t trong s\u1ed1 \u00edt c\u00e1ch b\u1ea3o v\u1ec7 s\u1ee9c kh\u1ecfe cho \u0111\u00f4i m\u1eaft hi\u1ec7u qu\u1ea3 ch\u00ednh l\u00e0 s\u1eed d\u1ee5ng m\u00e1y m\u00e1t xa m\u1eaft HY-01.<\/p>\n<h2><strong>\u27a4 \u0110\u1ed1i t\u01b0\u1ee3ng s\u1eed d\u1ee5ng m\u00e1y massage m\u1eaft gi\u1ea3m qu\u1ea7ng th\u00e2m<\/strong><\/h2>\n<p>\u2713 Nh\u00e2n vi\u00ean v\u0103n ph\u00f2ng<\/p>\n<p>\u2713 Ng\u01b0\u1eddi xem \u0111i\u1ec7n tho\u1ea1i qu\u00e1 l\u00e2u<\/p>\n<p>\u2713 Ng\u01b0\u1eddi l\u00e1i xe \u0111\u01b0\u1eddng d\u00e0i<\/p>\n<p>\u2713 Ng\u01b0\u1eddi m\u1eafc c\u00e1c b\u1ec7nh l\u00fd v\u1ec1 m\u1eaft nh\u01b0: C\u1eadn th\u1ecb, vi\u1ec5n th\u1ecb, lo\u1ea1n th\u1ecb,\u2026.<\/p>\n<h2><strong>\u27a4 \u0110i\u1ec3m danh c\u00f4ng d\u1ee5ng c\u1ee7a m\u00e1y m\u00e1t xa m\u1eaft\u00a0<\/strong><\/h2>\n<p>\u2713 Gi\u1ea3m m\u1ecfi m\u1eaft hi\u1ec7u qu\u1ea3 nh\u1edd k\u00edch th\u00edch, l\u01b0u th\u00f4ng tu\u1ea7n ho\u00e0n kh\u00ed huy\u1ebft<\/p>\n<p>\u2713 Xoa b\u00f3p, th\u01b0 gi\u00e3n \u0111\u00f4i m\u1eaft, gi\u1ea3i t\u1ecfa c\u0103ng th\u1eb3ng, m\u1ec7t m\u1ecfi<\/p>\n<p>\u2713 Ng\u0103n ng\u1eeba, c\u1ea3i thi\u1ec7n t\u00ecnh tr\u1ea1ng c\u00e1c b\u1ec7nh l\u00fd v\u1ec1 m\u1eaft.<\/p>\n<h2><strong> T\u00ednh n\u0103ng \u0111\u1eb7c tr\u01b0ng c\u1ee7a d\u1ee5ng c\u1ee5 massage m\u1eaft\u00a0<\/strong><\/h2>\n<p>\u2713 <strong>5 ch\u1ebf \u0111\u1ed9 \u0111a d\u1ea1ng \u0111\u00e1p \u1ee9ng m\u1ecdi nhu c\u1ea7u massage c\u1ee7a b\u1ea1n:<\/strong><\/p>\n<p>\u2705 <strong>Ch\u1ebf \u0111\u1ed9 t\u1ef1 \u0111\u1ed9ng:<\/strong> K\u1ebft h\u1ee3p t\u1ea5t c\u1ea3 c\u00e1c t\u00ednh n\u0103ng trong kho\u1ea3ng th\u1eddi gian m\u00e1t xa<\/p>\n<p>\u2705 <strong>Ch\u1ebf \u0111\u1ed9 tho\u1ea3i m\u00e1i:<\/strong> S\u00f3ng rung t\u1ea7n s\u1ed1 cao<\/p>\n<p>\u2705 <strong>Ch\u1ebf \u0111\u1ed9 b\u00ecnh th\u01b0\u1eddng:<\/strong> S\u00f3ng rung + N\u00e9n n\u00f3ng<\/p>\n<p>\u2705 <strong>Ch\u1ebf \u0111\u1ed9 th\u01b0 gi\u00e3n:<\/strong> Rung + T\u00fai kh\u00ed + N\u00e9n n\u00f3ng + Ph\u00e1t nh\u1ea1c<\/p>\n<p>\u2705 <strong>Ch\u1ebf \u0111\u1ed9 ng\u1ee7:<\/strong> T\u00fai kh\u00ed + Rung + N\u00e9n n\u00f3ng<\/p>\n<p>\u2713 <strong>G\u1ea5p 3 l\u1ea7n t\u00fai kh\u00ed gi\u00fap gia t\u0103ng hi\u1ec7u qu\u1ea3 massage \u0111\u00f4i m\u1eaft:<\/strong> T\u00fai kh\u00ed \u0111\u01b0\u1ee3c c\u1ea3i ti\u1ebfn nhi\u1ec1u so v\u1edbi d\u00f2ng m\u00e1y c\u0169, h\u1ed7 tr\u1ee3 xoa b\u00f3p 360 \u0111\u1ed9 C c\u1ea3i thi\u1ec7n tu\u1ea7n ho\u00e0n kh\u00ed huy\u1ebft c\u1ee7a m\u1eaft<\/p>\n<p>\u2713 <strong>Ph\u00e1t nh\u1ea1c th\u00f4ng minh qua k\u1ebft n\u1ed1i Bluetooth gi\u00fap b\u1ea1n gi\u1ea3i t\u1ecfa c\u0103ng th\u1eb3ng, m\u1ec7t m\u1ecfi:<\/strong> \u0110i\u1ec1u b\u1ea1n c\u1ea7n l\u00e0m ch\u1ec9 l\u00e0 nh\u1eafm m\u1eaft l\u1ea1i, nghe nh\u1eefng \u00e2m thanh y\u00eau th\u00edch v\u00e0 t\u1eadn h\u01b0\u1edfng c\u1ea3m gi\u00e1c m\u00e1t xa ngay t\u1ea1i nh\u00e0<\/p>\n<p>\u2713 <strong>M\u00e0n h\u00ecnh \u0111\u00e8n LED hi\u1ec7n \u0111\u1ea1i, tr\u1ef1c quan, d\u1ec5 d\u00e0ng \u0111i\u1ec1u khi\u1ec3n ch\u1ec9 v\u1edbi 1 n\u00fat b\u1ea5m:<\/strong> V\u1edbi thi\u1ebft k\u1ebf \u0111\u01a1n gi\u1ea3n, m\u00e1y m\u00e1t xa m\u1eaft th\u00edch h\u1ee3p s\u1eed d\u1ee5ng ngay c\u1ea3 v\u1edbi ng\u01b0\u1eddi cao tu\u1ed5i<\/p>\n<p>\u2713 <strong>H\u1eb9n gi\u1edd t\u1ef1 \u0111\u1ed9ng 15 ph\u00fat cho m\u1ed7i l\u1ea7n massage:<\/strong> B\u1ea1n s\u1ebd kh\u00f4ng c\u00f2n c\u1ea3m gi\u00e1c lo ng\u1ea1i n\u1ebfu c\u00f3 l\u1ee1 ng\u1ee7 qu\u00ean khi \u0111ang massage<\/p>\n<p>\u2713 <strong>Dung l\u01b0\u1ee3ng pin l\u1edbn ho\u1ea1t \u0111\u1ed9ng \u1ed5n \u0111\u1ecbnh theo th\u1eddi gian:<\/strong> C\u00e1c chuy\u00ean gia v\u1ec1 m\u1eaft \u0111\u00e3 \u0111\u00e1nh gi\u00e1 v\u1ec1 ch\u1ea5t l\u01b0\u1ee3ng pin c\u1ee7a m\u00e1y m\u00e1t xa m\u1eaft HY-01 c\u00f3 m\u1ee9c \u0111\u1ed9 kh\u00e1 cao<\/p>\n<p>\u2713 <strong>Nhi\u1ec7t \u0111\u1ed9 n\u00e9n n\u00f3ng kh\u00f4ng \u0111\u1ed5i, \u1ed5n \u0111\u1ecbnh m\u1ee9c 38 \u2013 42 \u0111\u1ed9 C:<\/strong> M\u00e1y m\u00e1t xa m\u1eaft HY-01 c\u00f3 kh\u1ea3 n\u0103ng l\u00e0m n\u00f3ng nhanh ch\u1ec9 trong kho\u1ea3ng 15 gi\u00e2y t\u1ed1i \u01b0u h\u00f3a hi\u1ec7u qu\u1ea3 m\u00e1t xa<\/p>\n<p>\u2713 <strong>G\u1ea5p g\u1ecdn 180 \u0111\u1ed9 gi\u00fap ti\u1ebft ki\u1ec7m di\u1ec7n t\u00edch cho kh\u00f4ng gian s\u1ed1ng:<\/strong> B\u1ea1n c\u00f3 th\u1ec3 \u0111em m\u00e1y massage m\u1eaft gi\u1ea3m qu\u1ea7ng th\u00e2m theo b\u1ea5t c\u1ee9 n\u01a1i \u0111\u00e2u ch\u1ec9 v\u1edbi 1 chi\u1ebfc t\u00fai x\u00e1ch nh\u1ecf<\/p>\n<p>\u2713 <strong>Ch\u1ea5t li\u1ec7u ABS cao c\u1ea5p an to\u00e0n cho m\u1eaft:<\/strong> M\u00e1y \u0111\u01b0\u1ee3c thi\u1ebft k\u1ebf c\u00f3 kh\u1ea3 n\u0103ng ch\u1ed1ng n\u01b0\u1edbc v\u00e0 th\u00e2n thi\u1ec7n v\u1edbi m\u00f4i tr\u01b0\u1eddng s\u1ed1ng<\/p>\n<p>\u2713 <strong>S\u1ea1c USB ti\u1ec7n l\u1ee3i r\u00fat ra v\u00e0 c\u1eafm v\u00e0o \u0111\u01a1n gi\u1ea3n kh\u00f4ng g\u00e2y b\u1ea5t ti\u1ec7n khi massage:<\/strong> Khe c\u1eafm s\u1ea1c \u0111\u01b0\u1ee3c thi\u1ebft k\u1ebf tinh t\u1ebf, gi\u1eef \u0111\u01b0\u1ee3c n\u00e9t th\u1ea9m m\u1ef9 cho to\u00e0n b\u1ed9 thi\u1ebft b\u1ecb<\/p>\n<p>\u2713 <strong>M\u00e0u s\u1eafc \u0111\u1eb9p \u0111\u1ebd, b\u1eaft m\u1eaft v\u1edbi t\u00f4ng m\u00e0u \u0111a d\u1ea1ng:<\/strong> Tr\u1eafng, \u0111en cho b\u1ea1n th\u1ecfa th\u00edch l\u1ef1a ch\u1ecdn<\/p>","protected":false},"excerpt":{"rendered":"<p><strong>M\u00e1y massage m\u1eaft Rulax<\/strong> s\u1ebd k\u1ebft h\u1ee3p gi\u1eefa massage rung \u0111a t\u1ea7n s\u1ed1, xoa b\u00f3p t\u00fai kh\u00ed c\u00f9ng nhi\u1ec7t n\u00f3ng. M\u00e1y c\u00f3 h\u1ec7 th\u1ed1ng t\u1ea1o nhi\u1ec7t \u0111\u1ed9 \u1ed5n \u0111\u1ecbnh v\u00e0 t\u1ecfa \u0111\u1ec1u v\u00f9ng m\u1eaft, k\u1ebft h\u1ee3p v\u1edbi nh\u1eefng \u0111\u1ed9ng t\u00e1c massage c\u01a1 h\u1ecdc gi\u00fap t\u0103ng c\u01b0\u1eddng tu\u1ea7n ho\u00e0n m\u00e1u, gi\u00e3n n\u1edf c\u00e1c c\u01a1, n\u00e2ng cao hi\u1ec7u qu\u1ea3.<\/p>","protected":false},"featured_media":7760,"comment_status":"open","ping_status":"closed","template":"","meta":{"_acf_changed":false,"rank_math_lock_modified_date":false},"product_cat":[977,1372,93],"product_tag":[],"class_list":{"0":"post-1783","1":"product","2":"type-product","3":"status-publish","4":"has-post-thumbnail","6":"product_cat-may-massage-mat","7":"product_cat-san-pham-massage-ban-chay","8":"product_cat-thiet-bi-massage","10":"first","11":"instock","12":"shipping-taxable","13":"purchasable","14":"product-type-simple"},"acf":[],"_links":{"self":[{"href":"https:\/\/ykhoathongminh.com\/en\/wp-json\/wp\/v2\/product\/1783"}],"collection":[{"href":"https:\/\/ykhoathongminh.com\/en\/wp-json\/wp\/v2\/product"}],"about":[{"href":"https:\/\/ykhoathongminh.com\/en\/wp-json\/wp\/v2\/types\/product"}],"replies":[{"embeddable":true,"href":"https:\/\/ykhoathongminh.com\/en\/wp-json\/wp\/v2\/comments?post=1783"}],"wp:featuredmedia":[{"embeddable":true,"href":"https:\/\/ykhoathongminh.com\/en\/wp-json\/wp\/v2\/media\/7760"}],"wp:attachment":[{"href":"https:\/\/ykhoathongminh.com\/en\/wp-json\/wp\/v2\/media?parent=1783"}],"wp:term":[{"taxonomy":"product_cat","embeddable":true,"href":"https:\/\/ykhoathongminh.com\/en\/wp-json\/wp\/v2\/product_cat?post=1783"},{"taxonomy":"product_tag","embeddable":true,"href":"https:\/\/ykhoathongminh.com\/en\/wp-json\/wp\/v2\/product_tag?post=1783"}],"curies":[{"name":"wp","href":"https:\/\/api.w.org\/{rel}","templated":true}]}}