{"id":1793,"date":"2024-07-22T15:15:02","date_gmt":"2024-07-22T15:15:02","guid":{"rendered":"https:\/\/ykhoathongminh.com\/?post_type=product&#038;p=1793"},"modified":"2024-09-05T11:24:23","modified_gmt":"2024-09-05T11:24:23","slug":"tam-bong-dau-nho-cotton-zoo-cho-tre-em-ex-file-200-chiec","status":"publish","type":"product","link":"https:\/\/ykhoathongminh.com\/en\/product\/tam-bong-dau-nho-cotton-zoo-cho-tre-em-ex-file-200-chiec\/","title":{"rendered":"T\u0103m b\u00f4ng \u0111\u1ea7u nh\u1ecf Cotton Zoo cho tr\u1ebb em EX File 200 Chi\u1ebfc"},"content":{"rendered":"<p>T\u0103m b\u00f4ng \u0111\u1ea7u r\u1ea5t nh\u1ecf, thi\u1ebft k\u1ebf chuy\u00ean bi\u1ec7t \u0111\u1ec3 v\u1ec7 sinh tai, m\u0169i cho c\u00e1c b\u00e9 s\u01a1 sinh.<\/p>\n<p>Quy c\u00e1ch: H\u1ed9p nh\u1ef1a 200 chi\u1ebfc<\/p>\n<p>Ch\u1ea5t li\u1ec7u: B\u00f4ng cotton t\u1ef1 nhi\u00ean 100% v\u00e0 th\u00e2n l\u00e0m t\u1eeb gi\u1ea5y<\/p>\n<p>\u0110\u1eb7c t\u00ednh kh\u00e1c: Tr\u00ean b\u1ec1 m\u1eb7t c\u1ee7a \u0111\u1ea7u b\u00f4ng ch\u1ee9a Chitosan c\u00f3 t\u00e1c d\u1ee5ng kh\u00e1ng khu\u1ea9n.<\/p>","protected":false},"excerpt":{"rendered":"<p><strong>Cotton Zoo<\/strong> l\u00e0 1 th\u01b0\u01a1ng hi\u1ec7u t\u0103m b\u00f4ng d\u00e0nh cho tr\u1ebb em c\u1ee7a c\u00f4ng ty TNHH Heiwa Medic \u2013 Nh\u1eadt B\u1ea3n. T\u1ea1i Heiwa, t\u0103m b\u00f4ng kh\u00f4ng ch\u1ec9 l\u00e0 1 s\u1ea3n ph\u1ea9m v\u1ec7 sinh c\u00e1 nh\u00e2n m\u00e0 c\u00f2n c\u00f3 thi\u1ebft k\u1ebf ng\u1ed9 ngh\u0129nh \u0111\u1ec3 n\u00e2ng tr\u00ed t\u01b0\u1edfng t\u01b0\u1ee3ng c\u1ee7a b\u00e9 bay xa. T\u0103m b\u00f4ng \u0111\u1ea7u xo\u1eafn li\u00ean t\u01b0\u1edfng \u0111\u1ebfn c\u00e1i v\u00f2i c\u1ee7a ch\u00fa voi con, t\u0103m b\u00f4ng \u0111\u1ea7u nh\u1ecf gi\u1ed1ng ch\u00fa h\u01b0\u01a1u cao c\u1ed5, t\u0103m b\u00f4ng shower gi\u1ed1ng b\u1ed9 l\u00f4ng c\u1ee7a ch\u00fa c\u1eebu\u2026 B\u1ed9 s\u1ea3n ph\u1ea9m hi\u1ec7n r\u1ea5t \u0111\u01b0\u1ee3c c\u00e1c tr\u1ebb em Nh\u1eadt B\u1ea3n y\u00eau th\u00edch.<\/p>","protected":false},"featured_media":4668,"comment_status":"open","ping_status":"closed","template":"","meta":{"_acf_changed":false,"rank_math_lock_modified_date":false},"product_cat":[1342,1210,1221],"product_tag":[],"class_list":{"0":"post-1793","1":"product","2":"type-product","3":"status-publish","4":"has-post-thumbnail","6":"product_cat-cham-soc-ca-nhan","7":"product_cat-cham-soc-tai-mui","8":"product_cat-ve-sinh-tai","10":"first","11":"instock","12":"shipping-taxable","13":"purchasable","14":"product-type-simple"},"acf":[],"_links":{"self":[{"href":"https:\/\/ykhoathongminh.com\/en\/wp-json\/wp\/v2\/product\/1793"}],"collection":[{"href":"https:\/\/ykhoathongminh.com\/en\/wp-json\/wp\/v2\/product"}],"about":[{"href":"https:\/\/ykhoathongminh.com\/en\/wp-json\/wp\/v2\/types\/product"}],"replies":[{"embeddable":true,"href":"https:\/\/ykhoathongminh.com\/en\/wp-json\/wp\/v2\/comments?post=1793"}],"wp:featuredmedia":[{"embeddable":true,"href":"https:\/\/ykhoathongminh.com\/en\/wp-json\/wp\/v2\/media\/4668"}],"wp:attachment":[{"href":"https:\/\/ykhoathongminh.com\/en\/wp-json\/wp\/v2\/media?parent=1793"}],"wp:term":[{"taxonomy":"product_cat","embeddable":true,"href":"https:\/\/ykhoathongminh.com\/en\/wp-json\/wp\/v2\/product_cat?post=1793"},{"taxonomy":"product_tag","embeddable":true,"href":"https:\/\/ykhoathongminh.com\/en\/wp-json\/wp\/v2\/product_tag?post=1793"}],"curies":[{"name":"wp","href":"https:\/\/api.w.org\/{rel}","templated":true}]}}