{"id":1795,"date":"2024-07-22T15:15:02","date_gmt":"2024-07-22T15:15:02","guid":{"rendered":"https:\/\/ykhoathongminh.com\/?post_type=product&#038;p=1795"},"modified":"2024-09-05T10:39:20","modified_gmt":"2024-09-05T10:39:20","slug":"tam-bong-life-khang-khuan-300-chiec","status":"publish","type":"product","link":"https:\/\/ykhoathongminh.com\/en\/product\/tam-bong-life-khang-khuan-300-chiec\/","title":{"rendered":"T\u0103m b\u00f4ng Life kh\u00e1ng khu\u1ea9n 300 chi\u1ebfc"},"content":{"rendered":"<p>T\u0103m b\u00f4ng s\u1eed d\u1ee5ng 100% b\u00f4ng Cotton t\u1ef1 nhi\u00ean, v\u1edbi c\u00f4ng ngh\u1ec7 kh\u00e1ng khu\u1ea9n an to\u00e0n t\u1eeb Nh\u1eadt B\u1ea3n d\u00f9ng \u0111\u1ec3 v\u1ec7 sinh tai, m\u0169i&#8230; cho tr\u1ebb em t\u1eeb s\u01a1 sinh. Th\u00e2n t\u0103m b\u00f4ng \u0111\u01b0\u1ee3c l\u00e0m b\u1eb1ng gi\u1ea5y qu\u1ea5n ch\u1eb7t gi\u00fap cho t\u0103m b\u00f4ng tr\u1edf n\u00ean ch\u1eafc ch\u1eafn, thao t\u00e1c ch\u00ednh x\u00e1c v\u00e0 an to\u00e0n khi s\u1eed d\u1ee5ng, \u0111\u1ed3ng th\u1eddi th\u00e2n thi\u1ec7n v\u1edbi m\u00f4i tr\u01b0\u1eddng.<\/p>\n<p>H\u01b0\u1edbng d\u1eabn b\u1ea3o qu\u1ea3n<\/p>\n<p>B\u1ea3o qu\u1ea3n n\u01a1i kh\u00f4 r\u00e1o, tho\u00e1ng m\u00e1t, tr\u00e1nh \u00e1nh n\u1eafng tr\u1ef1c ti\u1ebfp v\u00e0 nhi\u1ec7t \u0111\u1ed9 cao<br \/>\n\u0110\u1ec3 xa t\u1ea7m tay tr\u1ebb em<\/p>\n<p>Quy c\u00e1ch \u0111\u00f3ng g\u00f3i: h\u1ed9p ti\u1ec7t tr\u00f9ng, h\u00fat ch\u00e2n kh\u00f4ng ti\u00eau chu\u1ea9n g\u1ed3m 300 chi\u1ebfc t\u0103m b\u00f4ng t\u0103m b\u00f4ng,th\u00e2n gi\u1ea5y, kh\u00e1ng khu\u1ea9n,\u0111\u1ea7u xo\u1eafn cho tr\u1ebb em.Gi\u00fap l\u1ea5y d\u1ecb v\u1eadt trong tai hi\u1ec7u qu\u1ea3.<\/p>","protected":false},"excerpt":{"rendered":"<p>LIFE Cotton Sticks l\u00e0 m\u1ed9t th\u01b0\u01a1ng hi\u1ec7u c\u1ee7a c\u00f4ng ty Heiwa Medic Nh\u1eadt B\u1ea3n . B\u1ed9 s\u1ea3n ph\u1ea9m c\u00f3 nhi\u1ec1u k\u00edch c\u1ee1, h\u00ecnh d\u00e1ng \u0111\u1ea7u b\u00f4ng v\u00e0 quy c\u00e1ch \u0111\u00f3ng g\u00f3i phong ph\u00fa s\u1ebd l\u00e0m h\u00e0i l\u00f2ng m\u1ecdi th\u00e0nh vi\u00ean trong gia \u0111\u00ecnh b\u1ea1n.<\/p>","protected":false},"featured_media":4674,"comment_status":"open","ping_status":"closed","template":"","meta":{"_acf_changed":false,"rank_math_lock_modified_date":false},"product_cat":[1342,1210,1221],"product_tag":[],"class_list":{"0":"post-1795","1":"product","2":"type-product","3":"status-publish","4":"has-post-thumbnail","6":"product_cat-cham-soc-ca-nhan","7":"product_cat-cham-soc-tai-mui","8":"product_cat-ve-sinh-tai","10":"first","11":"instock","12":"shipping-taxable","13":"purchasable","14":"product-type-simple"},"acf":[],"_links":{"self":[{"href":"https:\/\/ykhoathongminh.com\/en\/wp-json\/wp\/v2\/product\/1795"}],"collection":[{"href":"https:\/\/ykhoathongminh.com\/en\/wp-json\/wp\/v2\/product"}],"about":[{"href":"https:\/\/ykhoathongminh.com\/en\/wp-json\/wp\/v2\/types\/product"}],"replies":[{"embeddable":true,"href":"https:\/\/ykhoathongminh.com\/en\/wp-json\/wp\/v2\/comments?post=1795"}],"wp:featuredmedia":[{"embeddable":true,"href":"https:\/\/ykhoathongminh.com\/en\/wp-json\/wp\/v2\/media\/4674"}],"wp:attachment":[{"href":"https:\/\/ykhoathongminh.com\/en\/wp-json\/wp\/v2\/media?parent=1795"}],"wp:term":[{"taxonomy":"product_cat","embeddable":true,"href":"https:\/\/ykhoathongminh.com\/en\/wp-json\/wp\/v2\/product_cat?post=1795"},{"taxonomy":"product_tag","embeddable":true,"href":"https:\/\/ykhoathongminh.com\/en\/wp-json\/wp\/v2\/product_tag?post=1795"}],"curies":[{"name":"wp","href":"https:\/\/api.w.org\/{rel}","templated":true}]}}