{"id":1796,"date":"2024-07-22T15:15:03","date_gmt":"2024-07-22T15:15:03","guid":{"rendered":"https:\/\/ykhoathongminh.com\/?post_type=product&#038;p=1796"},"modified":"2024-09-05T10:34:27","modified_gmt":"2024-09-05T10:34:27","slug":"tam-bong-than-giay-ud-baby","status":"publish","type":"product","link":"https:\/\/ykhoathongminh.com\/en\/product\/tam-bong-than-giay-ud-baby\/","title":{"rendered":"t\u0103m b\u00f4ng th\u00e2n gi\u1ea5y UD Baby"},"content":{"rendered":"<h2 id=\"1-thanh-phan\">1 Th\u00e0nh ph\u1ea7n<\/h2>\n<p>Th\u00e0nh ph\u1ea7n: T\u0103m b\u00f4ng th\u00e2n gi\u1ea5y UD Baby \u0111\u01b0\u1ee3c g\u1eafn hai \u0111\u1ea7u b\u00f4ng v\u00e0o que l\u00e0m b\u1eb1ng gi\u1ea5y, trong \u0111\u00f3:<\/p>\n<ul>\n<li>B\u00f4ng \u0111\u01b0\u1ee3c s\u1ea3n xu\u1ea5t b\u1eb1ng ch\u1ea5t li\u1ec7u l\u00e0 100% cotton t\u1ef1 nhi\u00ean, v\u1edbi chi\u1ebft xu\u1ea5t Chitosan. \u0110\u1ea7u b\u00f4ng m\u1ec1m m\u1ea1i \u0111\u01b0\u1ee3c qu\u1ea5n tr\u00f2n \u0111\u1ec1u ch\u1eafc ch\u1eafn v\u00e0o hai th\u00e2n t\u0103m b\u00f4ng v\u00e0 \u0111\u00e3 kh\u1eed tr\u00f9ng s\u1ea1ch s\u1ebd.<\/li>\n<li>Bao quanh l\u1edbp b\u00f4ng l\u00e0 l\u1edbp Chitosan thi\u00ean nhi\u00ean, gi\u00fap ng\u0103n ng\u1eeba vi khu\u1ea9n x\u00e2m nh\u1eadp v\u00e0o trong \u0111\u1ea7u b\u00f4ng.<\/li>\n<li>Th\u00e2n t\u0103m b\u00f4ng l\u00e0m b\u1eb1ng ch\u1ea5t li\u1ec7u gi\u1ea5y, c\u1ea7m r\u1ea5t ch\u1eafc tay, \u0111\u1ea3m b\u1ea3o c\u1ee9ng c\u00e1p, kh\u00f4ng b\u1ecb cong ho\u1eb7c b\u1ecb g\u00e3y khi s\u1eed d\u1ee5ng.<\/li>\n<\/ul>\n<h2 id=\"2-cong-dung-chi-dinh\"><span class=\"csnum\">2<\/span> C\u00f4ng d\u1ee5ng &#8211; Ch\u1ec9 \u0111\u1ecbnh<\/h2>\n<h3 id=\"2-cong-dung-cua-tam-bong-than-giay-ud-baby-1\">2.1 C\u00f4ng d\u1ee5ng c\u1ee7a t\u0103m b\u00f4ng th\u00e2n gi\u1ea5y UD Baby<\/h3>\n<p>S\u1ea3n ph\u1ea9m t\u0103m b\u00f4ng th\u00e2n gi\u1ea5y UD Baby c\u00f3 c\u00f4ng d\u1ee5ng l\u00e0:<\/p>\n<ul>\n<li>Chi\u1ebft xu\u1ea5t Chitosan c\u00f3 t\u00ednh kh\u00e1ng khu\u1ea9n an to\u00e0n, gi\u00fap t\u0103m b\u00f4ng kh\u00f4ng b\u1ecb vi khu\u1ea9n, n\u1ea5m m\u1ed1c x\u00e2m nh\u1eadp.<\/li>\n<li>L\u1edbp b\u00f4ng m\u1ec1m m\u1ea1i c\u00f3 t\u00ednh th\u1ea5m h\u00fat r\u1ea5t t\u1ed1t, c\u00f3 c\u00f4ng d\u1ee5ng h\u00fat c\u00e1c d\u1ecbch, n\u01b0\u1edbc, m\u1ee7,&#8230; t\u1ea1i c\u00e1c v\u1ebft th\u01b0\u01a1ng h\u1edf.<\/li>\n<li>Kh\u00e1c v\u1edbi t\u0103m b\u00f4ng c\u00f3 th\u00e2n Nh\u1ef1a, th\u00e2n c\u1ee7a t\u0103m b\u00f4ng UD Baby l\u00e0m b\u1eb1ng c\u00e1c l\u1edbp gi\u1ea5y cu\u1ed1n ch\u1eb7t v\u1edbi nhau, do \u0111\u00f3 t\u0103ng \u0111\u1ed9 ma s\u00e1t, c\u1ea7m r\u1ea5t ch\u1eafc tay h\u1ea1n ch\u1ebf t\u00ecnh tr\u1ea1ng tr\u01a1n tr\u01b0\u1ee3t khi s\u1eed d\u1ee5ng.<\/li>\n<li>\u0110\u1ea7u t\u0103m b\u00f4ng \u0111\u01b0\u1ee3c thi\u1ebft k\u1ebf nh\u1ecf nh\u1eafn d\u00e0nh ri\u00eang cho tr\u1ebb em, do \u0111\u00f3 c\u00f3 th\u1ec3 d\u00f9ng t\u0103m b\u00f4ng \u0111\u1ec3 l\u00e0m s\u1ea1ch tai, m\u0169i, c\u00e1c h\u1ed1c t\u1ef1 nhi\u00ean c\u1ee7a c\u01a1 th\u1ec3 tr\u1ebb nh\u1ecf nh\u01b0 r\u1ed1n c\u1ee7a tr\u1ebb s\u01a1 sinh, v\u00e0nh tai, l\u1ed7 tai,&#8230;<\/li>\n<\/ul>\n<h3 id=\"2-chi-dinh-cua-tam-bong-than-giay-ud-baby-2\">2.2 Ch\u1ec9 \u0111\u1ecbnh c\u1ee7a t\u0103m b\u00f4ng th\u00e2n gi\u1ea5y UD Baby<\/h3>\n<ul>\n<li>T\u0103m b\u00f4ng UD Baby \u0111\u01b0\u1ee3c thi\u1ebft k\u1ebf th\u00edch h\u1ee3p cho tr\u1ebb em \u0111\u1ec3 l\u00e0m s\u1ea1ch tai, m\u0169i, v\u00e0nh tai,&#8230;<\/li>\n<li>H\u00fat m\u00e1u, m\u1ee7, d\u1ecbch, h\u1ed7 tr\u1ee3 v\u1ec7 sinh c\u00e1c v\u1ebft th\u01b0\u01a1ng, v\u1ebft lo\u00e9t.<\/li>\n<li>L\u00e0m s\u1ea1ch chi ti\u1ebft, ph\u1ee5 ki\u1ec7n tinh x\u1ea3o.<\/li>\n<li>H\u1ed7 tr\u1ee3 c\u00e1c b\u01b0\u1edbc trang \u0111i\u1ec3m ho\u1eb7c t\u1ea9y trang.<\/li>\n<\/ul>","protected":false},"excerpt":{"rendered":"<ul>\n<li>T\u0103m b\u00f4ng UD Baby \u0111\u01b0\u1ee3c thi\u1ebft k\u1ebf th\u00edch h\u1ee3p cho tr\u1ebb em \u0111\u1ec3 l\u00e0m s\u1ea1ch tai, m\u0169i, v\u00e0nh tai,&#8230;<\/li>\n<li>H\u00fat m\u00e1u, m\u1ee7, d\u1ecbch, h\u1ed7 tr\u1ee3 v\u1ec7 sinh c\u00e1c v\u1ebft th\u01b0\u01a1ng, v\u1ebft lo\u00e9t.<\/li>\n<li>L\u00e0m s\u1ea1ch chi ti\u1ebft, ph\u1ee5 ki\u1ec7n tinh x\u1ea3o.<\/li>\n<li>H\u1ed7 tr\u1ee3 c\u00e1c b\u01b0\u1edbc trang \u0111i\u1ec3m ho\u1eb7c t\u1ea9y trang.<\/li>\n<\/ul>","protected":false},"featured_media":4680,"comment_status":"open","ping_status":"closed","template":"","meta":{"_acf_changed":false,"rank_math_lock_modified_date":false},"product_cat":[1342,1210,1221],"product_tag":[],"class_list":{"0":"post-1796","1":"product","2":"type-product","3":"status-publish","4":"has-post-thumbnail","6":"product_cat-cham-soc-ca-nhan","7":"product_cat-cham-soc-tai-mui","8":"product_cat-ve-sinh-tai","10":"first","11":"instock","12":"shipping-taxable","13":"purchasable","14":"product-type-simple"},"acf":[],"_links":{"self":[{"href":"https:\/\/ykhoathongminh.com\/en\/wp-json\/wp\/v2\/product\/1796"}],"collection":[{"href":"https:\/\/ykhoathongminh.com\/en\/wp-json\/wp\/v2\/product"}],"about":[{"href":"https:\/\/ykhoathongminh.com\/en\/wp-json\/wp\/v2\/types\/product"}],"replies":[{"embeddable":true,"href":"https:\/\/ykhoathongminh.com\/en\/wp-json\/wp\/v2\/comments?post=1796"}],"wp:featuredmedia":[{"embeddable":true,"href":"https:\/\/ykhoathongminh.com\/en\/wp-json\/wp\/v2\/media\/4680"}],"wp:attachment":[{"href":"https:\/\/ykhoathongminh.com\/en\/wp-json\/wp\/v2\/media?parent=1796"}],"wp:term":[{"taxonomy":"product_cat","embeddable":true,"href":"https:\/\/ykhoathongminh.com\/en\/wp-json\/wp\/v2\/product_cat?post=1796"},{"taxonomy":"product_tag","embeddable":true,"href":"https:\/\/ykhoathongminh.com\/en\/wp-json\/wp\/v2\/product_tag?post=1796"}],"curies":[{"name":"wp","href":"https:\/\/api.w.org\/{rel}","templated":true}]}}