{"id":1815,"date":"2024-07-22T15:15:26","date_gmt":"2024-07-22T15:15:26","guid":{"rendered":"https:\/\/ykhoathongminh.com\/?post_type=product&#038;p=1815"},"modified":"2025-04-23T07:03:32","modified_gmt":"2025-04-23T07:03:32","slug":"dau-kim-tiem-meso-sharp-34g-4mm","status":"publish","type":"product","link":"https:\/\/ykhoathongminh.com\/en\/product\/dau-kim-tiem-meso-sharp-34g-4mm\/","title":{"rendered":"\u0110\u1ea7u Kim Ti\u00eam Meso Sharp 34g 4mm"},"content":{"rendered":"<p>\u0110\u1ea7u kim Meso 34G &#8211; 4mm Sharp Needle, v\u1edbi \u0111\u01b0\u1eddng k\u00ednh b\u00ean trong r\u1ed9ng h\u01a1n c\u00e1c s\u1ea3n ph\u1ea9m kim th\u00f4ng th\u01b0\u1eddng kh\u00e1c n\u00ean n\u00f3 gi\u00fap gi\u1ea3m \u00e1p l\u1ef1c ti\u00eam h\u01a1n khi ti\u00eam c\u00e1c ch\u1ea5t l\u1ecfng c\u00f3 \u0111\u1ed9 nh\u1edbt kh\u00e1 cao, gi\u00fap \u0111\u1ea9y d\u01b0\u1ee1ng ch\u1ea5t \u0111i v\u00e0 t\u1ed1t h\u01a1n<\/p>\n<p>&nbsp;<\/p>\n<p>D\u00f9ng \u0111\u1ea7u kim Meso 34G &#8211; 4mm Sharp Needle\u00a0trong qu\u00e1 tr\u00ecnh ti\u00eam s\u1ebd l\u00e0m gi\u1ea3m tri\u1ec7u ch\u1ee9ng \u0111au nh\u1ee9c, th\u1eadm ch\u00ed c\u00f2n kh\u00f4ng g\u00e2y ch\u1ea3y m\u00e1u do \u0111\u01b0\u1ee3c thi\u1ebft k\u1ebf v\u1edbi \u0111\u1ed9 nh\u1ecf \u201ctinh vi\u201d, kh\u00f4ng g\u00e2y ra c\u00e1c t\u1ed5n th\u01b0\u01a1ng cho da khi \u0111\u01b0a kim v\u00e0o.<\/p>\n<p><strong>C\u00f4ng d\u1ee5ng \u0111\u1ea7u kim Meso 34G &#8211; 4mm Sharp Needle:<\/strong><\/p>\n<p>+ L\u00e0 kim chuy\u00ean d\u1ee5ng cho ti\u00eam d\u01b0\u1ee1ng ch\u1ea5t, ti\u00eam PRP, ti\u00eam HA, ti\u00eam tinh ch\u1ea5t kh\u00f4ng s\u01b0ng, kh\u00f4ng ch\u1ea3y m\u00e1u<\/p>\n<p>+ Ti\u00eam d\u01b0\u1ee1ng ch\u1ea5t th\u00f4ng th\u01b0\u1eddng s\u1eed dung xi lanh 1cc, 3cc, 5cc ho\u1eb7c 10cc (t\u00f9y v\u00e0o l\u01b0\u1ee3ng d\u01b0\u1ee1ng ch\u1ea5t ti\u00eam d\u01b0\u1edbi da)<\/p>\n<p>+ Kim 4mm \u0111\u01b0\u1ee3c ch\u1ee9ng minh n\u1ebfu ti\u00eam th\u1eb3ng kim 90 \u0111\u1ed9 v\u00e0o da ( tr\u1eeb v\u00f9ng tr\u00e1n do da m\u1ecfng n\u00ean ti\u00eam kim x\u00e9o 30 \u0111\u1ed9 ) c\u0169ng ch\u1ec9 n\u1eb1m \u1edf l\u1edbp da \u0111\u1ec3 h\u1ea5p thu tinh ch\u1ea5t t\u1ed1t nh\u1ea5t m\u00e0 kh\u00f4ng \u1ea3nh h\u01b0\u1edfng \u0111\u1ebfn d\u00e2y th\u1ea7n kinh v\u00e0 m\u1ea1ch m\u00e1u<\/p>\n<p>+ L\u1eafp v\u1eeba h\u1ebft c\u00e1c xi lanh t\u1eeb 1cc ~ 20cc<\/p>\n<p><strong>Tr\u1ecdng l\u01b0\u1ee3ng:<\/strong> 1 h\u1ed9p 50 \u0111\u1ea7u<\/p>\n<p><strong>Xu\u1ea5t x\u1ee9:<\/strong> H\u00e0n Qu\u1ed1c<\/p>","protected":false},"excerpt":{"rendered":"<p><strong>\u0110\u1ea7u kim Meso 34G &#8211; 4mm Sharp Needle,<\/strong> v\u1edbi \u0111\u01b0\u1eddng k\u00ednh b\u00ean trong r\u1ed9ng h\u01a1n c\u00e1c s\u1ea3n ph\u1ea9m kim th\u00f4ng th\u01b0\u1eddng kh\u00e1c n\u00ean n\u00f3 gi\u00fap gi\u1ea3m \u00e1p l\u1ef1c ti\u00eam h\u01a1n khi ti\u00eam c\u00e1c ch\u1ea5t l\u1ecfng c\u00f3 \u0111\u1ed9 nh\u1edbt kh\u00e1 cao, gi\u00fap \u0111\u1ea9y d\u01b0\u1ee1ng ch\u1ea5t \u0111i v\u00e0 t\u1ed1t h\u01a1n.<\/p>","protected":false},"featured_media":7884,"comment_status":"open","ping_status":"closed","template":"","meta":{"_acf_changed":false,"rank_math_lock_modified_date":false},"product_cat":[1232,1170,1168,1177,158,149],"product_tag":[],"class_list":{"0":"post-1815","1":"product","2":"type-product","3":"status-publish","4":"has-post-thumbnail","6":"product_cat-kim-y-te","7":"product_cat-thiet-bi-tham-my-spa","8":"product_cat-thiet-bi-y-te-doanh-nghiep","9":"product_cat-vat-tu-spa","10":"product_cat-vat-tu-tieu-hao","11":"product_cat-vat-tu-y-te","13":"first","14":"instock","15":"shipping-taxable","16":"purchasable","17":"product-type-simple"},"acf":[],"_links":{"self":[{"href":"https:\/\/ykhoathongminh.com\/en\/wp-json\/wp\/v2\/product\/1815"}],"collection":[{"href":"https:\/\/ykhoathongminh.com\/en\/wp-json\/wp\/v2\/product"}],"about":[{"href":"https:\/\/ykhoathongminh.com\/en\/wp-json\/wp\/v2\/types\/product"}],"replies":[{"embeddable":true,"href":"https:\/\/ykhoathongminh.com\/en\/wp-json\/wp\/v2\/comments?post=1815"}],"wp:featuredmedia":[{"embeddable":true,"href":"https:\/\/ykhoathongminh.com\/en\/wp-json\/wp\/v2\/media\/7884"}],"wp:attachment":[{"href":"https:\/\/ykhoathongminh.com\/en\/wp-json\/wp\/v2\/media?parent=1815"}],"wp:term":[{"taxonomy":"product_cat","embeddable":true,"href":"https:\/\/ykhoathongminh.com\/en\/wp-json\/wp\/v2\/product_cat?post=1815"},{"taxonomy":"product_tag","embeddable":true,"href":"https:\/\/ykhoathongminh.com\/en\/wp-json\/wp\/v2\/product_tag?post=1815"}],"curies":[{"name":"wp","href":"https:\/\/api.w.org\/{rel}","templated":true}]}}