{"id":1827,"date":"2024-07-22T15:15:27","date_gmt":"2024-07-22T15:15:27","guid":{"rendered":"https:\/\/ykhoathongminh.com\/?post_type=product&#038;p=1827"},"modified":"2024-09-05T10:05:45","modified_gmt":"2024-09-05T10:05:45","slug":"dung-cu-hut-mui-cho-tre-em-pa","status":"publish","type":"product","link":"https:\/\/ykhoathongminh.com\/en\/product\/dung-cu-hut-mui-cho-tre-em-pa\/","title":{"rendered":"D\u1ee5ng c\u1ee5 h\u00fat m\u0169i cho tr\u1ebb em PA"},"content":{"rendered":"<div id=\"detail-content-0\" class=\"description\">\n<div>\n<p>D\u1ee5ng c\u1ee5 h\u00fat m\u0169i cho tr\u1ebb em PA l\u00e0 s\u1ea3n ph\u1ea9m h\u1ed7 tr\u1ee3 m\u1eb9 trong vi\u1ec7c h\u00fat m\u0169i cho b\u00e9 m\u1ed9t c\u00e1ch d\u1ec5 d\u00e0ng v\u00e0 tho\u1ea3i m\u00e1i, ng\u0103n ng\u1eeba c\u00e1c bi\u1ebfn ch\u1ee9ng do t\u1ed3n \u0111\u1ecdng n\u01b0\u1edbc m\u0169i g\u00e2y ra. S\u1ea3n ph\u1ea9m \u0111\u01b0\u1ee3c l\u00e0m t\u1eeb nh\u1eefng nguy\u00ean li\u1ec7u kh\u00f4ng \u0111\u1ed9c h\u1ea1i, r\u1ea5t an to\u00e0n cho s\u1ee9c kh\u1ecfe c\u1ee7a tr\u1ebb, kh\u00f4ng l\u00e0m tr\u1ebb \u0111au hay kh\u00f3 ch\u1ecbu khi s\u1eed d\u1ee5ng.<\/p>\n<div><\/div>\n<p>Tr\u1ebb nh\u1ecf c\u00f3 h\u1ec7 mi\u1ec5n d\u1ecbch ch\u01b0a ph\u00e1t tri\u1ec3n ho\u00e0n thi\u1ec7n nh\u01b0 ng\u01b0\u1eddi l\u1edbn. Do \u0111\u00f3, kh\u1ea3 n\u0103ng \u0111\u1ec1 kh\u00e1ng c\u1ee7a tr\u1ebb ch\u1ed1ng l\u1ea1i c\u00e1c nguy\u00ean nh\u00e2n g\u00e2y b\u1ec7nh c\u00f2n non y\u1ebfu, tr\u1ebb d\u1ec5 b\u1ecb nhi\u1ec5m c\u00e1c b\u1ec7nh v\u1ec1 nhi\u1ec5m khu\u1ea9n. \u0110i\u1ec3n h\u00ecnh nh\u1ea5t l\u00e0 c\u00e1c b\u1ec7nh l\u00fd nhi\u1ec5m khu\u1ea9n h\u00f4 h\u1ea5p, th\u01b0\u1eddng g\u00e2y n\u00ean t\u00ecnh tr\u1ea1ng ng\u1ea1t m\u0169i, s\u1ed5 m\u0169i, ho c\u00f3 \u0111\u1eddm, h\u1eaft h\u01a1i,&#8230;<\/p>\n<p>Tr\u1ebb nh\u1ecf d\u1ec5 g\u1eb7p nh\u1eefng v\u1ea5n \u0111\u1ec1 v\u1ec1 h\u00f4 h\u1ea5p nh\u01b0 ng\u1ea1t m\u0169i, s\u1ed5 m\u0169i, \u0111\u1eddm v\u00e0 d\u1ecbch nh\u1ea7y ch\u1ee9a \u0111\u1ea7y trong khoang mi\u1ec7ng v\u00e0 xoang m\u0169i khi\u1ebfn tr\u1ebb kh\u00f4ng th\u1ec3 h\u00edt th\u1edf m\u1ed9t c\u00e1ch d\u1ec5 d\u00e0ng. \u0110\u1eb7c bi\u1ec7t, v\u1edbi nh\u1eefng tr\u1ebb c\u00f2n qu\u00e1 nh\u1ecf, kh\u00f4ng c\u00f3 kh\u1ea3 n\u0103ng t\u1ef1 kh\u1ea1c \u0111\u1eddm v\u00e0 v\u1ec7 sinh m\u0169i th\u00ec vi\u1ec7c h\u00fat m\u0169i cho c\u00e1c em l\u00e0 r\u1ea5t c\u1ea7n thi\u1ebft. N\u1ebfu kh\u00f4ng h\u00fat m\u0169i cho tr\u1ebb, kh\u00f4ng nh\u1eefng l\u00e0m \u1ea3nh h\u01b0\u1edfng \u0111\u1ebfn qu\u00e1 tr\u00ecnh h\u00f4 h\u1ea5p ngay t\u1ea1i th\u1eddi \u0111i\u1ec3m \u0111\u00f3 m\u00e0 c\u00f2n g\u00e2y n\u00ean nh\u1eefng bi\u1ebfn ch\u1ee9ng v\u1ec1 sau khi n\u01b0\u1edbc m\u0169i b\u1ecb t\u1ed3n \u0111\u1ecdng l\u1ea1i l\u00e2u ng\u00e0y.<\/p>\n<p>D\u1ee5ng c\u1ee5 h\u00fat m\u0169i cho tr\u1ebb em PA gi\u00fap m\u1eb9 h\u00fat m\u0169i cho b\u00e9 m\u1ed9t c\u00e1ch d\u1ec5 d\u00e0ng v\u00e0 nhanh ch\u00f3ng. S\u1ea3n ph\u1ea9m \u0111\u01b0\u1ee3c thi\u1ebft k\u1ebf t\u1eeb nh\u1ef1a PC an to\u00e0n, gi\u00fap d\u1ec5 d\u00e0ng \u0111i\u1ec1u ch\u1ec9nh l\u1ef1c h\u00fat m\u0169i cho b\u00e9 m\u1ed9t c\u00e1ch v\u1eeba ph\u1ea3i, kh\u00f4ng l\u00e0m b\u00e9 \u0111au hay kh\u00f3 ch\u1ecbu khi s\u1eed d\u1ee5ng. B\u00ean c\u1ea1nh \u0111\u00f3, \u1ed1ng h\u00fat v\u00e0 \u0111\u1ea7u h\u00fat s\u1eed d\u1ee5ng ch\u1ea5t li\u1ec7u silicon m\u1ec1m m\u1ea1i, \u0111\u1ea3m b\u1ea3o an to\u00e0n v\u00e0 v\u1ec7 sinh cho b\u00e9.<\/p>\n<h3>L\u00e0m th\u00f4ng tho\u00e1ng \u0111\u01b0\u1eddng th\u1edf cho b\u00e9<\/h3>\n<p>C\u00e1c b\u1ec7nh v\u1ec1 h\u00f4 h\u1ea5p \u1edf tr\u1ebb nh\u1ecf th\u01b0\u1eddng c\u00f3 s\u1ef1 xu\u1ea5t hi\u1ec7n c\u1ee7a \u0111\u1eddm. \u0110\u1eddm l\u00e0 ch\u1ea5t nh\u1ea7y th\u01b0\u1eddng c\u00f3 \u1edf cu\u1ed1ng ph\u1ed5i, ph\u1ebf qu\u1ea3n, xoang m\u0169i, trong khoang mi\u1ec7ng,&#8230; \u0110\u1eddm g\u00e2y n\u00ean s\u1ef1 t\u1eafc ngh\u1ebdn \u0111\u01b0\u1eddng th\u1edf, tr\u1ebb c\u00f3 nhi\u1ec1u \u0111\u1eddm th\u01b0\u1eddng th\u1edf kh\u00f2 kh\u00e8, kh\u00f3 th\u1edf.<\/p>\n<p>N\u1ebfu b\u1ecb \u0111\u1eddm n\u1eb7ng, l\u00e0m c\u1ea3n tr\u1edf s\u1ef1 l\u01b0u th\u00f4ng kh\u00f4ng kh\u00ed v\u00e0o ph\u1ebf nang, c\u00f3 th\u1ec3 d\u1eabn \u0111\u1ebfn c\u00e1c bi\u1ebfn ch\u1ee9ng nguy hi\u1ec3m nh\u01b0 suy h\u00f4 h\u1ea5p, \u1ea3nh h\u01b0\u1edfng \u0111\u1ebfn t\u00ednh m\u1ea1ng. L\u00fac n\u00e0y, vi\u1ec7c h\u00fat m\u0169i cho tr\u1ebb \u0111\u1ec3 l\u1ea5y \u0111i d\u1ecbch \u0111\u1eddm \u0111\u00f3ng vai tr\u00f2 r\u1ea5t quan tr\u1ecdng, gi\u00fap l\u00e0m th\u00f4ng tho\u00e1ng \u0111\u01b0\u1eddng th\u1edf \u0111\u1ec3 tr\u1ebb h\u00f4 h\u1ea5p tr\u1edf l\u1ea1i b\u00ecnh th\u01b0\u1eddng.<\/p>\n<p>D\u1ee5ng c\u1ee5 h\u00fat m\u0169i cho tr\u1ebb em PA l\u00e0 c\u00f4ng c\u1ee5 h\u1ed7 tr\u1ee3 m\u1eb9 h\u00fat m\u0169i cho tr\u1ebb nhanh ch\u00f3ng, h\u1ea1n ch\u1ebf t\u00ecnh tr\u1ea1ng d\u1ecbch \u0111\u1eddm v\u00e0 n\u01b0\u1edbc m\u0169i l\u00e0m t\u1eafc ngh\u1ebdn h\u00f4 h\u1ea5p c\u1ee7a tr\u1ebb.<\/p>\n<h3>S\u1eed d\u1ee5ng d\u1ec5 d\u00e0ng v\u00e0 \u0111\u01a1n gi\u1ea3n<\/h3>\n<p>S\u1ea3n ph\u1ea9m \u0111\u01b0\u1ee3c thi\u1ebft k\u1ebf d\u01b0\u1edbi d\u1ea1ng m\u1ed9t \u1ed1ng b\u1ea7u d\u1ee5c c\u00f3 k\u00edch th\u01b0\u1edbc v\u1eeba ph\u1ea3i \u0111\u1ec3 \u0111\u01b0a v\u00e0o khoang m\u0169i m\u00e0 kh\u00f4ng g\u00e2y \u0111au cho b\u00e9, gi\u00fap m\u1eb9 c\u00f3 th\u1ec3 h\u00fat m\u0169i cho b\u00e9 m\u1ed9t c\u00e1ch d\u1ec5 d\u00e0ng v\u00e0 nhanh ch\u00f3ng, kh\u00f4ng t\u1ed1n nhi\u1ec1u th\u1eddi gian v\u00e0 c\u00f4ng s\u1ee9c c\u1ee7a m\u1eb9.<\/p>\n<p>V\u1edbi s\u1ea3n ph\u1ea9m n\u00e0y, m\u1eb9 c\u00f3 th\u1ec3 h\u00fat nh\u1eefng ch\u1ea5t d\u1ecbch nh\u1ea7y v\u00e0 \u0111\u1eddm t\u1ed3n t\u1ea1i trong m\u0169i c\u1ee7a b\u00e9, tr\u00e1nh t\u00ecnh tr\u1ea1ng nh\u1eefng ch\u1ea5t \u0111\u00f3 l\u00e0m b\u00e9 kh\u00f3 th\u1edf ho\u1eb7c g\u00e2y n\u00ean nh\u1eefng bi\u1ebfn ch\u1ee9ng nguy hi\u1ec3m v\u1ec1 sau.<\/p>\n<h3>Th\u00e0nh ph\u1ea7n\u00a0an to\u00e0n v\u00e0 kh\u00f4ng g\u00e2y \u0111\u1ed9c h\u1ea1i<\/h3>\n<p>Th\u00e0nh ph\u1ea7n\u00a0\u0111\u01b0\u1ee3c s\u1eed d\u1ee5ng trong s\u1ea3n ph\u1ea9m l\u00e0 nh\u1ef1a PC v\u00e0 silicon m\u1ec1m, r\u1ea5t an to\u00e0n v\u00e0 kh\u00f4ng \u0111\u1ed9c h\u1ea1i cho b\u00e9, \u0111\u1ed3ng th\u1eddi kh\u00f4ng g\u00e2y \u0111au v\u00e0 k\u00edch \u1ee9ng cho tr\u1ebb trong qu\u00e1 tr\u00ecnh s\u1eed d\u1ee5ng.<\/p>\n<h3>T\u00e1i s\u1eed d\u1ee5ng nhi\u1ec1u l\u1ea7n<\/h3>\n<p>Sau khi s\u1eed d\u1ee5ng xong, m\u1eb9 ch\u1ec9 c\u1ea7n v\u1ec7 sinh s\u1ea3n ph\u1ea9m th\u1eadt s\u1ea1ch b\u1eb1ng n\u01b0\u1edbc v\u00e0 ph\u01a1i kh\u00f4 l\u00e0 c\u00f3 th\u1ec3 t\u00e1i s\u1eed d\u1ee5ng nhi\u1ec1u l\u1ea7n, v\u1eeba ti\u1ebft ki\u1ec7m \u0111\u01b0\u1ee3c ti\u1ec1n b\u1ea1c l\u1ea1i v\u1eeba g\u00f3p ph\u1ea7n b\u1ea3o v\u1ec7 m\u00f4i tr\u01b0\u1eddng.<\/p>\n<h3>L\u01b0u \u00fd khi h\u00fat m\u0169i cho tr\u1ebb<\/h3>\n<p>Khi h\u00fat m\u0169i cho tr\u1ebb, m\u1eb9 c\u1ea7n l\u01b0u \u00fd m\u1ed9t s\u1ed1 v\u1ea5n \u0111\u1ec1 sau \u0111\u00e2y \u0111\u1ec3 \u0111\u1ea3m b\u1ea3o an to\u00e0n:<\/p>\n<p>Tr\u01b0\u1edbc khi h\u00fat m\u0169i c\u00f3 th\u1ec3 nh\u1ecf th\u00eam n\u01b0\u1edbc mu\u1ed1i sinh l\u00fd \u0111\u1ec3 l\u00e0m lo\u00e3ng n\u01b0\u1edbc m\u0169i, cho b\u00e9 c\u1ea3m gi\u00e1c nh\u1eb9 nh\u00e0ng.<\/p>\n<p>V\u1ec7 sinh tay s\u1ea1ch s\u1ebd b\u1eb1ng x\u00e0 ph\u00f2ng tr\u01b0\u1edbc khi th\u1ef1c hi\u1ec7n h\u00fat m\u0169i cho tr\u1ebb.<\/p>\n<p>Thao t\u00e1c h\u00fat m\u0169i ph\u1ea3i th\u1eadt nh\u1eb9 nh\u00e0ng \u0111\u1ec3 tr\u00e1nh l\u00e0m t\u1ed5n th\u01b0\u01a1ng \u0111\u1ebfn tr\u1ebb.<\/p>\n<p>Kh\u00f4ng n\u00ean th\u1ef1c hi\u1ec7n h\u00fat m\u0169i cho tr\u1ebb qu\u00e1 2 &#8211; 3 l\u1ea7n\/ng\u00e0y. H\u00fat m\u0169i qu\u00e1 nhi\u1ec1u s\u1ebd l\u00e0m m\u1ecfng th\u00e0nh m\u0169i c\u1ee7a tr\u1ebb v\u00e0 t\u1ea1o ra nh\u1eefng t\u1ed5n th\u01b0\u01a1ng tr\u00ean ni\u00eam m\u1ea1c m\u0169i.<\/p>\n<p>D\u1ee5ng c\u1ee5 h\u00fat m\u0169i cho tr\u1ebb em PA l\u00e0 s\u1ea3n ph\u1ea9m c\u1ee7a PA Medical Equipment.<\/p>\n<\/div>\n<\/div>\n<div id=\"detail-content-1\" class=\"usage\">\n<h2 class=\"css-8uyn92\">C\u00f4ng d\u1ee5ng cu\u0309a D\u1ee5ng c\u1ee5 h\u00fat m\u0169i cho tr\u1ebb PA<\/h2>\n<div>\n<p>B\u1ed9 d\u1ee5ng c\u1ee5 h\u00fat m\u0169i cho tr\u1ebb \u0111\u01b0\u1ee3c thi\u1ebft k\u1ebf ph\u00f9 h\u1ee3p, gi\u00fap m\u1eb9 h\u00fat m\u0169i cho b\u00e9 m\u1ed9t c\u00e1ch nh\u1eb9 nh\u00e0ng v\u00e0 tho\u1ea3i m\u00e1i h\u01a1n, tr\u00e1nh c\u00e1c bi\u1ebfn ch\u1ee9ng do t\u1ed3n \u0111\u1ecdng n\u01b0\u1edbc m\u0169i g\u00e2y ra.<\/p>\n<\/div>\n<\/div>","protected":false},"excerpt":{"rendered":"<p><strong>D\u1ee5ng c\u1ee5 h\u00fat m\u0169i cho tr\u1ebb em PA<\/strong> l\u00e0 s\u1ea3n ph\u1ea9m\u00a0gi\u00fap m\u1eb9 h\u00fat m\u0169i cho b\u00e9 m\u1ed9t c\u00e1ch d\u1ec5 d\u00e0ng v\u00e0 tho\u1ea3i m\u00e1i, tr\u00e1nh c\u00e1c bi\u1ebfn ch\u1ee9ng do t\u1ed3n \u0111\u1ecdng n\u01b0\u1edbc m\u0169i g\u00e2y ra. V\u1edbi thi\u1ebft k\u1ebf \u1ed1ng b\u1ea7u d\u1ee5c\u00a0l\u00e0m b\u1eb1ng nh\u1ef1a PC kh\u00f4ng \u0111\u1ed9c h\u1ea1i, gi\u00fap \u0111i\u1ec1u ch\u1ec9nh l\u1ef1c h\u00fat m\u0169i cho b\u00e9 kh\u00f4ng l\u00e0m b\u00e9 \u0111au hay kh\u00f3 ch\u1ecbu khi s\u1eed d\u1ee5ng. Ngo\u00e0i ra,\u00a0\u1ed1ng h\u00fat v\u00e0 \u0111\u1ea7u h\u00fat s\u1eed d\u1ee5ng ch\u1ea5t li\u1ec7u Silicon m\u1ec1m m\u1ea1i\u00a0\u0111\u1ea3m b\u1ea3o an to\u00e0n v\u00e0 v\u1ec7 sinh cho b\u00e9.<\/p>","protected":false},"featured_media":4661,"comment_status":"open","ping_status":"closed","template":"","meta":{"_acf_changed":false,"rank_math_lock_modified_date":false},"product_cat":[178,669],"product_tag":[],"class_list":{"0":"post-1827","1":"product","2":"type-product","3":"status-publish","4":"has-post-thumbnail","6":"product_cat-cham-soc-me-va-be","7":"product_cat-may-hut-mui-me-be","9":"first","10":"instock","11":"shipping-taxable","12":"purchasable","13":"product-type-simple"},"acf":[],"_links":{"self":[{"href":"https:\/\/ykhoathongminh.com\/en\/wp-json\/wp\/v2\/product\/1827"}],"collection":[{"href":"https:\/\/ykhoathongminh.com\/en\/wp-json\/wp\/v2\/product"}],"about":[{"href":"https:\/\/ykhoathongminh.com\/en\/wp-json\/wp\/v2\/types\/product"}],"replies":[{"embeddable":true,"href":"https:\/\/ykhoathongminh.com\/en\/wp-json\/wp\/v2\/comments?post=1827"}],"wp:featuredmedia":[{"embeddable":true,"href":"https:\/\/ykhoathongminh.com\/en\/wp-json\/wp\/v2\/media\/4661"}],"wp:attachment":[{"href":"https:\/\/ykhoathongminh.com\/en\/wp-json\/wp\/v2\/media?parent=1827"}],"wp:term":[{"taxonomy":"product_cat","embeddable":true,"href":"https:\/\/ykhoathongminh.com\/en\/wp-json\/wp\/v2\/product_cat?post=1827"},{"taxonomy":"product_tag","embeddable":true,"href":"https:\/\/ykhoathongminh.com\/en\/wp-json\/wp\/v2\/product_tag?post=1827"}],"curies":[{"name":"wp","href":"https:\/\/api.w.org\/{rel}","templated":true}]}}