{"id":1829,"date":"2024-07-22T15:15:27","date_gmt":"2024-07-22T15:15:27","guid":{"rendered":"https:\/\/ykhoathongminh.com\/?post_type=product&#038;p=1829"},"modified":"2024-10-10T13:57:07","modified_gmt":"2024-10-10T13:57:07","slug":"dung-dich-ngam-rua-dung-cu-anios-clean-excel-can-5-lit","status":"publish","type":"product","link":"https:\/\/ykhoathongminh.com\/en\/product\/dung-dich-ngam-rua-dung-cu-anios-clean-excel-can-5-lit\/","title":{"rendered":"Dung D\u1ecbch Ng\u00e2m R\u1eeda D\u1ee5ng C\u1ee5 Anios Clean Excel Can 5 L\u00edt"},"content":{"rendered":"<p><strong>Ch\u1ec9 \u0111\u1ecbnh<\/strong>:<br \/>\nL\u00e0m s\u1ea1ch v\u00e0 ti\u1ec1n kh\u1eed khu\u1ea9n c\u00e1c d\u1ee5ng c\u1ee5 n\u1ed9i khoa, ngo\u1ea1i khoa, d\u1ee5ng c\u1ee5 kh\u00f4ng ch\u1ecbu nhi\u1ec7t v\u00e0 d\u1ee5ng c\u1ee5 n\u1ed9i soi.<\/p>\n<p><strong>\u0110\u1eb7c tr\u01b0ng k\u1ef9 thu\u1eadt<\/strong>:<\/p>\n<p>&#8211; Ch\u1ea5t t\u1ea9y r\u1eeda v\u00e0 kh\u1eed khu\u1ea9n v\u1edbi m\u1ee5c \u0111\u00edch l\u00e0m gi\u1ea3m nguy c\u01a1 h\u00ecnh th\u00e0nh m\u00e0ng sinh h\u1ecdc (biofilm) tr\u00ean d\u1ee5ng c\u1ee5 y t\u1ebf.<\/p>\n<p>&#8211; Ph\u1ed5 di\u1ec7t khu\u1ea9n r\u1ed9ng h\u1ea1n ch\u1ebf nguy c\u01a1 nhi\u1ec5m khu\u1ea9n ch\u00e9o v\u00e0 \u0111\u1ea3m b\u1ea3o an to\u00e0n cho ng\u01b0\u1eddi s\u1eed d\u1ee5ng.<\/p>\n<p>&#8211; Hi\u1ec7u qu\u1ea3 di\u1ec7t khu\u1ea9n \u0111\u00e3 \u0111\u01b0\u1ee3c ch\u1ee9ng minh bao g\u1ed3m MRB v\u00e0 HRB.<\/p>\n<p>&#8211; C\u00f4ng th\u1ee9c hi\u1ec7u qu\u1ea3 v\u1edbi n\u01b0\u1edbc s\u1ea1ch v\u00e0 n\u01b0\u1edbc c\u1ee9ng.<\/p>\n<p>&#8211; C\u00f4ng th\u1ee9c kh\u00f4ng \u0103n m\u00f2n, t\u01b0\u01a1ng th\u00edch v\u1edbi nhi\u1ec1u ch\u1ea5t li\u1ec7u d\u1ee5ng c\u1ee5.<\/p>\n<p>&#8211; S\u1ea3n ph\u1ea9m \u0111\u01b0\u1ee3c c\u1ea3i ti\u1ebfn an to\u00e0n cho m\u00f4i tr\u01b0\u1eddng, kh\u00ed g\u00e2y hi\u1ec7u \u1ee9ng nh\u00e0 k\u00ednh \u0111\u01b0\u1ee3c gi\u1ea3m 47% so v\u1edbi s\u1ea3n ph\u1ea9m t\u01b0\u01a1ng t\u1ef1.<\/p>\n<p>&#8211; D\u1ec5 x\u1ea3 s\u1ea1ch.<\/p>\n<p>&#8211; C\u00f3 th\u1ec3 s\u1eed d\u1ee5ng v\u1edbi b\u1ed3n r\u1eeda si\u00eau \u00e2m.<\/p>\n<p>&#8211; Dung d\u1ecbch trong su\u1ed1t m\u00e0u xanh.<\/p>\n<p>&#8211; pH ch\u01b0a pha lo\u00e3ng: 7<\/p>\n<p>&#8211; pH \u1edf 5% trong n\u01b0\u1edbc c\u1ee9ng: 7.4<\/p>\n<p>&#8211; pH \u1edf 5% trong n\u01b0\u1edbc m\u1ec1m: 8.3<\/p>\n<p>&#8211; H\u01b0\u01a1ng chanh<\/p>\n<p><strong>Th\u00e0nh ph\u1ea7n<\/strong>:<\/p>\n<p>Didecyldimethylammonium chloride, chlorhexidine digluconate, ch\u1ea5t ho\u1ea1t \u0111\u1ed9ng b\u1ec1 m\u1eb7t kh\u00f4ng ion, ch\u1ea5t t\u1ea1o m\u00e0u, m\u00f9i, c\u00e1c th\u00e0nh ph\u1ea7n kh\u00e1c.<\/p>\n<p><strong>\u0110\u1eb7c \u0111i\u1ec3m vi sinh<\/strong>:<br \/>\n&#8211; Di\u1ec7t khu\u1ea9n: EN 1040, EN 13727, EN 14561, EN 13727 (di\u1ec7t \u0111\u01b0\u1ee3c MdRB)<\/p>\n<p>&#8211; Mycobacteria: EN 14348, EN 14563 (M. terrae)<\/p>\n<p>&#8211; Di\u1ec7t n\u1ea5m: EN 1275, EN 13624, EN 14562<\/p>\n<p>&#8211; Di\u1ec7t virus: PRV (surrogate c\u1ee7a HBV), BVDV (surrogate c\u1ee7a HCV), HSV, Vaccinia virus, HIV-1.<\/p>","protected":false},"excerpt":{"rendered":"<div>&#8211; Ch\u1ea5t t\u1ea9y r\u1eeda v\u00e0 kh\u1eed khu\u1ea9n v\u1edbi m\u1ee5c \u0111\u00edch l\u00e0m gi\u1ea3m nguy c\u01a1 h\u00ecnh th\u00e0nh m\u00e0ng sinh h\u1ecdc (biofilm) tr\u00ean d\u1ee5ng c\u1ee5 y t\u1ebf.<\/div>\n<div>&#8211; Ph\u1ed5 di\u1ec7t khu\u1ea9n r\u1ed9ng h\u1ea1n ch\u1ebf nguy c\u01a1 nhi\u1ec5m khu\u1ea9n ch\u00e9o v\u00e0 \u0111\u1ea3m b\u1ea3o an to\u00e0n cho ng\u01b0\u1eddi s\u1eed d\u1ee5ng.<\/div>\n<div>&#8211; Hi\u1ec7u qu\u1ea3 di\u1ec7t khu\u1ea9n \u0111\u00e3 \u0111\u01b0\u1ee3c ch\u1ee9ng minh bao g\u1ed3m MRB v\u00e0 HRB.<\/div>\n<div>&#8211; C\u00f4ng th\u1ee9c hi\u1ec7u qu\u1ea3 v\u1edbi n\u01b0\u1edbc s\u1ea1ch v\u00e0 n\u01b0\u1edbc c\u1ee9ng.<\/div>\n<div>&#8211; C\u00f4ng th\u1ee9c kh\u00f4ng \u0103n m\u00f2n, t\u01b0\u01a1ng th\u00edch v\u1edbi nhi\u1ec1u ch\u1ea5t li\u1ec7u d\u1ee5ng c\u1ee5.<\/div>\n<div>&#8211; S\u1ea3n ph\u1ea9m \u0111\u01b0\u1ee3c c\u1ea3i ti\u1ebfn an to\u00e0n cho m\u00f4i tr\u01b0\u1eddng, kh\u00ed g\u00e2y hi\u1ec7u \u1ee9ng nh\u00e0 k\u00ednh \u0111\u01b0\u1ee3c gi\u1ea3m 47% so v\u1edbi s\u1ea3n ph\u1ea9m t\u01b0\u01a1ng t\u1ef1.<\/div>","protected":false},"featured_media":8092,"comment_status":"open","ping_status":"closed","template":"","meta":{"_acf_changed":false,"rank_math_lock_modified_date":false},"product_cat":[1161,1159,149],"product_tag":[],"class_list":{"0":"post-1829","1":"product","2":"type-product","3":"status-publish","4":"has-post-thumbnail","6":"product_cat-dung-cu-thu-mau-va-xu-ly-mau","7":"product_cat-dung-cu-xet-nghiem","8":"product_cat-vat-tu-y-te","10":"first","11":"instock","12":"shipping-taxable","13":"purchasable","14":"product-type-simple"},"acf":[],"_links":{"self":[{"href":"https:\/\/ykhoathongminh.com\/en\/wp-json\/wp\/v2\/product\/1829"}],"collection":[{"href":"https:\/\/ykhoathongminh.com\/en\/wp-json\/wp\/v2\/product"}],"about":[{"href":"https:\/\/ykhoathongminh.com\/en\/wp-json\/wp\/v2\/types\/product"}],"replies":[{"embeddable":true,"href":"https:\/\/ykhoathongminh.com\/en\/wp-json\/wp\/v2\/comments?post=1829"}],"wp:featuredmedia":[{"embeddable":true,"href":"https:\/\/ykhoathongminh.com\/en\/wp-json\/wp\/v2\/media\/8092"}],"wp:attachment":[{"href":"https:\/\/ykhoathongminh.com\/en\/wp-json\/wp\/v2\/media?parent=1829"}],"wp:term":[{"taxonomy":"product_cat","embeddable":true,"href":"https:\/\/ykhoathongminh.com\/en\/wp-json\/wp\/v2\/product_cat?post=1829"},{"taxonomy":"product_tag","embeddable":true,"href":"https:\/\/ykhoathongminh.com\/en\/wp-json\/wp\/v2\/product_tag?post=1829"}],"curies":[{"name":"wp","href":"https:\/\/api.w.org\/{rel}","templated":true}]}}