{"id":1834,"date":"2024-07-22T15:15:28","date_gmt":"2024-07-22T15:15:28","guid":{"rendered":"https:\/\/ykhoathongminh.com\/?post_type=product&#038;p=1834"},"modified":"2024-10-15T04:06:58","modified_gmt":"2024-10-15T04:06:58","slug":"khoa-ba-chia-co-day-25cm-greetmed","status":"publish","type":"product","link":"https:\/\/ykhoathongminh.com\/en\/product\/khoa-ba-chia-co-day-25cm-greetmed\/","title":{"rendered":"Kho\u00e1 Ba Chia C\u00f3 D\u00e2y 25cm Greetmed"},"content":{"rendered":"<p>&#8216;- V\u00f4 tr\u00f9ng, kh\u00f4ng \u0111\u1ed9c h\u1ea1i, kh\u00f4ng pyrogenic. Xoay 360\u00b0. Ti\u1ec7t tr\u00f9ng b\u1eb1ng kh\u00ed E.O<\/p>\n<p>&#8211; D\u00e2y n\u1ed1i nh\u1ef1a PVC m\u1ec1m \u0111\u1ee5c, ch\u1ed1ng xo\u1eafn.<\/p>\n<p><b>Ch\u1ec9 \u0111\u1ecbnh:<\/b><\/p>\n<p>Gi\u1ea3i ph\u00e1p k\u1ebft h\u1ee3p truy\u1ec1n d\u1ecbch, thu\u1ed1c v\u00e0o \u0111\u01b0\u1eddng t\u0129nh m\u1ea1ch c\u00f3 ki\u1ec3m so\u00e1t, kh\u00f4ng li\u00ean t\u1ee5c<\/p>\n<p><b>Ch\u1ed1ng ch\u1ec9 \u0111\u1ecbnh:<\/b> Kh\u00f4ng s\u1eed d\u1ee5ng cho b\u1ec7nh nh\u00e2n m\u1eabn c\u1ea3m v\u1edbi b\u1ea5t c\u1ee9 ch\u1ea5t li\u1ec7u n\u00e0o c\u1ee7a s\u1ea3n ph\u1ea9m, ch\u1ea5t l\u1ecfng c\u00f3 \u0111\u1ed9 nh\u1edbt cao, truy\u1ec1n m\u00e1u<\/p>\n<p><b>Ch\u1ea5t li\u1ec7u: <\/b>PVC, Polycarbonate, Polypropylene,<\/p>","protected":false},"excerpt":{"rendered":"<p>&#8211; V\u00f4 tr\u00f9ng, kh\u00f4ng \u0111\u1ed9c h\u1ea1i, kh\u00f4ng pyrogenic. Xoay 360\u00b0. Ti\u1ec7t tr\u00f9ng b\u1eb1ng kh\u00ed E.O<\/p>\n<p>&#8211; D\u00e2y n\u1ed1i nh\u1ef1a PVC d\u00e0i 25cm m\u1ec1m \u0111\u1ee5c, ch\u1ed1ng xo\u1eafn.<\/p>","protected":false},"featured_media":8417,"comment_status":"open","ping_status":"closed","template":"","meta":{"_acf_changed":false,"rank_math_lock_modified_date":false},"product_cat":[896,1237,158,1344,149],"product_tag":[],"class_list":{"0":"post-1834","1":"product","2":"type-product","3":"status-publish","4":"has-post-thumbnail","6":"product_cat-day-y-te","7":"product_cat-day-y-te-khac","8":"product_cat-vat-tu-tieu-hao","9":"product_cat-vat-tu-tieu-hao-khac","10":"product_cat-vat-tu-y-te","12":"first","13":"instock","14":"shipping-taxable","15":"purchasable","16":"product-type-simple"},"acf":[],"_links":{"self":[{"href":"https:\/\/ykhoathongminh.com\/en\/wp-json\/wp\/v2\/product\/1834"}],"collection":[{"href":"https:\/\/ykhoathongminh.com\/en\/wp-json\/wp\/v2\/product"}],"about":[{"href":"https:\/\/ykhoathongminh.com\/en\/wp-json\/wp\/v2\/types\/product"}],"replies":[{"embeddable":true,"href":"https:\/\/ykhoathongminh.com\/en\/wp-json\/wp\/v2\/comments?post=1834"}],"wp:featuredmedia":[{"embeddable":true,"href":"https:\/\/ykhoathongminh.com\/en\/wp-json\/wp\/v2\/media\/8417"}],"wp:attachment":[{"href":"https:\/\/ykhoathongminh.com\/en\/wp-json\/wp\/v2\/media?parent=1834"}],"wp:term":[{"taxonomy":"product_cat","embeddable":true,"href":"https:\/\/ykhoathongminh.com\/en\/wp-json\/wp\/v2\/product_cat?post=1834"},{"taxonomy":"product_tag","embeddable":true,"href":"https:\/\/ykhoathongminh.com\/en\/wp-json\/wp\/v2\/product_tag?post=1834"}],"curies":[{"name":"wp","href":"https:\/\/api.w.org\/{rel}","templated":true}]}}