{"id":1839,"date":"2024-07-22T15:15:50","date_gmt":"2024-07-22T15:15:50","guid":{"rendered":"https:\/\/ykhoathongminh.com\/?post_type=product&#038;p=1839"},"modified":"2024-10-10T14:10:29","modified_gmt":"2024-10-10T14:10:29","slug":"kinh-lup-cam-tay-co-den","status":"publish","type":"product","link":"https:\/\/ykhoathongminh.com\/en\/product\/kinh-lup-cam-tay-co-den\/","title":{"rendered":"K\u00ednh L\u00fap C\u1ea7m Tay C\u00f3 \u0110\u00e8n"},"content":{"rendered":"<p>K\u00ednh l\u00fap c\u1ea7m tay c\u00f3 \u0111\u00e8n v\u1edbi 2 th\u1ea5u k\u00ednh ri\u00eang bi\u1ec7t, 1 th\u1ea5u k\u00ednh to c\u00f3 \u0111\u1ed9 ph\u00f3ng \u0111\u1ea1i 3 l\u1ea7n, 1 th\u1ea5u k\u00ednh nh\u1ecf c\u00f3 \u0111\u1ed9 ph\u00f3ng \u0111\u1ea1i 45 l\u1ea7n. S\u1ea3n ph\u1ea9m \u0111\u01b0\u1ee3c thi\u1ebft k\u1ebf nh\u1ecf g\u1ecdn \u0111\u1eb7c bi\u1ec7t r\u1ea5t th\u00edch h\u1ee3p d\u00e0nh cho vi\u1ec7c \u0111\u1ecdc tin t\u1ee9c, s\u00e1ch b\u00e1o, \u0111\u1ecdc h\u1ee3p \u0111\u1ed3ng, xem \u0111i\u1ec7n tho\u1ea1i\u2026 ho\u1eb7c b\u1ea5t k\u00ec ch\u1eef in nh\u1ecf n\u00e0o.<\/p>\n<p>\u0110\u1ed1i v\u1edbi ng\u01b0\u1eddi gi\u00e0, k\u00ednh l\u00fap c\u1ea7m tay nh\u01b0 m\u1ed9t ng\u01b0\u1eddi b\u1ea1n \u0111\u1ed3ng h\u00e0nh quan tr\u1ecdng b\u1edfi s\u1ea3n ph\u1ea9m gi\u1ea3i quy\u1ebft v\u1ea5n \u0111\u1ec1 th\u1ecb l\u1ef1c cho ng\u01b0\u1eddi gi\u00e0, gi\u00fap ng\u01b0\u1eddi gi\u00e0 \u0111\u1ecdc b\u00e1o, xem \u0111i\u1ec7n tho\u1ea1i d\u1ec5 d\u00e0ng h\u01a1n.<\/p>\n<p>N\u00fat on\/off ngay ch\u00ednh gi\u1eefa th\u00e2n k\u00ednh l\u00fap r\u1ea5t v\u1eeba v\u1edbi t\u1ea7m c\u1ee7a ng\u00f3n tay c\u00e1i khi c\u1ea7m k\u00ednh l\u00fap. N\u00ean vi\u1ec7c b\u1eadt hay t\u1eaft \u0111\u00e8n led chi\u1ebfu s\u00e1ng ch\u01b0a bao gi\u1edd \u0111\u01a1n gi\u1ea3n \u0111\u1ebfn nh\u01b0 v\u1eady.<\/p>\n<p>V\u1edbi s\u1ef1 h\u1ed7 tr\u1ee3 c\u1ee7a \u0111\u00e8n led \u00e1nh s\u00e1ng tr\u1eafng g\u1ea7n nh\u01b0 \u00e1nh s\u00e1ng ban ng\u00e0y. N\u00ean ngay c\u1ea3 trong \u0111i\u1ec1u ki\u1ec7n thi\u1ebfu s\u00e1ng c\u0169ng ch\u1eb3ng g\u00e2y kh\u00f3 kh\u0103n cho vi\u1ec7c quan s\u00e1t c\u00e1c chi ti\u1ebft nh\u1ecf.<\/p>","protected":false},"excerpt":{"rendered":"<p>K\u00ednh l\u00fap c\u1ea7m tay c\u00f3 \u0111\u00e8n v\u1edbi 2 th\u1ea5u k\u00ednh ri\u00eang bi\u1ec7t, 1 th\u1ea5u k\u00ednh to c\u00f3 \u0111\u1ed9 ph\u00f3ng \u0111\u1ea1i 3 l\u1ea7n, 1 th\u1ea5u k\u00ednh nh\u1ecf c\u00f3 \u0111\u1ed9 ph\u00f3ng \u0111\u1ea1i 45 l\u1ea7n. S\u1ea3n ph\u1ea9m \u0111\u01b0\u1ee3c thi\u1ebft k\u1ebf nh\u1ecf g\u1ecdn \u0111\u1eb7c bi\u1ec7t r\u1ea5t th\u00edch h\u1ee3p d\u00e0nh cho vi\u1ec7c \u0111\u1ecdc tin t\u1ee9c, s\u00e1ch b\u00e1o, \u0111\u1ecdc h\u1ee3p \u0111\u1ed3ng, xem \u0111i\u1ec7n tho\u1ea1i\u2026 ho\u1eb7c b\u1ea5t k\u00ec ch\u1eef in nh\u1ecf n\u00e0o.<\/p>","protected":false},"featured_media":8108,"comment_status":"open","ping_status":"closed","template":"","meta":{"_acf_changed":false,"rank_math_lock_modified_date":false},"product_cat":[1159,1160,149],"product_tag":[],"class_list":{"0":"post-1839","1":"product","2":"type-product","3":"status-publish","4":"has-post-thumbnail","6":"product_cat-dung-cu-xet-nghiem","7":"product_cat-thiet-bi-xet-nghiem","8":"product_cat-vat-tu-y-te","10":"first","11":"instock","12":"shipping-taxable","13":"purchasable","14":"product-type-simple"},"acf":[],"_links":{"self":[{"href":"https:\/\/ykhoathongminh.com\/en\/wp-json\/wp\/v2\/product\/1839"}],"collection":[{"href":"https:\/\/ykhoathongminh.com\/en\/wp-json\/wp\/v2\/product"}],"about":[{"href":"https:\/\/ykhoathongminh.com\/en\/wp-json\/wp\/v2\/types\/product"}],"replies":[{"embeddable":true,"href":"https:\/\/ykhoathongminh.com\/en\/wp-json\/wp\/v2\/comments?post=1839"}],"wp:featuredmedia":[{"embeddable":true,"href":"https:\/\/ykhoathongminh.com\/en\/wp-json\/wp\/v2\/media\/8108"}],"wp:attachment":[{"href":"https:\/\/ykhoathongminh.com\/en\/wp-json\/wp\/v2\/media?parent=1839"}],"wp:term":[{"taxonomy":"product_cat","embeddable":true,"href":"https:\/\/ykhoathongminh.com\/en\/wp-json\/wp\/v2\/product_cat?post=1839"},{"taxonomy":"product_tag","embeddable":true,"href":"https:\/\/ykhoathongminh.com\/en\/wp-json\/wp\/v2\/product_tag?post=1839"}],"curies":[{"name":"wp","href":"https:\/\/api.w.org\/{rel}","templated":true}]}}