{"id":1863,"date":"2024-07-22T15:16:13","date_gmt":"2024-07-22T15:16:13","guid":{"rendered":"https:\/\/ykhoathongminh.com\/?post_type=product&#038;p=1863"},"modified":"2024-10-05T11:37:13","modified_gmt":"2024-10-05T11:37:13","slug":"xe-lan-tay-cho-nguoi-benh-vai-cao-co-thang-tay-lucass-x91","status":"publish","type":"product","link":"https:\/\/ykhoathongminh.com\/en\/product\/xe-lan-tay-cho-nguoi-benh-vai-cao-co-thang-tay-lucass-x91\/","title":{"rendered":"Xe l\u0103n tay cho ng\u01b0\u1eddi b\u1ec7nh v\u1ea3i c\u1ea3o c\u00f3 th\u1eafng tay Lucass X91"},"content":{"rendered":"<p><strong>Xe l\u0103n tay cho ng\u01b0\u1eddi b\u1ec7nh v\u1ea3i c\u1ea3o c\u00f3 th\u1eafng tay Lucass X91 <\/strong>l\u00e0 d\u00f2ng xe l\u0103n\u00a0cho ng\u01b0\u1eddi gi\u00e0 ng\u01b0\u1eddi b\u1ec7nh r\u1ea5t\u00a0th\u00f4ng d\u1ee5ng, l\u00fd do d\u00f2ng xe l\u0103n <strong>X-91 Caro\u00a0<\/strong>\u0111\u01b0\u1ee3c tin d\u00f9ng nhi\u1ec1u l\u00e0 do nh\u1eefng ti\u1ec7n d\u1ee5ng khi s\u1eed d\u1ee5ng m\u00e0 xe mang l\u1ea1i. ph\u1ea7n gh\u1ebf ng\u1ed3i \u0111\u01b0\u1ee3c l\u00e0m t\u1eed v\u1ea3i Caro s\u1ea1ch s\u1ebd tho\u00e1ng m\u00e1t ng\u1ed3i l\u00e2u kh\u00f4ng b\u1ecb n\u00f3ng l\u01b0ng, ph\u00f9 h\u1ee3p di chuy\u1ec3n ng\u01b0\u1eddi gi\u00e0 ng\u01b0\u1eddi b\u1ec7nh \u0111\u1eb7c bi\u1ec7t khi tr\u1eddi n\u0103ng n\u00f3ng kh\u00f4ng b\u1ecb t\u00edch m\u1ed3 h\u00f4i trong nhi\u1ec7t \u0111\u1ed9 n\u1eafng n\u00f3ng. Khung xe \u0111\u01b0\u1ee3c thi\u1ebft k\u1ebf t\u1eeb th\u00e9o m\u1ea1 Crom cho t\u00e1i tr\u1ecdng l\u1edbn. \u0110\u1eb7c Bi\u1ec7t xe c\u00f3 th\u1eafng tay ph\u00eda sau gi\u00fap an to\u00e0n v\u00e0 ti\u1ec7n l\u1ee3i h\u01a1n khi di chuy\u1ec3n.<\/p>\n<p><img loading=\"lazy\" decoding=\"async\" class=\"size-medium wp-image-8551\" src=\"https:\/\/ykhoathongminh.com\/wp-content\/uploads\/2023\/07\/Xe-lan-thuong-vai-caro-x91-tai-dong-nai-540x540.jpg\" alt=\"\" width=\"540\" height=\"540\" \/><\/p>\n<p><strong>Xe l\u0103n tay cho ng\u01b0\u1eddi b\u1ec7nh v\u1ea3i c\u1ea3o c\u00f3 th\u1eafng tay Lucass X91 C\u00f3 kh\u1ea3 n\u0103ng g\u1ea5p g\u1ecdn <\/strong>Xe v\u1ed1n c\u00f3 tr\u1ecdng l\u01b0\u1ee3ng nh\u1eb9 nh\u01b0ng c\u0169ng \u0111\u01b0\u1ee3c thi\u1ebft k\u1ebf g\u1ea5p g\u1ecdn gi\u00fap ti\u1ebft ki\u1ec7m di\u1ec7n t\u00edch r\u1ea5t nhi\u1ec1u. Nh\u1edd v\u1eady, khi ng\u01b0\u1eddi nh\u00e0 v\u00e0 b\u1ec7nh nh\u00e2n \u0111i kh\u00e1m b\u1ec7nh kh\u00f4ng r\u01b0\u1eddm r\u00e0, t\u1ea1o s\u1ef1 tho\u1ea3i m\u00e1i h\u01a1n cho gia \u0111\u00ecnh.\u00a0\u0110\u1ed3ng th\u1eddi gi\u00fap ng\u01b0\u1eddi b\u1ec7nh ra ngo\u00e0i du l\u1ecbch, d\u00e3 ngo\u1ea1i c\u00f9ng v\u1edbi gia \u0111\u00ecnh c\u00f3 th\u00eam ni\u1ec1m vui trong cu\u1ed9c s\u1ed1ng.<\/p>\n<p>&nbsp;<\/p>\n<p><strong>\u01afu \u0111i\u1ec3m c\u1ee7a Xe L\u0103n Lucass X91:\u00a0<\/strong><br \/>\n&#8211; Thi\u1ebft k\u1ebf ch\u1eafc ch\u1eafc nh\u01b0ng g\u1ecdn nh\u1eb9 d\u1ec5 d\u00e0ng g\u1ea5p x\u1ebfp.<br \/>\n&#8211; Khung xe l\u00e0m t\u1eeb th\u00e9p m\u1ea1 Crom ch\u1eafc ch\u1eafn b\u1ec1n b\u1ec9, ch\u1ecbu t\u1ea3i tr\u1ecdng l\u1edbn.<br \/>\n&#8211; Ph\u1ea7n b\u1ec1 m\u1eb7t ng\u1ed3i x\u1ee7a\u00a0<strong>xe l\u0103n X91<\/strong>\u00a0\u0111\u01b0\u1ee3c thi\u1ebft k\u1ebf b\u1eb1ng v\u1ea3i Caro s\u1ea1ch s\u1ebd, d\u1ec5 d\u00e0ng lau ch\u00f9i v\u1ec7 sinh.<br \/>\n&#8211; C\u00f3 g\u00e1c ch\u00e2n tr\u00e1nh b\u1ecb m\u1ecfi ch\u00e2n khi \u0111\u1ea7y ng\u01b0\u1eddi gi\u00e0 ng\u01b0\u1eddi b\u1ec7nh di chuy\u1ec3n.<br \/>\n&#8211; Thi\u1ebft k\u1ebf g\u1ea5p g\u1ecdn, c\u00f3 th\u1ec3 c\u1ea5t gi\u1eef d\u1ec5 d\u00e0ng v\u00e0 c\u00f3 th\u1ec3 ch\u1edf b\u1eb1ng xe m\u00e1y ho\u1eb7c b\u1ecf c\u1ed1p xe h\u01a1i d\u1ec5 d\u00e0ng.<\/p>","protected":false},"excerpt":{"rendered":"<p><strong>XE L\u0102N TAY LUCASS X-91 Caro\u00a0<\/strong>l\u00e0 d\u00f2ng xe l\u0103n\u00a0cho ng\u01b0\u1eddi gi\u00e0 ng\u01b0\u1eddi b\u1ec7nh r\u1ea5t\u00a0th\u00f4ng d\u1ee5ng, l\u00fd do d\u00f2ng xe l\u0103n <strong>X-91 Caro\u00a0<\/strong>\u0111\u01b0\u1ee3c tin d\u00f9ng nhi\u1ec1u l\u00e0 do nh\u1eefng ti\u1ec7n d\u1ee5ng khi s\u1eed d\u1ee5ng m\u00e0 xe mang l\u1ea1i. ph\u1ea7n gh\u1ebf ng\u1ed3i \u0111\u01b0\u1ee3c l\u00e0m t\u1eed v\u1ea3i Caro s\u1ea1ch s\u1ebd tho\u00e1ng m\u00e1t ng\u1ed3i l\u00e2u kh\u00f4ng b\u1ecb n\u00f3ng l\u01b0ng, ph\u00f9 h\u1ee3p di chuy\u1ec3n ng\u01b0\u1eddi gi\u00e0 ng\u01b0\u1eddi b\u1ec7nh \u0111\u1eb7c bi\u1ec7t khi tr\u1eddi n\u0103ng n\u00f3ng kh\u00f4ng b\u1ecb t\u00edch m\u1ed3 h\u00f4i trong nhi\u1ec7t \u0111\u1ed9 n\u1eafng n\u00f3ng. Khung xe \u0111\u01b0\u1ee3c thi\u1ebft k\u1ebf t\u1eeb th\u00e9o m\u1ea1 Crom cho t\u00e1i tr\u1ecdng l\u1edbn. \u0110\u1eb7c Bi\u1ec7t xe c\u00f3 th\u1eafng tay ph\u00eda sau gi\u00fap an to\u00e0n v\u00e0 ti\u1ec7n l\u1ee3i h\u01a1n khi di chuy\u1ec3n.<\/p>","protected":false},"featured_media":7436,"comment_status":"open","ping_status":"closed","template":"","meta":{"_acf_changed":false,"rank_math_lock_modified_date":false},"product_cat":[109,110,114],"product_tag":[],"class_list":{"0":"post-1863","1":"product","2":"type-product","3":"status-publish","4":"has-post-thumbnail","6":"product_cat-san-pham-ho-tro-di-lai","7":"product_cat-xe-lan","8":"product_cat-xe-lan-tay","10":"first","11":"instock","12":"shipping-taxable","13":"purchasable","14":"product-type-simple"},"acf":[],"_links":{"self":[{"href":"https:\/\/ykhoathongminh.com\/en\/wp-json\/wp\/v2\/product\/1863"}],"collection":[{"href":"https:\/\/ykhoathongminh.com\/en\/wp-json\/wp\/v2\/product"}],"about":[{"href":"https:\/\/ykhoathongminh.com\/en\/wp-json\/wp\/v2\/types\/product"}],"replies":[{"embeddable":true,"href":"https:\/\/ykhoathongminh.com\/en\/wp-json\/wp\/v2\/comments?post=1863"}],"wp:featuredmedia":[{"embeddable":true,"href":"https:\/\/ykhoathongminh.com\/en\/wp-json\/wp\/v2\/media\/7436"}],"wp:attachment":[{"href":"https:\/\/ykhoathongminh.com\/en\/wp-json\/wp\/v2\/media?parent=1863"}],"wp:term":[{"taxonomy":"product_cat","embeddable":true,"href":"https:\/\/ykhoathongminh.com\/en\/wp-json\/wp\/v2\/product_cat?post=1863"},{"taxonomy":"product_tag","embeddable":true,"href":"https:\/\/ykhoathongminh.com\/en\/wp-json\/wp\/v2\/product_tag?post=1863"}],"curies":[{"name":"wp","href":"https:\/\/api.w.org\/{rel}","templated":true}]}}