{"id":1871,"date":"2024-07-22T15:16:15","date_gmt":"2024-07-22T15:16:15","guid":{"rendered":"https:\/\/ykhoathongminh.com\/?post_type=product&#038;p=1871"},"modified":"2024-10-16T02:38:29","modified_gmt":"2024-10-16T02:38:29","slug":"gac-y-te-5cm-x-6-5cm-x-12-lop-bao-thach-goi-10-mieng","status":"publish","type":"product","link":"https:\/\/ykhoathongminh.com\/en\/product\/gac-y-te-5cm-x-6-5cm-x-12-lop-bao-thach-goi-10-mieng\/","title":{"rendered":"G\u1ea1c Y T\u1ebf 5cm x 6.5cm x 12cm L\u1edbp B\u1ea3o Th\u1ea1ch G\u00f3i 10 Mi\u1ebfng"},"content":{"rendered":"<div class=\"anchor\">\n<h3 class=\"mtit\">TH\u00c0NH PH\u1ea6N<\/h3>\n<div class=\"describe-drug\">\n<p>\u0110\u01b0\u1ee3c l\u00e0m t\u1eeb 100% s\u1ee3i cotton.<\/p>\n<p>S\u1ea3n xu\u1ea5t theo ti\u00eau chu\u1ea9n D\u01b0\u1ee3c \u0110i\u1ec3n Vi\u1ec7t Nam.<\/p>\n<p>C\u00f3 ho\u1eb7c kh\u00f4ng c\u00f3 s\u1ee3i c\u1ea3n quang (t\u00f9y theo nhu c\u1ea7u kh\u00e1ch h\u00e0ng).<\/p>\n<\/div>\n<\/div>\n<div class=\"anchor\">\n<h3 class=\"mtit\">C\u00d4NG D\u1ee4NG<\/h3>\n<div class=\"describe-drug\">\n<p>G\u1ea1c y t\u1ebf \u0111\u01b0\u1ee3c s\u1eed d\u1ee5ng r\u1ed9ng r\u00e3i t\u1ea1i b\u1ec7nh vi\u1ec7n, trung t\u00e2m y t\u1ebf, ph\u00f2ng kh\u00e1m, ph\u00f2ng nha khoa. D\u00f9ng \u0111\u1ec3 l\u00e0m s\u1ea1ch c\u00e1c v\u1ebft th\u01b0\u01a1ng nh\u1ecf, th\u1ea5m m\u00e1u v\u00e0 d\u1ecbch ti\u1ebft. D\u00f9ng \u0111\u1ec3 b\u0103ng b\u00f3 v\u1ebft th\u01b0\u01a1ng sau khi s\u00e1t tr\u00f9ng.<\/p>\n<\/div>\n<\/div>\n<div class=\"anchor\">\n<h3 class=\"mtit\">B\u1ea2O QU\u1ea2N<\/h3>\n<div class=\"describe-drug\">\n<p>N\u01a1i kh\u00f4 r\u00e1o, tho\u00e1ng m\u00e1t.<\/p>\n<\/div>\n<\/div>","protected":false},"excerpt":{"rendered":"<p><strong>G\u1ea1c y t\u1ebf ti\u1ec7t tr\u00f9ng<\/strong> \u0111\u01b0\u1ee3c l\u00e0m t\u1eeb 100% s\u1ee3i cotton t\u1ef1 nhi\u00ean, kh\u1ea3 n\u0103ng th\u1ea5m h\u00fat cao v\u00e0 nhanh, m\u1ecbn m\u00e0ng, m\u1ec1m m\u1ea1i, kh\u00f4ng g\u00e2y k\u00edch \u1ee9ng da.<\/p>","protected":false},"featured_media":8478,"comment_status":"open","ping_status":"closed","template":"","meta":{"_acf_changed":false,"rank_math_lock_modified_date":false},"product_cat":[560,158,149],"product_tag":[],"class_list":{"0":"post-1871","1":"product","2":"type-product","3":"status-publish","4":"has-post-thumbnail","6":"product_cat-bang-gac-y-te","7":"product_cat-vat-tu-tieu-hao","8":"product_cat-vat-tu-y-te","10":"first","11":"instock","12":"shipping-taxable","13":"purchasable","14":"product-type-simple"},"acf":[],"_links":{"self":[{"href":"https:\/\/ykhoathongminh.com\/en\/wp-json\/wp\/v2\/product\/1871"}],"collection":[{"href":"https:\/\/ykhoathongminh.com\/en\/wp-json\/wp\/v2\/product"}],"about":[{"href":"https:\/\/ykhoathongminh.com\/en\/wp-json\/wp\/v2\/types\/product"}],"replies":[{"embeddable":true,"href":"https:\/\/ykhoathongminh.com\/en\/wp-json\/wp\/v2\/comments?post=1871"}],"wp:featuredmedia":[{"embeddable":true,"href":"https:\/\/ykhoathongminh.com\/en\/wp-json\/wp\/v2\/media\/8478"}],"wp:attachment":[{"href":"https:\/\/ykhoathongminh.com\/en\/wp-json\/wp\/v2\/media?parent=1871"}],"wp:term":[{"taxonomy":"product_cat","embeddable":true,"href":"https:\/\/ykhoathongminh.com\/en\/wp-json\/wp\/v2\/product_cat?post=1871"},{"taxonomy":"product_tag","embeddable":true,"href":"https:\/\/ykhoathongminh.com\/en\/wp-json\/wp\/v2\/product_tag?post=1871"}],"curies":[{"name":"wp","href":"https:\/\/api.w.org\/{rel}","templated":true}]}}