{"id":1892,"date":"2024-07-22T15:16:39","date_gmt":"2024-07-22T15:16:39","guid":{"rendered":"https:\/\/ykhoathongminh.com\/?post_type=product&#038;p=1892"},"modified":"2024-10-09T03:42:34","modified_gmt":"2024-10-09T03:42:34","slug":"tu-dau-giuong-inox","status":"publish","type":"product","link":"https:\/\/ykhoathongminh.com\/en\/product\/tu-dau-giuong-inox\/","title":{"rendered":"T\u1ee7 \u0110\u1ea7u Gi\u01b0\u1eddng Inox"},"content":{"rendered":"<p>T\u1ee7 \u0111\u1ea7u gi\u01b0\u1eddng b\u1ec7nh nh\u00e2n \u0111\u1ec3 \u0111\u1ea7u gi\u01b0\u1eddng \u00a0(Lo\u1ea1i c\u00f3 h\u1ed9c \u0111\u1ef1ng \u0111\u1ed3). D\u00f9ng trong b\u1ec7nh vi\u1ec7n, c\u01a1 s\u1edf y t\u1ebf. S\u1ea3n xu\u1ea5t theo Ti\u00eau chu\u1ea9n B\u1ed9 Y T\u1ebf.<\/p>\n<h2>Th\u00f4ng s\u1ed1 k\u1ef9 thu\u1eadt<\/h2>\n<p>\u2013 K\u00edch th\u01b0\u1edbc (D\u00e0i x R\u1ed9ng x Cao): 400 x 350 x 900 mm<\/p>\n<p>\u2013 Khoang tr\u00ean l\u00e0 ng\u0103n k\u00e9o cao 170 mm, tr\u01b0\u1ee3t tr\u00ean c\u00e1c thanh ray U c\u00f3 b\u00e1nh xe.<\/p>\n<p>\u2013 Khoang gi\u1eefa ko c\u00e1nh c\u1eeda cao 150 mm.<\/p>\n<p>\u2013 Khoang d\u01b0\u1edbi cao 450 mm c\u00f3 c\u00e1nh c\u1eeda<\/p>\n<p>\u2013 N\u00f3c t\u1ee7 c\u00f3 lan can cao 50 mm<\/p>\n<p>\u2013 Lan can u\u1ed1n b\u1eb1ng \u1ed1ng phi 12,7 mm.<\/p>\n<p>\u2013 C\u00f3 ch\u00e2n \u0111\u1ebf cao su.<\/p>","protected":false},"excerpt":{"rendered":"<p>T\u1ee7 \u0111\u1ea7u gi\u01b0\u1eddng b\u1ec7nh nh\u00e2n \u0111\u1ec3 \u0111\u1ea7u gi\u01b0\u1eddng \u00a0(Lo\u1ea1i c\u00f3 h\u1ed9c \u0111\u1ef1ng \u0111\u1ed3). D\u00f9ng trong b\u1ec7nh vi\u1ec7n, c\u01a1 s\u1edf y t\u1ebf. S\u1ea3n xu\u1ea5t theo Ti\u00eau chu\u1ea9n B\u1ed9 Y T\u1ebf.<\/p>","protected":false},"featured_media":7909,"comment_status":"open","ping_status":"closed","template":"","meta":{"_acf_changed":false,"rank_math_lock_modified_date":false},"product_cat":[838,1238,1176,1010,1170,1169,1168,149],"product_tag":[],"class_list":{"0":"post-1892","1":"product","2":"type-product","3":"status-publish","4":"has-post-thumbnail","6":"product_cat-dung-cu-y-te","7":"product_cat-dung-cu-y-te-khac","8":"product_cat-noi-that-spa","9":"product_cat-noi-that-y-te","10":"product_cat-thiet-bi-tham-my-spa","11":"product_cat-thiet-bi-y-te-benh-vien","12":"product_cat-thiet-bi-y-te-doanh-nghiep","13":"product_cat-vat-tu-y-te","15":"first","16":"instock","17":"shipping-taxable","18":"purchasable","19":"product-type-simple"},"acf":[],"_links":{"self":[{"href":"https:\/\/ykhoathongminh.com\/en\/wp-json\/wp\/v2\/product\/1892"}],"collection":[{"href":"https:\/\/ykhoathongminh.com\/en\/wp-json\/wp\/v2\/product"}],"about":[{"href":"https:\/\/ykhoathongminh.com\/en\/wp-json\/wp\/v2\/types\/product"}],"replies":[{"embeddable":true,"href":"https:\/\/ykhoathongminh.com\/en\/wp-json\/wp\/v2\/comments?post=1892"}],"wp:featuredmedia":[{"embeddable":true,"href":"https:\/\/ykhoathongminh.com\/en\/wp-json\/wp\/v2\/media\/7909"}],"wp:attachment":[{"href":"https:\/\/ykhoathongminh.com\/en\/wp-json\/wp\/v2\/media?parent=1892"}],"wp:term":[{"taxonomy":"product_cat","embeddable":true,"href":"https:\/\/ykhoathongminh.com\/en\/wp-json\/wp\/v2\/product_cat?post=1892"},{"taxonomy":"product_tag","embeddable":true,"href":"https:\/\/ykhoathongminh.com\/en\/wp-json\/wp\/v2\/product_tag?post=1892"}],"curies":[{"name":"wp","href":"https:\/\/api.w.org\/{rel}","templated":true}]}}