{"id":1994,"date":"2024-07-22T15:17:44","date_gmt":"2024-07-22T15:17:44","guid":{"rendered":"https:\/\/ykhoathongminh.com\/?post_type=product&#038;p=1994"},"modified":"2024-09-10T01:28:24","modified_gmt":"2024-09-10T01:28:24","slug":"bo-kid-giam-stress-du-lich-homedics-wk-110str","status":"publish","type":"product","link":"https:\/\/ykhoathongminh.com\/en\/product\/bo-kid-giam-stress-du-lich-homedics-wk-110str\/","title":{"rendered":"B\u1ed8 KID GI\u1ea2M STRESS DU L\u1ecaCH HOMEDICS WK 110STR"},"content":{"rendered":"<h2>B\u1ed9 kit gi\u1ea3m stress HoMedics WK-110STR &#8211; d\u1ec5 d\u00e0ng mang theo khi \u0111i du l\u1ecbch ho\u1eb7c c\u00f4ng t\u00e1c<\/h2>\n<p>Th\u01b0 gi\u00e3n tinh th\u1ea7n, c\u01a1 th\u1ec3 sau 1 ng\u00e0y d\u00e0i l\u00e0m vi\u1ec7c, h\u1ecdc t\u1eadp s\u1ebd gi\u00fap b\u1ea1n d\u1ec5 d\u00e0ng \u0111i v\u00e0o gi\u1ea5c ng\u1ee7, l\u1ea5y l\u1ea1i n\u0103ng l\u01b0\u1ee3ng cho ng\u00e0y ti\u1ebfp theo.<\/p>\n<p>V\u1edbi b\u1ed9 kit gi\u1ea3m stress\u00a0HoMedics WK-110STR, b\u1ea1n c\u00f3 th\u1ec3 s\u1eed d\u1ee5ng ri\u00eang l\u1ebb ngay t\u1ea1i nh\u00e0 ho\u1eb7c mang theo \u0111i du l\u1ecbch, c\u00f4ng t\u00e1c \u0111\u1ec1u r\u1ea5t thu\u1eadn ti\u1ec7n.<\/p>\n<p>B\u1ed9 s\u1ea3n ph\u1ea9m bao g\u1ed3m:\u00a0M\u00e1y x\u00f4ng tinh d\u1ea7u, tinh d\u1ea7u, m\u00e1y massage mini.<\/p>\n<figure id=\"attachment_8936\" aria-describedby=\"caption-attachment-8936\" style=\"width: 540px\" class=\"wp-caption aligncenter\"><img loading=\"lazy\" decoding=\"async\" class=\"size-medium wp-image-8936\" src=\"https:\/\/ykhoathongminh.com\/wp-content\/uploads\/2023\/07\/Bo-kid-giam-stress-du-lich-homedics-WK-110STR-tai-dong-nai-540x540.jpg\" alt=\"\" width=\"540\" height=\"540\" \/><figcaption id=\"caption-attachment-8936\" class=\"wp-caption-text\">B\u1ed9 Kid gi\u1ea3m stress du l\u1ecbch Homedics WK 110STR t\u1ea1i \u0110\u1ed3ng Nai<\/figcaption><\/figure>\n<h3>\u01afu \u0111i\u1ec3m c\u1ee7a b\u1ed9 kit gi\u1ea3m stress USA\u00a0HoMedics<\/h3>\n<ul>\n<li>K\u1ebft h\u1ee3p b\u1edfi hai th\u01b0\u01a1ng hi\u1ec7u s\u1ed1 1 v\u1ec1 massage v\u00e0 tinh d\u1ea7u<\/li>\n<li>01 tinh d\u1ea7u thi\u00ean nhi\u00ean Ellia 100% t\u1ef1 nhi\u00ean nh\u1eadp kh\u1ea9u USA gi\u00fap th\u01b0 gi\u00e3n tinh th\u1ea7n.<\/li>\n<li>01 m\u00e1y massage mini HoMedics 4 \u0111\u1ea7u rung nh\u1ecf g\u1ecdn, d\u1ec5 d\u00e0ng thao t\u00e1c.<\/li>\n<li>01 m\u00e1y x\u00f4ng tinh d\u1ea7u si\u00eau \u00e2m mini Ellia tr\u00ean xe h\u01a1i, ph\u00f2ng l\u00e0m vi\u1ec7c.<\/li>\n<\/ul>\n<p>B\u1ed9 kit gi\u1ea3m stress k\u1ebft h\u1ee3p c\u00e1c li\u1ec7u ph\u00e1p tr\u1ecb li\u1ec7u b\u1eb1ng tinh d\u1ea7u v\u00e0 massage. Thoa tr\u1ef1c ti\u1ebfp tinh d\u1ea7u Essential Oil Roll-On l\u00ean da \u0111\u1ec3 c\u00f3 s\u1ef1 c\u00e2n b\u1eb1ng tinh th\u1ea7n nhanh ch\u00f3ng v\u00e0 h\u1ed7 tr\u1ee3 c\u1ea3m x\u00fac, gi\u1ea3m stress t\u1ee9c th\u00ec.<\/p>\n<p>S\u1eed d\u1ee5ng m\u00e1y khu\u1ebfch t\u00e1n tinh d\u1ea7u si\u00eau \u00e2m Ellia mini v\u1edbi tinh d\u1ea7u Ellia gi\u00fap gi\u1ea3m c\u0103ng th\u1eb3ng, ch\u1ed1ng l\u1ea1i stress, m\u00f9i h\u01b0\u01a1ng y\u00eau th\u00edch, t\u1ea1o ra kh\u00f4ng gian l\u00fd t\u01b0\u1edfng gi\u00fap b\u1ea1n c\u00e2n b\u1eb1ng v\u00e0 s\u1ea3ng kho\u00e1i.<\/p>\n<p>B\u00ean c\u1ea1nh h\u01b0\u01a1ng th\u01a1m nh\u1eb9 nh\u00e0ng, m\u00e1y x\u00f4ng tinh d\u1ea7u si\u00eau \u00e2m Ellia c\u00f3 \u00e1nh s\u00e1ng thay \u0111\u1ed5i m\u00e0u s\u1eafc \u0111\u1ec3 ph\u00f9 h\u1ee3p v\u1edbi t\u00e2m tr\u1ea1ng c\u1ee7a b\u1ea1n. N\u00f3 c\u0169ng gi\u00fap kh\u00f4ng gian \u0111\u01b0\u1ee3c b\u00f9 \u1ea9m nh\u1eb9 nh\u00e0ng, \u0111\u1ed5 \u0111\u1ea7y n\u01b0\u1edbc v\u00e0 nh\u1ecf m\u1ed9t ch\u00fat tinh d\u1ea7u \u0111\u1ec3 t\u1eadn h\u01b0\u1edfng 6 gi\u1edd ch\u1ea1y li\u00ean t\u1ee5c, ho\u1eb7c 12 gi\u1edd kh\u00f4ng li\u00ean t\u1ee5c.<\/p>\n<p>Khi li\u1ec7u ph\u00e1p tr\u1ecb li\u1ec7u b\u1eb1ng h\u01b0\u01a1ng th\u01a1m c\u1ee7a b\u1ea1n \u0111ang \u0111\u01b0\u1ee3c ti\u1ebfn h\u00e0nh, h\u00e3y s\u1eed d\u1ee5ng k\u00e8m m\u00e1y massage mini c\u1ee7a HoMedics. \u0110\u1ed9 rung c\u1ee7a m\u00e1y massage c\u1ea7m tay \u1ed5n \u0111\u1ecbnh gi\u00fap th\u01b0 gi\u00e3n c\u01a1 b\u1eafp v\u00e0 gi\u1ea3m c\u0103ng th\u1eb3ng. M\u00e1y c\u00f3 tay c\u1ea7m tho\u1ea3i m\u00e1i, d\u1ec5 d\u00e0ng thao t\u00e1c. Khi h\u1ebft pin b\u1ea1n ch\u1ec9 c\u1ea7n thay 2 pin AA l\u00e0 c\u00f3 th\u1ec3 ti\u1ebfp t\u1ee5c s\u1eed d\u1ee5ng.<\/p>","protected":false},"excerpt":{"rendered":"<p>B\u1ed9 kit gi\u1ea3m stress k\u1ebft h\u1ee3p c\u00e1c li\u1ec7u ph\u00e1p tr\u1ecb li\u1ec7u b\u1eb1ng tinh d\u1ea7u v\u00e0 massage. Thoa tr\u1ef1c ti\u1ebfp tinh d\u1ea7u Essential Oil Roll-On l\u00ean da \u0111\u1ec3 c\u00f3 s\u1ef1 c\u00e2n b\u1eb1ng tinh th\u1ea7n nhanh ch\u00f3ng v\u00e0 h\u1ed7 tr\u1ee3 c\u1ea3m x\u00fac, gi\u1ea3m stress t\u1ee9c th\u00ec.<\/p>","protected":false},"featured_media":5642,"comment_status":"open","ping_status":"closed","template":"","meta":{"_acf_changed":false,"rank_math_lock_modified_date":false},"product_cat":[274,93],"product_tag":[],"class_list":{"0":"post-1994","1":"product","2":"type-product","3":"status-publish","4":"has-post-thumbnail","6":"product_cat-may-massage-co-vai-gay","7":"product_cat-thiet-bi-massage","9":"first","10":"instock","11":"shipping-taxable","12":"purchasable","13":"product-type-simple"},"acf":[],"_links":{"self":[{"href":"https:\/\/ykhoathongminh.com\/en\/wp-json\/wp\/v2\/product\/1994"}],"collection":[{"href":"https:\/\/ykhoathongminh.com\/en\/wp-json\/wp\/v2\/product"}],"about":[{"href":"https:\/\/ykhoathongminh.com\/en\/wp-json\/wp\/v2\/types\/product"}],"replies":[{"embeddable":true,"href":"https:\/\/ykhoathongminh.com\/en\/wp-json\/wp\/v2\/comments?post=1994"}],"wp:featuredmedia":[{"embeddable":true,"href":"https:\/\/ykhoathongminh.com\/en\/wp-json\/wp\/v2\/media\/5642"}],"wp:attachment":[{"href":"https:\/\/ykhoathongminh.com\/en\/wp-json\/wp\/v2\/media?parent=1994"}],"wp:term":[{"taxonomy":"product_cat","embeddable":true,"href":"https:\/\/ykhoathongminh.com\/en\/wp-json\/wp\/v2\/product_cat?post=1994"},{"taxonomy":"product_tag","embeddable":true,"href":"https:\/\/ykhoathongminh.com\/en\/wp-json\/wp\/v2\/product_tag?post=1994"}],"curies":[{"name":"wp","href":"https:\/\/api.w.org\/{rel}","templated":true}]}}