{"id":2005,"date":"2024-07-22T15:17:45","date_gmt":"2024-07-22T15:17:45","guid":{"rendered":"https:\/\/ykhoathongminh.com\/?post_type=product&#038;p=2005"},"modified":"2024-09-10T01:20:53","modified_gmt":"2024-09-10T01:20:53","slug":"khau-trang-y-te-4d-famapro-boc-10-cai","status":"publish","type":"product","link":"https:\/\/ykhoathongminh.com\/en\/product\/khau-trang-y-te-4d-famapro-boc-10-cai\/","title":{"rendered":"KH\u1ea8U TRANG Y T\u1ebe 4D FAMAPRO B\u1eccC 10 C\u00c1I"},"content":{"rendered":"<div>\n<h2 class=\"mt-3\">1. M\u00f4 t\u1ea3 s\u1ea3n ph\u1ea9m Famapro 4D<\/h2>\n<p>&nbsp;<\/p>\n<div class=\"html-in-cms\">\n<div>Ti\u00eau chu\u1ea9n kh\u1ea9u trang: BFE,VFE , PFE (l\u1ecdc b\u1ee5i) \u2265 98%. Anti-UV rays (ch\u1ed1ng n\u1eafng v\u00e0 tia UV).<br \/>\nCh\u1ee9ng nh\u1eadn CE, FDA<br \/>\nK\u00edch th\u01b0\u1edbc: 210 x 80 (\u00b15mm)<br \/>\n\u0110\u1ed9 d\u00e0i d\u00e2y \u0111eo: 165 mm<br \/>\n\u0110\u1ed9 d\u00e0i thanh n\u1eb9p m\u0169i: 100-110 mm<\/div>\n<\/div>\n<p>&nbsp;<\/p>\n<h2 class=\"mt-3\">2. Th\u00e0nh ph\u1ea7n c\u1ee7a Famapro 4D<\/h2>\n<p>&nbsp;<\/p>\n<div class=\"html-in-cms\">\n<div>3 l\u1edbp (2 l\u1edbp v\u1ea3i kh\u00f4ng d\u1ec7t, 1 l\u1edbp meltblown)<br \/>\nD\u00e2y \u0111eo co d\u00e3n<\/div>\n<\/div>\n<figure id=\"attachment_8987\" aria-describedby=\"caption-attachment-8987\" style=\"width: 540px\" class=\"wp-caption aligncenter\"><img loading=\"lazy\" decoding=\"async\" class=\"size-medium wp-image-8987\" src=\"https:\/\/ykhoathongminh.com\/wp-content\/uploads\/2023\/07\/Khau-trang-y-4D-famapro-boc-10-cai-cao-cap-540x540.jpg\" alt=\"\" width=\"540\" height=\"540\" \/><figcaption id=\"caption-attachment-8987\" class=\"wp-caption-text\">Kh\u1ea9u trang y t\u1ebf 4D Famapro b\u1ecdc 10 c\u00e1i cao c\u1ea5p<\/figcaption><\/figure>\n<h2 class=\"mt-3\">3. C\u00f4ng d\u1ee5ng c\u1ee7a Famapro 4D<\/h2>\n<p>&nbsp;<\/p>\n<div class=\"html-in-cms\">\n<div>Kh\u1ea9u trang \u0111\u01b0\u1ee3c thi\u1ebft k\u1ebf ph\u00f9 h\u1ee3p, \u00f4m s\u00e1t khu\u00f4n m\u1eb7t.<br \/>\nTai \u0111eo c\u00f3 \u0111\u1ed9 \u0111\u00e0n h\u1ed3i cao, \u00edt t\u1ea1o \u00e1p l\u1ef1c l\u00ean tai v\u00e0 m\u1eb7t, tr\u00e1nh g\u00e2y kh\u00f3 ch\u1ecbu khi s\u1eed d\u1ee5ng trong th\u1eddi gian d\u00e0i.<br \/>\nThi\u1ebft k\u1ebf ph\u1ea7n n\u1eb9p m\u0169i d\u1ea1ng \u1ea5n c\u00f3 th\u1ec3 gi\u00fap \u00f4m kh\u00edt s\u1ed1ng m\u0169i, gi\u1ea3m s\u01b0\u01a1ng m\u00f9 tr\u00ean k\u00ednh m\u1eaft, b\u1ee5i b\u1ea9n x\u00e2m nh\u1eadp.<br \/>\nNguy\u00ean li\u1ec7u v\u1ea3i si\u00eau m\u1ec1m m\u01b0\u1ee3t, tho\u00e1ng kh\u00ed, tho\u00e1t \u1ea9m v\u1edbi l\u1edbp l\u1ecdc c\u00f3 th\u1ec3 ng\u0103n ch\u1eb7n t\u1ed1t h\u01a1n c\u00e1c h\u1ea1t nh\u1ecf trong kh\u00f4ng kh\u00ed v\u00e0 l\u1ecdc n\u00f3, gi\u1ea3m c\u1ea3m gi\u00e1c \u1ea9m \u01b0\u1edbt khi \u0111eo kh\u1ea9u trang.<br \/>\nBFE, VFE, PFE \u2265 98% gi\u00fap kh\u1ea3 n\u0103ng l\u1ecdc khu\u1ea9n, b\u1ee5i t\u1ed1t nh\u1ea5t.<\/div>\n<\/div>\n<p>&nbsp;<\/p>\n<h2 class=\"mt-3\">4. \u0110\u1ed1i t\u01b0\u1ee3ng s\u1eed d\u1ee5ng<\/h2>\n<p>&nbsp;<\/p>\n<div class=\"html-in-cms\">\n<div>Kh\u1ea9u trang d\u00e0nh cho ng\u01b0\u1eddi l\u1edbn.<\/div>\n<\/div>\n<p>&nbsp;<\/p>\n<h2 class=\"mt-3\">5. B\u1ea3o qu\u1ea3n<\/h2>\n<p>&nbsp;<\/p>\n<div class=\"html-in-cms\">\n<div>B\u1ea3o qu\u1ea3n n\u01a1i kh\u00f4 r\u00e1o, tho\u00e1ng m\u00e1t<\/div>\n<\/div>\n<p>&nbsp;<\/p>\n<h2 class=\"mt-3\">6. L\u01b0u \u00fd<\/h2>\n<p>&nbsp;<\/p>\n<div class=\"html-in-cms\">\n<div>Kh\u1ea9u trang ch\u1ec9 s\u1eed d\u1ee5ng 01 (m\u1ed9t l\u1ea7n), kh\u00f4ng s\u1eed d\u1ee5ng l\u1ea1i s\u1ea3n ph\u1ea9m. Kh\u00f4ng d\u00f9ng s\u1ea3n ph\u1ea9m khi h\u1ebft h\u1ea1n s\u1eed d\u1ee5ng.<\/div>\n<\/div>\n<p>&nbsp;<\/p>\n<\/div>","protected":false},"excerpt":{"rendered":"<p>Kh\u1ea9u trang Famaro c\u00f3 nhi\u1ec1u lo\u1ea1i, \u0111a d\u1ea1ng \u0111\u00e1p \u1ee9ng nhu c\u1ea7u kh\u00e1c nhau c\u1ee7a ng\u01b0\u1eddi ti\u00eau d\u00f9ng. Kh\u1ea9u trang kh\u00e1ng khu\u1ea9n Famapro 4D 3 l\u1edbp h\u1ed9p 10 c\u00e1i h\u00ecnh chu\u1ed3n chu\u1ed3n\u00a0v\u1edbi l\u1edbp v\u1ea3i si\u00eau m\u1ec1m m\u01b0\u1ee3t, \u00f4m s\u00e1t g\u01b0\u01a1ng m\u1eb7t, kh\u1ea9u trang c\u00f3 kh\u1ea3 n\u0103ng l\u1ecdc b\u1ee5i, kh\u00e1ng khu\u1ea9n v\u1edbi thi\u1ebft k\u1ebf 4D tr\u00e1nh g\u00e2y d\u00ednh son.<\/p>","protected":false},"featured_media":5635,"comment_status":"open","ping_status":"closed","template":"","meta":{"_acf_changed":false,"rank_math_lock_modified_date":false},"product_cat":[244,158,149],"product_tag":[],"class_list":{"0":"post-2005","1":"product","2":"type-product","3":"status-publish","4":"has-post-thumbnail","6":"product_cat-khau-trang","7":"product_cat-vat-tu-tieu-hao","8":"product_cat-vat-tu-y-te","10":"first","11":"instock","12":"shipping-taxable","13":"purchasable","14":"product-type-simple"},"acf":[],"_links":{"self":[{"href":"https:\/\/ykhoathongminh.com\/en\/wp-json\/wp\/v2\/product\/2005"}],"collection":[{"href":"https:\/\/ykhoathongminh.com\/en\/wp-json\/wp\/v2\/product"}],"about":[{"href":"https:\/\/ykhoathongminh.com\/en\/wp-json\/wp\/v2\/types\/product"}],"replies":[{"embeddable":true,"href":"https:\/\/ykhoathongminh.com\/en\/wp-json\/wp\/v2\/comments?post=2005"}],"wp:featuredmedia":[{"embeddable":true,"href":"https:\/\/ykhoathongminh.com\/en\/wp-json\/wp\/v2\/media\/5635"}],"wp:attachment":[{"href":"https:\/\/ykhoathongminh.com\/en\/wp-json\/wp\/v2\/media?parent=2005"}],"wp:term":[{"taxonomy":"product_cat","embeddable":true,"href":"https:\/\/ykhoathongminh.com\/en\/wp-json\/wp\/v2\/product_cat?post=2005"},{"taxonomy":"product_tag","embeddable":true,"href":"https:\/\/ykhoathongminh.com\/en\/wp-json\/wp\/v2\/product_tag?post=2005"}],"curies":[{"name":"wp","href":"https:\/\/api.w.org\/{rel}","templated":true}]}}