{"id":2038,"date":"2024-07-22T15:18:30","date_gmt":"2024-07-22T15:18:30","guid":{"rendered":"https:\/\/ykhoathongminh.com\/?post_type=product&#038;p=2038"},"modified":"2025-09-09T04:10:39","modified_gmt":"2025-09-09T04:10:39","slug":"kim-tiem-su-dung-1-lan-vinahankook-20gx1-1-2","status":"publish","type":"product","link":"https:\/\/ykhoathongminh.com\/en\/product\/kim-tiem-su-dung-1-lan-vinahankook-20gx1-1-2\/","title":{"rendered":"Kim ti\u00eam s\u1eed d\u1ee5ng 1 l\u1ea7n Vinahankook 20GX1 1\/2"},"content":{"rendered":"<div>\n<h2 class=\"mt-3\">M\u00f4 t\u1ea3 s\u1ea3n ph\u1ea9m Vinahankook<\/h2>\n<div class=\"html-in-cms\">\n<div>V\u00f4 tr\u00f9ng \u2013 Kh\u00f4ng \u0111\u1ed9c \u2013 Kh\u00f4ng g\u00e2y s\u1ed1t<br \/>\nKh\u1eed tr\u00f9ng b\u1eb1ng kh\u00ed E.O<\/div>\n<\/div>\n<h2 class=\"mt-3\">2. Th\u00e0nh ph\u1ea7n c\u1ee7a Vinahankook<\/h2>\n<div class=\"html-in-cms\">\n<div>Ch\u1ea5t li\u1ec7u l\u00e0m th\u00e2n kim ti\u00eam: Th\u00e9p kh\u00f4ng g\u1ec9, c\u00f3 \u0111\u1ee7 \u0111\u1ed9 c\u1ee9ng c\u01a1 kh\u00ed v\u00e0 kh\u00f4ng b\u1ecb oxy h\u00f3a.<br \/>\nC\u00e1c nguy\u00ean li\u1ec7u \u0111\u1ec3 l\u00e0m kim ti\u00eam (\u0111\u1ed1c kim, th\u00e2n kim\u2026): \u0110\u01b0\u1ee3c ph\u00e9p s\u1eed d\u1ee5ng trong y t\u1ebf<br \/>\nCh\u1ea5t g\u00e2y s\u1ed1t (pyrogene), \u0111\u1ed9c t\u1ed1 trong kim ti\u00eam: Kh\u00f4ng c\u00f3<br \/>\nV\u1eadt li\u1ec7u k\u1ebft c\u1ea5u kim ti\u00eam: Kh\u00f4ng b\u1ecb g\u1eaby, kh\u00f4ng b\u1ecb c\u1eb1n trong \u0111i\u1ec1u ki\u1ec7n s\u1eed d\u1ee5ng b\u00ecnh th\u01b0\u1eddng<br \/>\nS\u1ef1 k\u00edn, kh\u00edt gi\u1eefa \u0111\u1ed1c kim ti\u00eam v\u00e0 b\u01a1m ti\u00eam: Kh\u00f4ng c\u00f3 r\u00f2 r\u1ec9 dung d\u1ecbch ho\u1eb7c b\u00f3ng kh\u00ed t\u1ea1i ch\u1ed7 ti\u1ebfp n\u1ed1i<br \/>\nCh\u1ea5t g\u00e2y s\u1ed1t (pyrogene), \u0111\u1ed9c t\u1ed1 trong kim ti\u00eam: Kh\u00f4ng c\u00f3<br \/>\nB\u1ec1 m\u1eb7t kim ti\u00eam: Nh\u1eb5n, b\u00f3ng kh\u00f4ng c\u00f3 t\u1ea1p ch\u1ea5t th\u1eeba khi nh\u00ecn b\u1eb1ng m\u1eaft th\u01b0\u1eddng<br \/>\nCh\u1ea5t li\u1ec7u l\u00e0m th\u00e2n kim ti\u00eam: Th\u00e9p kh\u00f4ng r\u1ec9, c\u00f3 \u0111\u1ee7 \u0111\u1ed9 c\u1ee9ng c\u01a1 kh\u00ed v\u00e0 kh\u00f4ng b\u1ecb \u00f4xy ho\u00e1<br \/>\nV\u00e1t \u0111\u1ea7u kim: S\u1eafc kh\u00f4ng c\u00f3 g\u1edd v\u00e0 nh\u1eefng l\u1ed7i kh\u00e1c<br \/>\nV\u1eadt li\u1ec7u l\u00e0m \u0111\u1ed1c kim: Ch\u1ea5t d\u1ebbo v\u00e0 \u0111\u01b0\u1ee3c nhu\u1ed9m m\u00e0u theo ti\u00eau chu\u1ea9n qu\u1ed1c t\u1ebf<br \/>\nB\u1ec1 m\u1eb7t \u0111\u1ed1c kim: Kh\u00f4ng c\u00f3 l\u1ed7i k\u1ef9 thu\u1eadt do nh\u00e0 s\u1ea3n xu\u1ea5t<br \/>\nLi\u00ean k\u1ebft gi\u1eefa \u0111\u1ed1c kim v\u00e0 th\u00e2n kim trong \u0111i\u1ec1u ki\u1ec7n s\u1eed d\u1ee5ng b\u00ecnh th\u01b0\u1eddng: Ch\u1eafc ch\u1eafn, kh\u00f4ng b\u1ecb b\u1ebb g\u1eaby, th\u00e2n kim kh\u00f4ng b\u1ecb tu\u1ed9t kh\u1ecfi \u0111\u1ed1c kim<br \/>\nN\u1eafp \u0111\u1eady \u0111\u1ea7u kim: C\u00f3<\/div>\n<\/div>\n<h2 class=\"mt-3\">3. C\u00f4ng d\u1ee5ng c\u1ee7a Vinahankook<\/h2>\n<div class=\"html-in-cms\">\n<div>D\u00f9ng \u0111\u01b0\u1ee3c cho t\u1ea5t c\u1ea3 c\u00e1c lo\u1ea1i b\u01a1m ti\u00eam ho\u1eb7c d\u00f9ng \u0111\u1ec3 l\u1ea5y m\u00e1u, l\u1ea5y thu\u1ed1c.<\/div>\n<\/div>\n<h2 class=\"mt-3\">4. Li\u1ec1u l\u01b0\u1ee3ng v\u00e0 c\u00e1ch d\u00f9ng c\u1ee7a Vinahankook<\/h2>\n<div class=\"html-in-cms\">\n<div>Ti\u00eam d\u01b0\u1edbi da \u0111\u00e3 \u0111\u01b0\u1ee3c s\u00e1t khu\u1ea9n s\u1eed d\u1ee5ng 1 l\u1ea7n<br \/>\n\u0110\u01b0\u1ee3c ph\u00e9p s\u1eed d\u1ee5ng trong ng\u00e0nh y t\u1ebf<\/div>\n<\/div>\n<h2 class=\"mt-3\">5. B\u1ea3o qu\u1ea3n<\/h2>\n<div class=\"html-in-cms\">\n<div>B\u1ea3o qu\u1ea3n \u1edf \u0111i\u1ec1u ki\u1ec7n th\u01b0\u1eddng.<\/div>\n<\/div>\n<h2 class=\"mt-3\">6. L\u01b0u \u00fd<\/h2>\n<div class=\"html-in-cms\">\n<div>S\u1eed d\u1ee5ng b\u01a1m ti\u00eam ngay sau khi m\u1edf bao g\u00f3i<br \/>\nKh\u1eed tr\u00f9ng kh\u00f4ng \u0111\u01b0\u1ee3c \u0111\u1ea3m b\u1ea3o khi bao g\u00f3i b\u1ecb h\u1edf<\/div>\n<\/div>\n<p>&nbsp;<\/p>\n<\/div>","protected":false},"excerpt":{"rendered":"<p><strong>Kim ti\u00eam s\u1eed d\u1ee5ng m\u1ed9t l\u1ea7n Vinahankook<\/strong>\u00a0l\u00e0 s\u1ea3n ph\u1ea9m \u0111\u01b0\u1ee3c s\u1ea3n xu\u1ea5t tr\u00ean\u00a0d\u00e2y chuy\u1ec1n c\u00f4ng ngh\u1ec7, m\u00e1y m\u00f3c thi\u1ebft b\u1ecb s\u1ea3n xu\u1ea5t hi\u1ec7n \u0111\u1ea1i nh\u1eadp kh\u1ea9u t\u1eeb H\u00e0n Qu\u1ed1c, \u00e1p d\u1ee5ng h\u1ec7 th\u1ed1ng qu\u1ea3n l\u00fd ch\u1ea5t l\u01b0\u1ee3ng \u0111\u1ea1t ti\u00eau chu\u1ea9n ISO 9001:2015 v\u00e0 ISO 13485:2016; GMP &#8211; FDA. S\u1ea3n ph\u1ea9m l\u00e0 v\u1eadt d\u1ee5ng c\u1ea7n thi\u1ebft trong y t\u1ebf. Do \u0111\u00f3, c\u00e1c s\u1ea3n ph\u1ea9m c\u1ee7a h\u1ecd lu\u00f4n \u0111\u01b0\u1ee3c l\u00e0m t\u1eeb ch\u1ea5t li\u1ec7u cao c\u1ea5p\u00a0v\u00e0 \u0111\u00e3 \u0111\u01b0\u1ee3c ki\u1ec3m nghi\u1ec7m kh\u00f4ng g\u00e2y h\u1ea1i cho ng\u01b0\u1eddi s\u1eed d\u1ee5ng.<\/p>","protected":false},"featured_media":5592,"comment_status":"open","ping_status":"closed","template":"","meta":{"_acf_changed":false,"rank_math_lock_modified_date":false},"product_cat":[1232,158,149],"product_tag":[],"class_list":{"0":"post-2038","1":"product","2":"type-product","3":"status-publish","4":"has-post-thumbnail","6":"product_cat-kim-y-te","7":"product_cat-vat-tu-tieu-hao","8":"product_cat-vat-tu-y-te","10":"first","11":"instock","12":"shipping-taxable","13":"purchasable","14":"product-type-simple"},"acf":[],"_links":{"self":[{"href":"https:\/\/ykhoathongminh.com\/en\/wp-json\/wp\/v2\/product\/2038"}],"collection":[{"href":"https:\/\/ykhoathongminh.com\/en\/wp-json\/wp\/v2\/product"}],"about":[{"href":"https:\/\/ykhoathongminh.com\/en\/wp-json\/wp\/v2\/types\/product"}],"replies":[{"embeddable":true,"href":"https:\/\/ykhoathongminh.com\/en\/wp-json\/wp\/v2\/comments?post=2038"}],"wp:featuredmedia":[{"embeddable":true,"href":"https:\/\/ykhoathongminh.com\/en\/wp-json\/wp\/v2\/media\/5592"}],"wp:attachment":[{"href":"https:\/\/ykhoathongminh.com\/en\/wp-json\/wp\/v2\/media?parent=2038"}],"wp:term":[{"taxonomy":"product_cat","embeddable":true,"href":"https:\/\/ykhoathongminh.com\/en\/wp-json\/wp\/v2\/product_cat?post=2038"},{"taxonomy":"product_tag","embeddable":true,"href":"https:\/\/ykhoathongminh.com\/en\/wp-json\/wp\/v2\/product_tag?post=2038"}],"curies":[{"name":"wp","href":"https:\/\/api.w.org\/{rel}","templated":true}]}}