{"id":2045,"date":"2024-07-22T15:18:31","date_gmt":"2024-07-22T15:18:31","guid":{"rendered":"https:\/\/ykhoathongminh.com\/?post_type=product&#038;p=2045"},"modified":"2024-09-12T13:00:52","modified_gmt":"2024-09-12T13:00:52","slug":"pin-chuyen-dung-cho-may-tro-thinh-a10-tcbest-extra","status":"publish","type":"product","link":"https:\/\/ykhoathongminh.com\/en\/product\/pin-chuyen-dung-cho-may-tro-thinh-a10-tcbest-extra\/","title":{"rendered":"Pin chuy\u00ean d\u1ee5ng cho m\u00e1y tr\u1ee3 th\u00ednh A10 Tcbest Extra"},"content":{"rendered":"<p>Pin chuy\u00ean d\u1ee5ng cho m\u00e1y tr\u1ee3 th\u00ednh nh\u00e9t tai BIO HEATHL JH 907 Th\u00f4ng th\u01b0\u1eddng, pin m\u00e1y tr\u1ee3 th\u00ednh th\u01b0\u1eddng d\u00f9ng \u0111\u01b0\u1ee3c t\u1eeb 5-14 ng\u00e0y, n\u1ebfu m\u1ed7i ng\u00e0y s\u1eed d\u1ee5ng 16 gi\u1edd. \u0110\u1ec3 k\u00e9o d\u00e0i tu\u1ed5i th\u1ecd pin n\u00ean d\u00f9ng pin \u0111\u00fang ch\u1ee7ng lo\u1ea1i, khi h\u1ebft pin n\u00ean thay pin m\u1edbi.<\/p>\n<p>HDSD: \u0110\u1ed1i v\u1edbi Pin kh\u00e1ch h\u00e0ng c\u1ea7n th\u00e1o l\u1edbp tem d\u00e1n tr\u00ean pin sau \u0111\u00f3 \u0111\u1ec3 pin ra ngo\u00e0i kh\u00f4ng kh\u00ed kho\u1ea3ng 1-2 ph\u00fat sau \u0111\u00f3 m\u1edbi l\u1eafp pin v\u00e0o m\u00e1y tr\u1ee3 th\u00ednh.<br \/>\n\u01afu \u0111i\u1ec3m c\u1ee7a pin: \u0110\u1eb7c bi\u1ec7t l\u01b0u \u0111\u01b0\u1ee3c l\u01b0\u1ee3ng \u0111i\u1ec7n n\u0103ng g\u1ea5p 5 l\u1ea7n so v\u1edbi pin lithium ion v\u00e0 th\u00e2n thi\u1ec7n v\u1edbi m\u00f4i tr\u01b0\u1eddng, h\u1ea1n ch\u1ebf nguy c\u01a1 ch\u00e1y n\u1ed5 khi ch\u1ea1m m\u1ea1ch.<\/p>","protected":false},"excerpt":{"rendered":"<p>Pin chuy\u00ean d\u1ee5ng cho m\u00e1y tr\u1ee3 th\u00ednh nh\u00e9t tai BIO HEATHL JH 907 Th\u00f4ng th\u01b0\u1eddng, pin m\u00e1y tr\u1ee3 th\u00ednh th\u01b0\u1eddng d\u00f9ng \u0111\u01b0\u1ee3c t\u1eeb 5-14 ng\u00e0y, n\u1ebfu m\u1ed7i ng\u00e0y s\u1eed d\u1ee5ng 16 gi\u1edd. \u0110\u1ec3 k\u00e9o d\u00e0i tu\u1ed5i th\u1ecd pin n\u00ean d\u00f9ng pin \u0111\u00fang ch\u1ee7ng lo\u1ea1i, khi h\u1ebft pin n\u00ean thay pin m\u1edbi.<\/p>","protected":false},"featured_media":5583,"comment_status":"open","ping_status":"closed","template":"","meta":{"_acf_changed":false,"rank_math_lock_modified_date":false},"product_cat":[73,175,1015,158,1344,149],"product_tag":[],"class_list":{"0":"post-2045","1":"product","2":"type-product","3":"status-publish","4":"has-post-thumbnail","6":"product_cat-cham-soc-nguoi-cao-tuoi","7":"product_cat-may-tro-thinh-thiet-bi-y-te-gia-dinh","8":"product_cat-phu-kien-may-tro-thinh-may-tro-thinh-thiet-bi-y-te-gia-dinh","9":"product_cat-vat-tu-tieu-hao","10":"product_cat-vat-tu-tieu-hao-khac","11":"product_cat-vat-tu-y-te","13":"first","14":"instock","15":"shipping-taxable","16":"purchasable","17":"product-type-simple"},"acf":[],"_links":{"self":[{"href":"https:\/\/ykhoathongminh.com\/en\/wp-json\/wp\/v2\/product\/2045"}],"collection":[{"href":"https:\/\/ykhoathongminh.com\/en\/wp-json\/wp\/v2\/product"}],"about":[{"href":"https:\/\/ykhoathongminh.com\/en\/wp-json\/wp\/v2\/types\/product"}],"replies":[{"embeddable":true,"href":"https:\/\/ykhoathongminh.com\/en\/wp-json\/wp\/v2\/comments?post=2045"}],"wp:featuredmedia":[{"embeddable":true,"href":"https:\/\/ykhoathongminh.com\/en\/wp-json\/wp\/v2\/media\/5583"}],"wp:attachment":[{"href":"https:\/\/ykhoathongminh.com\/en\/wp-json\/wp\/v2\/media?parent=2045"}],"wp:term":[{"taxonomy":"product_cat","embeddable":true,"href":"https:\/\/ykhoathongminh.com\/en\/wp-json\/wp\/v2\/product_cat?post=2045"},{"taxonomy":"product_tag","embeddable":true,"href":"https:\/\/ykhoathongminh.com\/en\/wp-json\/wp\/v2\/product_tag?post=2045"}],"curies":[{"name":"wp","href":"https:\/\/api.w.org\/{rel}","templated":true}]}}