{"id":2051,"date":"2024-07-22T15:18:31","date_gmt":"2024-07-22T15:18:31","guid":{"rendered":"https:\/\/ykhoathongminh.com\/?post_type=product&#038;p=2051"},"modified":"2024-09-27T08:52:51","modified_gmt":"2024-09-27T08:52:51","slug":"xe-lac-tay-bang-sat-son-tinh-dien-cho-nguoi-khuyet-tat-duc-cuong-co-mai-che","status":"publish","type":"product","link":"https:\/\/ykhoathongminh.com\/en\/product\/xe-lac-tay-bang-sat-son-tinh-dien-cho-nguoi-khuyet-tat-duc-cuong-co-mai-che\/","title":{"rendered":"XE L\u1eaeC TAY B\u1eb0NG S\u1eaeT S\u01a0N T\u0128NH \u0110I\u1ec6N CHO NG\u01af\u1edcI KHUY\u1ebeT T\u1eacT \u0110\u1ee8C C\u01af\u1edcNG C\u00d3 M\u00c1I CHE"},"content":{"rendered":"<p><span style=\"color: #ffffff;\"><b>\u00a0Xe l\u1eafc tay<\/b><\/span><\/p>\n<p>Xe l\u1eafc tay l\u00e0 lo\u1ea1i xe h\u1ed7 tr\u1ee3 d\u00e0nh ri\u00eang cho ng\u01b0\u1eddi khuy\u1ebft t\u1eadt, ng\u01b0\u1eddi kh\u00f4ng c\u00f3 kh\u1ea3 n\u0103ng \u0111i l\u1ea1i nh\u01b0ng v\u1eabn c\u00f3 th\u1ec3 s\u1eed d\u1ee5ng tay \u0111\u1ec3 di chuy\u1ec3n, nh\u1edd s\u1eed d\u1ee5ng lo\u1ea1i xe l\u0103n n\u00e0y m\u00e0 h\u1ecd c\u00f3 th\u1ec3 di chuy\u1ec3n m\u00e0 kh\u00f4ng c\u1ea7n ph\u1ea3i nh\u1edd s\u1ef1 tr\u1ee3 gi\u00fap c\u1ee7a ng\u01b0\u1eddi kh\u00e1c.<br \/>\nB\u00ean c\u1ea1nh \u0111\u00f3, xe \u00a0l\u1eafc tay kh\u00f4ng ch\u1ec9 l\u00e0 ph\u01b0\u01a1ng ti\u1ec7n di chuy\u1ec3n thi\u1ebft y\u1ebfu m\u00e0 n\u00f3 c\u00f2n gi\u00fap cho ng\u01b0\u1eddi khuy\u1ebft t\u1eadt, ng\u01b0\u1eddi kh\u00f4ng c\u00f3 kh\u1ea3 n\u0103ng \u0111i l\u1ea1i v\u1eabn c\u00f3 th\u1ec3 l\u00e0m nh\u1eefng c\u00f4ng vi\u1ec7c \u0111\u1ed9c l\u1eadp \u0111\u1ec3 ki\u1ebfm th\u00eam thu nh\u1eadp cho b\u1ea3n th\u00e2n.<\/p>\n<h2><strong>S\u1ef1 kh\u00e1c bi\u1ec7t c\u1ee7a xe l\u1eafc tay v\u00e0 xe l\u0103n th\u01b0\u1eddng<\/strong><\/h2>\n<p>Xe l\u1eafc tay v\u00e0 xe l\u0103n th\u01b0\u1eddng c\u00f3 s\u1ef1 kh\u00e1c bi\u1ec7t g\u00ec? V\u00e0 t\u1ea1i sao 2 d\u00f2ng xe n\u00e0y l\u1ea1i c\u00f3 s\u1ef1 kh\u00e1c bi\u1ec7t? D\u01b0\u1edbi \u0111\u00e2y l\u00e0 s\u1ef1 kh\u00e1c bi\u1ec7t v\u1ec1 2 d\u00f2ng s\u1ea3n ph\u1ea9m n\u00e0y:<\/p>\n<p><strong>V\u1ec1 c\u1ea5u t\u1ea1o<\/strong><\/p>\n<p>Xe l\u1eafc tay l\u00e0 lo\u1ea1i xe c\u00f3 3 b\u00e1nh, xe l\u0103n th\u01b0\u1eddng l\u00e0 lo\u1ea1i xe c\u00f3 2 ho\u1eb7c 4 b\u00e1nh. \u0110i\u1ec3m chung c\u1ee7a c\u1ea3 2 lo\u1ea1i xe n\u00e0y l\u00e0 \u0111\u1ec1u s\u1eed d\u1ee5ng l\u1ef1c c\u1ee7a tay \u0111\u1ec3 xe c\u00f3 th\u1ec3 di chuy\u1ec3n.<\/p>\n<p><strong>V\u1ec1 m\u1ee5c \u0111\u00edch s\u1eed d\u1ee5ng<\/strong><\/p>\n<p>C\u1ea3 hai lo\u1ea1i xe n\u00e0y \u0111\u1ec1u gi\u00fap cho nh\u1eefng ng\u01b0\u1eddi khuy\u1ebft t\u1eadt, ng\u01b0\u1eddi kh\u00f4ng c\u00f3 kh\u1ea3 n\u0103ng \u0111i l\u1ea1i c\u00f3 th\u1ec3 d\u1ec5 d\u00e0ng di chuy\u1ec3n m\u00e0 kh\u00f4ng c\u1ea7n t\u1edbi s\u1ef1 h\u1ed7 tr\u1ee3 c\u1ee7a ng\u01b0\u1eddi kh\u00e1c.<\/p>\n<p>Tuy nhi\u00ean, xe l\u1eafc tay c\u00f2n gi\u00fap ng\u01b0\u1eddi d\u00f9ng c\u00f3 th\u1ec3 l\u01b0u th\u00f4ng t\u1ea1i c\u00e1c \u0111\u01b0\u1eddng ph\u1ed1 thay v\u00ec ch\u1ec9 \u1edf kh\u00f4ng gian ch\u1eadt h\u1eb9p, ph\u1ea1m vi g\u1ea7n nh\u01b0 xe l\u0103n th\u01b0\u1eddng. Ngo\u00e0i ra, xe l\u1eafc tay c\u00f2n c\u00f3 t\u00e1c d\u1ee5ng gi\u00fap ng\u01b0\u1eddi d\u00f9ng c\u00f3 th\u1ec3 ki\u1ebfm th\u00eam thu nh\u1eadp nh\u1edd ch\u1ee9c n\u0103ng c\u00f3 th\u1ec3 ch\u1edf h\u00e0ng.<\/p>\n<p>\u0110\u1ed1i v\u1edbi xe l\u0103n th\u01b0\u1eddng th\u00ec ch\u1ec9 c\u00f3 t\u00e1c d\u1ee5ng h\u1ed7 tr\u1ee3 b\u1ec7nh nh\u00e2n trong qu\u00e1 tr\u00ecnh \u0111i\u1ec1u tr\u1ecb v\u00e0 ph\u1ee5c h\u1ed3i ch\u1ee9c n\u0103ng ch\u00e2n.<\/p>\n<p><strong>V\u1ec1 \u0111\u1ed1i t\u01b0\u1ee3ng s\u1eed d\u1ee5ng<\/strong><\/p>\n<p>Xe l\u0103n th\u01b0\u1eddng ph\u00f9 h\u1ee3p s\u1eed d\u1ee5ng cho m\u1ecdi \u0111\u1ed1i t\u01b0\u1ee3ng trong qu\u00e1 tr\u00ecnh \u0111i\u1ec1u tr\u1ecb ph\u1ee5c h\u1ed3i ch\u1ee9c n\u0103ng ch\u00e2n, \u0111\u1eb7c bi\u1ec7t l\u00e0 ng\u01b0\u1eddi gi\u00e0, ng\u01b0\u1eddi kh\u00f4ng c\u00f3 kh\u1ea3 n\u0103ng \u0111i l\u1ea1i.<\/p>\n<p>Xe l\u1eafc tay ph\u00f9 h\u1ee3p s\u1eed d\u1ee5ng cho nh\u1eefng ng\u01b0\u1eddi khuy\u1ebft t\u1eadt nh\u01b0ng v\u1eabn c\u00f3 kh\u1ea3 n\u0103ng s\u1eed d\u1ee5ng tay \u0111\u1ec3 di chuy\u1ec3n.<\/p>\n<p><strong>Xe l\u1eafc cho ng\u01b0\u1eddi khuy\u1ebft t\u1eadt c\u00f3 mui<\/strong><\/p>\n<p>Xe l\u1eafc tay c\u00f3 mui, Khung c\u1ee7a xe l\u1eafc tay \u0111\u01b0\u1ee3c l\u00e0m b\u1eb1ng s\u1eaft s\u01a1n t\u0129nh \u0111i\u1ec7n ch\u1eafc ch\u1eafn, b\u00f3ng b\u1ea9y, c\u00f3 \u0111\u1ed9 ch\u1ecbu l\u1ef1c t\u1ed1t, gi\u00fap xe c\u00f3 th\u1ec3 ch\u1ecbu \u0111\u01b0\u1ee3c tr\u1ecdng t\u1ea3i l\u1edbn.<\/p>\n<p>Ni\u1ec1ng c\u0103m v\u00e0 b\u00e1nh h\u01a1i gi\u00fap ng\u01b0\u1eddi d\u00f9ng d\u1ec5 d\u00e0ng h\u01a1n trong vi\u1ec7c di chuy\u1ec3n v\u00e0 c\u00f3 th\u1ec3 \u0111\u01b0\u1ee3c thay th\u1ebf v\u00e0 s\u1eeda ch\u1eefa.<\/p>\n<p>Thi\u1ebft k\u1ebf ch\u1ed7 ng\u1ed3i c\u1ee7a xe l\u0103n \u0111\u01b0\u1ee3c ho\u00e0n thi\u1ec7n m\u1ed9t c\u00e1ch t\u1ec9 m\u1ec9 v\u00e0 cao c\u1ea5p. \u0110\u1ed9 r\u1ed9ng c\u1ee7a xe ph\u00f9 h\u1ee3p v\u1edbi ng\u01b0\u1eddi s\u1eed d\u1ee5ng, gh\u1ebf ng\u1ed3i \u0111\u01b0\u1ee3c s\u1eed d\u1ee5ng b\u1eb1ng v\u1ea3i m\u1ec1m cao c\u1ea5p, gi\u00fap th\u00f4ng tho\u00e1ng kh\u00ed v\u00e0 tay l\u0103n \u0111\u01b0\u1ee3c l\u00e0m b\u1eb1ng inox ch\u1eafc ch\u1eafn, gi\u00fap ng\u01b0\u1eddi d\u00f9ng c\u00f3 th\u1ec3 t\u1ef1a tay d\u1ec5 d\u00e0ng, kh\u00f4ng b\u1ecb m\u1ecfi hay b\u1ecb \u0111au nh\u1ee9c.<\/p>\n<p>Hai b\u00e1nh xe c\u00f3 g\u1eafn ni\u1ec1ng c\u0103m, b\u00e1nh h\u01a1i v\u00e0 tay th\u1eafng, gi\u00fap ng\u01b0\u1eddi d\u00f9ng c\u00f3 th\u1ec3 t\u1ef1 \u0111i\u1ec1u khi\u1ec3n xe m\u1ed9t c\u00e1ch d\u1ec5 d\u00e0ng h\u01a1n.Ngo\u00e0i ra, xe c\u00f2n \u0111\u01b0\u1ee3c trang b\u1ecb m\u1ed9t m\u00e1i che cho tr\u1eddi n\u1eafng v\u00e0 tr\u1eddi m\u01b0a, gi\u00fap ng\u01b0\u1eddi s\u1eed d\u1ee5ng c\u00f3 th\u1ec3 ho\u00e0n to\u00e0n y\u00ean t\u00e2m khi \u0111i ra ngo\u00e0i.\u00a0 \u00a0 \u00a0 \u00a0 \u00a0\u00a0\u00a0 \u00a0 \u00a0 \u00a0 \u00a0 \u00a0 \u00a0 \u00a0 \u00a0 \u00a0\u00a0<u><\/u><\/p>\n<p><em><strong>Th\u00f4ng s\u1ed1:<\/strong><\/em><\/p>\n<p>&#8211; Gh\u1ebf ng\u1ed3i c\u00f3 ng\u00e3 l\u01b0ng ra sau t\u1eeb 900 \u0111\u1ebfn 1200.<\/p>\n<p>&#8211; K\u00edch th\u01b0\u1edbc: D*R*C- 1750*720*1000 mm<\/p>\n<p>-Tr\u1ecdng l\u01b0\u1ee3ng:32 kg( xe l\u1eafc inox), 34kg( xe l\u1eafc s\u1eaft STD)<\/p>\n<p>&#8211; K\u00edch th\u01b0\u1edbc gh\u1ebf ng\u1ed3i: R\u1ed9ng: 400mm, S\u00e2u 380mm, Cao: 650mm.<\/p>\n<p>&#8211; Xe kh\u00f4ng x\u1ebfp \u0111\u01b0\u1ee3c.<\/p>\n<p>&#8211; Xe l\u1eafc s\u1eaft s\u01a1n: s\u1eed d\u1ee5ng \u1ed1ng tu\u00fdp s\u1eaft \u0111\u01b0\u1eddng k\u00ednh 25.4 d\u00e0y 1.5mm, s\u01a1n t\u0129nh \u0111i\u1ec7n.<\/p>\n<p>&#8211; Xe l\u1eafc Inox: s\u1eed d\u1ee5ng \u1ed1ng tu\u00fdp th\u00e9p kh\u00f4ng r\u1ec9 \u0111\u01b0\u1eddng k\u00ednh 25.4mm d\u00e0y 1.5mm.<\/p>\n<p>&#8211; Kh\u00f4ng x\u1ebfp g\u1ecdn \u0111\u01b0\u1ee3c<\/p>","protected":false},"excerpt":{"rendered":"<p><strong>Th\u01b0\u01a1ng hi\u1ec7u<\/strong>: \u0110\u1ee9c C\u01b0\u1eddng \u2013 Vi\u1ec7t Nam<\/p>\n<p><strong>B\u1ea3o tr\u00ec<\/strong> : Tr\u1ecdn \u0111\u1eddi<\/p>\n<p><strong>B\u1ea3o h\u00e0nh ch\u00ednh h\u00e3ng<\/strong>: 18 th\u00e1ng<\/p>","protected":false},"featured_media":5582,"comment_status":"open","ping_status":"closed","template":"","meta":{"_acf_changed":false,"rank_math_lock_modified_date":false},"product_cat":[109,116,110],"product_tag":[],"class_list":{"0":"post-2051","1":"product","2":"type-product","3":"status-publish","4":"has-post-thumbnail","6":"product_cat-san-pham-ho-tro-di-lai","7":"product_cat-xe-lac","8":"product_cat-xe-lan","10":"first","11":"instock","12":"sale","13":"shipping-taxable","14":"purchasable","15":"product-type-simple"},"acf":[],"_links":{"self":[{"href":"https:\/\/ykhoathongminh.com\/en\/wp-json\/wp\/v2\/product\/2051"}],"collection":[{"href":"https:\/\/ykhoathongminh.com\/en\/wp-json\/wp\/v2\/product"}],"about":[{"href":"https:\/\/ykhoathongminh.com\/en\/wp-json\/wp\/v2\/types\/product"}],"replies":[{"embeddable":true,"href":"https:\/\/ykhoathongminh.com\/en\/wp-json\/wp\/v2\/comments?post=2051"}],"wp:featuredmedia":[{"embeddable":true,"href":"https:\/\/ykhoathongminh.com\/en\/wp-json\/wp\/v2\/media\/5582"}],"wp:attachment":[{"href":"https:\/\/ykhoathongminh.com\/en\/wp-json\/wp\/v2\/media?parent=2051"}],"wp:term":[{"taxonomy":"product_cat","embeddable":true,"href":"https:\/\/ykhoathongminh.com\/en\/wp-json\/wp\/v2\/product_cat?post=2051"},{"taxonomy":"product_tag","embeddable":true,"href":"https:\/\/ykhoathongminh.com\/en\/wp-json\/wp\/v2\/product_tag?post=2051"}],"curies":[{"name":"wp","href":"https:\/\/api.w.org\/{rel}","templated":true}]}}