{"id":2053,"date":"2024-07-22T15:18:32","date_gmt":"2024-07-22T15:18:32","guid":{"rendered":"https:\/\/ykhoathongminh.com\/?post_type=product&#038;p=2053"},"modified":"2025-05-17T05:35:01","modified_gmt":"2025-05-17T05:35:01","slug":"kim-lay-mau-accu-check-softclix-25-kim","status":"publish","type":"product","link":"https:\/\/ykhoathongminh.com\/en\/product\/kim-lay-mau-accu-check-softclix-25-kim\/","title":{"rendered":"Kim L\u1ea5y M\u00e1u Accu-Check SoftClix 25 Kim"},"content":{"rendered":"<p>Kim Ch\u00edch\u00a0M\u00e1u Accu-chek Softclix\u00a025\u00a0c\u00e1i\u00a0l\u00e0 thi\u1ebft b\u1ecb d\u00f9ng \u0111\u1ec3 l\u1ea5y m\u00e1u mao m\u1ea1ch v\u1edbi thi\u1ebft k\u1ebf d\u00f9ng cho c\u00e1 nh\u00e2n v\u1edbi thi\u1ebft k\u1ebf \u0111\u1eb7c bi\u1ec7t gi\u00fap vi\u1ec7c l\u1ea5y m\u00e1u tr\u1edf n\u00ean \u0111\u01a1n gi\u1ea3n v\u00e0 nh\u1eb9 nh\u00e0ng nh\u1ea5t. Kim d\u1eb9p l\u1ea5y m\u00e1u (blood lancets) Accucheck Softclix \u0111\u01b0\u1ee3c s\u1ea3n xu\u1ea5t b\u1edfi h\u00e3ng\u00a0ROCHE\u00a0c\u1ee7a \u0110\u1ee9c, l\u00e0 ph\u1ee5 ki\u1ec7n \u0111\u00ednh k\u00e8m hay s\u1ea3n ph\u1ea9m l\u1ef1a ch\u1ecdn th\u00eam c\u1ee7a c\u00e1c d\u00f2ng m\u00e1y \u0111o \u0111\u01b0\u1eddng huy\u1ebft.<\/p>\n<p>Th\u00e2n kim \u0111\u01b0\u1ee3c s\u1ea3n xu\u1ea5t theo ti\u00eau chu\u1ea9n c\u00f4ng ngh\u1ec7\u00a0ISO 15197:2013 n\u00ean c\u00f3 th\u1ec3 s\u1eed d\u1ee5ng \u0111\u01b0\u1ee3c cho c\u00e1c d\u00f2ng m\u00e1y \u0111o \u0111\u01b0\u1eddng huy\u1ebft c\u1ee7a h\u00e3ng\u00a0ROCHE\u00a0nh\u01b0: Accucheck Active; Accucheck Performa; Accuchek Advantage. \u0110\u00e2y l\u00e0 lo\u1ea1i kim v\u00f4 tr\u00f9ng v\u00e0 ch\u1ec9 \u0111\u01b0\u1ee3c s\u1eed d\u1ee5ng 1 l\u1ea7n cho duy nh\u1ea5t 1 ng\u01b0\u1eddi nh\u1eb1m \u0111\u1ea3m b\u1ea3o an to\u00e0n v\u1ec7 sinh v\u00e0 tr\u00e1nh c\u00e1c b\u1ec7nh truy\u1ec1n nhi\u1ec5m.<\/p>\n<div id=\"detail-content-1\" class=\"ingredient\">\n<div>\n<p>Th\u00e2n b\u1eb1ng nh\u1ef1a, \u0111\u1ea7u kim b\u1eb1ng kim lo\u1ea1i kh\u00f4ng g\u1ec9 v\u00f4 tr\u00f9ng.<\/p>\n<\/div>\n<\/div>\n<div id=\"detail-content-2\" class=\"usage\">\n<h2 class=\"css-8uyn92\">C\u00f4ng d\u1ee5ng cu\u0309a Kim l\u1ea5y m\u00e1u Accu-Chek Softclix<\/h2>\n<div>\n<p>D\u00f9ng \u0111\u1ec3 l\u1ea5y m\u00e1u cho m\u00e1y \u0111o \u0111\u01b0\u1eddng huy\u1ebft Accu-Chek Performa v\u00e0\u00a0Accu-Chek Active.<\/p>\n<\/div>\n<\/div>","protected":false},"excerpt":{"rendered":"<p><strong>Kim Ch\u00edch M\u00e1u Accu-chek Softclix 25 c\u00e1i<\/strong> l\u00e0 thi\u1ebft b\u1ecb d\u00f9ng \u0111\u1ec3 l\u1ea5y m\u00e1u mao m\u1ea1ch v\u1edbi thi\u1ebft k\u1ebf d\u00f9ng cho c\u00e1 nh\u00e2n v\u1edbi thi\u1ebft k\u1ebf \u0111\u1eb7c bi\u1ec7t gi\u00fap vi\u1ec7c l\u1ea5y m\u00e1u tr\u1edf n\u00ean \u0111\u01a1n gi\u1ea3n v\u00e0 nh\u1eb9 nh\u00e0ng nh\u1ea5t.<\/p>","protected":false},"featured_media":8500,"comment_status":"open","ping_status":"closed","template":"","meta":{"_acf_changed":false,"rank_math_lock_modified_date":false},"product_cat":[25,1232,48,158,149],"product_tag":[],"class_list":{"0":"post-2053","1":"product","2":"type-product","3":"status-publish","4":"has-post-thumbnail","6":"product_cat-cham-soc-nguoi-benh-tieu-duong","7":"product_cat-kim-y-te","8":"product_cat-phu-kien-may-tieu-duong","9":"product_cat-vat-tu-tieu-hao","10":"product_cat-vat-tu-y-te","12":"first","13":"instock","14":"shipping-taxable","15":"purchasable","16":"product-type-simple"},"acf":[],"_links":{"self":[{"href":"https:\/\/ykhoathongminh.com\/en\/wp-json\/wp\/v2\/product\/2053"}],"collection":[{"href":"https:\/\/ykhoathongminh.com\/en\/wp-json\/wp\/v2\/product"}],"about":[{"href":"https:\/\/ykhoathongminh.com\/en\/wp-json\/wp\/v2\/types\/product"}],"replies":[{"embeddable":true,"href":"https:\/\/ykhoathongminh.com\/en\/wp-json\/wp\/v2\/comments?post=2053"}],"wp:featuredmedia":[{"embeddable":true,"href":"https:\/\/ykhoathongminh.com\/en\/wp-json\/wp\/v2\/media\/8500"}],"wp:attachment":[{"href":"https:\/\/ykhoathongminh.com\/en\/wp-json\/wp\/v2\/media?parent=2053"}],"wp:term":[{"taxonomy":"product_cat","embeddable":true,"href":"https:\/\/ykhoathongminh.com\/en\/wp-json\/wp\/v2\/product_cat?post=2053"},{"taxonomy":"product_tag","embeddable":true,"href":"https:\/\/ykhoathongminh.com\/en\/wp-json\/wp\/v2\/product_tag?post=2053"}],"curies":[{"name":"wp","href":"https:\/\/api.w.org\/{rel}","templated":true}]}}