{"id":2062,"date":"2024-07-22T15:18:53","date_gmt":"2024-07-22T15:18:53","guid":{"rendered":"https:\/\/ykhoathongminh.com\/?post_type=product&#038;p=2062"},"modified":"2024-10-23T02:05:16","modified_gmt":"2024-10-23T02:05:16","slug":"sung-massage-cam-tay-mini-philips-ppm7303","status":"publish","type":"product","link":"https:\/\/ykhoathongminh.com\/en\/product\/sung-massage-cam-tay-mini-philips-ppm7303\/","title":{"rendered":"S\u00fang Massage C\u1ea7m Tay Mini Philips PPM7303"},"content":{"rendered":"<h2 class=\"p-heading-02 p-heading-medium p-s01__highlights-title\">M\u00e1y Massage C\u1ea7m Tay PHILIPS PPM7303 \u0111em \u0111\u1ebfn tr\u1ea3i nghi\u1ec7m tuy\u1ec7t v\u1eddi<\/h2>\n<p>M\u00e1y Massage C\u1ea7m Tay PHILIPS PPM7303 v\u1edbi thi\u1ebft b\u1ecb nh\u1ecf g\u1ecdn, d\u1ec5 c\u1ea7m n\u1eafm, gi\u00fap b\u1ea1n th\u01b0 gi\u00e3n m\u1ecdi l\u00fac m\u1ecdi n\u01a1i. V\u1edbi ch\u1ee9c n\u0103ng ch\u01b0\u1eddm nhi\u1ec7t rung, c\u00f9ng 7 \u0111\u1ea7u massage chuy\u00ean bi\u1ec7t, cam k\u1ebft mang \u0111\u1ebfn b\u1ea1n tr\u1ea3i nghi\u1ec7m th\u01b0 gi\u00e3n tuy\u1ec7t v\u1eddi sau gi\u1edd l\u00e0m vi\u1ec7c hay v\u1eadn \u0111\u1ed9ng th\u1ec3 thao.<\/p>\n<p>&nbsp;<\/p>\n<div class=\"row\"  id=\"row-143941277\">\n\n\t<div id=\"col-1538029165\" class=\"col medium-1\/3 large-4\"  >\n\t\t\t\t<div class=\"col-inner\"  >\n\t\t\t\n\t\t\t\n<p><img loading=\"lazy\" decoding=\"async\" class=\"size-medium wp-image-8819\" src=\"https:\/\/ykhoathongminh.com\/wp-content\/uploads\/2024\/07\/Sung-Massage-cam-tay-mini-Philips-PPM7303-1-300x300.jpg\" alt=\"\" width=\"300\" height=\"300\" srcset=\"https:\/\/ykhoathongminh.com\/wp-content\/uploads\/2024\/07\/Sung-Massage-cam-tay-mini-Philips-PPM7303-1-300x300.jpg 300w, https:\/\/ykhoathongminh.com\/wp-content\/uploads\/2024\/07\/Sung-Massage-cam-tay-mini-Philips-PPM7303-1-150x150.jpg 150w, https:\/\/ykhoathongminh.com\/wp-content\/uploads\/2024\/07\/Sung-Massage-cam-tay-mini-Philips-PPM7303-1-768x768.jpg 768w, https:\/\/ykhoathongminh.com\/wp-content\/uploads\/2024\/07\/Sung-Massage-cam-tay-mini-Philips-PPM7303-1-12x12.jpg 12w, https:\/\/ykhoathongminh.com\/wp-content\/uploads\/2024\/07\/Sung-Massage-cam-tay-mini-Philips-PPM7303-1-600x600.jpg 600w, https:\/\/ykhoathongminh.com\/wp-content\/uploads\/2024\/07\/Sung-Massage-cam-tay-mini-Philips-PPM7303-1-100x100.jpg 100w, https:\/\/ykhoathongminh.com\/wp-content\/uploads\/2024\/07\/Sung-Massage-cam-tay-mini-Philips-PPM7303-1.jpg 800w\" sizes=\"(max-width: 300px) 100vw, 300px\" \/><\/p>\n<h3 class=\"p-heading-04-large p-heading-bold p-feature-title\">S\u1edf h\u1eefu l\u00ean \u0111\u1ebfn 6 \u0111\u1ea7u massage chuy\u00ean d\u1ee5ng<\/h3>\n<p>\u0110\u1eb7c bi\u1ec7t d\u00f2ng s\u1ea3n ph\u1ea9m Massage Philips PPM7303 \u0111\u01b0\u1ee3c h\u1ed7 tr\u1ee3 l\u00ean \u0111\u1ebfn 6 \u0111\u1ea7u massage chuy\u00ean d\u1ee5ng gi\u00fap b\u1ea1n tr\u1ea3i nghi\u1ec7m th\u01b0 gi\u00e3n \u0111\u1ec9nh cao khi \u0111\u00e1p \u1ee9ng h\u1ea7u h\u1ebft ch\u1ee9c n\u0103ng xoa b\u00f3p chuy\u00ean s\u00e2u cho t\u1eebng v\u1ecb tr\u00ed tr\u00ean c\u01a1 th\u1ec3.<\/p>\n<p>V\u1edbi 6 \u0111\u1ea7u massage n\u00e0y b\u1ea1n c\u00f3 th\u1ec3 s\u1eed d\u1ee5ng \u0111\u1ec3 \u201cl\u00e0m d\u1ecbu\u201d c\u00e1c nh\u00f3m c\u01a1 t\u1ea1i c\u00e1c v\u00f9ng th\u01b0\u1eddng xuy\u00ean \u0111au m\u1ecfi nh\u01b0 l\u01b0ng, c\u00e1nh tay, b\u1eafp ch\u00e2n, \u0111\u00f9i\u2026<\/p>\n\t\t<\/div>\n\t\t\t\t\t<\/div>\n\n\t\n\n\t<div id=\"col-1000267063\" class=\"col medium-1\/3 large-4\"  >\n\t\t\t\t<div class=\"col-inner\"  >\n\t\t\t\n\t\t\t\n<p><img loading=\"lazy\" decoding=\"async\" class=\"size-medium wp-image-8818\" src=\"https:\/\/ykhoathongminh.com\/wp-content\/uploads\/2024\/07\/Sung-Massage-cam-tay-mini-Philips-PPM7303-tai-Dong-Nai-300x300.jpg\" alt=\"\" width=\"300\" height=\"300\" srcset=\"https:\/\/ykhoathongminh.com\/wp-content\/uploads\/2024\/07\/Sung-Massage-cam-tay-mini-Philips-PPM7303-tai-Dong-Nai-300x300.jpg 300w, https:\/\/ykhoathongminh.com\/wp-content\/uploads\/2024\/07\/Sung-Massage-cam-tay-mini-Philips-PPM7303-tai-Dong-Nai-150x150.jpg 150w, https:\/\/ykhoathongminh.com\/wp-content\/uploads\/2024\/07\/Sung-Massage-cam-tay-mini-Philips-PPM7303-tai-Dong-Nai-768x768.jpg 768w, https:\/\/ykhoathongminh.com\/wp-content\/uploads\/2024\/07\/Sung-Massage-cam-tay-mini-Philips-PPM7303-tai-Dong-Nai-12x12.jpg 12w, https:\/\/ykhoathongminh.com\/wp-content\/uploads\/2024\/07\/Sung-Massage-cam-tay-mini-Philips-PPM7303-tai-Dong-Nai-600x600.jpg 600w, https:\/\/ykhoathongminh.com\/wp-content\/uploads\/2024\/07\/Sung-Massage-cam-tay-mini-Philips-PPM7303-tai-Dong-Nai-100x100.jpg 100w, https:\/\/ykhoathongminh.com\/wp-content\/uploads\/2024\/07\/Sung-Massage-cam-tay-mini-Philips-PPM7303-tai-Dong-Nai.jpg 800w\" sizes=\"(max-width: 300px) 100vw, 300px\" \/><\/p>\n<h3 class=\"p-heading-04-large p-heading-bold p-feature-title\">T\u1eadn h\u01b0\u1edfng tr\u1ea3i nghi\u1ec7m massage m\u1ea1nh m\u1ebd<\/h3>\n<div class=\"group w-full text-token-text-primary border-b border-black\/10 dark:border-gray-900\/50 bg-gray-50 dark:bg-&#091;#444654&#093;\" data-testid=\"conversation-turn-11\">\n<div class=\"p-4 justify-center text-base md:gap-6 md:py-6 m-auto\">\n<div class=\"flex flex-1 gap-4 text-base mx-auto md:gap-6 md:max-w-2xl lg:max-w-&#091;38rem&#093; xl:max-w-3xl }\">\n<div class=\"relative flex w-&#091;calc(100%-50px)&#093; flex-col gap-1 md:gap-3 lg:w-&#091;calc(100%-115px)&#093;\">\n<div class=\"flex flex-grow flex-col gap-3 max-w-full\">\n<div class=\"min-h-&#091;20px&#093; flex flex-col items-start gap-3 overflow-x-auto whitespace-pre-wrap break-words\">\n<div class=\"markdown prose w-full break-words dark:prose-invert light\">\n<p>T\u1eadn h\u01b0\u1edfng tr\u1ea3i nghi\u1ec7m massage m\u1ea1nh m\u1ebd v\u00e0 \u1ea5m \u00e1p c\u00f3 th\u1ec3 gi\u00fap \u0111\u00e1nh th\u1ee9c s\u1ef1 s\u1ed1ng trong c\u00e1c nh\u00f3m c\u01a1 tr\u01b0\u1edbc khi t\u1eadp luy\u1ec7n, gi\u1ea3m \u0111au nh\u1ee9c c\u01a1 b\u1eafp sau khi t\u1eadp th\u1ec3 d\u1ee5c, \u0111\u1ed1i ph\u00f3 v\u1edbi ch\u1ee9ng \u0111au vai g\u00e1y cho ng\u01b0\u1eddi l\u00e0m vi\u1ec7c v\u0103n ph\u00f2ng, v\u00e0 c\u0169ng nhanh ch\u00f3ng gi\u1ea3m \u0111au v\u00e0 c\u0103ng c\u01a1 ch\u00e2n cho nh\u1eefng ng\u01b0\u1eddi \u0111ang \u0111i du l\u1ecbch ho\u1eb7c th\u1ef1c hi\u1ec7n c\u00f4ng vi\u1ec7c n\u1eb7ng nh\u1ecdc<\/p>\n<\/div>\n<\/div>\n<\/div>\n<\/div>\n<\/div>\n<\/div>\n<\/div>\n\t\t<\/div>\n\t\t\t\t\t<\/div>\n\n\t\n\n\t<div id=\"col-993890459\" class=\"col medium-1\/3 large-4\"  >\n\t\t\t\t<div class=\"col-inner\"  >\n\t\t\t\n\t\t\t\n<p><img loading=\"lazy\" decoding=\"async\" class=\"size-medium wp-image-8817\" src=\"https:\/\/ykhoathongminh.com\/wp-content\/uploads\/2024\/07\/Sung-Massage-cam-tay-mini-Philips-PPM7303-tai-Bien-Hoa-300x300.jpg\" alt=\"\" width=\"300\" height=\"300\" srcset=\"https:\/\/ykhoathongminh.com\/wp-content\/uploads\/2024\/07\/Sung-Massage-cam-tay-mini-Philips-PPM7303-tai-Bien-Hoa-300x300.jpg 300w, https:\/\/ykhoathongminh.com\/wp-content\/uploads\/2024\/07\/Sung-Massage-cam-tay-mini-Philips-PPM7303-tai-Bien-Hoa-150x150.jpg 150w, https:\/\/ykhoathongminh.com\/wp-content\/uploads\/2024\/07\/Sung-Massage-cam-tay-mini-Philips-PPM7303-tai-Bien-Hoa-768x768.jpg 768w, https:\/\/ykhoathongminh.com\/wp-content\/uploads\/2024\/07\/Sung-Massage-cam-tay-mini-Philips-PPM7303-tai-Bien-Hoa-12x12.jpg 12w, https:\/\/ykhoathongminh.com\/wp-content\/uploads\/2024\/07\/Sung-Massage-cam-tay-mini-Philips-PPM7303-tai-Bien-Hoa-600x600.jpg 600w, https:\/\/ykhoathongminh.com\/wp-content\/uploads\/2024\/07\/Sung-Massage-cam-tay-mini-Philips-PPM7303-tai-Bien-Hoa-100x100.jpg 100w, https:\/\/ykhoathongminh.com\/wp-content\/uploads\/2024\/07\/Sung-Massage-cam-tay-mini-Philips-PPM7303-tai-Bien-Hoa.jpg 800w\" sizes=\"(max-width: 300px) 100vw, 300px\" \/><\/p>\n<h3 class=\"p-heading-04-large p-heading-bold p-feature-title\">Ch\u01b0\u1eddm n\u00f3ng t\u0129nh nhi\u1ec7t 45 \u0111\u1ed9<\/h3>\n<div class=\"group w-full text-token-text-primary border-b border-black\/10 dark:border-gray-900\/50 bg-gray-50 dark:bg-&#091;#444654&#093;\" data-testid=\"conversation-turn-13\">\n<div class=\"p-4 justify-center text-base md:gap-6 md:py-6 m-auto\">\n<div class=\"flex flex-1 gap-4 text-base mx-auto md:gap-6 md:max-w-2xl lg:max-w-&#091;38rem&#093; xl:max-w-3xl }\">\n<div class=\"relative flex w-&#091;calc(100%-50px)&#093; flex-col gap-1 md:gap-3 lg:w-&#091;calc(100%-115px)&#093;\">\n<div class=\"flex flex-grow flex-col gap-3 max-w-full\">\n<div class=\"min-h-&#091;20px&#093; flex flex-col items-start gap-3 overflow-x-auto whitespace-pre-wrap break-words\">\n<div class=\"markdown prose w-full break-words dark:prose-invert light\">\n<p>M\u00e1y Massage n\u00e0y kh\u00e1c bi\u1ec7t v\u1edbi c\u00e1c d\u00f2ng tr\u01b0\u1edbc \u0111\u00f3 b\u1edfi t\u00ednh n\u0103ng l\u00e0m n\u00f3ng t\u1ed1i \u0111a t\u1edbi 45 \u0111\u1ed9 C. S\u1ef1 k\u1ebft h\u1ee3p \u0111\u1eb7c bi\u1ec7t gi\u1eefa kh\u1ea3 n\u0103ng ch\u01b0\u1eddm n\u00f3ng v\u00e0 rung t\u1ea7n s\u1ed1 cao gi\u00fap c\u00e1c v\u00f9ng c\u01a1 c\u1ee7a b\u1ea1n ho\u00e0n to\u00e0n \u0111\u01b0\u1ee3c th\u01b0 gi\u00e3n v\u00e0 mang \u0111\u1ebfn hi\u1ec7u qu\u1ea3 g\u1ea7n nh\u01b0 tuy\u1ec7t \u0111\u1ed1i.<\/p>\n<\/div>\n<\/div>\n<\/div>\n<\/div>\n<\/div>\n<\/div>\n<\/div>\n\t\t<\/div>\n\t\t\t\t\t<\/div>\n\n\t\n<\/div>\n<p>&nbsp;<\/p>\n<div class=\"row\"  id=\"row-892010075\">\n\n\t<div id=\"col-62306706\" class=\"col medium-1\/3 large-4\"  >\n\t\t\t\t<div class=\"col-inner\"  >\n\t\t\t\n\t\t\t\n<p><img loading=\"lazy\" decoding=\"async\" class=\"size-medium wp-image-8816\" src=\"https:\/\/ykhoathongminh.com\/wp-content\/uploads\/2024\/07\/Sung-Massage-cam-tay-mini-Philips-PPM7303-cho-nguoi-gia-300x300.jpg\" alt=\"\" width=\"300\" height=\"300\" srcset=\"https:\/\/ykhoathongminh.com\/wp-content\/uploads\/2024\/07\/Sung-Massage-cam-tay-mini-Philips-PPM7303-cho-nguoi-gia-300x300.jpg 300w, https:\/\/ykhoathongminh.com\/wp-content\/uploads\/2024\/07\/Sung-Massage-cam-tay-mini-Philips-PPM7303-cho-nguoi-gia-150x150.jpg 150w, https:\/\/ykhoathongminh.com\/wp-content\/uploads\/2024\/07\/Sung-Massage-cam-tay-mini-Philips-PPM7303-cho-nguoi-gia-768x768.jpg 768w, https:\/\/ykhoathongminh.com\/wp-content\/uploads\/2024\/07\/Sung-Massage-cam-tay-mini-Philips-PPM7303-cho-nguoi-gia-12x12.jpg 12w, https:\/\/ykhoathongminh.com\/wp-content\/uploads\/2024\/07\/Sung-Massage-cam-tay-mini-Philips-PPM7303-cho-nguoi-gia-600x600.jpg 600w, https:\/\/ykhoathongminh.com\/wp-content\/uploads\/2024\/07\/Sung-Massage-cam-tay-mini-Philips-PPM7303-cho-nguoi-gia-100x100.jpg 100w, https:\/\/ykhoathongminh.com\/wp-content\/uploads\/2024\/07\/Sung-Massage-cam-tay-mini-Philips-PPM7303-cho-nguoi-gia.jpg 800w\" sizes=\"(max-width: 300px) 100vw, 300px\" \/><\/p>\n<h3 class=\"p-heading-04-large p-heading-bold p-feature-title\">Ch\u01b0\u1eddm nhi\u1ec7t rung \u0111\u1ec3 gi\u1ea3m c\u0103ng c\u01a1<\/h3>\n<p>Khi b\u1ea1n \u0111\u00e3 k\u1ebft n\u1ed1i \u0111\u1ea7u massage, thi\u1ebft b\u1ecb c\u00f3 kh\u1ea3 n\u0103ng t\u1ef1 \u0111\u1ed9ng nh\u1eadn bi\u1ebft v\u00e0 b\u1eadt ch\u1ebf \u0111\u1ed9 ch\u01b0\u1eddm n\u00f3ng. B\u1ec1 m\u1eb7t l\u00e0m t\u1eeb th\u00e9p kh\u00f4ng g\u1ec9, khi m\u00e1y ho\u1ea1t \u0111\u1ed9ng s\u1ebd duy tr\u00ec nhi\u1ec7t \u0111\u1ed9 \u1ed5n \u0111\u1ecbnh t\u1ea1i 45 \u0111\u1ed9 C. V\u1edbi t\u00e1c \u0111\u1ed9ng c\u1ee7a t\u1ea7n s\u1ed1 cao, nhi\u1ec7t s\u1ebd ti\u1ebfn s\u00e2u v\u00e0o c\u01a1 b\u1eafp, t\u1ea1o ra hi\u1ec7u su\u1ea5t th\u01b0 gi\u00e3n t\u1ed1i \u01b0u.<\/p>\n\t\t<\/div>\n\t\t\t\t\t<\/div>\n\n\t\n\n\t<div id=\"col-1299868373\" class=\"col medium-1\/3 large-4\"  >\n\t\t\t\t<div class=\"col-inner\"  >\n\t\t\t\n\t\t\t\n<p><img loading=\"lazy\" decoding=\"async\" class=\"alignnone size-medium wp-image-8815\" src=\"https:\/\/ykhoathongminh.com\/wp-content\/uploads\/2024\/07\/Sung-Massage-cam-tay-mini-Philips-PPM7303-chinh-hang-1-300x300.jpg\" alt=\"\" width=\"300\" height=\"300\" srcset=\"https:\/\/ykhoathongminh.com\/wp-content\/uploads\/2024\/07\/Sung-Massage-cam-tay-mini-Philips-PPM7303-chinh-hang-1-300x300.jpg 300w, https:\/\/ykhoathongminh.com\/wp-content\/uploads\/2024\/07\/Sung-Massage-cam-tay-mini-Philips-PPM7303-chinh-hang-1-150x150.jpg 150w, https:\/\/ykhoathongminh.com\/wp-content\/uploads\/2024\/07\/Sung-Massage-cam-tay-mini-Philips-PPM7303-chinh-hang-1-768x768.jpg 768w, https:\/\/ykhoathongminh.com\/wp-content\/uploads\/2024\/07\/Sung-Massage-cam-tay-mini-Philips-PPM7303-chinh-hang-1-12x12.jpg 12w, https:\/\/ykhoathongminh.com\/wp-content\/uploads\/2024\/07\/Sung-Massage-cam-tay-mini-Philips-PPM7303-chinh-hang-1-600x600.jpg 600w, https:\/\/ykhoathongminh.com\/wp-content\/uploads\/2024\/07\/Sung-Massage-cam-tay-mini-Philips-PPM7303-chinh-hang-1-100x100.jpg 100w, https:\/\/ykhoathongminh.com\/wp-content\/uploads\/2024\/07\/Sung-Massage-cam-tay-mini-Philips-PPM7303-chinh-hang-1.jpg 800w\" sizes=\"(max-width: 300px) 100vw, 300px\" \/><\/p>\n<h3>Thi\u1ebft k\u1ebf hi\u1ec7n \u0111\u1ea1i \u2013 Nh\u1ecf g\u1ecdn \u2013 Thu\u1eadn ti\u1ec7n mang theo<\/h3>\n<div class=\"group w-full text-token-text-primary border-b border-black\/10 dark:border-gray-900\/50 bg-gray-50 dark:bg-&#091;#444654&#093;\" data-testid=\"conversation-turn-9\">\n<div class=\"p-4 justify-center text-base md:gap-6 md:py-6 m-auto\">\n<div class=\"flex flex-1 gap-4 text-base mx-auto md:gap-6 md:max-w-2xl lg:max-w-&#091;38rem&#093; xl:max-w-3xl }\">\n<div class=\"relative flex w-&#091;calc(100%-50px)&#093; flex-col gap-1 md:gap-3 lg:w-&#091;calc(100%-115px)&#093;\">\n<div class=\"flex flex-grow flex-col gap-3 max-w-full\">\n<div class=\"min-h-&#091;20px&#093; flex flex-col items-start gap-3 overflow-x-auto whitespace-pre-wrap break-words\">\n<div class=\"markdown prose w-full break-words dark:prose-invert light\">\n<p>V\u1edbi tr\u1ecdng l\u01b0\u1ee3ng si\u00eau nh\u1eb9 d\u01b0\u1edbi 300g, m\u00e1y massage Philips PPM7303 d\u1ec5 d\u00e0ng mang theo b\u1ea5t c\u1ee9 n\u01a1i n\u00e0o b\u1ea1n \u0111\u1ebfn. Thi\u1ebft k\u1ebf h\u00ecnh ch\u1eef \u201cT\u201d, v\u1ecf ngo\u00e0i s\u01a1n kim lo\u1ea1i b\u1ec1n b\u1ec9 v\u00e0 b\u00e1ng c\u1ea7m r\u1ed9ng 36mm gi\u00fap vi\u1ec7c c\u1ea7m n\u1eafm m\u00e1y v\u00f4 c\u00f9ng d\u1ec5 d\u00e0ng v\u00e0 tho\u1ea3i m\u00e1i, c\u0169ng nh\u01b0 thu\u1eadn ti\u1ec7n trong m\u1ecdi thao t\u00e1c massage nh\u1ec1u v\u1ecb tr\u00ed c\u1ee7a c\u01a1 th\u1ec3.<\/p>\n<\/div>\n<\/div>\n<\/div>\n<\/div>\n<\/div>\n<\/div>\n<\/div>\n\t\t<\/div>\n\t\t\t\t\t<\/div>\n\n\t\n\n\t<div id=\"col-473585032\" class=\"col medium-1\/3 large-4\"  >\n\t\t\t\t<div class=\"col-inner\"  >\n\t\t\t\n\t\t\t\n<p><img loading=\"lazy\" decoding=\"async\" class=\"alignnone size-medium wp-image-8814\" src=\"https:\/\/ykhoathongminh.com\/wp-content\/uploads\/2024\/07\/Sung-Massage-cam-tay-mini-Philips-PPM7303-chat-luong-300x300.jpg\" alt=\"\" width=\"300\" height=\"300\" srcset=\"https:\/\/ykhoathongminh.com\/wp-content\/uploads\/2024\/07\/Sung-Massage-cam-tay-mini-Philips-PPM7303-chat-luong-300x300.jpg 300w, https:\/\/ykhoathongminh.com\/wp-content\/uploads\/2024\/07\/Sung-Massage-cam-tay-mini-Philips-PPM7303-chat-luong-150x150.jpg 150w, https:\/\/ykhoathongminh.com\/wp-content\/uploads\/2024\/07\/Sung-Massage-cam-tay-mini-Philips-PPM7303-chat-luong-768x768.jpg 768w, https:\/\/ykhoathongminh.com\/wp-content\/uploads\/2024\/07\/Sung-Massage-cam-tay-mini-Philips-PPM7303-chat-luong-12x12.jpg 12w, https:\/\/ykhoathongminh.com\/wp-content\/uploads\/2024\/07\/Sung-Massage-cam-tay-mini-Philips-PPM7303-chat-luong-600x600.jpg 600w, https:\/\/ykhoathongminh.com\/wp-content\/uploads\/2024\/07\/Sung-Massage-cam-tay-mini-Philips-PPM7303-chat-luong-100x100.jpg 100w, https:\/\/ykhoathongminh.com\/wp-content\/uploads\/2024\/07\/Sung-Massage-cam-tay-mini-Philips-PPM7303-chat-luong.jpg 800w\" sizes=\"(max-width: 300px) 100vw, 300px\" \/><\/p>\n<h3>Rung t\u1ea7n s\u1ed1 cao \u2013 Massage chuy\u00ean s\u00e2u<\/h3>\n<div class=\"group w-full text-token-text-primary border-b border-black\/10 dark:border-gray-900\/50 bg-gray-50 dark:bg-&#091;#444654&#093;\" data-testid=\"conversation-turn-9\">\n<div class=\"p-4 justify-center text-base md:gap-6 md:py-6 m-auto\">\n<div class=\"flex flex-1 gap-4 text-base mx-auto md:gap-6 md:max-w-2xl lg:max-w-&#091;38rem&#093; xl:max-w-3xl }\">\n<div class=\"relative flex w-&#091;calc(100%-50px)&#093; flex-col gap-1 md:gap-3 lg:w-&#091;calc(100%-115px)&#093;\">\n<div class=\"flex flex-grow flex-col gap-3 max-w-full\">\n<div class=\"min-h-&#091;20px&#093; flex flex-col items-start gap-3 overflow-x-auto whitespace-pre-wrap break-words\">\n<div class=\"markdown prose w-full break-words dark:prose-invert light\">\n<p>S\u1eed d\u1ee5ng h\u1ec7 th\u1ed1ng chuy\u1ec3n \u0111\u1ed9ng ho\u00e0n to\u00e0n b\u1eb1ng kim lo\u1ea1i Super Dynamic, thi\u1ebft b\u1ecb \u0111\u00e3 \u0111\u01b0\u1ee3c t\u1ed1i \u01b0u h\u00f3a \u0111\u1ec3 cung c\u1ea5p c\u00f4ng su\u1ea5t m\u1ea1nh m\u1ebd l\u00ean \u0111\u1ebfn 5kg. V\u1edbi kh\u1ea3 n\u0103ng \u0111i\u1ec1u khi\u1ec3n 5 m\u1ee9c \u0111\u1ed9 m\u1ea1nh kh\u00e1c nhau ch\u1ec9 qua m\u1ed9t n\u00fat b\u1ea5m, mang \u0111\u1ebfn tr\u1ea3i nghi\u1ec7m massage chuy\u00ean s\u00e2u, gi\u00fap b\u1ea1n th\u01b0 gi\u00e3n t\u1ed1i \u0111a.<\/p>\n<\/div>\n<\/div>\n<\/div>\n<\/div>\n<\/div>\n<\/div>\n<\/div>\n\t\t<\/div>\n\t\t\t\t\t<\/div>\n\n\t\n<\/div>\n<p>&nbsp;<\/p>\n<p>&nbsp;<\/p>\n<div id=\"col-2081341389\" class=\"col small-12 large-12\">\n<div class=\"col-inner\">\n<h2 class=\"p-heading-02 p-heading-medium p-s08__spec-main-title\">Th\u00f4ng s\u1ed1 k\u1ef9 thu\u1eadt<\/h2>\n<\/div>\n<\/div>\n<div id=\"col-2061592761\" class=\"col small-12 large-12\">\n<div class=\"col-inner\">\n<table width=\"741\">\n<tbody>\n<tr>\n<td width=\"196\">Chi ti\u1ebft<\/td>\n<td width=\"285\"><strong>K\u00edch th\u01b0\u1edbc s\u1ea3n ph\u1ea9m (DxRxC)<\/strong><\/td>\n<td width=\"260\">75\u00d738\u00d7153 mm<\/td>\n<\/tr>\n<tr>\n<td width=\"196\"><\/td>\n<td width=\"285\"><strong>Tr\u1ecdng l\u01b0\u1ee3ng th\u1ef1c<\/strong><\/td>\n<td width=\"260\">303g<\/td>\n<\/tr>\n<tr>\n<td width=\"196\"><\/td>\n<td width=\"285\"><strong>S\u1ed1 l\u01b0\u1ee3ng \u0111\u1ea7u massage<\/strong><\/td>\n<td width=\"260\">7 \u0111\u1ea7u massage<\/td>\n<\/tr>\n<tr>\n<td width=\"196\"><\/td>\n<td width=\"285\"><strong>\u0110i\u1ec7n \u00e1p l\u00e0m vi\u1ec7c<\/strong><\/td>\n<td width=\"260\">7,4 V<\/td>\n<\/tr>\n<tr>\n<td width=\"196\"><\/td>\n<td width=\"285\"><strong>C\u00f4ng su\u1ea5t l\u00e0m vi\u1ec7c<\/strong><\/td>\n<td>10W<\/td>\n<\/tr>\n<tr>\n<td width=\"196\"><\/td>\n<td><strong>Pin<\/strong><\/td>\n<td>\n<div class=\"p-body-copy-02\">1300 mAh<\/div>\n<\/td>\n<\/tr>\n<tr>\n<td width=\"196\"><\/td>\n<td><strong>L\u1ef1c \u0111\u1ea9y t\u1ed1i \u0111a<\/strong><\/td>\n<td>\n<div class=\"p-body-copy-02\">5kg<\/div>\n<\/td>\n<\/tr>\n<tr>\n<td width=\"196\"><\/td>\n<td><strong>D\u00f2ng \u0111i\u1ec7n s\u1ea1c<\/strong><\/td>\n<td>\n<div class=\"p-body-copy-02\">2A<\/div>\n<\/td>\n<\/tr>\n<tr>\n<td width=\"196\"><\/td>\n<td><strong>C\u1ed5ng s\u1ea1c<\/strong><\/td>\n<td>\n<div class=\"p-body-copy-02\">USB Type-C 5V 2A<\/div>\n<\/td>\n<\/tr>\n<\/tbody>\n<\/table>\n<\/div>\n<\/div>","protected":false},"excerpt":{"rendered":"<p><strong>PHILIPS PPM7303<\/strong> l\u00e0 s\u1ea3n ph\u1ea9m <strong>s\u00fang massage c\u1ea7m tay<\/strong> c\u1ef1c k\u1ef3 hi\u1ec7n \u0111\u1ea1i v\u1edbi thi\u1ebft k\u1ebf\u00a0 nh\u1ecf g\u1ecdn. \u0110i k\u00e8m theo \u0111\u00f3 l\u00e0 6 \u0111\u1ea7u massage kh\u00e1c nhau \u0111\u1ec3 ph\u00f9 h\u1ee3p cho\u00a0 nhi\u1ec1u nhu c\u1ea7u \u0111\u1ea5m b\u00f3p kh\u00e1c nhau. B\u00ean c\u1ea1nh \u0111\u00f3 s\u00fang massage\u00a0Philips c\u00f2n \u0111\u01b0\u1ee3c trang b\u1ecb kh\u1ea3 n\u0103ng ch\u01b0\u1eddm \u1ea5m v\u00f4 c\u00f9ng hi\u1ec7n \u0111\u1ea1i \u0111\u1ec3 c\u00f3 th\u1ec3 h\u1ed7 tr\u1ee3 gi\u1ea3m c\u0103ng c\u01a1 hi\u1ec7u qu\u1ea3 nh\u1ea5t. V\u1edbi nh\u1eefng \u01b0u \u0111i\u1ec3m tr\u00ean th\u00ec \u0111\u00e2y ch\u00ednh x\u00e1c l\u00e0 s\u1ea3n ph\u1ea9m\u00a0massage c\u1ef1c k\u1ef3 ph\u00f9 h\u1ee3p \u0111\u1ec3 s\u1eed d\u1ee5ng sau nh\u1eefng bu\u1ed5i t\u1eadp luy\u1ec7n ho\u1eb7c h\u1ea1n ch\u1ebf \u0111au nh\u1ee9c khi l\u00e0m vi\u1ec7c trong th\u1eddi gian d\u00e0i.<\/p>\n<p>B\u1ea3o h\u00e0nh : 2 n\u0103m<\/p>","protected":false},"featured_media":7477,"comment_status":"open","ping_status":"closed","template":"","meta":{"_acf_changed":false,"rank_math_lock_modified_date":false},"product_cat":[294,93],"product_tag":[],"class_list":{"0":"post-2062","1":"product","2":"type-product","3":"status-publish","4":"has-post-thumbnail","6":"product_cat-may-massage-cam-tay","7":"product_cat-thiet-bi-massage","9":"first","10":"instock","11":"shipping-taxable","12":"purchasable","13":"product-type-simple"},"acf":[],"_links":{"self":[{"href":"https:\/\/ykhoathongminh.com\/en\/wp-json\/wp\/v2\/product\/2062"}],"collection":[{"href":"https:\/\/ykhoathongminh.com\/en\/wp-json\/wp\/v2\/product"}],"about":[{"href":"https:\/\/ykhoathongminh.com\/en\/wp-json\/wp\/v2\/types\/product"}],"replies":[{"embeddable":true,"href":"https:\/\/ykhoathongminh.com\/en\/wp-json\/wp\/v2\/comments?post=2062"}],"wp:featuredmedia":[{"embeddable":true,"href":"https:\/\/ykhoathongminh.com\/en\/wp-json\/wp\/v2\/media\/7477"}],"wp:attachment":[{"href":"https:\/\/ykhoathongminh.com\/en\/wp-json\/wp\/v2\/media?parent=2062"}],"wp:term":[{"taxonomy":"product_cat","embeddable":true,"href":"https:\/\/ykhoathongminh.com\/en\/wp-json\/wp\/v2\/product_cat?post=2062"},{"taxonomy":"product_tag","embeddable":true,"href":"https:\/\/ykhoathongminh.com\/en\/wp-json\/wp\/v2\/product_tag?post=2062"}],"curies":[{"name":"wp","href":"https:\/\/api.w.org\/{rel}","templated":true}]}}