{"id":2063,"date":"2024-07-22T15:18:54","date_gmt":"2024-07-22T15:18:54","guid":{"rendered":"https:\/\/ykhoathongminh.com\/?post_type=product&#038;p=2063"},"modified":"2024-10-22T08:23:44","modified_gmt":"2024-10-22T08:23:44","slug":"den-hong-ngoai-tne-chan-cao-1m7-de-gang","status":"publish","type":"product","link":"https:\/\/ykhoathongminh.com\/en\/product\/den-hong-ngoai-tne-chan-cao-1m7-de-gang\/","title":{"rendered":"\u0110\u00e8n h\u1ed3ng ngo\u1ea1i TNE ch\u00e2n cao 1m7 \u0111\u1ebf gang"},"content":{"rendered":"<p>\u0110\u00e8n h\u1ed3ng ngo\u1ea1i l\u00e0 thi\u1ebft b\u1ecb y t\u1ebf \u0111\u01b0\u1ee3c s\u1eed d\u1ee5ng r\u1ed9ng r\u00e3i trong c\u00e1c b\u1ec7nh vi\u1ec7n \u1edf Vi\u1ec7t Nam, \u0111\u01b0\u1ee3c c\u00e1c b\u00e1c s\u0129 khuy\u00ean d\u00f9ng trong nh\u1eefng tr\u01b0\u1eddng h\u1ee3p sau:<\/p>\n<ul>\n<li class=\"_ilcss3_\">H\u1ed7 tr\u1ee3 \u0111i\u1ec1u tr\u1ecb c\u00e1c b\u1ec7nh vi\u00eam m\u00e3n t\u00ednh nh\u01b0 vi\u00eam kh\u1edbp, vi\u00eam g\u00e2n, tho\u00e1i h\u00f3a kh\u1edbp, \u00e1p xe&#8230;<\/li>\n<li class=\"_ilcss3_\">\u0110i\u1ec1u tr\u1ecb ph\u00f9 n\u1ec1 do vi\u00eam, ch\u00e8n \u00e9p, do ch\u1ea5n th\u01b0\u01a1ng.<\/li>\n<li class=\"_ilcss3_\">\u0110au nh\u1ee9c x\u01b0\u01a1ng kh\u1edbp, \u0111au do th\u1ea7n kinh ngo\u1ea1i vi.<\/li>\n<li class=\"_ilcss3_\">Co th\u1eaft c\u01a1, c\u01a1 t\u0103ng tr\u01b0\u01a1ng l\u1ef1c, chu\u1ea9n b\u1ecb cho t\u1eadp v\u1eadn \u0111\u1ed9ng.<\/li>\n<li class=\"_ilcss3_\">V\u1ebft th\u01b0\u01a1ng ch\u1eadm li\u1ec1n.<\/li>\n<li class=\"_ilcss3_\">Gi\u1ea3m \u0111au, gi\u1ea3m co th\u1eaft c\u01a1 trong c\u00e1c ch\u1ee9ng \u0111au m\u00e3n t\u00ednh nh\u01b0: \u0111au th\u1eaft l\u01b0ng, \u0111au c\u1ed5 vai c\u00e1nh tay, \u0111au th\u1ea7n kinh t\u1ecda, \u0111au th\u1ea7n kinh li\u00ean s\u01b0\u1eddn, \u0111au kh\u1edbp, \u0111au c\u01a1,&#8230;<\/li>\n<li class=\"_ilcss3_\">T\u0103ng c\u01b0\u1eddng dinh d\u01b0\u1ee1ng t\u1ea1i ch\u1ed7 trong c\u00e1c tr\u01b0\u1eddng h\u1ee3p v\u1ebft th\u01b0\u01a1ng, v\u1ebft lo\u00e9t l\u00e2u li\u1ec1n, l\u00e0m nhanh li\u1ec1n s\u1eb9o,&#8230;<\/li>\n<li class=\"_ilcss3_\">L\u00e0m gi\u00e3n c\u01a1 \u0111\u1ec3 gi\u00fap cho c\u00e1c k\u1ef9 thu\u1eadt tr\u1ecb li\u1ec7u kh\u00e1c nh\u01b0 xoa b\u00f3p, t\u1eadp v\u1eadn \u0111\u1ed9ng d\u1ec5 d\u00e0ng h\u01a1n.<\/li>\n<\/ul>\n<h2>C\u00f4ng d\u1ee5ng c\u1ee7a \u0111\u00e8n h\u1ed3ng ngo\u1ea1i:<\/h2>\n<p style=\"font-weight: 100;\">&#8211; \u0110\u00e8n h\u1ed3ng ngo\u1ea1i t\u1eadp trung c\u00e1c tia s\u00e1ng \u0111i\u1ec7n t\u1eeb h\u1ed3ng ngo\u1ea1i, chi\u1ebfu r\u1ecdi v\u00e0o c\u01a1 th\u1ec3 ng\u01b0\u1eddi g\u00e2y ra c\u00e1c ph\u1ea3n \u1ee9ng l\u00fd, h\u00f3a, nh\u1eb1m \u0111i\u1ec1u tr\u1ecb c\u00e1c b\u1ec7nh l\u00fd: \u0111au, s\u01b0ng, ph\u00f9 n\u1ec1, b\u1ea7m t\u00edm, gout, ch\u1ee9ng c\u0103n c\u01a1, ch\u1ee9ng c\u0103ng th\u1eb3ng, m\u1ec7t m\u1ecfi, b\u1ec7nh tai m\u0169i h\u1ecdng, nhanh ch\u00f3ng l\u00e0m l\u00e0nh v\u1ebft th\u01b0\u01a1ng v.v..<\/p>\n<p style=\"font-weight: 100;\">Gi\u00fap t\u0103ng c\u01b0\u1eddng trao \u0111\u1ed5i ch\u1ea5t, k\u00edch th\u00edch sinh tr\u01b0\u1edfng t\u1ebf b\u00e0o, nhanh ch\u00f3ng h\u1ed3i s\u1ee9c kh\u1ecfe v\u00e0 mang l\u1ea1i c\u1ea3m gi\u00e1c s\u1ea3ng kho\u00e1i khi chi\u1ebfu r\u1ecdi.<\/p>\n<p style=\"font-weight: 100;\">&#8211; \u0110\u1ed1i v\u1edbi l\u00e0n da v\u00e0 s\u1eafc \u0111\u1eb9p: \u0110\u00e8n h\u1ed3ng ngo\u1ea1i c\u00f3 t\u00e1c d\u1ee5ng t\u00edch c\u1ef1c l\u00e0m \u0111\u1eb9p da, l\u00e0m m\u1ec1m da (c\u1ea3 c\u01a1 th\u1ec3 v\u00e0 v\u00f9ng m\u1eb7t), nh\u1eefng m\u1ea1ch m\u00e1u li ti \u0111\u01b0\u1ee3c gi\u00e3n n\u1edf gi\u00fap m\u00e1u l\u01b0u th\u00f4ng t\u1ed1t, k\u00edch th\u00edch sinh tr\u01b0\u1edfng t\u1ebf b\u00e0o da m\u1edbi, m\u1ea5t \u0111i t\u1ebf b\u00e0o da ch\u1ebft; L\u00e0m \u0111\u1eb9p t\u00f3c: Ch\u00e2n t\u00f3c \u0111\u01b0\u1ee3c k\u00edch th\u00edch ho\u1eb7c khi nhu\u1ed9m t\u00f3c s\u1ebd gi\u1eef m\u00e0u t\u1ed1t h\u01a1n.<\/p>\n<figure id=\"attachment_9551\" aria-describedby=\"caption-attachment-9551\" style=\"width: 405px\" class=\"wp-caption aligncenter\"><img loading=\"lazy\" decoding=\"async\" class=\"size-medium wp-image-9551\" src=\"https:\/\/ykhoathongminh.com\/wp-content\/uploads\/2023\/09\/Den-hong-ngoai-chan-cao-de-gang-405x540.jpg\" alt=\"\" width=\"405\" height=\"540\" \/><figcaption id=\"caption-attachment-9551\" class=\"wp-caption-text\">\u0110\u00e8n h\u1ed3ng ngo\u1ea1i ch\u00e2n cao \u0111\u1ebf gang<\/figcaption><\/figure>\n<h2>S\u1eed d\u1ee5ng h\u1ee3p l\u00fd<\/h2>\n<p style=\"font-weight: 100;\">\u0110\u00e8n\u00a0 h\u1ed3ng ngo\u1ea1i \u00a0\u0111\u01b0\u1ee3c thi\u1ebft k\u1ebf c\u00f3 c\u1ed5 ng\u1ed7ng \u0111\u1ec3 linh ho\u1ea1t m\u1ecdi g\u00f3c \u0111\u1ed9 chi\u1ebfu r\u1ecdi v\u00e0o c\u01a1 th\u1ec3, h\u01b0\u1edbng b\u1ee9c x\u1ea1 h\u1ed3ng ngo\u1ea1i d\u1ec5 d\u00e0ng v\u00e0o v\u00f9ng c\u01a1 th\u1ebf c\u1ea7n chi\u1ebfu r\u1ecdi.<\/p>\n<p style=\"font-weight: 100;\">&#8211; Kho\u1ea3ng c\u00e1ch t\u1eeb \u0111\u00e8n \u0111\u1ebfn ng\u01b0\u1eddi t\u1eeb 30cm &#8211; 80cm, tr\u00e1nh ti\u1ebfp x\u00fac qu\u00e1 g\u1ea7n \u0111\u00e8n d\u1ec5 g\u00e2y b\u1ecfng.<\/p>\n<p style=\"font-weight: 100;\">&#8211; Th\u1eddi gian r\u1ecd t\u1eeb 15 ph\u00fat &#8211; 30 ph\u00fat. Ng\u00e0y r\u1ecdi t\u1eeb 2 &#8211; 4 l\u1ea7n.<\/p>\n<p style=\"font-weight: 100;\">&#8211; C\u00e1c B\u00e1c S\u0129 khuy\u00ean d\u00f9ng \u0111\u00e8n h\u1ed3ng ngo\u1ea1i h\u1eb1ng ng\u00e0y.<\/p>\n<p style=\"font-weight: 100;\">Ch\u00fang t\u00f4i khuy\u1ebfn c\u00e1o kh\u00f4ng s\u1eed d\u1ee5ng trong c\u00e1c tr\u01b0\u1eddng h\u1ee3p sau \u0111\u00e2y:<\/p>\n<p style=\"font-weight: 100;\">&#8211; Kh\u00f4ng s\u1eed d\u1ee5ng cho ng\u01b0\u1eddi qua nh\u1ea1y c\u1ea3m v\u1edbi nhi\u1ec7t. Tr\u01b0\u1eddng h\u1ee3p nh\u1ea1y c\u1ea3m v\u1edbi nhi\u1ec7t c\u00f3 th\u1ec3 gi\u1ea3m b\u1edbt ho\u1eb7c t\u0103ng l\u00ean trong c\u00e1c tr\u01b0\u1eddng h\u1ee3p: b\u1ec7nh nh\u00e2n \u0111\u00e1i th\u00e1o \u0111\u01b0\u1eddng, nh\u1eefng ng\u01b0\u1eddi thay \u0111\u1ed5i \u1edf da g\u00e2y ra b\u1edbi b\u1ec7nh t\u1eadt.<\/p>\n<p style=\"font-weight: 100;\">&#8211; Tr\u01b0\u1eddng h\u1ee3p u\u1ed1ng r\u01b0\u1ee3u.<\/p>\n<h2>Ch\u00fa \u00fd quan tr\u1ecdng<\/h2>\n<p style=\"font-weight: 100;\">&#8211; Tr\u1ebb em v\u00e0 ng\u01b0\u1eddi l\u1edbn tu\u1ed5i c\u1ea7n \u0111\u01b0\u1ee3c gi\u00e1m s\u00e1t khi s\u1eed d\u1ee5ng \u0111\u00e8n. Tr\u1ebb em th\u01b0\u1eddng kh\u00f4ng bi\u1ebft r\u00f5 c\u00e1ch s\u1eed d\u1ee5ng thi\u1ebft b\u1ecb \u0111i\u1ec7n an to\u00e0n.<\/p>\n<p style=\"font-weight: 100;\">&#8211; C\u1ea7n c\u00f3 ng\u01b0\u1eddi gi\u00e1m s\u00e1t khi s\u1eed d\u1ee5ng cho ng\u01b0\u1eddi b\u1ecb h\u1ea1n ch\u1ebf v\u1ec1 tinh th\u1ea7n.<\/p>\n<p style=\"font-weight: 100;\">&#8211; Kh\u00f4ng ti\u1ebfp x\u00fac v\u00e0o th\u1ee7y tinh b\u00f3ng \u0111\u00e8n khi \u0111ang b\u1eadt, c\u00f3 th\u1ec3 g\u00e2y b\u1ecfng ho\u1eb7c ch\u00e1y.<\/p>\n<p style=\"font-weight: 100;\">&#8211; Kh\u00f4ng \u0111\u1ec3 b\u1ea5t c\u1ee9 v\u1eadt d\u1ee5ng n\u00e0o ch\u1ea1m v\u00e0o \u0111\u00e8n khi \u0111ang b\u1eadt. Kh\u00f4ng r\u1ecdi v\u00e0o c\u00e1c v\u1eadt d\u1ec5 ch\u00e1y, \u0111\u1ec1 ph\u00f2ng qu\u00e1 nhi\u1ec7t g\u00e2y ra ch\u00e1y. Ch\u1ec9 bao che ho\u1eb7c \u0111\u00f3ng g\u00f3i khi \u0111\u00e8n \u0111\u00e3 ngu\u1ed9i.<\/p>\n<p style=\"font-weight: 100;\">&#8211; Trong m\u1ed9t s\u1ed1 tr\u01b0\u1eddng h\u1ee3p, c\u00e1c lo\u1ea1i thu\u1ed1c, m\u1ef9 ph\u1ea9m, th\u1ef1c ph\u1ea9m c\u00f3 th\u1ec3 d\u1eabn \u0111\u1ebfn c\u00e1c ph\u1ea3n \u1ee9ng da qu\u00e1 nh\u1ea1y c\u1ea3m ho\u1eb7c d\u1ecb \u1ee9ng. N\u00ean ng\u01b0ng thu\u1ed1c hay m\u1ef9 ph\u1ea9m ngay trong tr\u01b0\u1eddng h\u1ee3p n\u00e0y.<\/p>\n<p style=\"font-weight: 100;\">&#8211; Kh\u00f4ng s\u1eed d\u1ee5ng l\u00fac bu\u1ed3n ng\u1ee7, \u0111ang ng\u1ee7.<\/p>\n<p style=\"font-weight: 100;\">&#8211; khi chi\u1ebfu r\u1ecdi v\u00e0o m\u1eb7t, c\u1ea7n nh\u1eafm m\u1eaft ho\u1eb7c che m\u1eaft l\u1ea1i.<\/p>\n<p style=\"font-weight: 100;\">&#8211; Kh\u00f4ng \u0111\u1ec3 \u0111\u00e8n ti\u1ebfp x\u00fac v\u1edbi n\u01b0\u1edbc.<\/p>\n<h2>V\u1ec7 sinh thay b\u00f3ng<\/h2>\n<p style=\"font-weight: 100;\">&#8211; H\u00e3y r\u00fat ph\u00edch c\u1eafm v\u00e0 \u0111\u1ec3 \u0111\u00e8n ngu\u1ed9i.<\/p>\n<p style=\"font-weight: 100;\">&#8211; L\u00e0m s\u1ea1ch b\u1eb1ng v\u1ea3i kh\u00f4.<\/p>\n<p style=\"font-weight: 100;\">&#8211; Chu\u00f4i \u0111\u00e8n: E27; 220V, 250W.<\/p>\n<p>&nbsp;<\/p>","protected":false},"excerpt":{"rendered":"<p>\u0110\u00e8n h\u1ed3ng ngo\u1ea1i t\u1eadp trung c\u00e1c tia s\u00e1ng \u0111i\u1ec7n t\u1eeb h\u1ed3ng ngo\u1ea1i, chi\u1ebfu r\u1ecdi v\u00e0o c\u01a1 th\u1ec3 ng\u01b0\u1eddi g\u00e2y ra c\u00e1c ph\u1ea3n \u1ee9ng l\u00fd, h\u00f3a, nh\u1eb1m \u0111i\u1ec1u tr\u1ecb c\u00e1c b\u1ec7nh l\u00fd: \u0111au, s\u01b0ng, ph\u00f9 n\u1ec1, b\u1ea7m t\u00edm, gout, ch\u1ee9ng c\u0103n c\u01a1, ch\u1ee9ng c\u0103ng th\u1eb3ng, m\u1ec7t m\u1ecfi, b\u1ec7nh tai m\u0169i h\u1ecdng, nhanh ch\u00f3ng l\u00e0m l\u00e0nh v\u1ebft th\u01b0\u01a1ng v.v..<\/p>","protected":false},"featured_media":3970,"comment_status":"open","ping_status":"closed","template":"","meta":{"_acf_changed":false,"rank_math_lock_modified_date":false},"product_cat":[1195,118,1388,1189],"product_tag":[],"class_list":{"0":"post-2063","1":"product","2":"type-product","3":"status-publish","4":"has-post-thumbnail","6":"product_cat-den-hong-ngoai","7":"product_cat-phuc-hoi-chuc-nang","8":"product_cat-thiet-bi-nhiet-tri-lieu","9":"product_cat-thiet-bi-vat-ly-tri-lieu","11":"first","12":"instock","13":"shipping-taxable","14":"purchasable","15":"product-type-simple"},"acf":[],"_links":{"self":[{"href":"https:\/\/ykhoathongminh.com\/en\/wp-json\/wp\/v2\/product\/2063"}],"collection":[{"href":"https:\/\/ykhoathongminh.com\/en\/wp-json\/wp\/v2\/product"}],"about":[{"href":"https:\/\/ykhoathongminh.com\/en\/wp-json\/wp\/v2\/types\/product"}],"replies":[{"embeddable":true,"href":"https:\/\/ykhoathongminh.com\/en\/wp-json\/wp\/v2\/comments?post=2063"}],"wp:featuredmedia":[{"embeddable":true,"href":"https:\/\/ykhoathongminh.com\/en\/wp-json\/wp\/v2\/media\/3970"}],"wp:attachment":[{"href":"https:\/\/ykhoathongminh.com\/en\/wp-json\/wp\/v2\/media?parent=2063"}],"wp:term":[{"taxonomy":"product_cat","embeddable":true,"href":"https:\/\/ykhoathongminh.com\/en\/wp-json\/wp\/v2\/product_cat?post=2063"},{"taxonomy":"product_tag","embeddable":true,"href":"https:\/\/ykhoathongminh.com\/en\/wp-json\/wp\/v2\/product_tag?post=2063"}],"curies":[{"name":"wp","href":"https:\/\/api.w.org\/{rel}","templated":true}]}}