{"id":2065,"date":"2024-07-22T15:18:54","date_gmt":"2024-07-22T15:18:54","guid":{"rendered":"https:\/\/ykhoathongminh.com\/?post_type=product&#038;p=2065"},"modified":"2024-09-12T14:02:45","modified_gmt":"2024-09-12T14:02:45","slug":"thung-rac-y-te-nap-lat-loai-15-lit-mau-xanh","status":"publish","type":"product","link":"https:\/\/ykhoathongminh.com\/en\/product\/thung-rac-y-te-nap-lat-loai-15-lit-mau-xanh\/","title":{"rendered":"Th\u00f9ng r\u00e1c y t\u1ebf n\u1eafp l\u1eadt lo\u1ea1i 15 l\u00edt M\u00e0u Xanh"},"content":{"rendered":"<p><strong>\u0110\u1eb7c \u0111i\u1ec3m chung c\u1ee7a Th\u00f9ng r\u00e1c y t\u1ebf 60L n\u1eafp l\u1eadt m\u00e0u xanh<\/strong><\/p>\n<p><strong>Th\u00f9ng r\u00e1c y t\u1ebf 60L n\u1eafp b\u1eadp <\/strong><strong>b\u00eanh<\/strong> l\u00e0 h\u00e0ng nh\u1eadp kh\u1ea9u, thi\u1ebft k\u1ebf chi ti\u1ebft \u0111\u1eb9p, m\u00e0u s\u1eafc s\u00e1ng t\u01b0\u01a1i. \u0110\u1ea3m b\u1ea3o c\u00e1c ti\u00eau chu\u1ea9n v\u1ec1 m\u1eabu m\u00e3 th\u00f9ng r\u00e1c ti\u00eau chu\u1ea9n<\/p>\n<p>&#8211; \u0110\u01b0\u1ee3c l\u00e0m t\u1eeb nh\u1ef1a HDPE nguy\u00ean sinh. Lo\u1ea1i nh\u1ef1a c\u00f3 \u0111\u1ed9 \u0111\u00e0n h\u1ed3i cao, b\u00ean, ch\u1ed1ng n\u1eafng. Do \u0111\u00f3, r\u1ea5t b\u1ec1n, tu\u1ed5i th\u1ecd s\u1eed d\u1ee5ng cao th\u00e2n thi\u1ec7n v\u1edbi m\u00f4i tr\u01b0\u1eddng.<br \/>\n&#8211; Dung t\u00edch l\u1edbn \u0111\u1ef1ng \u0111\u01b0\u1ee3c r\u1ea5t nhi\u1ec1u r\u00e1c, r\u1ea5t ti\u1ec7n. Ki\u1ec3u d\u00e1ng g\u1ecdn kh\u00f4ng m\u1ea5t nhi\u1ec1u di\u1ec7n t\u00edch n\u01a1i s\u1eed d\u1ee5ng.<br \/>\n&#8211; N\u1eafp l\u1eadt \u1edf tr\u00ean, b\u1ecf r\u00e1c ch\u1ec9 c\u1ea7n \u0111\u1ea9y r\u00e1c v\u00e0o<\/p>\n<p>&#8211; C\u00f3 2 tay c\u1ea7m 2 b\u00ean th\u00f9ng r\u00e1c \u0111\u1ec3 x\u00e1ch di chuy\u1ec3n th\u00f9ng r\u00e1c<\/p>\n<p>Ph\u00f9 h\u1ee3p \u0111\u1ec3 \u1edf nhi\u1ec1u n\u01a1i: c\u00f4ng vi\u00ean, tr\u01b0\u1eddng h\u1ecdc, v\u0103n ph\u00f2ng, &#8230;<\/p>\n<p>&#8211; K\u00edch th\u01b0\u1edbc: 465 x 322 x 748 mm<br \/>\n&#8211; Dung t\u00edch: 60L<br \/>\n&#8211; Ch\u1ea5t li\u1ec7u: nh\u1ef1a nguy\u00ean sinh HDPE<br \/>\n&#8211; Ki\u1ec3u d\u00e1ng: n\u1eafp l\u1eadt<br \/>\n&#8211; M\u00e0u s\u1eafc: xanh l\u00e1 + in logo<br \/>\n&#8211; H\u00e0ng m\u1edbi 100%<\/p>","protected":false},"excerpt":{"rendered":"<p><strong>Th\u00f9ng r\u00e1c y t\u1ebf 60L n\u1eafp l\u1eadt m\u00e0u xanh<\/strong> s\u1eed d\u1ee5ng \u0111\u1ec3 \u0111\u1ef1ng r\u00e1c th\u00f4ng th\u01b0\u1eddng. \u0110\u01b0\u1ee3c l\u00e0m t\u1eeb nh\u1ef1a HDPE nguy\u00ean sinh n\u00ean r\u1ea5t s\u00e1ng b\u00f3ng. In logo theo quy \u0111\u1ecbnh chung, n\u1eafp l\u1eadt \u0111\u1ec3 r\u00e1c ti\u1ec7n l\u1ee3i. C\u00f3 th\u1ec3 s\u1eed d\u1ee5ng \u1edf nhi\u1ec1u n\u01a1i: b\u1ec7nh vi\u1ec7n, tr\u01b0\u1eddng h\u1ecdc, nh\u00e0 \u1edf, chung c\u01b0, v\u0103n ph\u00f2ng, &#8230;.<\/p>","protected":false},"featured_media":5465,"comment_status":"open","ping_status":"closed","template":"","meta":{"_acf_changed":false,"rank_math_lock_modified_date":false},"product_cat":[1173,1244,838,1238,1010,1242,1243,1183,1172,1170,1169,1168,149,1171],"product_tag":[],"class_list":{"0":"post-2065","1":"product","2":"type-product","3":"status-publish","4":"has-post-thumbnail","6":"product_cat-bao-ho-lao-dong","7":"product_cat-dung-cu-thiet-bi-bao-ho","8":"product_cat-dung-cu-y-te","9":"product_cat-dung-cu-y-te-khac","10":"product_cat-noi-that-y-te","11":"product_cat-san-pham-spa-khac","12":"product_cat-san-pham-y-te-khac","13":"product_cat-thiet-bi-dung-cu-nha-khoa","14":"product_cat-thiet-bi-nha-khoa","15":"product_cat-thiet-bi-tham-my-spa","16":"product_cat-thiet-bi-y-te-benh-vien","17":"product_cat-thiet-bi-y-te-doanh-nghiep","18":"product_cat-vat-tu-y-te","19":"product_cat-y-te-doanh-nghiep","21":"first","22":"instock","23":"shipping-taxable","24":"purchasable","25":"product-type-simple"},"acf":[],"_links":{"self":[{"href":"https:\/\/ykhoathongminh.com\/en\/wp-json\/wp\/v2\/product\/2065"}],"collection":[{"href":"https:\/\/ykhoathongminh.com\/en\/wp-json\/wp\/v2\/product"}],"about":[{"href":"https:\/\/ykhoathongminh.com\/en\/wp-json\/wp\/v2\/types\/product"}],"replies":[{"embeddable":true,"href":"https:\/\/ykhoathongminh.com\/en\/wp-json\/wp\/v2\/comments?post=2065"}],"wp:featuredmedia":[{"embeddable":true,"href":"https:\/\/ykhoathongminh.com\/en\/wp-json\/wp\/v2\/media\/5465"}],"wp:attachment":[{"href":"https:\/\/ykhoathongminh.com\/en\/wp-json\/wp\/v2\/media?parent=2065"}],"wp:term":[{"taxonomy":"product_cat","embeddable":true,"href":"https:\/\/ykhoathongminh.com\/en\/wp-json\/wp\/v2\/product_cat?post=2065"},{"taxonomy":"product_tag","embeddable":true,"href":"https:\/\/ykhoathongminh.com\/en\/wp-json\/wp\/v2\/product_tag?post=2065"}],"curies":[{"name":"wp","href":"https:\/\/api.w.org\/{rel}","templated":true}]}}