{"id":2085,"date":"2024-07-22T15:19:14","date_gmt":"2024-07-22T15:19:14","guid":{"rendered":"https:\/\/ykhoathongminh.com\/?post_type=product&#038;p=2085"},"modified":"2024-09-12T12:50:24","modified_gmt":"2024-09-12T12:50:24","slug":"mieng-dan-xung-dien-may-cham-cuu","status":"publish","type":"product","link":"https:\/\/ykhoathongminh.com\/en\/product\/mieng-dan-xung-dien-may-cham-cuu\/","title":{"rendered":"Mi\u1ebfng d\u00e1n xung \u0111i\u1ec7n m\u00e1y ch\u00e2m c\u1ee9u"},"content":{"rendered":"<p>Th\u00edch h\u1ee3p cho c\u00e1c m\u00e1y v\u1eadt l\u00fd tr\u1ecb li\u1ec7u \u0111i\u1ec7n t\u1eed t\u1ea7n s\u1ed1 trung b\u00ecnh kh\u00e1c nhau. Gi\u00fap c\u1ea3i thi\u1ec7n l\u01b0u th\u00f4ng m\u00e1u, th\u00fac \u0111\u1ea9y qu\u00e1 tr\u00ecnh trao \u0111\u1ed5i ch\u1ea5t v\u00e0 lo\u1ea1i b\u1ecf m\u1ec7t m\u1ecfi. T\u1ef1 d\u00ednh, ch\u1ea5t k\u1ebft d\u00ednh cao, thu\u1eadn ti\u1ec7n khi s\u1eed d\u1ee5ng v\u00e0 c\u00f3 th\u1ec3 t\u00e1i s\u1eed d\u1ee5ng.<br \/>\nPh\u1ee5 ki\u1ec7n h\u1eefu \u00edch v\u00e0 an to\u00e0n cho.<br \/>\n1. T\u1ea5m \u0111i\u1ec7n c\u1ef1c v\u1ea3i kh\u00f4ng d\u1ec7t<br \/>\n2. T\u1ef1 d\u00ednh, c\u00f3 th\u1ec3 t\u00e1i s\u1eed d\u1ee5ng, tu\u1ed5i th\u1ecd cao<br \/>\n3. T\u01b0\u01a1ng th\u00edch v\u1edbi sinh h\u1ecdc, l\u00e0m kh\u00f4 Resisg<br \/>\n4. Tr\u1edf kh\u00e1ng th\u1ea5p h\u01a1n, ph\u00e2n ph\u1ed1i d\u00f2ng \u0111i\u1ec7n \u0111\u1ed3ng \u0111\u1ec1u h\u01a1n,<br \/>\n5. Kh\u00f4ng c\u00f3 \u0111i\u1ec3m n\u00f3ng, k\u00edch th\u00edch tho\u1ea3i m\u00e1i h\u01a1n.<br \/>\n6. K\u1ebft c\u1ea5u b\u1ec1n: th\u1eadm ch\u00ed c\u00f3 th\u1ec3 k\u00e9o ra kh\u1ecfi d\u00e2y m\u00e0 kh\u00f4ng b\u1ecb h\u1ecfng.<br \/>\n7. kh\u00f4ng gi\u1ed1ng nh\u01b0 nh\u1eefng ng\u01b0\u1eddi kh\u00e1c, kh\u00f4ng ph\u1ea3i nh\u1ef1a<br \/>\n8. C\u00e1c l\u1ed7 \u0111\u01b0\u1ee3c thi\u1ebft k\u1ebf \u0111\u1eb7c bi\u1ec7t, tr\u00ean m\u1ed7i mi\u1ebfng \u0111\u1ec7m, \u0111\u1ec3 gi\u1ea3i ph\u00f3ng nhi\u1ec7t t\u1ea1o ra v\u00e0 mang l\u1ea1i s\u1ef1 tho\u1ea3i m\u00e1i h\u01a1n v\u00e0 \u00edt g\u00e2y k\u00edch \u1ee9ng.<br \/>\n9. K\u00edch th\u01b0\u1edbc \u0111\u01b0\u1ee3c l\u1ef1a ch\u1ecdn \u0111\u1eb7c bi\u1ec7t 4&#215;4 cm, Mi\u1ebfng \u0111\u1ec7m l\u1edbn h\u01a1n kh\u00f4ng c\u00f3 th\u00eam l\u1ee3i \u00edch, ch\u1ec9 c\u1ea7n li\u00ean k\u1ebft \/ k\u00edch th\u01b0\u1edbc c\u1ee7a da nhi\u1ec1u h\u01a1n!<br \/>\nL\u01b0u \u00fd: L\u00e0m s\u1ea1ch da c\u1ee7a b\u1ea1n tr\u01b0\u1edbc khi s\u1eed d\u1ee5ng mi\u1ebfng \u0111i\u1ec7n c\u1ef1c \u0111\u1ec3 c\u00f3 k\u1ebft qu\u1ea3 t\u1ed1t h\u01a1n.<\/p>","protected":false},"excerpt":{"rendered":"<p>Th\u00edch h\u1ee3p cho c\u00e1c m\u00e1y v\u1eadt l\u00fd tr\u1ecb li\u1ec7u \u0111i\u1ec7n t\u1eed t\u1ea7n s\u1ed1 trung b\u00ecnh kh\u00e1c nhau. Gi\u00fap c\u1ea3i thi\u1ec7n l\u01b0u th\u00f4ng m\u00e1u, th\u00fac \u0111\u1ea9y qu\u00e1 tr\u00ecnh trao \u0111\u1ed5i ch\u1ea5t v\u00e0 lo\u1ea1i b\u1ecf m\u1ec7t m\u1ecfi. T\u1ef1 d\u00ednh, ch\u1ea5t k\u1ebft d\u00ednh cao, thu\u1eadn ti\u1ec7n khi s\u1eed d\u1ee5ng v\u00e0 c\u00f3 th\u1ec3 t\u00e1i s\u1eed d\u1ee5ng.<\/p>","protected":false},"featured_media":5433,"comment_status":"open","ping_status":"closed","template":"","meta":{"_acf_changed":false,"rank_math_lock_modified_date":false},"product_cat":[102,93],"product_tag":[],"class_list":{"0":"post-2085","1":"product","2":"type-product","3":"status-publish","4":"has-post-thumbnail","6":"product_cat-phu-kien-may-massage","7":"product_cat-thiet-bi-massage","9":"first","10":"instock","11":"shipping-taxable","12":"purchasable","13":"product-type-simple"},"acf":[],"_links":{"self":[{"href":"https:\/\/ykhoathongminh.com\/en\/wp-json\/wp\/v2\/product\/2085"}],"collection":[{"href":"https:\/\/ykhoathongminh.com\/en\/wp-json\/wp\/v2\/product"}],"about":[{"href":"https:\/\/ykhoathongminh.com\/en\/wp-json\/wp\/v2\/types\/product"}],"replies":[{"embeddable":true,"href":"https:\/\/ykhoathongminh.com\/en\/wp-json\/wp\/v2\/comments?post=2085"}],"wp:featuredmedia":[{"embeddable":true,"href":"https:\/\/ykhoathongminh.com\/en\/wp-json\/wp\/v2\/media\/5433"}],"wp:attachment":[{"href":"https:\/\/ykhoathongminh.com\/en\/wp-json\/wp\/v2\/media?parent=2085"}],"wp:term":[{"taxonomy":"product_cat","embeddable":true,"href":"https:\/\/ykhoathongminh.com\/en\/wp-json\/wp\/v2\/product_cat?post=2085"},{"taxonomy":"product_tag","embeddable":true,"href":"https:\/\/ykhoathongminh.com\/en\/wp-json\/wp\/v2\/product_tag?post=2085"}],"curies":[{"name":"wp","href":"https:\/\/api.w.org\/{rel}","templated":true}]}}