{"id":2091,"date":"2024-07-22T15:19:15","date_gmt":"2024-07-22T15:19:15","guid":{"rendered":"https:\/\/ykhoathongminh.com\/?post_type=product&#038;p=2091"},"modified":"2024-10-22T08:41:55","modified_gmt":"2024-10-22T08:41:55","slug":"may-massage-mat-cao-cap-philips-ppm2522","status":"publish","type":"product","link":"https:\/\/ykhoathongminh.com\/en\/product\/may-massage-mat-cao-cap-philips-ppm2522\/","title":{"rendered":"M\u00e1y Massage M\u1eaft Cao C\u1ea5p Philips PPM2522"},"content":{"rendered":"<h2 class=\"p-heading-02 p-heading-medium p-s01__highlights-title\">PHILIPS PPM2522 \u2013 S\u1ea3n ph\u1ea9m mang l\u1ea1i tr\u1ea3i nghi\u1ec7m th\u01b0 gi\u00e3n t\u1ed1t h\u01a1n v\u1edbi ki\u1ec3u rung s\u00f3ng.<\/h2>\n<ul>\n<li>Rung nh\u1eb9 nh\u00e0ng, t\u1ea1o ra m\u1ed9t tr\u01b0\u1eddng th\u1ee5 \u0111\u1ed9ng m\u1edbi trong vi\u1ec7c ch\u0103m s\u00f3c m\u1eaft.<\/li>\n<li>T\u1eadn h\u01b0\u1edfng s\u1ef1 th\u01b0 th\u00e1i v\u1edbi c\u00f4ng ngh\u1ec7 rung VibWave.<\/li>\n<li>Cung c\u1ea5p ch\u1ebf \u0111\u1ed9 ch\u01b0\u1eddm \u1ea5m d\u01b0\u1edbi m\u1eaft.<\/li>\n<li>Thi\u1ebft k\u1ebf m\u1ea1ng l\u01b0\u1edbi \u0111\u1ed9c \u0111\u00e1o. K\u1ebft n\u1ed1i kh\u00f4ng d\u00e2y \u0111\u1ec3 ph\u00e1t nh\u1ea1c qua m\u1ea1ng.<\/li>\n<\/ul>\n<div class=\"row\"  id=\"row-1884120359\">\n\n\t<div id=\"col-359521014\" class=\"col medium-1\/3 large-4\"  >\n\t\t\t\t<div class=\"col-inner\"  >\n\t\t\t\n\t\t\t\n<p><img loading=\"lazy\" decoding=\"async\" class=\"alignnone size-medium wp-image-8750\" src=\"https:\/\/ykhoathongminh.com\/wp-content\/uploads\/2024\/07\/May-Massage-Mat-Cao-Cap-Philips-25522-300x300.jpg\" alt=\"\" width=\"300\" height=\"300\" srcset=\"https:\/\/ykhoathongminh.com\/wp-content\/uploads\/2024\/07\/May-Massage-Mat-Cao-Cap-Philips-25522-300x300.jpg 300w, https:\/\/ykhoathongminh.com\/wp-content\/uploads\/2024\/07\/May-Massage-Mat-Cao-Cap-Philips-25522-150x150.jpg 150w, https:\/\/ykhoathongminh.com\/wp-content\/uploads\/2024\/07\/May-Massage-Mat-Cao-Cap-Philips-25522-768x768.jpg 768w, https:\/\/ykhoathongminh.com\/wp-content\/uploads\/2024\/07\/May-Massage-Mat-Cao-Cap-Philips-25522-12x12.jpg 12w, https:\/\/ykhoathongminh.com\/wp-content\/uploads\/2024\/07\/May-Massage-Mat-Cao-Cap-Philips-25522-600x600.jpg 600w, https:\/\/ykhoathongminh.com\/wp-content\/uploads\/2024\/07\/May-Massage-Mat-Cao-Cap-Philips-25522-100x100.jpg 100w, https:\/\/ykhoathongminh.com\/wp-content\/uploads\/2024\/07\/May-Massage-Mat-Cao-Cap-Philips-25522.jpg 800w\" sizes=\"(max-width: 300px) 100vw, 300px\" \/><\/p>\n<h3 class=\"p-heading-04-large p-heading-bold p-feature-title\">PHILIPS PPM2522 c\u00f3 nhi\u1ec1u t\u00f9y ch\u1ecdn m\u00e1t xa kh\u00e1c nhau<\/h3>\n<p>C\u00f3 t\u1ed5ng c\u1ed9ng 5 ch\u1ebf \u0111\u1ed9 m\u00e1t xa \u0111\u01b0\u1ee3c t\u00f9y ch\u1ec9nh m\u1ed9t c\u00e1ch kh\u00e9o l\u00e9o \u0111\u1ec3 \u0111\u00e1p \u1ee9ng nhu c\u1ea7u c\u1ee5 th\u1ec3 c\u1ee7a ng\u01b0\u1eddi d\u00f9ng. C\u00e1c ch\u1ebf \u0111\u1ed9 n\u00e0y bao g\u1ed3m ch\u01b0\u1eddm n\u00f3ng v\u00e0 b\u1ed1n ch\u1ebf \u0111\u1ed9 rung: rung \u0111a t\u1ea7n, rung theo nh\u1ecbp \u0111i\u1ec7u, rung theo v\u00f2ng tr\u00f2n v\u00e0 rung nh\u1eb9.<\/p>\n<p>S\u1ea3n ph\u1ea9m n\u00e0y c\u00f3 kh\u1ea3 n\u0103ng th\u1ef1c hi\u1ec7n nhi\u1ec1u ch\u1ee9c n\u0103ng quan tr\u1ecdng nh\u01b0 b\u1ea3o v\u1ec7 v\u00e0 th\u01b0 gi\u00e3n m\u1eaft, t\u0103ng c\u01b0\u1eddng l\u01b0u th\u00f4ng m\u00e1u, n\u00e2ng cao s\u1ee9c s\u1ed1ng cho c\u01a1 m\u1eaft v\u00e0 gi\u1ea3m thi\u1ec3u qu\u00e1 tr\u00ecnh h\u00ecnh th\u00e0nh qu\u1ea7ng th\u00e2m v\u00e0 b\u1ecdng m\u1eaft. Nh\u1edd v\u00e0o nh\u1eefng t\u00f9y ch\u1ecdn \u0111a d\u1ea1ng n\u00e0y, b\u1ea1n c\u00f3 th\u1ec3 t\u1eadn h\u01b0\u1edfng m\u00e1t xa ph\u00f9 h\u1ee3p v\u1edbi nhu c\u1ea7u c\u1ee5 th\u1ec3 c\u1ee7a b\u1ea1n v\u00e0 mang l\u1ea1i l\u1ee3i \u00edch t\u1ed1i \u01b0u cho s\u1ee9c kh\u1ecfe v\u00e0 l\u00e0m \u0111\u1eb9p c\u1ee7a m\u1eaft.<\/p>\n\t\t<\/div>\n\t\t\t\t\t<\/div>\n\n\t\n\n\t<div id=\"col-466918527\" class=\"col medium-1\/3 large-4\"  >\n\t\t\t\t<div class=\"col-inner\"  >\n\t\t\t\n\t\t\t\n<p><img loading=\"lazy\" decoding=\"async\" class=\"alignnone size-medium wp-image-8747\" src=\"https:\/\/ykhoathongminh.com\/wp-content\/uploads\/2024\/07\/May-Massage-Mat-Cao-Cap-Philips-25522-Tai-Dong-Nai-300x300.jpg\" alt=\"\" width=\"300\" height=\"300\" srcset=\"https:\/\/ykhoathongminh.com\/wp-content\/uploads\/2024\/07\/May-Massage-Mat-Cao-Cap-Philips-25522-Tai-Dong-Nai-300x300.jpg 300w, https:\/\/ykhoathongminh.com\/wp-content\/uploads\/2024\/07\/May-Massage-Mat-Cao-Cap-Philips-25522-Tai-Dong-Nai-150x150.jpg 150w, https:\/\/ykhoathongminh.com\/wp-content\/uploads\/2024\/07\/May-Massage-Mat-Cao-Cap-Philips-25522-Tai-Dong-Nai-768x768.jpg 768w, https:\/\/ykhoathongminh.com\/wp-content\/uploads\/2024\/07\/May-Massage-Mat-Cao-Cap-Philips-25522-Tai-Dong-Nai-12x12.jpg 12w, https:\/\/ykhoathongminh.com\/wp-content\/uploads\/2024\/07\/May-Massage-Mat-Cao-Cap-Philips-25522-Tai-Dong-Nai-600x600.jpg 600w, https:\/\/ykhoathongminh.com\/wp-content\/uploads\/2024\/07\/May-Massage-Mat-Cao-Cap-Philips-25522-Tai-Dong-Nai-100x100.jpg 100w, https:\/\/ykhoathongminh.com\/wp-content\/uploads\/2024\/07\/May-Massage-Mat-Cao-Cap-Philips-25522-Tai-Dong-Nai.jpg 800w\" sizes=\"(max-width: 300px) 100vw, 300px\" \/><\/p>\n<h3 class=\"p-heading-04-large p-heading-bold p-feature-title\">M\u00f4 ph\u1ecfng c\u00e1c ng\u00f3n tay Massage kh\u00f4ng che t\u1ea7m nh\u00ecn<\/h3>\n<div class=\"group w-full text-token-text-primary border-b border-black\/10 dark:border-gray-900\/50 bg-gray-50 dark:bg-&#091;#444654&#093;\" data-testid=\"conversation-turn-45\">\n<div class=\"p-4 justify-center text-base md:gap-6 md:py-6 m-auto\">\n<div class=\"flex flex-1 gap-4 text-base mx-auto md:gap-6 md:max-w-2xl lg:max-w-&#091;38rem&#093; xl:max-w-3xl }\">\n<div class=\"relative flex w-&#091;calc(100%-50px)&#093; flex-col gap-1 md:gap-3 lg:w-&#091;calc(100%-115px)&#093;\">\n<div class=\"flex flex-grow flex-col gap-3 max-w-full\">\n<div class=\"min-h-&#091;20px&#093; flex flex-col items-start gap-3 overflow-x-auto whitespace-pre-wrap break-words\">\n<div class=\"markdown prose w-full break-words dark:prose-invert light\">\n<p>Thi\u1ebft k\u1ebf d\u1ea1ng l\u01b0\u1edbi cho ph\u00e9p b\u1ea1n ti\u1ebfn h\u00e0nh c\u00e1c c\u00f4ng vi\u1ec7c h\u00e0ng ng\u00e0y m\u1ed9t c\u00e1ch d\u1ec5 d\u00e0ng, \u0111\u1ed3ng th\u1eddi v\u1eabn \u0111\u01b0\u1ee3c m\u00e1t xa m\u1eaft li\u00ean t\u1ee5c \u0111\u1ec3 t\u1ea1o c\u1ea3m gi\u00e1c th\u01b0 gi\u00e3n t\u1ed1i \u0111a. \u0110i\u1ec1u n\u00e0y gi\u00fap b\u1ea1n t\u1eadn h\u01b0\u1edfng m\u1ed7i bu\u1ed5i m\u00e1t xa m\u00e0 kh\u00f4ng b\u1ecb gi\u00e1n \u0111o\u1ea1n v\u00e0 \u0111\u1ed3ng th\u1eddi c\u1ea3i thi\u1ec7n hi\u1ec7u su\u1ea5t trong c\u00f4ng vi\u1ec7c v\u00e0 h\u1ecdc t\u1eadp. Ngo\u00e0i ra, thi\u1ebft k\u1ebf d\u1ea1ng l\u01b0\u1edbi c\u00f3 kh\u1ea3 n\u0103ng gi\u1ea3m thi\u1ec3u tri\u1ec7u ch\u1ee9ng c\u1ea3m gi\u00e1c kh\u00f4ng gian h\u1eb9p, \u0111\u1ed3ng th\u1eddi th\u01b0 gi\u00e3n c\u1ea3 m\u1eaft v\u00e0 t\u00e2m tr\u1ea1ng, t\u1ea1o \u0111i\u1ec1u ki\u1ec7n t\u1ed1t h\u01a1n cho h\u1ea1nh ph\u00fac trong cu\u1ed9c s\u1ed1ng.<\/p>\n<\/div>\n<\/div>\n<\/div>\n<\/div>\n<\/div>\n<\/div>\n<\/div>\n\t\t<\/div>\n\t\t\t\t\t<\/div>\n\n\t\n\n\t<div id=\"col-701262628\" class=\"col medium-1\/3 large-4\"  >\n\t\t\t\t<div class=\"col-inner\"  >\n\t\t\t\n\t\t\t\n<p><img loading=\"lazy\" decoding=\"async\" class=\"size-medium wp-image-8748\" src=\"https:\/\/ykhoathongminh.com\/wp-content\/uploads\/2024\/07\/May-Massage-Mat-Cao-Cap-Philips-25522-Thu-Gian-300x300.jpg\" alt=\"\" width=\"300\" height=\"300\" srcset=\"https:\/\/ykhoathongminh.com\/wp-content\/uploads\/2024\/07\/May-Massage-Mat-Cao-Cap-Philips-25522-Thu-Gian-300x300.jpg 300w, https:\/\/ykhoathongminh.com\/wp-content\/uploads\/2024\/07\/May-Massage-Mat-Cao-Cap-Philips-25522-Thu-Gian-150x150.jpg 150w, https:\/\/ykhoathongminh.com\/wp-content\/uploads\/2024\/07\/May-Massage-Mat-Cao-Cap-Philips-25522-Thu-Gian-768x768.jpg 768w, https:\/\/ykhoathongminh.com\/wp-content\/uploads\/2024\/07\/May-Massage-Mat-Cao-Cap-Philips-25522-Thu-Gian-12x12.jpg 12w, https:\/\/ykhoathongminh.com\/wp-content\/uploads\/2024\/07\/May-Massage-Mat-Cao-Cap-Philips-25522-Thu-Gian-600x600.jpg 600w, https:\/\/ykhoathongminh.com\/wp-content\/uploads\/2024\/07\/May-Massage-Mat-Cao-Cap-Philips-25522-Thu-Gian-100x100.jpg 100w, https:\/\/ykhoathongminh.com\/wp-content\/uploads\/2024\/07\/May-Massage-Mat-Cao-Cap-Philips-25522-Thu-Gian.jpg 800w\" sizes=\"(max-width: 300px) 100vw, 300px\" \/><\/p>\n<h3 class=\"p-heading-04-large p-heading-bold p-feature-title\">C\u00f4ng ngh\u1ec7 s\u00f3ng rung ch\u01b0\u1eddm \u1ea5m gi\u00fap th\u01b0 gi\u00e3n v\u00f9ng m\u1eaft<\/h3>\n<p class=\"p-body-copy-02\">M\u1ed9t n\u00fat v\u1edbi kh\u1ea3 n\u0103ng th\u1ef1c hi\u1ec7n 3 ch\u1ee9c n\u0103ng kh\u00e1c nhau, s\u1ea3n ph\u1ea9m n\u00e0y \u0111\u01b0\u1ee3c thi\u1ebft k\u1ebf \u0111\u1ec3 gi\u1eef v\u1ebb ngo\u1ea1i h\u00ecnh \u0111\u01a1n gi\u1ea3n v\u00e0 t\u1ed1i gi\u1ea3n. B\u1ea1n c\u00f3 th\u1ec3 s\u1eed d\u1ee5ng n\u00fat n\u00e0y \u0111\u1ec3 th\u1ef1c hi\u1ec7n c\u00e1c ch\u1ee9c n\u0103ng sau: nh\u1ea5n \u0111\u1ec3 chuy\u1ec3n \u0111\u1ed5i ch\u1ebf \u0111\u1ed9 ho\u1ea1t \u0111\u1ed9ng, xoay l\u00ean \u0111\u1ec3 \u0111i\u1ec1u ch\u1ec9nh m\u1ee9c nhi\u1ec7t \u0111\u1ed9, v\u00e0 xoay xu\u1ed1ng \u0111\u1ec3 thay \u0111\u1ed5i nh\u1ea1c. Nh\u1eefng ho\u1ea1t \u0111\u1ed9ng n\u00e0y d\u1ec5 d\u00e0ng th\u1ef1c hi\u1ec7n v\u00e0 d\u1ec5 nh\u1eadn bi\u1ebft, gi\u00fap b\u1ea1n t\u1eadn h\u01b0\u1edfng s\u1ea3n ph\u1ea9m m\u1ed9t c\u00e1ch ti\u1ec7n l\u1ee3i.<\/p>\n\t\t<\/div>\n\t\t\t\t\t<\/div>\n\n\t\n<\/div>\n<p>&nbsp;<\/p>\n<div class=\"row\"  id=\"row-995344383\">\n\n\t<div id=\"col-1112817796\" class=\"col medium-1\/3 large-4\"  >\n\t\t\t\t<div class=\"col-inner\"  >\n\t\t\t\n\t\t\t\n<p><img loading=\"lazy\" decoding=\"async\" class=\"size-medium wp-image-8749\" src=\"https:\/\/ykhoathongminh.com\/wp-content\/uploads\/2024\/07\/May-Massage-Mat-Cao-Cap-Philips-25522-Uy-Tin-300x300.jpg\" alt=\"\" width=\"300\" height=\"300\" srcset=\"https:\/\/ykhoathongminh.com\/wp-content\/uploads\/2024\/07\/May-Massage-Mat-Cao-Cap-Philips-25522-Uy-Tin-300x300.jpg 300w, https:\/\/ykhoathongminh.com\/wp-content\/uploads\/2024\/07\/May-Massage-Mat-Cao-Cap-Philips-25522-Uy-Tin-150x150.jpg 150w, https:\/\/ykhoathongminh.com\/wp-content\/uploads\/2024\/07\/May-Massage-Mat-Cao-Cap-Philips-25522-Uy-Tin-768x768.jpg 768w, https:\/\/ykhoathongminh.com\/wp-content\/uploads\/2024\/07\/May-Massage-Mat-Cao-Cap-Philips-25522-Uy-Tin-12x12.jpg 12w, https:\/\/ykhoathongminh.com\/wp-content\/uploads\/2024\/07\/May-Massage-Mat-Cao-Cap-Philips-25522-Uy-Tin-600x600.jpg 600w, https:\/\/ykhoathongminh.com\/wp-content\/uploads\/2024\/07\/May-Massage-Mat-Cao-Cap-Philips-25522-Uy-Tin-100x100.jpg 100w, https:\/\/ykhoathongminh.com\/wp-content\/uploads\/2024\/07\/May-Massage-Mat-Cao-Cap-Philips-25522-Uy-Tin.jpg 800w\" sizes=\"(max-width: 300px) 100vw, 300px\" \/><\/p>\n<h3 class=\"p-heading-04-large p-heading-bold p-feature-title\">C\u00f4ng ngh\u1ec7 s\u00f3ng rung ch\u01b0\u1eddm \u1ea5m gi\u00fap ch\u01b0\u1eddm \u1ea5m v\u00f9ng m\u1eaft<\/h3>\n<p class=\"p-body-copy-02\">\u0110\u00e2y l\u00e0 m\u1ed9t trong nh\u1eefng m\u00e1y massage m\u1eaft \u0111\u01b0\u1ee3c trang b\u1ecb t\u00ednh n\u0103ng ch\u01b0\u1eddm n\u00f3ng d\u01b0\u1edbi m\u1eaft nh\u1eb1m gi\u00fap gi\u1ea3m \u0111au v\u00e0 t\u1ea1o c\u1ea3m gi\u00e1c tho\u1ea3i m\u00e1i cho m\u1eaft. C\u00f3 t\u1ed5ng c\u1ed9ng 6 \u0111i\u1ec3m ti\u1ebfp x\u00fac d\u01b0\u1edbi m\u1eaft v\u00e0 t\u00ednh n\u0103ng ch\u01b0\u1eddm n\u00f3ng t\u0129nh nhi\u1ec7t v\u1edbi 3 c\u1ea5p \u0111\u1ed9 kh\u00e1c nhau. M\u1ed7i c\u1ea5p \u0111\u1ed9 t\u01b0\u01a1ng \u1ee9ng v\u1edbi m\u1ed9t m\u1ee9c \u0111\u1ed9 nhi\u1ec7t \u0111\u1ed9 ph\u00f9 h\u1ee3p nh\u1ea5t, gi\u00fap c\u1ea3i thi\u1ec7n l\u01b0u th\u00f4ng m\u00e1u trong v\u00f9ng m\u1eaft m\u1ed9t c\u00e1ch hi\u1ec7u qu\u1ea3. \u0110i\u1ec1u n\u00e0y gi\u00fap m\u1edf r\u1ed9ng k\u00edch th\u01b0\u1edbc m\u1ea1ch m\u00e1u, th\u01b0 gi\u00e3n c\u01a1 m\u1eaft, v\u00e0 t\u0103ng c\u01b0\u1eddng hi\u1ec7u su\u1ea5t c\u1ee7a qu\u00e1 tr\u00ecnh m\u00e1t xa v\u00e0 xoa b\u00f3p.<\/p>\n\t\t<\/div>\n\t\t\t\t\t<\/div>\n\n\t\n\n\t<div id=\"col-354662239\" class=\"col medium-1\/3 large-4\"  >\n\t\t\t\t<div class=\"col-inner\"  >\n\t\t\t\n\t\t\t\n<p><img loading=\"lazy\" decoding=\"async\" class=\"size-medium wp-image-8751\" src=\"https:\/\/ykhoathongminh.com\/wp-content\/uploads\/2024\/07\/May-Massage-Mat-Philips-300x300.jpg\" alt=\"\" width=\"300\" height=\"300\" srcset=\"https:\/\/ykhoathongminh.com\/wp-content\/uploads\/2024\/07\/May-Massage-Mat-Philips-300x300.jpg 300w, https:\/\/ykhoathongminh.com\/wp-content\/uploads\/2024\/07\/May-Massage-Mat-Philips-150x150.jpg 150w, https:\/\/ykhoathongminh.com\/wp-content\/uploads\/2024\/07\/May-Massage-Mat-Philips-768x768.jpg 768w, https:\/\/ykhoathongminh.com\/wp-content\/uploads\/2024\/07\/May-Massage-Mat-Philips-12x12.jpg 12w, https:\/\/ykhoathongminh.com\/wp-content\/uploads\/2024\/07\/May-Massage-Mat-Philips-600x600.jpg 600w, https:\/\/ykhoathongminh.com\/wp-content\/uploads\/2024\/07\/May-Massage-Mat-Philips-100x100.jpg 100w, https:\/\/ykhoathongminh.com\/wp-content\/uploads\/2024\/07\/May-Massage-Mat-Philips.jpg 800w\" sizes=\"(max-width: 300px) 100vw, 300px\" \/><\/p>\n<h3 class=\"p-heading-04-large p-heading-bold p-feature-title\">16 \u0111i\u1ec3m ti\u1ebfp x\u00fac m\u00e1t xa \u0111\u01b0\u1ee3c ch\u1ebf t\u1ea1o t\u1ec9 m\u1ec9 t\u1eeb ch\u1ea5t li\u1ec7u Silicon m\u1ec1m m\u1ea1i<\/h3>\n<p>C\u00f3 t\u1ed5ng c\u1ed9ng 16 \u0111i\u1ec3m ti\u1ebfp x\u00fac m\u00e1t xa tr\u00ean s\u1ea3n ph\u1ea9m, \u0111\u01b0\u1ee3c ch\u1ebf t\u1ea1o t\u1ec9 m\u1ec9 t\u1eeb ch\u1ea5t li\u1ec7u silicon m\u1ec1m. Ch\u00fang t\u1ea1o ra tr\u1ea3i nghi\u1ec7m m\u00e1t xa t\u01b0\u01a1ng t\u1ef1 nh\u01b0 vi\u1ec7c m\u00e1t xa b\u1eb1ng tay ng\u01b0\u1eddi v\u1edbi m\u1ee9c \u0111\u1ed9 t\u1ed1i \u0111a. B\u1ec1 m\u1eb7t c\u1ee7a ch\u00fang m\u1ecbn m\u00e0ng v\u00e0 kh\u00f4ng g\u00e2y c\u1ea3m gi\u00e1c k\u00e9o da, \u0111\u1eb7c bi\u1ec7t hi\u1ec7u qu\u1ea3 trong vi\u1ec7c b\u1ea3o v\u1ec7 l\u00e0n da kh\u1ecfi t\u00ecnh tr\u1ea1ng kh\u00f4 v\u00e0 n\u1ebfp nh\u0103n trong su\u1ed1t qu\u00e1 tr\u00ecnh m\u00e1t xa.<\/p>\n<p>Ch\u1ea5t li\u1ec7u silicon c\u00f2n gi\u00fap gi\u1ea3m b\u1ee5i b\u00e1m tr\u00ean b\u1ec1 m\u1eb7t s\u1ea3n ph\u1ea9m v\u00e0 d\u1ec5 d\u00e0ng lau ch\u00f9i, \u0111\u1ea3m b\u1ea3o r\u1eb1ng s\u1ea3n ph\u1ea9m lu\u00f4n \u0111\u01b0\u1ee3c gi\u1eef trong t\u00ecnh tr\u1ea1ng v\u1ec7 sinh t\u1ed1t, \u0111\u1eb7c bi\u1ec7t quan tr\u1ecdng cho vi\u1ec7c ch\u0103m s\u00f3c m\u1eaft.<\/p>\n\t\t<\/div>\n\t\t\t\t\t<\/div>\n\n\t\n\n\t<div id=\"col-87488182\" class=\"col medium-1\/3 large-4\"  >\n\t\t\t\t<div class=\"col-inner\"  >\n\t\t\t\n\t\t\t\n\t\t<\/div>\n\t\t\t\t\t<\/div>\n\n\t\n<\/div>\n<p>&nbsp;<\/p>\n<p>&nbsp;<\/p>\n<div id=\"col-21668774\" class=\"col small-12 large-12\">\n<div class=\"col-inner\">\n<h2 class=\"p-heading-02 p-heading-medium p-s08__spec-main-title\">Th\u00f4ng s\u1ed1 k\u1ef9 thu\u1eadt<\/h2>\n<\/div>\n<\/div>\n<div id=\"col-1775105565\" class=\"col small-12 large-12\">\n<div class=\"col-inner\">\n<table width=\"741\">\n<tbody>\n<tr>\n<td width=\"196\">Chi ti\u1ebft<\/td>\n<td width=\"285\"><strong>\u0110i\u1ec7n \u00e1p<\/strong><\/td>\n<td width=\"260\">3.7V<\/td>\n<\/tr>\n<tr>\n<td width=\"196\"><\/td>\n<td width=\"285\"><strong>C\u00f4ng su\u1ea5t<\/strong><\/td>\n<td width=\"260\">2.4W<\/td>\n<\/tr>\n<tr>\n<td width=\"196\"><\/td>\n<td width=\"285\"><strong>C\u00e2n N\u1eb7ng<\/strong><\/td>\n<td width=\"260\">0.24kg<\/td>\n<\/tr>\n<tr>\n<td width=\"196\"><\/td>\n<td width=\"285\"><strong>Dung l\u01b0\u1ee3ng pin<\/strong><\/td>\n<td width=\"260\">1200mAh<\/td>\n<\/tr>\n<tr>\n<td width=\"196\"><\/td>\n<td width=\"285\"><strong>B\u1ea3o h\u00e0nh<\/strong><\/td>\n<td>12 th\u00e1ng<\/td>\n<\/tr>\n<tr>\n<td width=\"196\"><\/td>\n<td><strong>Th\u01b0\u01a1ng hi\u1ec7u<\/strong><\/td>\n<td>Philips<\/td>\n<\/tr>\n<\/tbody>\n<\/table>\n<\/div>\n<\/div>","protected":false},"excerpt":{"rendered":"<p>\u0110\u1ed1i v\u1edbi nh\u1eefng ng\u01b0\u1eddi th\u01b0\u1eddng xuy\u00ean ti\u1ebfp x\u00fac v\u1edbi c\u00e1c thi\u1ebft b\u1ecb \u0111i\u1ec7n t\u1eed trong th\u1eddi gian d\u00e0i g\u00e2y \u0111au m\u1ecfi m\u1eaft. Th\u00ec trang b\u1ecb m\u1ed9t chi\u1ebfc m\u00e1y massage m\u1eaft PHILIPS PPM2522 l\u00e0 \u0111i\u1ec1u v\u00f4 c\u00f9ng c\u1ea7n thi\u1ebft, l\u00e0 d\u00f2ng m\u00e1y massage \u0111i k\u00e8m kh\u1ea3 n\u0103ng ch\u01b0\u1eddm \u1ea5m v\u00f4 c\u00f9ng hi\u1ec7n \u0111\u1ea1i. Gi\u00fap cho ng\u01b0\u1eddi d\u00f9ng c\u00f3 th\u1ec3 lo\u1ea1i b\u1ecf \u0111\u01b0\u1ee3c c\u00e1c c\u01a1n \u0111au nh\u1ee9c m\u1eaft, \u0111\u1ed3ng th\u1eddi gi\u00fap ng\u01b0\u1eddi d\u00f9ng th\u01b0 gi\u00e3n m\u1eaft hi\u1ec7u qu\u1ea3.<\/p>\n<p>B\u1ea3o H\u00e0nh: 2 n\u0103m<\/p>","protected":false},"featured_media":5346,"comment_status":"open","ping_status":"closed","template":"","meta":{"_acf_changed":false,"rank_math_lock_modified_date":false},"product_cat":[977,93],"product_tag":[],"class_list":{"0":"post-2091","1":"product","2":"type-product","3":"status-publish","4":"has-post-thumbnail","6":"product_cat-may-massage-mat","7":"product_cat-thiet-bi-massage","9":"first","10":"instock","11":"shipping-taxable","12":"purchasable","13":"product-type-simple"},"acf":[],"_links":{"self":[{"href":"https:\/\/ykhoathongminh.com\/en\/wp-json\/wp\/v2\/product\/2091"}],"collection":[{"href":"https:\/\/ykhoathongminh.com\/en\/wp-json\/wp\/v2\/product"}],"about":[{"href":"https:\/\/ykhoathongminh.com\/en\/wp-json\/wp\/v2\/types\/product"}],"replies":[{"embeddable":true,"href":"https:\/\/ykhoathongminh.com\/en\/wp-json\/wp\/v2\/comments?post=2091"}],"wp:featuredmedia":[{"embeddable":true,"href":"https:\/\/ykhoathongminh.com\/en\/wp-json\/wp\/v2\/media\/5346"}],"wp:attachment":[{"href":"https:\/\/ykhoathongminh.com\/en\/wp-json\/wp\/v2\/media?parent=2091"}],"wp:term":[{"taxonomy":"product_cat","embeddable":true,"href":"https:\/\/ykhoathongminh.com\/en\/wp-json\/wp\/v2\/product_cat?post=2091"},{"taxonomy":"product_tag","embeddable":true,"href":"https:\/\/ykhoathongminh.com\/en\/wp-json\/wp\/v2\/product_tag?post=2091"}],"curies":[{"name":"wp","href":"https:\/\/api.w.org\/{rel}","templated":true}]}}