{"id":2093,"date":"2024-07-22T15:19:15","date_gmt":"2024-07-22T15:19:15","guid":{"rendered":"https:\/\/ykhoathongminh.com\/?post_type=product&#038;p=2093"},"modified":"2024-10-22T09:05:06","modified_gmt":"2024-10-22T09:05:06","slug":"may-massage-co-vai-gay-cao-cap-philips-ppm3521","status":"publish","type":"product","link":"https:\/\/ykhoathongminh.com\/en\/product\/may-massage-co-vai-gay-cao-cap-philips-ppm3521\/","title":{"rendered":"M\u00e1y Massage C\u1ed5 Vai G\u00e1y Cao C\u1ea5p Philips PPM3521"},"content":{"rendered":"<div class=\"group w-full text-token-text-primary border-b border-black\/10 dark:border-gray-900\/50 bg-gray-50 dark:bg-[#444654]\" data-testid=\"conversation-turn-95\">\n<div class=\"p-4 justify-center text-base md:gap-6 md:py-6 m-auto\">\n<div class=\"markdown prose w-full break-words dark:prose-invert light\">\n<h2 class=\"p-heading-02 p-heading-medium p-s01__highlights-title\">PHILIPS PPM3521 \u2013 Ch\u0103m s\u00f3c to\u00e0n di\u1ec7n cho vai v\u00e0 c\u1ed5<\/h2>\n<div class=\"group w-full text-token-text-primary border-b border-black\/10 dark:border-gray-900\/50 bg-gray-50 dark:bg-[#444654]\" data-testid=\"conversation-turn-95\">\n<div class=\"p-4 justify-center text-base md:gap-6 md:py-6 m-auto\">\n<div class=\"flex flex-1 gap-4 text-base mx-auto md:gap-6 md:max-w-2xl lg:max-w-[38rem] xl:max-w-3xl }\">\n<div class=\"relative flex w-[calc(100%-50px)] flex-col gap-1 md:gap-3 lg:w-[calc(100%-115px)]\">\n<div class=\"flex flex-grow flex-col gap-3 max-w-full\">\n<div class=\"min-h-[20px] flex flex-col items-start gap-3 overflow-x-auto whitespace-pre-wrap break-words\">\n<div class=\"markdown prose w-full break-words dark:prose-invert light\">\n<p>Ch\u0103m s\u00f3c cho v\u00f9ng vai v\u00e0 c\u1ed5 kh\u00f4ng ch\u1ec9 d\u1eebng l\u1ea1i \u1edf vi\u1ec7c ch\u01b0\u1eddm n\u00f3ng v\u1edbi nhi\u1ec7t \u0111\u1ed9 42\u2103 \u0111\u1ec3 t\u1ea1o c\u1ea3m gi\u00e1c xoa b\u00f3p nh\u1eb9 nh\u00e0ng v\u00e0 tho\u1ea3i m\u00e1i. \u0110\u01b0\u1ee3c trang b\u1ecb t\u00ednh n\u0103ng xoa b\u00f3p t\u1ef1a nh\u01b0 \u0111ang c\u00f3 6 ng\u00f3n tay \u0111ang ho\u1ea1t \u0111\u1ed9ng, gi\u00fap massage to\u00e0n di\u1ec7n v\u00e0 hi\u1ec7u qu\u1ea3. \u0110\u1eb7c bi\u1ec7t, n\u00f3 c\u00f2n \u0111\u1ea3m b\u1ea3o s\u1ef1 ch\u0103m s\u00f3c \u0111\u1eb7c bi\u1ec7t cho kh\u1edbp vai v\u00e0 c\u1ed5, gi\u00fap b\u1ea1n tr\u1ea3i nghi\u1ec7m massage \u1ea5m \u00e1p v\u00e0 th\u01b0 gi\u00e3n. \u0110\u00e2y ch\u00ednh l\u00e0 s\u1ef1 l\u1ef1a ch\u1ecdn ho\u00e0n h\u1ea3o n\u1ebfu b\u1ea1n \u0111ang t\u00ecm m\u1ed9t m\u00e1y massage c\u1ed5 vai g\u00e1y hi\u1ec7u qu\u1ea3.<\/p>\n<p>&nbsp;<\/p>\n<\/div>\n<\/div>\n<\/div>\n<\/div>\n<\/div>\n<\/div>\n<\/div>\n<\/div>\n<div class=\"flex flex-1 gap-4 text-base mx-auto md:gap-6 md:max-w-2xl lg:max-w-[38rem] xl:max-w-3xl }\">\n<div class=\"relative flex w-[calc(100%-50px)] flex-col gap-1 md:gap-3 lg:w-[calc(100%-115px)]\">\n<div class=\"flex flex-grow flex-col gap-3 max-w-full\">\n<div class=\"min-h-[20px] flex flex-col items-start gap-3 overflow-x-auto whitespace-pre-wrap break-words\">\n<div class=\"row\"  id=\"row-1169936680\">\n\n\t<div id=\"col-88322502\" class=\"col medium-1\/3 large-4\"  >\n\t\t\t\t<div class=\"col-inner\"  >\n\t\t\t\n\t\t\t\n<p><img loading=\"lazy\" decoding=\"async\" class=\"alignnone size-medium wp-image-8764\" src=\"https:\/\/ykhoathongminh.com\/wp-content\/uploads\/2024\/07\/May-massage-co-vai-gay-cao-cap-300x300.jpg\" alt=\"\" width=\"300\" height=\"300\" srcset=\"https:\/\/ykhoathongminh.com\/wp-content\/uploads\/2024\/07\/May-massage-co-vai-gay-cao-cap-300x300.jpg 300w, https:\/\/ykhoathongminh.com\/wp-content\/uploads\/2024\/07\/May-massage-co-vai-gay-cao-cap-150x150.jpg 150w, https:\/\/ykhoathongminh.com\/wp-content\/uploads\/2024\/07\/May-massage-co-vai-gay-cao-cap-768x768.jpg 768w, https:\/\/ykhoathongminh.com\/wp-content\/uploads\/2024\/07\/May-massage-co-vai-gay-cao-cap-12x12.jpg 12w, https:\/\/ykhoathongminh.com\/wp-content\/uploads\/2024\/07\/May-massage-co-vai-gay-cao-cap-600x600.jpg 600w, https:\/\/ykhoathongminh.com\/wp-content\/uploads\/2024\/07\/May-massage-co-vai-gay-cao-cap-100x100.jpg 100w, https:\/\/ykhoathongminh.com\/wp-content\/uploads\/2024\/07\/May-massage-co-vai-gay-cao-cap.jpg 800w\" sizes=\"(max-width: 300px) 100vw, 300px\" \/><\/p>\n<h3 class=\"p-heading-04-large p-heading-bold p-feature-title\">C\u1ea3m bi\u1ebfn ch\u01b0\u1eddm \u1ea5m 42 \u0111\u1ed9 th\u01b0 gi\u00e3n g\u1ea5p \u0111\u00f4i<\/h3>\n<div class=\"group w-full text-token-text-primary border-b border-black\/10 dark:border-gray-900\/50 bg-gray-50 dark:bg-&#091;#444654&#093;\" data-testid=\"conversation-turn-97\">\n<div class=\"p-4 justify-center text-base md:gap-6 md:py-6 m-auto\">\n<div class=\"flex flex-1 gap-4 text-base mx-auto md:gap-6 md:max-w-2xl lg:max-w-&#091;38rem&#093; xl:max-w-3xl }\">\n<div class=\"relative flex w-&#091;calc(100%-50px)&#093; flex-col gap-1 md:gap-3 lg:w-&#091;calc(100%-115px)&#093;\">\n<div class=\"flex flex-grow flex-col gap-3 max-w-full\">\n<div class=\"min-h-&#091;20px&#093; flex flex-col items-start gap-3 overflow-x-auto whitespace-pre-wrap break-words\">\n<div class=\"markdown prose w-full break-words dark:prose-invert light\">\n<p>S\u1edf h\u1eefu t\u00ednh n\u0103ng c\u1ea3m bi\u1ebfn nhi\u1ec7t \u0111\u1ed9, k\u1ebft h\u1ee3p v\u1edbi ch\u1ee9c n\u0103ng ch\u01b0\u1eddm \u1ea5m, t\u1ea1o ra m\u1ed9t tr\u1ea3i nghi\u1ec7m th\u01b0 gi\u00e3n g\u1ea5p \u0111\u00f4i. Nh\u1edd c\u1ea3m bi\u1ebfn nhi\u1ec7t \u0111\u1ed9 th\u00f4ng minh, s\u1ea3n ph\u1ea9m c\u00f3 kh\u1ea3 n\u0103ng \u0111i\u1ec1u ch\u1ec9nh nhi\u1ec7t \u0111\u1ed9 massage \u0111\u1ec3 ph\u00f9 h\u1ee3p v\u1edbi c\u01a1 th\u1ec3 c\u1ee7a b\u1ea1n. Khi k\u1ebft h\u1ee3p v\u1edbi ch\u1ee9c n\u0103ng ch\u01b0\u1eddm \u1ea5m, m\u00e1y massage n\u00e0y gi\u00fap gi\u1ea3m c\u0103ng c\u01a1, th\u01b0 gi\u00e3n c\u01a1 th\u1ec3 v\u00e0 mang l\u1ea1i c\u1ea3m gi\u00e1c s\u1ea3ng kho\u00e1i sau m\u1ed9t ng\u00e0y l\u00e0m vi\u1ec7c c\u0103ng th\u1eb3ng.<\/p>\n<\/div>\n<\/div>\n<\/div>\n<\/div>\n<\/div>\n<\/div>\n<\/div>\n\t\t<\/div>\n\t\t\t\t\t<\/div>\n\n\t\n\n\t<div id=\"col-452161995\" class=\"col medium-1\/3 large-4\"  >\n\t\t\t\t<div class=\"col-inner\"  >\n\t\t\t\n\t\t\t\n<p><img loading=\"lazy\" decoding=\"async\" class=\"alignnone size-medium wp-image-8763\" src=\"https:\/\/ykhoathongminh.com\/wp-content\/uploads\/2024\/07\/May-massage-co-vai-gay-cao-cap-Philips-PPM3521-1-300x300.jpg\" alt=\"\" width=\"300\" height=\"300\" srcset=\"https:\/\/ykhoathongminh.com\/wp-content\/uploads\/2024\/07\/May-massage-co-vai-gay-cao-cap-Philips-PPM3521-1-300x300.jpg 300w, https:\/\/ykhoathongminh.com\/wp-content\/uploads\/2024\/07\/May-massage-co-vai-gay-cao-cap-Philips-PPM3521-1-150x150.jpg 150w, https:\/\/ykhoathongminh.com\/wp-content\/uploads\/2024\/07\/May-massage-co-vai-gay-cao-cap-Philips-PPM3521-1-768x768.jpg 768w, https:\/\/ykhoathongminh.com\/wp-content\/uploads\/2024\/07\/May-massage-co-vai-gay-cao-cap-Philips-PPM3521-1-12x12.jpg 12w, https:\/\/ykhoathongminh.com\/wp-content\/uploads\/2024\/07\/May-massage-co-vai-gay-cao-cap-Philips-PPM3521-1-600x600.jpg 600w, https:\/\/ykhoathongminh.com\/wp-content\/uploads\/2024\/07\/May-massage-co-vai-gay-cao-cap-Philips-PPM3521-1-100x100.jpg 100w, https:\/\/ykhoathongminh.com\/wp-content\/uploads\/2024\/07\/May-massage-co-vai-gay-cao-cap-Philips-PPM3521-1.jpg 800w\" sizes=\"(max-width: 300px) 100vw, 300px\" \/><\/p>\n<h3 class=\"p-heading-04-large p-heading-bold p-feature-title\">Massage g\u00f3c nghi\u00eang 45 \u0111\u1ed9<\/h3>\n<div class=\"group w-full text-token-text-primary border-b border-black\/10 dark:border-gray-900\/50 bg-gray-50 dark:bg-&#091;#444654&#093;\" data-testid=\"conversation-turn-99\">\n<div class=\"p-4 justify-center text-base md:gap-6 md:py-6 m-auto\">\n<div class=\"flex flex-1 gap-4 text-base mx-auto md:gap-6 md:max-w-2xl lg:max-w-&#091;38rem&#093; xl:max-w-3xl }\">\n<div class=\"relative flex w-&#091;calc(100%-50px)&#093; flex-col gap-1 md:gap-3 lg:w-&#091;calc(100%-115px)&#093;\">\n<div class=\"flex flex-grow flex-col gap-3 max-w-full\">\n<div class=\"min-h-&#091;20px&#093; flex flex-col items-start gap-3 overflow-x-auto whitespace-pre-wrap break-words\">\n<div class=\"markdown prose w-full break-words dark:prose-invert light\">\n<p>\u0110\u01b0\u1ee3c thi\u1ebft k\u1ebf v\u1edbi t\u00ednh n\u0103ng massage g\u00f3c nghi\u00eang 45 \u0111\u1ed9, gi\u1ed1ng nh\u01b0 c\u1ea3m gi\u00e1c massage t\u1eeb c\u00e1c ng\u00f3n tay kh\u00e9o l\u00e9o. \u0110i\u1ec1u n\u00e0y t\u1ea1o \u0111i\u1ec1u ki\u1ec7n cho m\u1ed9t tr\u1ea3i nghi\u1ec7m th\u01b0 gi\u00e3n \u0111\u1eb7c bi\u1ec7t, gi\u00fap b\u1ea1n c\u1ea3m nh\u1eadn \u0111\u01b0\u1ee3c s\u1ef1 \u00eam \u00e1i v\u00e0 tho\u1ea3i m\u00e1i nh\u01b0 \u0111ang \u0111\u01b0\u1ee3c massage chuy\u00ean nghi\u1ec7p t\u1eeb c\u00e1c chuy\u00ean gia.<\/p>\n<\/div>\n<\/div>\n<\/div>\n<\/div>\n<\/div>\n<\/div>\n<\/div>\n\t\t<\/div>\n\t\t\t\t\t<\/div>\n\n\t\n\n\t<div id=\"col-2143112165\" class=\"col medium-1\/3 large-4\"  >\n\t\t\t\t<div class=\"col-inner\"  >\n\t\t\t\n\t\t\t\n<p><img loading=\"lazy\" decoding=\"async\" class=\"alignnone size-medium wp-image-8762\" src=\"https:\/\/ykhoathongminh.com\/wp-content\/uploads\/2024\/07\/May-massage-co-vai-gay-cao-cap-Philips-PPM3521-tai-Dong-Nai-300x300.jpg\" alt=\"\" width=\"300\" height=\"300\" srcset=\"https:\/\/ykhoathongminh.com\/wp-content\/uploads\/2024\/07\/May-massage-co-vai-gay-cao-cap-Philips-PPM3521-tai-Dong-Nai-300x300.jpg 300w, https:\/\/ykhoathongminh.com\/wp-content\/uploads\/2024\/07\/May-massage-co-vai-gay-cao-cap-Philips-PPM3521-tai-Dong-Nai-150x150.jpg 150w, https:\/\/ykhoathongminh.com\/wp-content\/uploads\/2024\/07\/May-massage-co-vai-gay-cao-cap-Philips-PPM3521-tai-Dong-Nai-768x768.jpg 768w, https:\/\/ykhoathongminh.com\/wp-content\/uploads\/2024\/07\/May-massage-co-vai-gay-cao-cap-Philips-PPM3521-tai-Dong-Nai-12x12.jpg 12w, https:\/\/ykhoathongminh.com\/wp-content\/uploads\/2024\/07\/May-massage-co-vai-gay-cao-cap-Philips-PPM3521-tai-Dong-Nai-600x600.jpg 600w, https:\/\/ykhoathongminh.com\/wp-content\/uploads\/2024\/07\/May-massage-co-vai-gay-cao-cap-Philips-PPM3521-tai-Dong-Nai-100x100.jpg 100w, https:\/\/ykhoathongminh.com\/wp-content\/uploads\/2024\/07\/May-massage-co-vai-gay-cao-cap-Philips-PPM3521-tai-Dong-Nai.jpg 800w\" sizes=\"(max-width: 300px) 100vw, 300px\" \/><\/p>\n<h3 class=\"p-heading-04-large p-heading-bold p-feature-title\">\u0110\u1ea7u Massage 3D xoa b\u00f3p v\u00f9ng vai v\u00e0 c\u1ed5<\/h3>\n<div class=\"group w-full text-token-text-primary border-b border-black\/10 dark:border-gray-900\/50 bg-gray-50 dark:bg-&#091;#444654&#093;\" data-testid=\"conversation-turn-101\">\n<div class=\"p-4 justify-center text-base md:gap-6 md:py-6 m-auto\">\n<div class=\"flex flex-1 gap-4 text-base mx-auto md:gap-6 md:max-w-2xl lg:max-w-&#091;38rem&#093; xl:max-w-3xl }\">\n<div class=\"relative flex w-&#091;calc(100%-50px)&#093; flex-col gap-1 md:gap-3 lg:w-&#091;calc(100%-115px)&#093;\">\n<div class=\"flex flex-grow flex-col gap-3 max-w-full\">\n<div class=\"min-h-&#091;20px&#093; flex flex-col items-start gap-3 overflow-x-auto whitespace-pre-wrap break-words\">\n<div class=\"markdown prose w-full break-words dark:prose-invert light\">\n<p>\u0110\u01b0\u1ee3c trang b\u1ecb t\u00ednh n\u0103ng \u0111\u1ea7u massage 3D, cho ph\u00e9p xoa b\u00f3p v\u00f9ng vai g\u00e1y v\u00e0 c\u1ed5 m\u1ed9t c\u00e1ch hi\u1ec7u qu\u1ea3 v\u00e0 ch\u00ednh x\u00e1c, \u00f4m tr\u1ecdn v\u00f9ng vai. V\u1edbi kh\u1ea3 n\u0103ng di chuy\u1ec3n \u0111a chi\u1ec1u v\u00e0 th\u00edch nghi v\u1edbi h\u00ecnh d\u00e1ng c\u1ed5 vai, \u0111em l\u1ea1i tr\u1ea3i nghi\u1ec7m Massage ch\u1ea5t l\u01b0\u1ee3ng cao, gi\u00fap gi\u1ea3m c\u0103ng c\u01a1 v\u00e0 th\u01b0 gi\u00e3n c\u01a1 th\u1ec3 m\u1ed9t c\u00e1ch \u0111\u00e1ng k\u1ec3.<\/p>\n<\/div>\n<\/div>\n<\/div>\n<\/div>\n<\/div>\n<\/div>\n<\/div>\n\t\t<\/div>\n\t\t\t\t\t<\/div>\n\n\t\n<\/div>\n<\/div>\n<\/div>\n<\/div>\n<\/div>\n<\/div>\n<\/div>\n<p>&nbsp;<\/p>\n<p>&nbsp;<\/p>\n<div class=\"row\"  id=\"row-1253122044\">\n\n\t<div id=\"col-1006780327\" class=\"col medium-1\/3 large-4\"  >\n\t\t\t\t<div class=\"col-inner\"  >\n\t\t\t\n\t\t\t\n<p><img loading=\"lazy\" decoding=\"async\" class=\"alignnone size-medium wp-image-8760\" src=\"https:\/\/ykhoathongminh.com\/wp-content\/uploads\/2024\/07\/May-massage-co-vai-gay-cao-cap-Philips-PPM3521-gia-re-300x300.jpg\" alt=\"\" width=\"300\" height=\"300\" srcset=\"https:\/\/ykhoathongminh.com\/wp-content\/uploads\/2024\/07\/May-massage-co-vai-gay-cao-cap-Philips-PPM3521-gia-re-300x300.jpg 300w, https:\/\/ykhoathongminh.com\/wp-content\/uploads\/2024\/07\/May-massage-co-vai-gay-cao-cap-Philips-PPM3521-gia-re-150x150.jpg 150w, https:\/\/ykhoathongminh.com\/wp-content\/uploads\/2024\/07\/May-massage-co-vai-gay-cao-cap-Philips-PPM3521-gia-re-768x768.jpg 768w, https:\/\/ykhoathongminh.com\/wp-content\/uploads\/2024\/07\/May-massage-co-vai-gay-cao-cap-Philips-PPM3521-gia-re-12x12.jpg 12w, https:\/\/ykhoathongminh.com\/wp-content\/uploads\/2024\/07\/May-massage-co-vai-gay-cao-cap-Philips-PPM3521-gia-re-600x600.jpg 600w, https:\/\/ykhoathongminh.com\/wp-content\/uploads\/2024\/07\/May-massage-co-vai-gay-cao-cap-Philips-PPM3521-gia-re-100x100.jpg 100w, https:\/\/ykhoathongminh.com\/wp-content\/uploads\/2024\/07\/May-massage-co-vai-gay-cao-cap-Philips-PPM3521-gia-re.jpg 800w\" sizes=\"(max-width: 300px) 100vw, 300px\" \/><\/p>\n<h3 class=\"p-heading-04-large p-heading-bold p-feature-title\">Gi\u1ea3i ph\u00e1p Massage vai c\u1ed5 hi\u1ec7n \u0111\u1ea1i<\/h3>\n<ul>\n<li class=\"p-body-copy-02\">\u0110\u1ea7u Massage 3D \u0111a h\u01b0\u1edbng.<\/li>\n<li>M\u00f4 ph\u1ecfng c\u00e1c ng\u00f3n tay Massage.<\/li>\n<li>Massage g\u00f3c nghi\u00eang 45 \u0111\u1ed9.<\/li>\n<li>N\u00e2ng c\u1ea5p s\u1ea1c kh\u00f4ng d\u00e2y.<\/li>\n<li>Massage nhi\u1ec1u v\u1ecb tr\u00ed.<\/li>\n<li>C\u1ea3m bi\u1ebfn ch\u01b0\u1eddm \u1ea5m.<\/li>\n<\/ul>\n\t\t<\/div>\n\t\t\t\t\t<\/div>\n\n\t\n\n\t<div id=\"col-884614239\" class=\"col medium-1\/3 large-4\"  >\n\t\t\t\t<div class=\"col-inner\"  >\n\t\t\t\n\t\t\t\n<p><img loading=\"lazy\" decoding=\"async\" class=\"alignnone size-medium wp-image-8761\" src=\"https:\/\/ykhoathongminh.com\/wp-content\/uploads\/2024\/07\/May-massage-co-vai-gay-cao-cap-Philips-PPM3521-Tai-Bien-Hoa-300x300.jpg\" alt=\"\" width=\"300\" height=\"300\" srcset=\"https:\/\/ykhoathongminh.com\/wp-content\/uploads\/2024\/07\/May-massage-co-vai-gay-cao-cap-Philips-PPM3521-Tai-Bien-Hoa-300x300.jpg 300w, https:\/\/ykhoathongminh.com\/wp-content\/uploads\/2024\/07\/May-massage-co-vai-gay-cao-cap-Philips-PPM3521-Tai-Bien-Hoa-150x150.jpg 150w, https:\/\/ykhoathongminh.com\/wp-content\/uploads\/2024\/07\/May-massage-co-vai-gay-cao-cap-Philips-PPM3521-Tai-Bien-Hoa-768x768.jpg 768w, https:\/\/ykhoathongminh.com\/wp-content\/uploads\/2024\/07\/May-massage-co-vai-gay-cao-cap-Philips-PPM3521-Tai-Bien-Hoa-12x12.jpg 12w, https:\/\/ykhoathongminh.com\/wp-content\/uploads\/2024\/07\/May-massage-co-vai-gay-cao-cap-Philips-PPM3521-Tai-Bien-Hoa-600x600.jpg 600w, https:\/\/ykhoathongminh.com\/wp-content\/uploads\/2024\/07\/May-massage-co-vai-gay-cao-cap-Philips-PPM3521-Tai-Bien-Hoa-100x100.jpg 100w, https:\/\/ykhoathongminh.com\/wp-content\/uploads\/2024\/07\/May-massage-co-vai-gay-cao-cap-Philips-PPM3521-Tai-Bien-Hoa.jpg 800w\" sizes=\"(max-width: 300px) 100vw, 300px\" \/><\/p>\n<h3 class=\"p-heading-04-large p-heading-bold p-feature-title\">Gi\u1ea3i ph\u00e1p cho v\u1ea5n \u0111\u1ec1 \u0111au vai \u0111au c\u1ed5<\/h3>\n<p class=\"p-body-copy-02\">S\u1eed d\u1ee5ng s\u1ea1c kh\u00f4ng d\u00e2y ti\u1ec7n d\u1ee5ng cho vi\u1ec7c mang v\u00e1c v\u00e0 di chuy\u1ec3n, cho ph\u00e9p s\u1eed d\u1ee5ng m\u1ecdi l\u00fac m\u1ecdi n\u01a1i, m\u1ecdi v\u1ecb tr\u00ed. \u0110\u1ea7u Massage 3D v\u1edbi m\u00f4 ph\u1ecfng c\u00e1c ng\u00f3n tay Massage k\u1ebft h\u1ee3p v\u1edbi c\u1ea3m bi\u1ebfn ch\u01b0\u1eddm \u1ea5m v\u00f4 c\u00f9ng hi\u1ec7u qu\u1ea3 trong vi\u1ec7c th\u01b0 gi\u00e3n, gi\u1ea3i t\u1ecfa c\u0103ng th\u1eb3ng.<\/p>\n\t\t<\/div>\n\t\t\t\t\t<\/div>\n\n\t\n\n\t<div id=\"col-1876733892\" class=\"col medium-1\/3 large-4\"  >\n\t\t\t\t<div class=\"col-inner\"  >\n\t\t\t\n\t\t\t\n\t\t<\/div>\n\t\t\t\t\t<\/div>\n\n\t\n<\/div>\n<p>&nbsp;<\/p>\n<div id=\"col-1688366755\" class=\"col small-12 large-12\">\n<div class=\"col-inner\">\n<h2 class=\"p-heading-02 p-heading-medium p-s08__spec-main-title\">Th\u00f4ng s\u1ed1 k\u1ef9 thu\u1eadt<\/h2>\n<\/div>\n<\/div>\n<div id=\"col-1185203541\" class=\"col small-12 large-12\">\n<div class=\"col-inner\">\n<table width=\"741\">\n<tbody>\n<tr>\n<td width=\"196\">Chi ti\u1ebft<\/td>\n<td width=\"285\"><strong>M\u00e0u s\u1eafc<\/strong><\/td>\n<td width=\"260\">\n<div class=\"p-body-copy-02\">Xanh d\u01b0\u01a1ng \u0111\u1eadm<\/div>\n<\/td>\n<\/tr>\n<tr>\n<td width=\"196\"><\/td>\n<td width=\"285\"><strong>K\u00edch th\u01b0\u1edbc s\u1ea3n ph\u1ea9m (DxRxC)<\/strong><\/td>\n<td width=\"260\">580x400x200 mm<\/td>\n<\/tr>\n<tr>\n<td width=\"196\"><\/td>\n<td width=\"285\"><strong>Tr\u1ecdng l\u01b0\u1ee3ng th\u1ef1c<\/strong><\/td>\n<td width=\"260\">1.96 Kg<\/td>\n<\/tr>\n<tr>\n<td width=\"196\"><\/td>\n<td width=\"285\"><strong>S\u1ed1 l\u01b0\u1ee3ng n\u00fam m\u00e1t xa<\/strong><\/td>\n<td width=\"260\">6<\/td>\n<\/tr>\n<tr>\n<td width=\"196\"><\/td>\n<td width=\"285\"><strong>Th\u1eddi gian t\u1ef1 \u0111\u1ed9ng ng\u1eaft \u0111i\u1ec7n<\/strong><\/td>\n<td>15 ph\u00fat<\/td>\n<\/tr>\n<tr>\n<td width=\"196\"><\/td>\n<td><strong>\u0110i\u1ec7n \u00e1p l\u00e0m vi\u1ec7c<\/strong><\/td>\n<td>12.8 V<\/td>\n<\/tr>\n<tr>\n<td width=\"196\"><\/td>\n<td><strong>C\u00f4ng su\u1ea5t l\u00e0m vi\u1ec7c<\/strong><\/td>\n<td>23 W<\/td>\n<\/tr>\n<tr>\n<td width=\"196\"><\/td>\n<td><strong>Pin<\/strong><\/td>\n<td>2200 mAh<\/td>\n<\/tr>\n<tr>\n<td width=\"196\"><\/td>\n<td><strong>D\u00f2ng \u0111i\u1ec7n s\u1ea1c<\/strong><\/td>\n<td>1A<\/td>\n<\/tr>\n<\/tbody>\n<\/table>\n<\/div>\n<\/div>","protected":false},"excerpt":{"rendered":"<p><strong>\u0110ai cho\u00e0ng massage\u00a0PHILIPS PPM3521<\/strong> &#8211; thi\u1ebft b\u1ecb ch\u0103m s\u00f3c s\u1ee9c kh\u1ecfe v\u1edbi c\u01a1 ch\u1ebf massage \u0111a h\u01b0\u1edbng, h\u1ed7 tr\u1ee3 ch\u01b0\u1eddm \u1ea5m, th\u00fac \u0111\u1ea9y l\u01b0u th\u00f4ng m\u00e1u v\u00e0 gi\u1ea3m nhanh c\u00e1c c\u01a1n \u0111au \u1edf v\u00f9ng <strong>c\u1ed5<\/strong>, <strong>vai g\u00e1y<\/strong>. Ch\u1eafc ch\u1eafn s\u1ebd l\u00e0 m\u1ed9t l\u1ef1a ch\u1ecdn th\u01b0 gi\u00e3n ho\u00e0n h\u1ea3o m\u00e0 ng\u01b0\u1eddi l\u1edbn tu\u1ed5i, nh\u00e2n vi\u00ean v\u0103n ph\u00f2ng, t\u00e0i x\u1ebf l\u00e1i xe \u0111\u01b0\u1eddng d\u00e0i,\u2026 kh\u00f4ng n\u00ean b\u1ecf qua.<\/p>\n<p>B\u1ea3o h\u00e0nh : 2 n\u0103m<\/p>","protected":false},"featured_media":7469,"comment_status":"open","ping_status":"closed","template":"","meta":{"_acf_changed":false,"rank_math_lock_modified_date":false},"product_cat":[274,93],"product_tag":[],"class_list":{"0":"post-2093","1":"product","2":"type-product","3":"status-publish","4":"has-post-thumbnail","6":"product_cat-may-massage-co-vai-gay","7":"product_cat-thiet-bi-massage","9":"first","10":"instock","11":"shipping-taxable","12":"purchasable","13":"product-type-simple"},"acf":[],"_links":{"self":[{"href":"https:\/\/ykhoathongminh.com\/en\/wp-json\/wp\/v2\/product\/2093"}],"collection":[{"href":"https:\/\/ykhoathongminh.com\/en\/wp-json\/wp\/v2\/product"}],"about":[{"href":"https:\/\/ykhoathongminh.com\/en\/wp-json\/wp\/v2\/types\/product"}],"replies":[{"embeddable":true,"href":"https:\/\/ykhoathongminh.com\/en\/wp-json\/wp\/v2\/comments?post=2093"}],"wp:featuredmedia":[{"embeddable":true,"href":"https:\/\/ykhoathongminh.com\/en\/wp-json\/wp\/v2\/media\/7469"}],"wp:attachment":[{"href":"https:\/\/ykhoathongminh.com\/en\/wp-json\/wp\/v2\/media?parent=2093"}],"wp:term":[{"taxonomy":"product_cat","embeddable":true,"href":"https:\/\/ykhoathongminh.com\/en\/wp-json\/wp\/v2\/product_cat?post=2093"},{"taxonomy":"product_tag","embeddable":true,"href":"https:\/\/ykhoathongminh.com\/en\/wp-json\/wp\/v2\/product_tag?post=2093"}],"curies":[{"name":"wp","href":"https:\/\/api.w.org\/{rel}","templated":true}]}}