{"id":2095,"date":"2024-07-22T15:19:15","date_gmt":"2024-07-22T15:19:15","guid":{"rendered":"https:\/\/ykhoathongminh.com\/?post_type=product&#038;p=2095"},"modified":"2024-10-22T09:22:16","modified_gmt":"2024-10-22T09:22:16","slug":"may-massage-co-thong-minh-philips-pm3304","status":"publish","type":"product","link":"https:\/\/ykhoathongminh.com\/en\/product\/may-massage-co-thong-minh-philips-pm3304\/","title":{"rendered":"M\u00e1y Massage C\u1ed5 Th\u00f4ng Minh Philips PPM3304"},"content":{"rendered":"<h2 class=\"p-heading-02 p-heading-medium p-s01__highlights-title\">M\u00e1y Massage c\u1ed5 g\u00e1y PHILIPS PPM3304 \u2013 Masage th\u01b0 gi\u00e3n b\u1ea5t c\u1ee9 l\u00fac n\u00e0o<\/h2>\n<p>\u0110\u01b0\u1ee3c thi\u1ebft k\u1ebf \u0111\u1ec3 h\u1ed7 tr\u1ee3 v\u00e0 ch\u0103m s\u00f3c to\u00e0n b\u1ed9 v\u00f9ng c\u01a1 th\u1ec3 360\u00b0, \u0111ai \u0111eo n\u00e0y \u0111em l\u1ea1i s\u1ef1 tho\u1ea3i m\u00e1i v\u00e0 gi\u1ea3i t\u1ecfa c\u0103ng th\u1eb3ng m\u00e0 b\u1ea1n c\u1ea7n. Kh\u00f4ng ch\u1ec9 d\u1eebng l\u1ea1i \u1edf \u0111\u00f3, \u0111ai \u0111eo c\u00f2n c\u00f3 t\u00ednh n\u0103ng m\u00e1t xa ng\u00f3n tay \u0111\u1ec3 \u0111\u1ea3m b\u1ea3o r\u1eb1ng m\u1ecdi \u0111i\u1ec3m \u0111au nh\u1ee9c v\u00e0 c\u01a1 b\u1eafp c\u0103ng c\u1ee9ng \u0111\u01b0\u1ee3c gi\u1ea3i quy\u1ebft m\u1ed9t c\u00e1ch hi\u1ec7u qu\u1ea3. Thi\u1ebft k\u1ebf h\u1ed7 tr\u1ee3 c\u00f4ng th\u00e1i h\u1ecdc \u0111\u1ed9c \u0111\u00e1o c\u1ee7a \u0111ai \u0111eo gi\u00fap b\u1ea1n c\u1ea3m th\u1ea5y tho\u1ea3i m\u00e1i v\u00e0 d\u1ec5 ch\u1ecbu trong su\u1ed1t qu\u00e1 tr\u00ecnh s\u1eed d\u1ee5ng.<\/p>\n<p>\u0110\u1eb7c bi\u1ec7t, ch\u1ee9c n\u0103ng ch\u01b0\u1eddm n\u00f3ng t\u0129nh nhi\u1ec7t t\u1ea1o ra s\u1ef1 th\u01b0 gi\u00e3n v\u00e0 c\u1ea3m gi\u00e1c \u00eam \u00e1i, gi\u00fap b\u1ea1n t\u1eadn h\u01b0\u1edfng m\u00e1t xa t\u1ea1i nh\u00e0 nh\u01b0 m\u1ed9t cu\u1ed9c phi\u00eau l\u01b0u th\u01b0 gi\u00e3n \u0111\u00edch th\u1ef1c. V\u1edbi \u0111ai \u0111eo h\u1ed7 tr\u1ee3 v\u00e0 m\u00e1t xa n\u00e0y, b\u1ea1n c\u00f3 th\u1ec3 t\u1eadn h\u01b0\u1edfng kho\u1ea3nh kh\u1eafc th\u01b0 gi\u00e3n v\u00e0 xua tan c\u0103ng th\u1eb3ng m\u1ecdi l\u00fac m\u1ecdi n\u01a1i.<\/p>\n<p>&nbsp;<\/p>\n<p>&nbsp;<\/p>\n<div class=\"row\"  id=\"row-1993238877\">\n\n\t<div id=\"col-2024644639\" class=\"col medium-1\/3 large-4\"  >\n\t\t\t\t<div class=\"col-inner\"  >\n\t\t\t\n\t\t\t\n<p><img loading=\"lazy\" decoding=\"async\" class=\"alignnone size-medium wp-image-8776\" src=\"https:\/\/ykhoathongminh.com\/wp-content\/uploads\/2024\/07\/May-massage-co-thong-minh-Philips-PPM3304-1-300x300.jpg\" alt=\"\" width=\"300\" height=\"300\" srcset=\"https:\/\/ykhoathongminh.com\/wp-content\/uploads\/2024\/07\/May-massage-co-thong-minh-Philips-PPM3304-1-300x300.jpg 300w, https:\/\/ykhoathongminh.com\/wp-content\/uploads\/2024\/07\/May-massage-co-thong-minh-Philips-PPM3304-1-150x150.jpg 150w, https:\/\/ykhoathongminh.com\/wp-content\/uploads\/2024\/07\/May-massage-co-thong-minh-Philips-PPM3304-1-768x768.jpg 768w, https:\/\/ykhoathongminh.com\/wp-content\/uploads\/2024\/07\/May-massage-co-thong-minh-Philips-PPM3304-1-12x12.jpg 12w, https:\/\/ykhoathongminh.com\/wp-content\/uploads\/2024\/07\/May-massage-co-thong-minh-Philips-PPM3304-1-600x600.jpg 600w, https:\/\/ykhoathongminh.com\/wp-content\/uploads\/2024\/07\/May-massage-co-thong-minh-Philips-PPM3304-1-100x100.jpg 100w, https:\/\/ykhoathongminh.com\/wp-content\/uploads\/2024\/07\/May-massage-co-thong-minh-Philips-PPM3304-1.jpg 800w\" sizes=\"(max-width: 300px) 100vw, 300px\" \/><\/p>\n<h3 class=\"p-heading-04-large p-heading-bold p-feature-title\">\u0110\u1ea7u Massage s\u00f3ng 3D, massage t\u1ea1i ch\u1ed7 g\u1ed3m 4 v\u00f9ng<\/h3>\n<p>S\u1edf h\u1eefu \u0111\u1ea7u massage s\u00f3ng 3D, t\u1ea1o ra tr\u1ea3i nghi\u1ec7m m\u00e1t xa \u0111a chi\u1ec1u v\u00e0 s\u00e2u l\u1eafng. S\u1ea3n ph\u1ea9m n\u00e0y c\u00f3 kh\u1ea3 n\u0103ng massage t\u1ea1i ch\u1ed7, chia th\u00e0nh 4 v\u00f9ng, gi\u00fap b\u1ea1n t\u1eadn h\u01b0\u1edfng s\u1ef1 th\u01b0 gi\u00e3n v\u00e0 gi\u1ea3m c\u0103ng c\u01a1 t\u1ed1i \u01b0u.<\/p>\n<p>V\u1edbi thi\u1ebft k\u1ebf h\u00ecnh thang che ph\u1ee7 d\u1ecdc v\u00f9ng c\u1ed5, M\u00e1y Massage PHILIPS PPM3304 mang \u0111\u1ebfn s\u1ef1 \u00f4m s\u00e1t v\u00e0 tho\u1ea3i m\u00e1i. H\u01a1n n\u1eefa, t\u00ednh n\u0103ng massage t\u1eeb tr\u00ean xu\u1ed1ng d\u01b0\u1edbi lu\u00e2n phi\u00ean c\u1ea5p \u0111\u1ed9 m\u1ea1nh nh\u1eb9 gi\u00fap b\u1ea1n t\u00f9y ch\u1ec9nh tr\u1ea3i nghi\u1ec7m theo s\u1edf th\u00edch c\u00e1 nh\u00e2n, \u0111\u1ea3m b\u1ea3o b\u1ea1n c\u00f3 \u0111\u01b0\u1ee3c tr\u1ea3i nghi\u1ec7m massage t\u1ed1t nh\u1ea5t cho c\u01a1 b\u1eafp v\u00e0 t\u00e2m tr\u1ea1ng c\u1ee7a m\u00ecnh.<\/p>\n\t\t<\/div>\n\t\t\t\t\t<\/div>\n\n\t\n\n\t<div id=\"col-1646745411\" class=\"col medium-1\/3 large-4\"  >\n\t\t\t\t<div class=\"col-inner\"  >\n\t\t\t\n\t\t\t\n<p><img loading=\"lazy\" decoding=\"async\" class=\"alignnone size-medium wp-image-8773\" src=\"https:\/\/ykhoathongminh.com\/wp-content\/uploads\/2024\/07\/May-massage-co-thong-minh-Philips-PPM3304-Gia-Re-300x300.jpg\" alt=\"\" width=\"300\" height=\"300\" srcset=\"https:\/\/ykhoathongminh.com\/wp-content\/uploads\/2024\/07\/May-massage-co-thong-minh-Philips-PPM3304-Gia-Re-300x300.jpg 300w, https:\/\/ykhoathongminh.com\/wp-content\/uploads\/2024\/07\/May-massage-co-thong-minh-Philips-PPM3304-Gia-Re-150x150.jpg 150w, https:\/\/ykhoathongminh.com\/wp-content\/uploads\/2024\/07\/May-massage-co-thong-minh-Philips-PPM3304-Gia-Re-768x768.jpg 768w, https:\/\/ykhoathongminh.com\/wp-content\/uploads\/2024\/07\/May-massage-co-thong-minh-Philips-PPM3304-Gia-Re-12x12.jpg 12w, https:\/\/ykhoathongminh.com\/wp-content\/uploads\/2024\/07\/May-massage-co-thong-minh-Philips-PPM3304-Gia-Re-600x600.jpg 600w, https:\/\/ykhoathongminh.com\/wp-content\/uploads\/2024\/07\/May-massage-co-thong-minh-Philips-PPM3304-Gia-Re-100x100.jpg 100w, https:\/\/ykhoathongminh.com\/wp-content\/uploads\/2024\/07\/May-massage-co-thong-minh-Philips-PPM3304-Gia-Re.jpg 800w\" sizes=\"(max-width: 300px) 100vw, 300px\" \/><\/p>\n<h3 class=\"p-heading-04-large p-heading-bold p-feature-title\">Ch\u01b0\u1eddm \u1ea5m 42 \u0111\u1ed9 C gi\u00fap th\u01b0 gi\u00e3n, th\u00fac \u0111\u1ea9y tu\u1ea7n ho\u00e0n m\u00e1u<\/h3>\n<div class=\"group w-full text-token-text-primary border-b border-black\/10 dark:border-gray-900\/50 bg-gray-50 dark:bg-&#091;#444654&#093;\" data-testid=\"conversation-turn-59\">\n<div class=\"p-4 justify-center text-base md:gap-6 md:py-6 m-auto\">\n<div class=\"flex flex-1 gap-4 text-base mx-auto md:gap-6 md:max-w-2xl lg:max-w-&#091;38rem&#093; xl:max-w-3xl }\">\n<div class=\"relative flex w-&#091;calc(100%-50px)&#093; flex-col gap-1 md:gap-3 lg:w-&#091;calc(100%-115px)&#093;\">\n<div class=\"flex flex-grow flex-col gap-3 max-w-full\">\n<div class=\"min-h-&#091;20px&#093; flex flex-col items-start gap-3 overflow-x-auto whitespace-pre-wrap break-words\">\n<div class=\"markdown prose w-full break-words dark:prose-invert light\">\n<p>Ch\u01b0\u1eddm nhi\u1ec7t \u0111\u1ed9 42\u2103 n\u00f3ng d\u1ea7n kh\u00f4ng ch\u1ec9 gi\u00fap th\u01b0 gi\u00e3n c\u00e1c c\u01a1 c\u1ee9ng v\u00e0 gia t\u0103ng hi\u1ec7u qu\u1ea3 c\u1ee7a li\u1ec7u ph\u00e1p m\u00e1t xa, m\u00e0 c\u00f2n th\u00fac \u0111\u1ea9y l\u01b0u th\u00f4ng m\u00e1u m\u1ed9t c\u00e1ch hi\u1ec7u qu\u1ea3. Nhi\u1ec7t \u0111\u1ed9 n\u00e0y truy\u1ec1n \u0111\u1ebfn c\u01a1 th\u1ec3 \u0111\u1ec3 t\u1ea1o c\u1ea3m gi\u00e1c \u1ea5m \u00e1p v\u00e0 gi\u1ea3m m\u1ec7t m\u1ecfi.<\/p>\n<\/div>\n<\/div>\n<\/div>\n<\/div>\n<\/div>\n<\/div>\n<\/div>\n\t\t<\/div>\n\t\t\t\t\t<\/div>\n\n\t\n\n\t<div id=\"col-1125390567\" class=\"col medium-1\/3 large-4\"  >\n\t\t\t\t<div class=\"col-inner\"  >\n\t\t\t\n\t\t\t\n<p><img loading=\"lazy\" decoding=\"async\" class=\"alignnone size-medium wp-image-8772\" src=\"https:\/\/ykhoathongminh.com\/wp-content\/uploads\/2024\/07\/May-massage-co-thong-minh-Philips-PPM3304-Chinh-Hang-300x300.jpg\" alt=\"\" width=\"300\" height=\"300\" srcset=\"https:\/\/ykhoathongminh.com\/wp-content\/uploads\/2024\/07\/May-massage-co-thong-minh-Philips-PPM3304-Chinh-Hang-300x300.jpg 300w, https:\/\/ykhoathongminh.com\/wp-content\/uploads\/2024\/07\/May-massage-co-thong-minh-Philips-PPM3304-Chinh-Hang-150x150.jpg 150w, https:\/\/ykhoathongminh.com\/wp-content\/uploads\/2024\/07\/May-massage-co-thong-minh-Philips-PPM3304-Chinh-Hang-768x768.jpg 768w, https:\/\/ykhoathongminh.com\/wp-content\/uploads\/2024\/07\/May-massage-co-thong-minh-Philips-PPM3304-Chinh-Hang-12x12.jpg 12w, https:\/\/ykhoathongminh.com\/wp-content\/uploads\/2024\/07\/May-massage-co-thong-minh-Philips-PPM3304-Chinh-Hang-600x600.jpg 600w, https:\/\/ykhoathongminh.com\/wp-content\/uploads\/2024\/07\/May-massage-co-thong-minh-Philips-PPM3304-Chinh-Hang-100x100.jpg 100w, https:\/\/ykhoathongminh.com\/wp-content\/uploads\/2024\/07\/May-massage-co-thong-minh-Philips-PPM3304-Chinh-Hang.jpg 800w\" sizes=\"(max-width: 300px) 100vw, 300px\" \/><\/p>\n<h2><span class=\"p-heading-02 p-heading-bold\">Thi\u1ebft k\u1ebf h\u1ed7 tr\u1ee3 \u00f4m s\u00e1t h\u00ecnh ch\u1eef V<\/span><\/h2>\n<p>M\u00e1y Massage c\u1ed5 g\u00e1y PHILIPS PPM3304 l\u00e0 m\u1ed9t s\u1ea3n ph\u1ea9m \u0111\u1ed9t ph\u00e1 trong vi\u1ec7c ch\u0103m s\u00f3c s\u1ee9c kh\u1ecfe v\u00e0 th\u01b0 gi\u00e3n. \u0110i\u1ec3m \u0111\u1eb7c bi\u1ec7t n\u1ed5i b\u1eadt c\u1ee7a s\u1ea3n ph\u1ea9m n\u00e0y l\u00e0 t\u00ednh n\u0103ng thi\u1ebft k\u1ebf h\u1ed7 tr\u1ee3 \u00f4m s\u00e1t h\u00ecnh ch\u1eef V, gi\u00fap \u00f4m s\u00e1t v\u00f9ng c\u1ed5 v\u00e0 g\u00e1y c\u1ee7a b\u1ea1n m\u1ed9t c\u00e1ch ho\u00e0n h\u1ea3o.<\/p>\n<p>V\u1edbi kh\u1ea3 n\u0103ng \u00f4m s\u00e1t t\u1ed1i \u01b0u, M\u00e1y Massage PHILIPS PPM3304 \u0111em l\u1ea1i tr\u1ea3i nghi\u1ec7m m\u00e1t xa \u0111\u1ed9c \u0111\u00e1o v\u00e0 hi\u1ec7u qu\u1ea3. N\u00f3 gi\u00fap gi\u1ea3m c\u0103ng c\u01a1, gi\u1ea3i t\u1ecfa c\u0103ng th\u1eb3ng, v\u00e0 n\u00e2ng cao s\u1ef1 tho\u1ea3i m\u00e1i cho c\u1ed5 v\u00e0 g\u00e1y. S\u1ea3n ph\u1ea9m n\u00e0y kh\u00f4ng ch\u1ec9 gi\u00fap b\u1ea1n th\u01b0 gi\u00e3n sau m\u1ed9t ng\u00e0y l\u00e0m vi\u1ec7c c\u0103ng th\u1eb3ng m\u00e0 c\u00f2n c\u1ea3i thi\u1ec7n t\u00ecnh tr\u1ea1ng s\u1ee9c kh\u1ecfe t\u1ed5ng th\u1ec3 c\u1ee7a b\u1ea1n.<\/p>\n\t\t<\/div>\n\t\t\t\t\t<\/div>\n\n\t\n<\/div>\n<p>&nbsp;<\/p>\n<p>&nbsp;<\/p>\n<div class=\"row\"  id=\"row-1925994074\">\n\n\t<div id=\"col-595600397\" class=\"col medium-1\/3 large-4\"  >\n\t\t\t\t<div class=\"col-inner\"  >\n\t\t\t\n\t\t\t\n<p><img loading=\"lazy\" decoding=\"async\" class=\"alignnone size-medium wp-image-8774\" src=\"https:\/\/ykhoathongminh.com\/wp-content\/uploads\/2024\/07\/May-massage-co-thong-minh-Philips-PPM3304-tai-Bien-Hoa-300x300.jpg\" alt=\"\" width=\"300\" height=\"300\" srcset=\"https:\/\/ykhoathongminh.com\/wp-content\/uploads\/2024\/07\/May-massage-co-thong-minh-Philips-PPM3304-tai-Bien-Hoa-300x300.jpg 300w, https:\/\/ykhoathongminh.com\/wp-content\/uploads\/2024\/07\/May-massage-co-thong-minh-Philips-PPM3304-tai-Bien-Hoa-150x150.jpg 150w, https:\/\/ykhoathongminh.com\/wp-content\/uploads\/2024\/07\/May-massage-co-thong-minh-Philips-PPM3304-tai-Bien-Hoa-768x768.jpg 768w, https:\/\/ykhoathongminh.com\/wp-content\/uploads\/2024\/07\/May-massage-co-thong-minh-Philips-PPM3304-tai-Bien-Hoa-12x12.jpg 12w, https:\/\/ykhoathongminh.com\/wp-content\/uploads\/2024\/07\/May-massage-co-thong-minh-Philips-PPM3304-tai-Bien-Hoa-600x600.jpg 600w, https:\/\/ykhoathongminh.com\/wp-content\/uploads\/2024\/07\/May-massage-co-thong-minh-Philips-PPM3304-tai-Bien-Hoa-100x100.jpg 100w, https:\/\/ykhoathongminh.com\/wp-content\/uploads\/2024\/07\/May-massage-co-thong-minh-Philips-PPM3304-tai-Bien-Hoa.jpg 800w\" sizes=\"(max-width: 300px) 100vw, 300px\" \/><\/p>\n<h3 class=\"p-heading-04-large p-heading-bold p-feature-title\">S\u1eed d\u1ee5ng s\u1ea1c kh\u00f4ng d\u00e2y ti\u1ec7n d\u1ee5ng c\u00f9ng kh\u1ea3 n\u0103ng t\u1ef1 \u0111i\u1ec1u ch\u1ec9nh \u00f4m s\u00e1t<\/h3>\n<p>\u0110i\u1ec3m \u0111\u1eb7c bi\u1ec7t \u1ea5n t\u01b0\u1ee3ng c\u1ee7a s\u1ea3n ph\u1ea9m n\u00e0y l\u00e0 t\u00ednh n\u0103ng s\u1ea1c kh\u00f4ng d\u00e2y, cho ph\u00e9p b\u1ea1n mang theo n\u00f3 m\u1ed9t c\u00e1ch ti\u1ec7n l\u1ee3i v\u00e0 s\u1ea1c d\u1ec5 d\u00e0ng m\u00e0 kh\u00f4ng c\u1ea7n lo l\u1eafng v\u1ec1 d\u00e2y c\u00e1p. S\u1ea3n ph\u1ea9m c\u0169ng \u0111\u01b0\u1ee3c thi\u1ebft k\u1ebf v\u1edbi kh\u1ea3 n\u0103ng t\u1ef1 \u0111\u1ed9ng \u0111i\u1ec1u ch\u1ec9nh \u00f4m s\u00e1t, \u0111\u1ea3m b\u1ea3o r\u1eb1ng n\u00f3 s\u1ebd \u00f4m s\u00e1t v\u00e0 massage v\u00f9ng c\u1ed5 g\u00e1y c\u1ee7a b\u1ea1n m\u1ed9t c\u00e1ch t\u1ed1i \u01b0u, gi\u00fap b\u1ea1n t\u1eadn h\u01b0\u1edfng tr\u1ea3i nghi\u1ec7m m\u00e1t xa \u0111\u1ed9c \u0111\u00e1o v\u00e0 hi\u1ec7u qu\u1ea3. M\u00e1y Massage PHILIPS PPM3304 kh\u00f4ng ch\u1ec9 l\u00e0 m\u1ed9t c\u00f4ng c\u1ee5 th\u01b0 gi\u00e3n m\u00e0 c\u00f2n l\u00e0 m\u1ed9t l\u1ef1a ch\u1ecdn ti\u1ec7n \u00edch v\u00e0 ti\u00ean ti\u1ebfn cho s\u1ee9c kh\u1ecfe c\u1ee7a b\u1ea1n.<\/p>\n\t\t<\/div>\n\t\t\t\t\t<\/div>\n\n\t\n\n\t<div id=\"col-1860188641\" class=\"col medium-1\/3 large-4\"  >\n\t\t\t\t<div class=\"col-inner\"  >\n\t\t\t\n\t\t\t\n<p><img loading=\"lazy\" decoding=\"async\" class=\"alignnone size-medium wp-image-8775\" src=\"https:\/\/ykhoathongminh.com\/wp-content\/uploads\/2024\/07\/May-massage-co-thong-minh-Philips-PPM3304-tai-Dong-Nai-1-300x300.jpg\" alt=\"\" width=\"300\" height=\"300\" srcset=\"https:\/\/ykhoathongminh.com\/wp-content\/uploads\/2024\/07\/May-massage-co-thong-minh-Philips-PPM3304-tai-Dong-Nai-1-300x300.jpg 300w, https:\/\/ykhoathongminh.com\/wp-content\/uploads\/2024\/07\/May-massage-co-thong-minh-Philips-PPM3304-tai-Dong-Nai-1-150x150.jpg 150w, https:\/\/ykhoathongminh.com\/wp-content\/uploads\/2024\/07\/May-massage-co-thong-minh-Philips-PPM3304-tai-Dong-Nai-1-768x768.jpg 768w, https:\/\/ykhoathongminh.com\/wp-content\/uploads\/2024\/07\/May-massage-co-thong-minh-Philips-PPM3304-tai-Dong-Nai-1-12x12.jpg 12w, https:\/\/ykhoathongminh.com\/wp-content\/uploads\/2024\/07\/May-massage-co-thong-minh-Philips-PPM3304-tai-Dong-Nai-1-600x600.jpg 600w, https:\/\/ykhoathongminh.com\/wp-content\/uploads\/2024\/07\/May-massage-co-thong-minh-Philips-PPM3304-tai-Dong-Nai-1-100x100.jpg 100w, https:\/\/ykhoathongminh.com\/wp-content\/uploads\/2024\/07\/May-massage-co-thong-minh-Philips-PPM3304-tai-Dong-Nai-1.jpg 800w\" sizes=\"(max-width: 300px) 100vw, 300px\" \/><\/p>\n<h3 class=\"p-heading-04-large p-heading-bold p-feature-title\">Massage \u0111a d\u1ea1ng, t\u0103ng di\u1ec7n t\u00edch ch\u01b0\u1eddm \u1ea5m<\/h3>\n<p>\u0110\u1eb7c \u0111i\u1ec3m n\u1ed5i b\u1eadt c\u1ee7a m\u00e1y massage c\u1ed5 vai g\u00e1y n\u00e0y l\u00e0 t\u00ednh n\u0103ng massage \u0111a d\u1ea1ng, di\u1ec7n t\u00edch ch\u1ed7 \u0111\u1eb7t ch\u01b0\u1eddm \u1ea5m r\u1ed9ng h\u01a1n, \u0111\u1ea3m b\u1ea3o b\u1ea1n c\u00f3 \u0111\u01b0\u1ee3c s\u1ef1 tho\u1ea3i m\u00e1i to\u00e0n di\u1ec7n trong qu\u00e1 tr\u00ecnh s\u1eed d\u1ee5ng. Cung c\u1ea5p 6 ch\u1ee9c n\u0103ng b\u1ea3o v\u1ec7 v\u00f9ng c\u1ed5, gi\u00fap gi\u1ea3m c\u0103ng c\u01a1 hi\u1ec7u qu\u1ea3.<\/p>\n<p>\u0110i\u1ec1u n\u00e0y kh\u00f4ng ch\u1ec9 th\u00fac \u0111\u1ea9y c\u01a1 b\u1eafp m\u00e0 c\u00f2n gi\u00fap b\u1ea1n c\u1ea3m th\u1ea5y th\u01b0 gi\u00e3n v\u00e0 tho\u1ea3i m\u00e1i. \u0110\u1eb7c bi\u1ec7t, s\u1ea3n ph\u1ea9m n\u00e0y s\u1eed d\u1ee5ng c\u00f4ng ngh\u1ec7 s\u1ea1c kh\u00f4ng d\u00e2y ti\u1ec7n l\u1ee3i, gi\u00fap b\u1ea1n d\u1ec5 d\u00e0ng duy tr\u00ec s\u1ef1 s\u1ea1ch s\u1ebd v\u00e0 g\u1ecdn g\u00e0ng trong ng\u00f4i nh\u00e0 c\u1ee7a m\u00ecnh.<\/p>\n\t\t<\/div>\n\t\t\t\t\t<\/div>\n\n\t\n\n\t<div id=\"col-604295010\" class=\"col medium-1\/3 large-4\"  >\n\t\t\t\t<div class=\"col-inner\"  >\n\t\t\t\n\t\t\t\n\t\t<\/div>\n\t\t\t\t\t<\/div>\n\n\t\n<\/div>\n<p>&nbsp;<\/p>\n<div id=\"col-70513702\" class=\"col small-12 large-12\">\n<div class=\"col-inner\">\n<h2 class=\"p-heading-02 p-heading-medium p-s08__spec-main-title\">Th\u00f4ng s\u1ed1 k\u1ef9 thu\u1eadt<\/h2>\n<\/div>\n<\/div>\n<div id=\"col-999566745\" class=\"col small-12 large-12\">\n<div class=\"col-inner\">\n<table width=\"741\">\n<tbody>\n<tr>\n<td width=\"196\">Chi ti\u1ebft<\/td>\n<td width=\"285\"><strong>\u0110i\u1ec7n \u00e1p<\/strong><\/td>\n<td width=\"260\">5V<\/td>\n<\/tr>\n<tr>\n<td width=\"196\"><\/td>\n<td width=\"285\"><strong>C\u00f4ng su\u1ea5t<\/strong><\/td>\n<td width=\"260\">12W<\/td>\n<\/tr>\n<tr>\n<td width=\"196\"><\/td>\n<td width=\"285\"><strong>C\u00e2n n\u1eb7ng<\/strong><\/td>\n<td width=\"260\">0.78 Kg<\/td>\n<\/tr>\n<tr>\n<td width=\"196\"><\/td>\n<td width=\"285\"><strong>Dung l\u01b0\u1ee3ng PIN<\/strong><\/td>\n<td width=\"260\">3200mAh<\/td>\n<\/tr>\n<tr>\n<td width=\"196\"><\/td>\n<td width=\"285\"><strong>Th\u01b0\u01a1ng hi\u1ec7u<\/strong><\/td>\n<td>Philips<\/td>\n<\/tr>\n<tr>\n<td width=\"196\"><\/td>\n<td><strong>B\u1ea3o h\u00e0nh<\/strong><\/td>\n<td>12 th\u00e1ng<\/td>\n<\/tr>\n<\/tbody>\n<\/table>\n<\/div>\n<\/div>","protected":false},"excerpt":{"rendered":"<p><strong>G\u1ed1i massage c\u1ed5 ch\u1eef U PHILIPS PPM3304<\/strong> v\u1edbi ch\u1ee9c n\u0103ng massage \u0111a ch\u1ebf \u0111\u1ed9, ch\u01b0\u1eddm \u1ea5m ki\u1ec3m so\u00e1t nhi\u1ec7t ch\u1eafc ch\u1eafn s\u1ebd l\u00e0 l\u1ef1a ch\u1ecdn ho\u00e0n h\u1ea3o cho m\u1ecdi ng\u01b0\u1eddi d\u00f9ng, nh\u1ea5t l\u00e0 ng\u01b0\u1eddi ng\u1ed3i nhi\u1ec1u th\u01b0\u1eddng xuy\u00ean khi\u1ebfn v\u00f9ng c\u1ed5, vai g\u00e1y b\u1ecb nh\u1ee9c m\u1ecfi, t\u00ea c\u1ee9ng.<\/p>\n<p>B\u1ea3o h\u00e0nh : 2 n\u0103m<\/p>","protected":false},"featured_media":8703,"comment_status":"open","ping_status":"closed","template":"","meta":{"_acf_changed":false,"rank_math_lock_modified_date":false},"product_cat":[274,93],"product_tag":[],"class_list":{"0":"post-2095","1":"product","2":"type-product","3":"status-publish","4":"has-post-thumbnail","6":"product_cat-may-massage-co-vai-gay","7":"product_cat-thiet-bi-massage","9":"first","10":"instock","11":"shipping-taxable","12":"purchasable","13":"product-type-simple"},"acf":[],"_links":{"self":[{"href":"https:\/\/ykhoathongminh.com\/en\/wp-json\/wp\/v2\/product\/2095"}],"collection":[{"href":"https:\/\/ykhoathongminh.com\/en\/wp-json\/wp\/v2\/product"}],"about":[{"href":"https:\/\/ykhoathongminh.com\/en\/wp-json\/wp\/v2\/types\/product"}],"replies":[{"embeddable":true,"href":"https:\/\/ykhoathongminh.com\/en\/wp-json\/wp\/v2\/comments?post=2095"}],"wp:featuredmedia":[{"embeddable":true,"href":"https:\/\/ykhoathongminh.com\/en\/wp-json\/wp\/v2\/media\/8703"}],"wp:attachment":[{"href":"https:\/\/ykhoathongminh.com\/en\/wp-json\/wp\/v2\/media?parent=2095"}],"wp:term":[{"taxonomy":"product_cat","embeddable":true,"href":"https:\/\/ykhoathongminh.com\/en\/wp-json\/wp\/v2\/product_cat?post=2095"},{"taxonomy":"product_tag","embeddable":true,"href":"https:\/\/ykhoathongminh.com\/en\/wp-json\/wp\/v2\/product_tag?post=2095"}],"curies":[{"name":"wp","href":"https:\/\/api.w.org\/{rel}","templated":true}]}}