{"id":2118,"date":"2024-07-22T15:19:39","date_gmt":"2024-07-22T15:19:39","guid":{"rendered":"https:\/\/ykhoathongminh.com\/?post_type=product&#038;p=2118"},"modified":"2024-09-04T10:59:52","modified_gmt":"2024-09-04T10:59:52","slug":"may-massage-vung-chan-philips-ppm6331","status":"publish","type":"product","link":"https:\/\/ykhoathongminh.com\/en\/product\/may-massage-vung-chan-philips-ppm6331\/","title":{"rendered":"M\u00e1y Massage v\u00f9ng ch\u00e2n Philips PPM6331"},"content":{"rendered":"<div id=\"row-25339936\" class=\"row\">\n<div id=\"col-433297007\" class=\"col hide-for-medium small-12 large-12\">\n<div class=\"col-inner\">\n<p>Tr\u1ea3i nghi\u1ec7m c\u00f4ng ngh\u1ec7 massage m\u1edbi cho v\u00f9ng ch\u00e2n t\u1ea1o c\u1ea3m gi\u00e1c \u1ea5m \u00e1p, tho\u1ea3i m\u00e1i sau nh\u1eefng l\u1ea7n v\u1eadn \u0111\u1ed9ng ngo\u00e0i tr\u1eddi. Kh\u00f4ng ch\u1ec9 massage c\u1ed5, massage l\u01b0ng v\u00e0 b\u1ee5ng, \u201c\u0111\u00f4i ch\u00e2n\u201d c\u1ee7a b\u1ea1n c\u1ea7n l\u1eafm nh\u1eefng l\u00fac th\u01b0 gi\u00e3n \u0111\u1ec3 lu\u00f4n kh\u1ecfe kho\u1eafn trong t\u1eebng b\u01b0\u1edbc \u0111i.<\/p>\n<p><strong>M\u00e1y Massage v\u00f9ng ch\u00e2n Philips PPM6331<\/strong> mang \u0111\u1ebfn s\u1ef1 d\u1ec5 ch\u1ecbu, s\u1ea3ng kho\u00e1i sau m\u1ed7i l\u1ea7n s\u1eed d\u1ee5ng v\u1edbi s\u1ef1 h\u1ed7 tr\u1ee3 c\u1ee7a 8 \u0111\u1ea7u massage 3D m\u00f4 ph\u1ecfng nh\u01b0 c\u00e1c \u0111\u1ea7u ng\u00f3n tay tr\u1ef1c ti\u1ebfp xoa b\u00f3p, t\u00edch h\u1ee3p t\u00ednh n\u0103ng ch\u01b0\u1eddm \u1ea5m th\u01b0 gi\u00e3n 50 \u0111\u1ed9 C t\u00f9y ch\u1ec9nh 2 c\u1ea5p \u0111\u1ed9 m\u1ea1nh nh\u1eb9 chuy\u00ean s\u00e2u.<\/p>\n<\/div>\n<\/div>\n<\/div>\n<div id=\"row-1760579460\" class=\"row row-small\">\n<div id=\"col-280648409\" class=\"col medium-4 small-12 large-4\">\n<div class=\"col-inner\">\n<div class=\"box has-hover has-hover box-text-bottom\">\n<div class=\"box-image\">\n<div class=\"\"><img loading=\"lazy\" decoding=\"async\" class=\"attachment- size- lazyloaded\" src=\"https:\/\/philipsmassager.vn\/wp-content\/uploads\/2023\/11\/philips-ppm-6331-4.jpg\" alt=\"M\u00e1y Massage V\u00f9ng Ch\u00e2n PHILIPS 6331\" width=\"800\" height=\"800\" data-lazy-srcset=\"https:\/\/philipsmassager.vn\/wp-content\/uploads\/2023\/11\/philips-ppm-6331-4.jpg 800w, https:\/\/philipsmassager.vn\/wp-content\/uploads\/2023\/11\/philips-ppm-6331-4-300x300.jpg 300w, https:\/\/philipsmassager.vn\/wp-content\/uploads\/2023\/11\/philips-ppm-6331-4-150x150.jpg 150w, https:\/\/philipsmassager.vn\/wp-content\/uploads\/2023\/11\/philips-ppm-6331-4-768x768.jpg 768w, https:\/\/philipsmassager.vn\/wp-content\/uploads\/2023\/11\/philips-ppm-6331-4-600x600.jpg 600w, https:\/\/philipsmassager.vn\/wp-content\/uploads\/2023\/11\/philips-ppm-6331-4-100x100.jpg 100w\" data-lazy-sizes=\"(max-width: 800px) 100vw, 800px\" data-lazy-src=\"https:\/\/philipsmassager.vn\/wp-content\/uploads\/2023\/11\/philips-ppm-6331-4.jpg\" data-was-processed=\"true\" \/><\/div>\n<\/div>\n<div class=\"box-text text-left\">\n<div class=\"box-text-inner\">\n<h3 class=\"p-heading-04-large p-heading-bold p-feature-title\">H\u1ed7 tr\u1ee3 2 ch\u1ebf \u0111\u1ed9 massage v\u00e0 ch\u01b0\u1eddm \u1ea5m 50 \u0111\u1ed9 C si\u00eau th\u01b0 gi\u00e3n<\/h3>\n<div class=\"group w-full text-token-text-primary border-b border-black\/10 dark:border-gray-900\/50 bg-gray-50 dark:bg-[#444654]\" data-testid=\"conversation-turn-37\">\n<div class=\"p-4 justify-center text-base md:gap-6 md:py-6 m-auto\">\n<div class=\"flex flex-1 gap-4 text-base mx-auto md:gap-6 md:max-w-2xl lg:max-w-[38rem] xl:max-w-3xl }\">\n<div class=\"relative flex w-[calc(100%-50px)] flex-col gap-1 md:gap-3 lg:w-[calc(100%-115px)]\">\n<div class=\"flex flex-grow flex-col gap-3 max-w-full\">\n<div class=\"min-h-[20px] flex flex-col items-start gap-3 overflow-x-auto whitespace-pre-wrap break-words\">\n<div class=\"markdown prose w-full break-words dark:prose-invert light\">\n<div class=\"group w-full text-token-text-primary border-b border-black\/10 dark:border-gray-900\/50 bg-gray-50 dark:bg-[#444654]\" data-testid=\"conversation-turn-41\">\n<div class=\"p-4 justify-center text-base md:gap-6 md:py-6 m-auto\">\n<div class=\"flex flex-1 gap-4 text-base mx-auto md:gap-6 md:max-w-2xl lg:max-w-[38rem] xl:max-w-3xl }\">\n<div class=\"relative flex w-[calc(100%-50px)] flex-col gap-1 md:gap-3 lg:w-[calc(100%-115px)]\">\n<div class=\"flex flex-grow flex-col gap-3 max-w-full\">\n<div class=\"min-h-[20px] flex flex-col items-start gap-3 overflow-x-auto whitespace-pre-wrap break-words\">\n<div class=\"markdown prose w-full break-words dark:prose-invert light\">\n<div class=\"flex-1 overflow-hidden\">\n<div class=\"react-scroll-to-bottom--css-dgqah-79elbk h-full dark:bg-gray-800\">\n<div class=\"react-scroll-to-bottom--css-dgqah-1n7m0yu\">\n<div class=\"flex flex-col text-sm dark:bg-gray-800\">\n<div class=\"group w-full text-token-text-primary border-b border-black\/10 dark:border-gray-900\/50 bg-gray-50 dark:bg-[#444654]\" data-testid=\"conversation-turn-5\">\n<div class=\"p-4 justify-center text-base md:gap-6 md:py-6 m-auto\">\n<div class=\"flex flex-1 gap-4 text-base mx-auto md:gap-6 md:max-w-2xl lg:max-w-[38rem] xl:max-w-3xl }\">\n<div class=\"relative flex w-[calc(100%-50px)] flex-col gap-1 md:gap-3 lg:w-[calc(100%-115px)]\">\n<div class=\"flex flex-grow flex-col gap-3 max-w-full\">\n<div class=\"min-h-[20px] flex flex-col items-start gap-3 overflow-x-auto whitespace-pre-wrap break-words\">\n<div class=\"markdown prose w-full break-words dark:prose-invert light\">\n<div class=\"group w-full text-token-text-primary border-b border-black\/10 gizmo:border-0 dark:border-gray-900\/50 gizmo:dark:border-0 bg-gray-50 gizmo:bg-transparent dark:bg-[#444654] gizmo:dark:bg-transparent\" data-testid=\"conversation-turn-17\">\n<div class=\"p-4 justify-center text-base md:gap-6 md:py-6 m-auto\">\n<div class=\"flex flex-1 gap-4 text-base mx-auto md:gap-6 gizmo:gap-3 gizmo:md:px-5 gizmo:lg:px-1 gizmo:xl:px-5 md:max-w-2xl lg:max-w-[38rem] gizmo:md:max-w-3xl gizmo:lg:max-w-[40rem] gizmo:xl:max-w-[48rem] xl:max-w-3xl }\">\n<div class=\"relative flex w-[calc(100%-50px)] flex-col gap-1 gizmo:w-full md:gap-3 lg:w-[calc(100%-115px)] agent-turn\">\n<div class=\"flex flex-grow flex-col gap-3 max-w-full\">\n<div class=\"min-h-[20px] flex flex-col items-start gap-3 overflow-x-auto whitespace-pre-wrap break-words\">\n<div class=\"markdown prose w-full break-words dark:prose-invert light\">\n<p>S\u00e1ng t\u1ea1o v\u00e0 tho\u1ea3i m\u00e1i h\u01a1n v\u1edbi t\u00ednh n\u0103ng ch\u01b0\u1eddm \u1ea5m 50 \u0111\u1ed9 C cho kh\u1ea3 n\u0103ng \u201cxoa d\u1ecbu c\u00e1c \u00e1p l\u1ef1c\u201d l\u00ean v\u00f9ng \u0111\u00f9i, l\u00f2ng b\u00e0n ch\u00e2n v\u00e0 b\u1eafp ch\u00e2n m\u1ed9t c\u00e1ch hi\u1ec7u qu\u1ea3 nh\u1ea5t. H\u1ed7 tr\u1ee3 2 ch\u1ebf \u0111\u1ed9 m\u1ea1nh nh\u1eb9 v\u00e0 2 ki\u1ec3u xoa b\u00f3p: ch\u1ebf \u0111\u1ed9 massage l\u1ef1c \u1ea5n m\u00f4 ph\u1ecfng nh\u01b0 nh\u1eefng ng\u00f3n tay v\u00e0 ch\u1ebf \u0111\u1ed9 massage con l\u0103n.<\/p>\n<\/div>\n<\/div>\n<\/div>\n<\/div>\n<\/div>\n<\/div>\n<\/div>\n<\/div>\n<\/div>\n<\/div>\n<\/div>\n<\/div>\n<\/div>\n<\/div>\n<\/div>\n<\/div>\n<\/div>\n<\/div>\n<\/div>\n<\/div>\n<\/div>\n<\/div>\n<\/div>\n<\/div>\n<\/div>\n<\/div>\n<\/div>\n<\/div>\n<\/div>\n<\/div>\n<\/div>\n<\/div>\n<\/div>\n<\/div>\n<\/div>\n<\/div>\n<\/div>\n<div id=\"col-157296403\" class=\"col medium-4 small-12 large-4\">\n<div class=\"col-inner\">\n<div class=\"box has-hover has-hover box-text-bottom\">\n<div class=\"box-image\">\n<div class=\"\"><img loading=\"lazy\" decoding=\"async\" class=\"attachment- size- lazyloaded\" src=\"https:\/\/philipsmassager.vn\/wp-content\/uploads\/2023\/11\/philips-ppm-6331-3.jpg\" alt=\"M\u00e1y Massage V\u00f9ng Ch\u00e2n PHILIPS 6331\" width=\"800\" height=\"800\" data-lazy-srcset=\"https:\/\/philipsmassager.vn\/wp-content\/uploads\/2023\/11\/philips-ppm-6331-3.jpg 800w, https:\/\/philipsmassager.vn\/wp-content\/uploads\/2023\/11\/philips-ppm-6331-3-300x300.jpg 300w, https:\/\/philipsmassager.vn\/wp-content\/uploads\/2023\/11\/philips-ppm-6331-3-150x150.jpg 150w, https:\/\/philipsmassager.vn\/wp-content\/uploads\/2023\/11\/philips-ppm-6331-3-768x768.jpg 768w, https:\/\/philipsmassager.vn\/wp-content\/uploads\/2023\/11\/philips-ppm-6331-3-600x600.jpg 600w, https:\/\/philipsmassager.vn\/wp-content\/uploads\/2023\/11\/philips-ppm-6331-3-100x100.jpg 100w\" data-lazy-sizes=\"(max-width: 800px) 100vw, 800px\" data-lazy-src=\"https:\/\/philipsmassager.vn\/wp-content\/uploads\/2023\/11\/philips-ppm-6331-3.jpg\" data-was-processed=\"true\" \/><\/div>\n<\/div>\n<div class=\"box-text text-left\">\n<div class=\"box-text-inner\">\n<h3 class=\"p-heading-04-large p-heading-bold p-feature-title\">C\u00f4ng ngh\u1ec7 massage n\u1ed5i 3D v\u1edbi 8 \u0111\u1ea7u l\u0103n cao c\u1ea5p<\/h3>\n<p><strong>Philips PPM6331<\/strong> s\u1eed d\u1ee5ng c\u00f4ng ngh\u1ec7 massage n\u1ed5i 3D v\u1edbi 8 \u0111i\u1ec3m ti\u1ebfp x\u00fac m\u00f4 ph\u1ecfng nh\u01b0 \u0111\u01b0\u1ee3c xoa b\u00f3p tr\u1ef1c ti\u1ebfp t\u1eeb nh\u1eefng \u0111\u1ea7u ng\u00f3n tay mang c\u1ea3m gi\u00e1c ch\u00e2n th\u1ef1c, th\u01b0 gi\u00e3n tuy\u1ec7t v\u1eddi.<\/p>\n<\/div>\n<\/div>\n<\/div>\n<\/div>\n<\/div>\n<div id=\"col-1192791924\" class=\"col medium-4 small-12 large-4\">\n<div class=\"col-inner\">\n<div class=\"box has-hover has-hover box-text-bottom\">\n<div class=\"box-image\">\n<div class=\"\"><img loading=\"lazy\" decoding=\"async\" class=\"attachment- size- lazyloaded\" src=\"https:\/\/philipsmassager.vn\/wp-content\/uploads\/2023\/11\/philips-ppm-6331-2.jpg\" alt=\"M\u00e1y Massage V\u00f9ng Ch\u00e2n PHILIPS 6331\" width=\"800\" height=\"800\" data-lazy-srcset=\"https:\/\/philipsmassager.vn\/wp-content\/uploads\/2023\/11\/philips-ppm-6331-2.jpg 800w, https:\/\/philipsmassager.vn\/wp-content\/uploads\/2023\/11\/philips-ppm-6331-2-300x300.jpg 300w, https:\/\/philipsmassager.vn\/wp-content\/uploads\/2023\/11\/philips-ppm-6331-2-150x150.jpg 150w, https:\/\/philipsmassager.vn\/wp-content\/uploads\/2023\/11\/philips-ppm-6331-2-768x768.jpg 768w, https:\/\/philipsmassager.vn\/wp-content\/uploads\/2023\/11\/philips-ppm-6331-2-600x600.jpg 600w, https:\/\/philipsmassager.vn\/wp-content\/uploads\/2023\/11\/philips-ppm-6331-2-100x100.jpg 100w\" data-lazy-sizes=\"(max-width: 800px) 100vw, 800px\" data-lazy-src=\"https:\/\/philipsmassager.vn\/wp-content\/uploads\/2023\/11\/philips-ppm-6331-2.jpg\" data-was-processed=\"true\" \/><\/div>\n<\/div>\n<div class=\"box-text text-left\">\n<div class=\"box-text-inner\">\n<h3 class=\"p-heading-04-large p-heading-bold p-feature-title\">Thao t\u00e1c d\u1ec5 d\u00e0ng v\u1edbi b\u1ed9 \u0111i\u1ec1u khi\u1ec3n \u0111\u1ed9c l\u1eadp<\/h3>\n<p>Kh\u00f4ng c\u1ea7n ph\u1ea3i c\u00fai ng\u01b0\u1eddi, khom l\u01b0ng \u0111\u1ec3 \u0111i\u1ec1u ch\u1ec9nh m\u00e1y massage \u1edf b\u00ean d\u01b0\u1edbi ch\u00e2n. V\u1edbi PPM6331 vi\u1ec7c th\u01b0 gi\u00e3n cho v\u00f9ng ch\u00e2n c\u1ee7a b\u1ea1n ti\u1ec7n l\u1ee3i h\u01a1n bao gi\u1edd h\u1ebft v\u1edbi b\u1ed9 \u0111i\u1ec1u khi\u1ec3n \u0111\u1ed9c l\u1eadp c\u1ea7m tay, t\u00f9y \u00fd \u0111i\u1ec1u ch\u1ec9nh ch\u1ebf \u0111\u1ed9 massage.<\/p>\n<\/div>\n<\/div>\n<\/div>\n<\/div>\n<\/div>\n<div id=\"col-914111374\" class=\"col medium-4 small-12 large-4\">\n<div class=\"col-inner\">\n<div class=\"box has-hover has-hover box-text-bottom\">\n<div class=\"box-image\">\n<div class=\"\"><img loading=\"lazy\" decoding=\"async\" class=\"attachment- size- lazyloaded\" src=\"https:\/\/philipsmassager.vn\/wp-content\/uploads\/2023\/11\/philips-ppm-6331-1.jpg\" alt=\"M\u00e1y Massage V\u00f9ng Ch\u00e2n PHILIPS 6331\" width=\"800\" height=\"800\" data-lazy-srcset=\"https:\/\/philipsmassager.vn\/wp-content\/uploads\/2023\/11\/philips-ppm-6331-1.jpg 800w, https:\/\/philipsmassager.vn\/wp-content\/uploads\/2023\/11\/philips-ppm-6331-1-300x300.jpg 300w, https:\/\/philipsmassager.vn\/wp-content\/uploads\/2023\/11\/philips-ppm-6331-1-150x150.jpg 150w, https:\/\/philipsmassager.vn\/wp-content\/uploads\/2023\/11\/philips-ppm-6331-1-768x768.jpg 768w, https:\/\/philipsmassager.vn\/wp-content\/uploads\/2023\/11\/philips-ppm-6331-1-600x600.jpg 600w, https:\/\/philipsmassager.vn\/wp-content\/uploads\/2023\/11\/philips-ppm-6331-1-100x100.jpg 100w\" data-lazy-sizes=\"(max-width: 800px) 100vw, 800px\" data-lazy-src=\"https:\/\/philipsmassager.vn\/wp-content\/uploads\/2023\/11\/philips-ppm-6331-1.jpg\" data-was-processed=\"true\" \/><\/div>\n<\/div>\n<div class=\"box-text text-left\">\n<div class=\"box-text-inner\">\n<h3 class=\"p-heading-04-large p-heading-bold p-feature-title\">Kh\u1ea3 n\u0103ng ch\u01b0\u1eddm \u1ea5m 50 \u0111\u1ed9 C b\u1eb1ng con l\u0103n \u0111\u00e8n noen gia nhi\u1ec7t<\/h3>\n<p>Th\u01b0 gi\u00e3n l\u00fd t\u01b0\u1edfng v\u1edbi t\u00ednh n\u0103ng ch\u01b0\u1eddm \u1ea5m \u0111\u1ebfn 50 \u0111\u1ed9 C h\u1ed7 tr\u1ee3 gi\u1ea3m \u00e1p l\u1ef1c c\u00e1c v\u00f9ng l\u00f2ng b\u00e0n ch\u00e2n, b\u1eafp ch\u00e2n v\u00e0 v\u00f9ng \u0111\u00f9i b\u1eb1ng ho\u1ea1t \u0111\u1ed9ng c\u1ee7a con l\u0103n \u0111\u00e8n noen gia nhi\u1ec7t mang \u0111\u1ebfn h\u01a1i \u1ea5m lan t\u1ecfa r\u1ed9ng v\u00e0 \u1ed5n \u0111\u1ecbnh ch\u1ec9 sau 5 gi\u00e2y kh\u1edfi \u0111\u1ed9ng t\u00ednh n\u0103ng.<\/p>\n<\/div>\n<\/div>\n<\/div>\n<\/div>\n<\/div>\n<div id=\"col-716519561\" class=\"col medium-4 small-12 large-4\">\n<div class=\"col-inner\">\n<div class=\"box has-hover has-hover box-text-bottom\">\n<div class=\"box-image\">\n<div class=\"\"><img loading=\"lazy\" decoding=\"async\" class=\"attachment- size- lazyloaded\" src=\"https:\/\/philipsmassager.vn\/wp-content\/uploads\/2023\/11\/philips-ppm-6331.jpg\" alt=\"M\u00e1y Massage V\u00f9ng Ch\u00e2n PHILIPS 6331\" width=\"800\" height=\"800\" data-lazy-srcset=\"https:\/\/philipsmassager.vn\/wp-content\/uploads\/2023\/11\/philips-ppm-6331.jpg 800w, https:\/\/philipsmassager.vn\/wp-content\/uploads\/2023\/11\/philips-ppm-6331-300x300.jpg 300w, https:\/\/philipsmassager.vn\/wp-content\/uploads\/2023\/11\/philips-ppm-6331-150x150.jpg 150w, https:\/\/philipsmassager.vn\/wp-content\/uploads\/2023\/11\/philips-ppm-6331-768x768.jpg 768w, https:\/\/philipsmassager.vn\/wp-content\/uploads\/2023\/11\/philips-ppm-6331-600x600.jpg 600w, https:\/\/philipsmassager.vn\/wp-content\/uploads\/2023\/11\/philips-ppm-6331-100x100.jpg 100w\" data-lazy-sizes=\"(max-width: 800px) 100vw, 800px\" data-lazy-src=\"https:\/\/philipsmassager.vn\/wp-content\/uploads\/2023\/11\/philips-ppm-6331.jpg\" data-was-processed=\"true\" \/><\/div>\n<\/div>\n<div class=\"box-text text-left\">\n<div class=\"box-text-inner\">\n<h3 class=\"p-heading-04-large p-heading-bold p-feature-title\">K\u1ebft h\u1ee3p xoa b\u00f3p nhi\u1ec1u v\u1ecb tr\u00ed \u1edf v\u00f9ng ch\u00e2n<\/h3>\n<p>Philips PPM6331 xu\u1ea5t hi\u1ec7n nh\u01b0 m\u1ed9t gi\u1ea3i ph\u00e1p ch\u0103m s\u00f3c \u201cv\u00f9ng ch\u00e2n\u201d chuy\u00ean nghi\u1ec7p. Kh\u00f4ng ch\u1ec9 d\u00f9ng massage \u1edf l\u00f2ng b\u00e0n ch\u00e2n, b\u1ea1n c\u00f2n c\u00f3 th\u1ec3 linh ho\u1ea1t \u1ee9ng d\u1ee5ng xoa d\u1ecbu c\u00e1c nh\u00f3m c\u01a1 \u1edf b\u1eafp ch\u00e2n, \u0111\u00f9i t\u00f9y theo t\u01b0 th\u1ebf \u0111i\u1ec1u ch\u1ec9nh.<\/p>\n<\/div>\n<\/div>\n<\/div>\n<\/div>\n<\/div>\n<\/div>","protected":false},"excerpt":{"rendered":"<p>M\u00e1y massage ch\u00e2n ng\u00e0y nay r\u1ea5t \u0111\u01b0\u1ee3c m\u1ecdi ng\u01b0\u1eddi quan t\u00e2m thu\u1ed9c nhi\u1ec1u \u0111\u1ed1i t\u01b0\u1ee3ng kh\u00e1c nhau nh\u01b0 ng\u01b0\u1eddi gi\u00e0, ng\u01b0\u1eddi hay v\u1eadn \u0111\u1ed9ng th\u01b0\u1eddng xuy\u00ean b\u1eb1ng ch\u00e2n\u2026V\u1edbi m\u00e1y massage ch\u00e2n cho ph\u00e9p b\u1ea1n th\u1ef1c hi\u1ec7n t\u1ef1 massage t\u1ea1i nh\u00e0 ho\u1eb7c b\u1ea5t k\u1ef3 \u0111\u00e2u b\u1ea1n mu\u1ed1n, m\u00e0 kh\u00f4ng c\u1ea7n ph\u1ea3i \u0111\u1eb7t l\u1ecbch h\u1eb9n ho\u1eb7c t\u1ed1n th\u1eddi gian di chuy\u1ec3n \u0111\u1ebfn m\u1ed9t spa ho\u1eb7c th\u1ea9m m\u1ef9 vi\u1ec7n. \u0110i\u1ec1u n\u00e0y r\u1ea5t thu\u1eadn ti\u1ec7n cho nh\u1eefng ng\u01b0\u1eddi c\u00f3 l\u1ecbch tr\u00ecnh b\u1eadn r\u1ed9n. \u0110\u00e1nh gi\u00e1 \u0111\u01b0\u1ee3c nhu c\u1ea7u \u1ea5y, h\u00e3ng Philips \u0111\u00e3 cho ra \u0111\u1eddi <strong>m\u00e1y massage ch\u00e2n Philips PPM6331<\/strong> v\u1edbi nhi\u1ebfu t\u00ednh n\u0103ng n\u1ed5i b\u1eadt.<\/p>","protected":false},"featured_media":4063,"comment_status":"open","ping_status":"closed","template":"","meta":{"_acf_changed":false,"rank_math_lock_modified_date":false},"product_cat":[177,93],"product_tag":[],"class_list":{"0":"post-2118","1":"product","2":"type-product","3":"status-publish","4":"has-post-thumbnail","6":"product_cat-may-massage-chan","7":"product_cat-thiet-bi-massage","9":"first","10":"instock","11":"shipping-taxable","12":"purchasable","13":"product-type-simple"},"acf":[],"_links":{"self":[{"href":"https:\/\/ykhoathongminh.com\/en\/wp-json\/wp\/v2\/product\/2118"}],"collection":[{"href":"https:\/\/ykhoathongminh.com\/en\/wp-json\/wp\/v2\/product"}],"about":[{"href":"https:\/\/ykhoathongminh.com\/en\/wp-json\/wp\/v2\/types\/product"}],"replies":[{"embeddable":true,"href":"https:\/\/ykhoathongminh.com\/en\/wp-json\/wp\/v2\/comments?post=2118"}],"wp:featuredmedia":[{"embeddable":true,"href":"https:\/\/ykhoathongminh.com\/en\/wp-json\/wp\/v2\/media\/4063"}],"wp:attachment":[{"href":"https:\/\/ykhoathongminh.com\/en\/wp-json\/wp\/v2\/media?parent=2118"}],"wp:term":[{"taxonomy":"product_cat","embeddable":true,"href":"https:\/\/ykhoathongminh.com\/en\/wp-json\/wp\/v2\/product_cat?post=2118"},{"taxonomy":"product_tag","embeddable":true,"href":"https:\/\/ykhoathongminh.com\/en\/wp-json\/wp\/v2\/product_tag?post=2118"}],"curies":[{"name":"wp","href":"https:\/\/api.w.org\/{rel}","templated":true}]}}