{"id":691,"date":"2024-07-22T15:01:16","date_gmt":"2024-07-22T15:01:16","guid":{"rendered":"https:\/\/ykhoathongminh.com\/?post_type=product&#038;p=691"},"modified":"2024-12-15T08:23:58","modified_gmt":"2024-12-15T08:23:58","slug":"que-thu-duong-huyet-og-care-50-que","status":"publish","type":"product","link":"https:\/\/ykhoathongminh.com\/en\/product\/que-thu-duong-huyet-og-care-50-que\/","title":{"rendered":"Que Th\u1eed \u0110\u01b0\u1eddng Huy\u1ebft OGCARE (50 Que)"},"content":{"rendered":"<ul>\n<li>Quy chu\u1ea9n \u0111\u00f3ng g\u00f3i: 1 l\u1ecd 50 que.<\/li>\n<li>Th\u1eddi h\u1ea1n s\u1eed d\u1ee5ng 1,5 n\u0103m t\u1eeb ng\u00e0y s\u1ea3n xu\u1ea5t.<\/li>\n<li><strong>Th\u1eddi h\u1ea1n s\u1eed d\u1ee5ng khi \u0111\u00e3 m\u1edf n\u1eafp:<\/strong> kh\u00f4ng qu\u00e1 3 th\u00e1ng t\u00ednh t\u1eeb khi m\u1edf n\u1eafp.<\/li>\n<\/ul>","protected":false},"excerpt":{"rendered":"<ul>\n<li>S\u1eed d\u1ee5ng cho m\u00e1y \u0111o \u0111\u01b0\u1eddng huy\u1ebft OG CARE<\/li>\n<li>1 l\u1ecd que th\u1eed 50 que<\/li>\n<li>H\u1ea1n d\u00f9ng 18 th\u00e1ng \u0111i\u1ec1u ki\u1ec7n ch\u01b0a m\u1edf n\u1eafp l\u1ecd.<\/li>\n<li>D\u00f9ng trong 3 th\u00e1ng k\u1ec3 t\u1eeb khi m\u1edf n\u1eafp l\u1ecd.<\/li>\n<\/ul>","protected":false},"featured_media":8619,"comment_status":"open","ping_status":"closed","template":"","meta":{"_acf_changed":false,"rank_math_lock_modified_date":false},"product_cat":[25,27],"product_tag":[],"class_list":{"0":"post-691","1":"product","2":"type-product","3":"status-publish","4":"has-post-thumbnail","6":"product_cat-cham-soc-nguoi-benh-tieu-duong","7":"product_cat-que-thu-tieu-duong","9":"first","10":"instock","11":"sale","12":"shipping-taxable","13":"purchasable","14":"product-type-simple"},"acf":[],"_links":{"self":[{"href":"https:\/\/ykhoathongminh.com\/en\/wp-json\/wp\/v2\/product\/691"}],"collection":[{"href":"https:\/\/ykhoathongminh.com\/en\/wp-json\/wp\/v2\/product"}],"about":[{"href":"https:\/\/ykhoathongminh.com\/en\/wp-json\/wp\/v2\/types\/product"}],"replies":[{"embeddable":true,"href":"https:\/\/ykhoathongminh.com\/en\/wp-json\/wp\/v2\/comments?post=691"}],"wp:featuredmedia":[{"embeddable":true,"href":"https:\/\/ykhoathongminh.com\/en\/wp-json\/wp\/v2\/media\/8619"}],"wp:attachment":[{"href":"https:\/\/ykhoathongminh.com\/en\/wp-json\/wp\/v2\/media?parent=691"}],"wp:term":[{"taxonomy":"product_cat","embeddable":true,"href":"https:\/\/ykhoathongminh.com\/en\/wp-json\/wp\/v2\/product_cat?post=691"},{"taxonomy":"product_tag","embeddable":true,"href":"https:\/\/ykhoathongminh.com\/en\/wp-json\/wp\/v2\/product_tag?post=691"}],"curies":[{"name":"wp","href":"https:\/\/api.w.org\/{rel}","templated":true}]}}