{"id":697,"date":"2024-07-22T15:01:16","date_gmt":"2024-07-22T15:01:16","guid":{"rendered":"https:\/\/ykhoathongminh.com\/?post_type=product&#038;p=697"},"modified":"2024-10-16T09:16:12","modified_gmt":"2024-10-16T09:16:12","slug":"may-do-da-thong-so-5-trong-1-facare-fc-m168-bluetooth","status":"publish","type":"product","link":"https:\/\/ykhoathongminh.com\/en\/product\/may-do-da-thong-so-5-trong-1-facare-fc-m168-bluetooth\/","title":{"rendered":"M\u00e1y \u0110o \u0110a Th\u00f4ng S\u1ed1 5 Trong 1 FaCare FC-M168 Bluetooth"},"content":{"rendered":"<p>M\u00e1y \u0111o \u0111a th\u00f4ng s\u1ed1 5 trong 1 FaCare FC-M168 l\u00e0 s\u1ea3n ph\u1ea9m ch\u00ednh h\u00e3ng c\u00f3 ch\u1ea5t l\u01b0\u1ee3ng v\u01b0\u1ee3t tr\u1ed9i. \u0110\u01b0\u1ee3c s\u1ea3n xu\u1ea5t theo c\u00f4ng ngh\u1ec7 c\u1ee7a h\u00e3ng MedNet GmbH (CHLB \u0110\u1ee9c) v\u00e0 nh\u00e0 s\u1ea3n xu\u1ea5t TaiDoc (\u0110\u00e0i Loan).<\/p>\n<h2>T\u00ednh n\u0103ng m\u00e1y \u0111o \u0111a th\u00f4ng s\u1ed1 5 trong 1 FaCare FC-M168 Bluetooth:<\/h2>\n<p>&nbsp;<\/p>\n<p>+ \u0110o \u0111\u01b0\u1eddng huy\u1ebft ( l\u01b0\u1ee3ng \u0111\u01b0\u1eddng trong m\u00e1u Glucose ).<\/p>\n<p>+ \u0110o l\u01b0\u1ee3ng m\u1ee1 trong m\u00e1u ( Cholesterol ).<\/p>\n<p>+ \u0110o l\u01b0\u1ee3ng Axit Uric trong m\u00e1u ( Acid Uric ).<\/p>\n<p>+ \u0110o l\u01b0\u1ee3ng Lactate trong m\u00e1u ( Lactate ).<\/p>\n<p>+ \u0110o l\u01b0\u1ee3ng Ketone trong m\u00e1u ( Ketone ).<\/p>\n<div class=\"h9e7qa53 l9j0dhe7 hpfvmrgz lzcic4wl\" tabindex=\"0\" role=\"gridcell\" data-scope=\"messages_table\">\n<div class=\"ni8dbmo4 stjgntxs ii04i59q\" aria-owns=\"jsc_c_3vs\">\n<div class=\"l60d2q6s d1544ag0 sj5x9vvc tw6a2znq l9j0dhe7 ni8dbmo4 stjgntxs qlfml3jp inkptoze e72ty7fz qmr60zad jm1wdb64 qv66sw1b ljqsnud1 g6srhlxm\">\n<div class=\"ljqsnud1\" dir=\"auto\">\n<h2><strong>K\u1ebft n\u1ed1i th\u00f4ng minh c\u1ee7a M\u00e1y \u0111o \u0111a th\u00f4ng s\u1ed1 5 trong 1 FaCare M168<\/strong><\/h2>\n<div class=\"kvgmc6g5 cxmmr5t8 oygrvhab hcukyx3x c1et5uql\">\u1ee8ng d\u1ee5ng FACARE tr\u00ean thi\u1ebft b\u1ecb th\u00f4ng minh c\u00f3 th\u1ec3 n\u1eafm b\u1eaft v\u00e0 ph\u00e2n t\u00edch t\u00edn hi\u1ec7u t\u1eeb c\u1ea3m bi\u1ebfn b\u00e1n d\u1eabn tr\u00ean M\u00e1y \u0111o \u0111a th\u00f4ng s\u1ed1 5 trong 1 FaCare Model: FC-M168 Bluetooth.<\/div>\n<\/div>\n<\/div>\n<\/div>\n<\/div>\n<ul>\n<li>M\u00e1y c\u00f3 bluetooth k\u1ebft n\u1ed1i v\u1edbi ph\u1ea7m m\u1ec1m FaCare<\/li>\n<li>L\u01b0u tr\u1eef k\u1ebft qu\u1ea3 \u0111o kh\u00f4ng gi\u1edbi h\u1ea1n tr\u00ean ph\u1ea7n m\u1ec1m v\u00e0 website<\/li>\n<li>Hi\u1ec7n th\u1ecb k\u1ebft qu\u1ea3 \u0111o, th\u1eddi gian \u0111o v\u00e0 v\u1ebd \u0111\u1ed3 th\u1ecb k\u1ebft qu\u1ea3<\/li>\n<li>B\u00e1o k\u1ebft qu\u1ea3 \u0111o b\u1ea5t th\u01b0\u1eddng v\u00e0o \u0111i\u1ec7n tho\u1ea1i, email c\u1ee7a ng\u01b0\u1eddi \u0111o v\u00e0 b\u00e1c s\u0129 \u0111i\u1ec1u tr\u1ecb,<\/li>\n<li>K\u1ebft n\u1ed1i v\u1edbi m\u00e1y t\u00ednh, \u0111i\u1ec7n tho\u1ea1i, m\u00e1y t\u00ednh b\u1ea3n, m\u00e1y in \u0111\u1ec3 in k\u1ebft qu\u1ea3,<\/li>\n<li>K\u1ebft n\u1ed1i v\u1edbi h\u1ec7 th\u1ed1ng qu\u1ea3n l\u00fd b\u1ec7nh vi\u1ec7n (HIS), t\u1ea1o v\u00e0 l\u01b0u k\u1ebft qu\u1ea3 tr\u00ean b\u1ec7nh \u00e1n \u0111i\u1ec7n t\u1eed,<\/li>\n<\/ul>\n<h2>\u0110\u1ed9 ch\u00ednh x\u00e1c cao<\/h2>\n<p>+ Tuy\u1ec7t \u0111\u1ed1i an to\u00e0n cho ng\u01b0\u1eddi s\u1eed d\u1ee5ng.<\/p>\n<p>+ M\u00e1y s\u1eed d\u1ee5ng c\u00f4ng ngh\u1ec7 que th\u1eed ti\u00ean ti\u1ebfn, cho k\u1ebft qu\u1ea3 nhanh v\u00e0 ch\u00ednh x\u00e1c.<\/p>\n<p>+ Th\u1eddi gian s\u1eed d\u1ee5ng pin: Tr\u00ean 500 l\u1ea7n \u0111o.<\/p>\n<p>+ B\u1ed9 nh\u1edb l\u01b0u 300 k\u1ebft qu\u1ea3 \u0111o.<\/p>\n<p>+ M\u1eabu m\u00e1u r\u1ea5t nh\u1ecf, ch\u1ec9 0,5uL m\u1eabu m\u00e1u mao m\u1ea1ch.<\/p>\n<p>&nbsp;<\/p>\n<p>&nbsp;<\/p>","protected":false},"excerpt":{"rendered":"<p><strong>M\u00e1y \u0111o \u0111a th\u00f4ng s\u1ed1 5 trong 1 FaCare FC-M168 Bluetooth:<\/strong><\/p>\n<ul>\n<li>\u0110o \u0111a th\u00f4ng s\u1ed1: <strong>M\u1ee1 m\u00e1u,<\/strong> <strong>Axit uric, \u0110\u01b0\u1eddng huy\u1ebft,<\/strong> <b>Lactate, Ketone<\/b><\/li>\n<li>Chuy\u1ec3n \u0111\u1ed5i \u0111\u01a1n v\u1ecb \u0111o l\u00e0 mg\/dl v\u00e0 mmol\/l.<\/li>\n<li><strong><span class=\"fontstyle0\">Th\u00f4ng b\u00e1o 3 m\u00e0u<\/span><\/strong><\/li>\n<li><img loading=\"lazy\" decoding=\"async\" class=\"alignnone size-full wp-image-815\" src=\"https:\/\/facare.com.vn\/wp-content\/uploads\/2020\/09\/blue-light.png\" alt=\"\" width=\"13\" height=\"13\" \/> Xanh D\u01b0\u01a1ng: \u0110\u00e8n b\u00e1o v\u1ecb tr\u00ed ch\u00e8n que th\u1eed<br \/>\n<img loading=\"lazy\" decoding=\"async\" class=\"alignnone size-full wp-image-816\" src=\"https:\/\/facare.com.vn\/wp-content\/uploads\/2020\/09\/green-light.png\" alt=\"\" width=\"13\" height=\"13\" \/> Xanh L\u00e1: K\u1ebft qu\u1ea3 \u0111o trong ph\u1ea1m vi<br \/>\n<img loading=\"lazy\" decoding=\"async\" class=\"alignnone wp-image-817\" src=\"https:\/\/facare.com.vn\/wp-content\/uploads\/2020\/09\/red-light.png\" alt=\"\" width=\"13\" height=\"13\" \/> \u0110\u1ecf: K\u1ebft qu\u1ea3 \u0111o ngo\u00e0i ph\u1ea1m vi<\/li>\n<li>B\u1ea3o h\u00e0nh tr\u1ecdn \u0111\u1eddi.<\/li>\n<li>Gi\u00e1 s\u1ea3n ph\u1ea9m bao g\u1ed3m 1 h\u1ed9p + 1 g\u00fat + 1 m\u1ee1 m\u00e1u + 10 que \u0111\u01b0\u1eddng<\/li>\n<\/ul>","protected":false},"featured_media":8636,"comment_status":"open","ping_status":"closed","template":"","meta":{"_acf_changed":false,"rank_math_lock_modified_date":false},"product_cat":[25,172,170],"product_tag":[],"class_list":{"0":"post-697","1":"product","2":"type-product","3":"status-publish","4":"has-post-thumbnail","6":"product_cat-cham-soc-nguoi-benh-tieu-duong","7":"product_cat-may-do-axit-uric-gut","8":"product_cat-may-do-duong-huyet","10":"first","11":"instock","12":"sale","13":"featured","14":"shipping-taxable","15":"purchasable","16":"product-type-simple"},"acf":[],"_links":{"self":[{"href":"https:\/\/ykhoathongminh.com\/en\/wp-json\/wp\/v2\/product\/697"}],"collection":[{"href":"https:\/\/ykhoathongminh.com\/en\/wp-json\/wp\/v2\/product"}],"about":[{"href":"https:\/\/ykhoathongminh.com\/en\/wp-json\/wp\/v2\/types\/product"}],"replies":[{"embeddable":true,"href":"https:\/\/ykhoathongminh.com\/en\/wp-json\/wp\/v2\/comments?post=697"}],"wp:featuredmedia":[{"embeddable":true,"href":"https:\/\/ykhoathongminh.com\/en\/wp-json\/wp\/v2\/media\/8636"}],"wp:attachment":[{"href":"https:\/\/ykhoathongminh.com\/en\/wp-json\/wp\/v2\/media?parent=697"}],"wp:term":[{"taxonomy":"product_cat","embeddable":true,"href":"https:\/\/ykhoathongminh.com\/en\/wp-json\/wp\/v2\/product_cat?post=697"},{"taxonomy":"product_tag","embeddable":true,"href":"https:\/\/ykhoathongminh.com\/en\/wp-json\/wp\/v2\/product_tag?post=697"}],"curies":[{"name":"wp","href":"https:\/\/api.w.org\/{rel}","templated":true}]}}