{"id":700,"date":"2024-07-22T15:01:16","date_gmt":"2024-07-22T15:01:16","guid":{"rendered":"https:\/\/ykhoathongminh.com\/?post_type=product&#038;p=700"},"modified":"2024-10-16T09:36:08","modified_gmt":"2024-10-16T09:36:08","slug":"may-tro-thinh-vanh-tai-beurer-ha50","status":"publish","type":"product","link":"https:\/\/ykhoathongminh.com\/en\/product\/may-tro-thinh-vanh-tai-beurer-ha50\/","title":{"rendered":"M\u00e1y Tr\u1ee3 Th\u00ednh V\u00e0nh Tai Beurer HA50"},"content":{"rendered":"<p>M\u00e1y tr\u1ee3 th\u00ednh Beurer HA50 \u0111i\u1ec1u ch\u1ec9nh \u00e2m l\u01b0\u1ee3ng m\u1ed9t c\u00e1ch d\u1ec5 d\u00e0ng<\/p>\n<p>M\u00e1y tr\u1ee3 th\u00ednh Beurer HA50 c\u00f3 kh\u1ea3 n\u0103ng x\u1eed l\u00fd v\u00e0 khu\u1ebfch \u0111\u1ea1i \u00e2m thanh gi\u00fap h\u1ed7 tr\u1ee3 nh\u1eefng ng\u01b0\u1eddi c\u00f3 kh\u1ea3 n\u0103ng nghe b\u1ecb h\u1ea1n ch\u1ebf nghe r\u00f5 r\u00e0ng h\u01a1n khi giao ti\u1ebfp h\u00e0ng ng\u00e0y.<br \/>\nM\u00e1y tr\u1ee3 th\u00ednh v\u00e0nh tai Beurer HA50 \u0111i k\u00e8m 3 n\u00fat tai b\u1eb1ng silicon m\u1ec1m n\u00ean ph\u00f9 h\u1ee3p v\u1edbi nhi\u1ec1u \u0111\u1ed1i t\u01b0\u1ee3ng s\u1eed d\u1ee5ng nh\u01b0 tr\u1ebb em, ng\u01b0\u1eddi l\u1edbn, ng\u01b0\u1eddi gi\u00e0.<\/p>\n<p><strong>TH\u00d4NG S\u1ed0 K\u1ef8 THU\u1eacT<\/strong><\/p>\n<p>Khu\u1ebfch \u0111\u1ea1i \u00e2m thanh: 40dB<br \/>\nT\u1ea7n s\u1ed1: 100 &#8211; 6.000 Hz<br \/>\nM\u1ee9c \u00e2m thanh ra cao nh\u1ea5t: 128dB<br \/>\nKi\u1ec3u pin: 2 x LR754<br \/>\nS\u1ea3n xu\u1ea5t t\u1ea1i: \u0110\u1ee9c<br \/>\nB\u1ea3o h\u00e0nh: 12 th\u00e1ng<br \/>\nTh\u01b0\u01a1ng hi\u1ec7u: \u0110\u1ee9c<\/p>","protected":false},"excerpt":{"rendered":"<p>M\u00e1y tr\u1ee3 th\u00ednh Beurer HA50 \u0111i\u1ec1u ch\u1ec9nh \u00e2m l\u01b0\u1ee3ng m\u1ed9t c\u00e1ch d\u1ec5 d\u00e0ng<br \/>\nM\u00e1y tr\u1ee3 th\u00ednh Beurer HA50 c\u00f3 kh\u1ea3 n\u0103ng x\u1eed l\u00fd v\u00e0 khu\u1ebfch \u0111\u1ea1i \u00e2m thanh gi\u00fap h\u1ed7 tr\u1ee3 nh\u1eefng ng\u01b0\u1eddi c\u00f3 kh\u1ea3 n\u0103ng nghe b\u1ecb h\u1ea1n ch\u1ebf nghe r\u00f5 r\u00e0ng h\u01a1n khi giao ti\u1ebfp h\u00e0ng ng\u00e0y.<br \/>\nM\u00e1y tr\u1ee3 th\u00ednh v\u00e0nh tai Beurer HA50 \u0111i k\u00e8m 3 n\u00fat tai b\u1eb1ng silicon m\u1ec1m n\u00ean ph\u00f9 h\u1ee3p v\u1edbi nhi\u1ec1u \u0111\u1ed1i t\u01b0\u1ee3ng s\u1eed d\u1ee5ng nh\u01b0 tr\u1ebb em, ng\u01b0\u1eddi l\u1edbn, ng\u01b0\u1eddi gi\u00e0.<\/p>","protected":false},"featured_media":8652,"comment_status":"open","ping_status":"closed","template":"","meta":{"_acf_changed":false,"rank_math_lock_modified_date":false},"product_cat":[73,175,176],"product_tag":[],"class_list":{"0":"post-700","1":"product","2":"type-product","3":"status-publish","4":"has-post-thumbnail","6":"product_cat-cham-soc-nguoi-cao-tuoi","7":"product_cat-may-tro-thinh-thiet-bi-y-te-gia-dinh","8":"product_cat-may-tro-thinh-khong-day-may-tro-thinh-thiet-bi-y-te-gia-dinh","10":"first","11":"instock","12":"sale","13":"shipping-taxable","14":"purchasable","15":"product-type-simple"},"acf":[],"_links":{"self":[{"href":"https:\/\/ykhoathongminh.com\/en\/wp-json\/wp\/v2\/product\/700"}],"collection":[{"href":"https:\/\/ykhoathongminh.com\/en\/wp-json\/wp\/v2\/product"}],"about":[{"href":"https:\/\/ykhoathongminh.com\/en\/wp-json\/wp\/v2\/types\/product"}],"replies":[{"embeddable":true,"href":"https:\/\/ykhoathongminh.com\/en\/wp-json\/wp\/v2\/comments?post=700"}],"wp:featuredmedia":[{"embeddable":true,"href":"https:\/\/ykhoathongminh.com\/en\/wp-json\/wp\/v2\/media\/8652"}],"wp:attachment":[{"href":"https:\/\/ykhoathongminh.com\/en\/wp-json\/wp\/v2\/media?parent=700"}],"wp:term":[{"taxonomy":"product_cat","embeddable":true,"href":"https:\/\/ykhoathongminh.com\/en\/wp-json\/wp\/v2\/product_cat?post=700"},{"taxonomy":"product_tag","embeddable":true,"href":"https:\/\/ykhoathongminh.com\/en\/wp-json\/wp\/v2\/product_tag?post=700"}],"curies":[{"name":"wp","href":"https:\/\/api.w.org\/{rel}","templated":true}]}}