{"id":707,"date":"2024-07-22T15:01:17","date_gmt":"2024-07-22T15:01:17","guid":{"rendered":"https:\/\/ykhoathongminh.com\/?post_type=product&#038;p=707"},"modified":"2024-09-09T11:22:31","modified_gmt":"2024-09-09T11:22:31","slug":"may-cha-got-chan-homedics-ped1301","status":"publish","type":"product","link":"https:\/\/ykhoathongminh.com\/en\/product\/may-cha-got-chan-homedics-ped1301\/","title":{"rendered":"M\u00e1y ch\u00e0 g\u00f3t ch\u00e2n Homedics PED1301"},"content":{"rendered":"<h2>\u01afu \u0111i\u1ec3m c\u1ee7a m\u00e1y ch\u00e0 g\u00f3t ch\u00e2n Homedics PED-1301<\/h2>\n<p>M\u00e1y t\u1ea9y t\u1ebf b\u00e0o ch\u1ebft g\u00f3t ch\u00e2n\u00a0<strong>Homedics PED-1301<\/strong> c\u00f3\u00a0thi\u1ebft k\u1ebf nh\u1ecf g\u1ecdn, c\u1ea7m thao t\u00e1c ch\u00e0 nh\u1eefng v\u1ebft chai s\u1ea7n, th\u00f4 r\u00e1p, n\u1ee9t n\u1ebb\u00a0c\u1ef1c k\u1ef3 nh\u1eb9 nh\u00e0ng, tho\u1ea3i m\u00e1i,\u00a0gi\u00fap cho da b\u00e0n ch\u00e2n tr\u1edf n\u00ean m\u1ec1m m\u1ea1i, m\u1ecbn m\u00e0ng h\u01a1n. S\u1ea3n ph\u1ea9m l\u00e0 m\u1ed9t trong nh\u1eefng d\u00f2ng m\u00e1y ch\u00e0 g\u00f3t ch\u00e2n lo\u1ea1i t\u1ed1t m\u00e0 b\u1ea1n n\u00ean trang b\u1ecb cho m\u00ecnh.<br \/>\nM\u00e1y ch\u00e0 g\u00f3t ch\u00e2n Homedics PED-1301 \u0111\u01b0\u1ee3c khuy\u00ean d\u00f9ng \u0111\u1ec3 ch\u00e0 d\u01b0\u1edbi gan b\u00e0n ch\u00e2n, g\u00f3t ch\u00e2n, th\u1eddi gian ch\u00e0 ch\u1ec9 m\u1ea5t v\u00e0i ph\u00fat n\u00ean r\u1ea5t ph\u00f9 h\u1ee3p v\u1edbi c\u00e1c ch\u1ecb em b\u1eadn r\u1ed9n.<br \/>\n\u0110\u00e1 m\u00e0i m\u00f2n tinh th\u1ec3 kim c\u01b0\u01a1ng c\u00f3 th\u1ec3 lo\u1ea1i b\u1ecf s\u1ef1 th\u00f4 r\u00e1p tr\u00ean da, mang \u0111\u1ebfn cho \u0111\u00f4i ch\u00e2n m\u1ed9t v\u1ebb ngo\u00e0i c\u1ef1c k\u1ef3 kh\u1ecfe kho\u1eafn. Vi\u1ec7c th\u00e1o l\u1eafp c\u00e1c \u0111\u1ea7u ch\u00e0 c\u0169ng r\u1ea5t \u0111\u01a1n gi\u1ea3n, ch\u1ec9 c\u1ea7n \u1ea5n n\u00fat Press sau \u0111\u00f3 th\u00e1o ra v\u00e0 thay th\u1ebf \u0111\u1ea7u ch\u00e0 kh\u00e1c.<\/p>\n<p>M\u00e1y ch\u00e0 g\u00f3t ch\u00e2n c\u00f3 2 t\u1ed1c \u0111\u1ed9 ch\u00e0 \u0111\u1ec3 l\u1ef1a ch\u1ecdn. Homedics PED-1301 s\u1eed d\u1ee5ng pin s\u1ea1c, kh\u00f4ng c\u00f3 d\u00e2y v\u01b0\u1edbng v\u00edu gi\u00fap ng\u01b0\u1eddi d\u00f9ng c\u00f3 th\u1ec3 s\u1eed d\u1ee5ng m\u00e1y \u1edf b\u1ea5t k\u1ef3 n\u01a1i \u0111\u00e2u khi c\u00f3 th\u1eddi gian r\u1ea3nh r\u1ed7i. M\u1ed9t l\u1ea7n s\u1ea1c \u0111\u1ea7y c\u00f3 th\u1ec3 s\u1eed d\u1ee5ng kh\u00f4ng d\u00e2y l\u00ean t\u1edbi 90 ph\u00fat.<br \/>\nM\u00e1y ch\u00e0 g\u00f3t ch\u00e2n c\u1eafm \u0111i\u1ec7n s\u1ea1c pin Homedics PED-1301 \u0111i k\u00e8m 2 \u0111\u1ea7u tinh th\u1ec3 kim c\u01b0\u01a1ng v\u00e0 4 \u0111\u1ea7u tinh th\u1ec3 th\u00f4 \u0111\u1ec3 ph\u00f9 h\u1ee3p v\u1edbi nhi\u1ec1u v\u00f9ng da c\u1ea7n ch\u00e0: V\u00f9ng da th\u00f4 r\u00e1p, da th\u00f4 b\u00ecnh th\u01b0\u1eddng v\u00e0 da th\u01b0\u1eddng. S\u1ea3n ph\u1ea9m s\u1eed d\u1ee5ng cho b\u00e0n ch\u00e2n kh\u00f4<br \/>\nM\u00e1y s\u1ea1c pin r\u1ea5t \u0111\u01a1n gi\u1ea3n, b\u1ea1n c\u00f3 th\u1ec3 c\u1eafm 1 \u0111\u1ea7u v\u00e0o m\u00e1y, 1 \u0111\u1ea7u c\u1eafm v\u00e0o c\u1ee7 s\u1ea1c USB c\u1ee7a \u0111i\u1ec7n tho\u1ea1i ho\u1eb7c t\u1eeb m\u00e1y t\u00ednh \u0111\u1ec1u \u0111\u01b0\u1ee3c.<\/p>\n<h2>C\u00f4ng d\u1ee5ng c\u1ee7a\u00a0m\u00e1y ch\u00e0 g\u00f3t ch\u00e2n Homedics PED-1301<\/h2>\n<ul>\n<li>Gi\u00fap lo\u1ea1i b\u1ecf ph\u1ea7n da ch\u1ebft, c\u00e1c v\u1ebft chai s\u1ea7n \u0111\u1ea7u g\u00f3t ch\u00e2n v\u00f4 c\u00f9ng an to\u00e0n.<\/li>\n<li>Gi\u00fap da b\u00e0n ch\u00e2n m\u1ec1m m\u1ea1i, h\u1ed3ng h\u00e0o h\u01a1n.<\/li>\n<li>K\u00edch th\u00edch l\u01b0u th\u00f4ng tu\u1ea7n ho\u00e0n m\u00e1u, gi\u1ea3m hi\u1ec7n t\u01b0\u1ee3ng t\u00ea b\u00ec b\u00e0n ch\u00e2n.<\/li>\n<li>Lo\u1ea1i b\u1ecf c\u00e1c lo\u1ea1i vi khu\u1ea9n g\u00e2y vi\u00eam nhi\u1ec5m, c\u00e1c lo\u1ea1i n\u1ea5m s\u1ed1ng k\u00fd sinh \u1edf ph\u1ea7n da ch\u1ebft c\u1ee7a g\u00f3t ch\u00e2n.<\/li>\n<\/ul>","protected":false},"excerpt":{"rendered":"<p>M\u00e1y t\u1ea9y t\u1ebf b\u00e0o ch\u1ebft g\u00f3t ch\u00e2n <strong>Homedics PED-1301<\/strong> c\u00f3 thi\u1ebft k\u1ebf nh\u1ecf g\u1ecdn, c\u1ea7m thao t\u00e1c ch\u00e0 nh\u1eefng v\u1ebft chai s\u1ea7n, th\u00f4 r\u00e1p, n\u1ee9t n\u1ebb c\u1ef1c k\u1ef3 nh\u1eb9 nh\u00e0ng, tho\u1ea3i m\u00e1i, gi\u00fap cho da b\u00e0n ch\u00e2n tr\u1edf n\u00ean m\u1ec1m m\u1ea1i, m\u1ecbn m\u00e0ng h\u01a1n. S\u1ea3n ph\u1ea9m l\u00e0 m\u1ed9t trong nh\u1eefng d\u00f2ng m\u00e1y ch\u00e0 g\u00f3t ch\u00e2n lo\u1ea1i t\u1ed1t m\u00e0 b\u1ea1n n\u00ean trang b\u1ecb cho m\u00ecnh.<\/p>","protected":false},"featured_media":5501,"comment_status":"open","ping_status":"closed","template":"","meta":{"_acf_changed":false,"rank_math_lock_modified_date":false},"product_cat":[177,93],"product_tag":[],"class_list":{"0":"post-707","1":"product","2":"type-product","3":"status-publish","4":"has-post-thumbnail","6":"product_cat-may-massage-chan","7":"product_cat-thiet-bi-massage","9":"first","10":"instock","11":"shipping-taxable","12":"purchasable","13":"product-type-simple"},"acf":[],"_links":{"self":[{"href":"https:\/\/ykhoathongminh.com\/en\/wp-json\/wp\/v2\/product\/707"}],"collection":[{"href":"https:\/\/ykhoathongminh.com\/en\/wp-json\/wp\/v2\/product"}],"about":[{"href":"https:\/\/ykhoathongminh.com\/en\/wp-json\/wp\/v2\/types\/product"}],"replies":[{"embeddable":true,"href":"https:\/\/ykhoathongminh.com\/en\/wp-json\/wp\/v2\/comments?post=707"}],"wp:featuredmedia":[{"embeddable":true,"href":"https:\/\/ykhoathongminh.com\/en\/wp-json\/wp\/v2\/media\/5501"}],"wp:attachment":[{"href":"https:\/\/ykhoathongminh.com\/en\/wp-json\/wp\/v2\/media?parent=707"}],"wp:term":[{"taxonomy":"product_cat","embeddable":true,"href":"https:\/\/ykhoathongminh.com\/en\/wp-json\/wp\/v2\/product_cat?post=707"},{"taxonomy":"product_tag","embeddable":true,"href":"https:\/\/ykhoathongminh.com\/en\/wp-json\/wp\/v2\/product_tag?post=707"}],"curies":[{"name":"wp","href":"https:\/\/api.w.org\/{rel}","templated":true}]}}