{"id":725,"date":"2024-07-22T15:01:39","date_gmt":"2024-07-22T15:01:39","guid":{"rendered":"https:\/\/ykhoathongminh.com\/?post_type=product&#038;p=725"},"modified":"2025-06-26T11:08:32","modified_gmt":"2025-06-26T11:08:32","slug":"khung-tap-di-co-cho-ngoi-cho-nguoi-gia-yeu-lucass-w9","status":"publish","type":"product","link":"https:\/\/ykhoathongminh.com\/en\/product\/khung-tap-di-co-cho-ngoi-cho-nguoi-gia-yeu-lucass-w9\/","title":{"rendered":"Khung t\u1eadp \u0111i c\u00f3 ch\u1ed7 ng\u1ed3i cho ng\u01b0\u1eddi gi\u00e0 y\u1ebfu Lucass W9"},"content":{"rendered":"<h2>Xe t\u1eadp \u0111i cho ng\u01b0\u1eddi gi\u00e0 y\u1ebfu Lucass W9<\/h2>\n<p>Hai b\u00e1nh xe ph\u00eda tr\u01b0\u1edbc gi\u00fap cho vi\u1ec7c di chuy\u1ec3n d\u1ec5 d\u00e0ng h\u01a1n<\/p>\n<p>\u2013 Khi m\u1ec7t c\u00f3 th\u1ec3 h\u1ea1 gh\u1ebf g\u1eafn v\u00e0o khung tr\u1edf th\u00e0nh gh\u1ebf ng\u1ed3i thu\u1eadn ti\u1ec7n<\/p>\n<p>\u2013 C\u00f3 th\u1ec3 t\u00f9y ch\u1ec9nh chi\u1ec1u cao c\u1ee7a khung t\u1eadp \u0111i b\u1eb1ng c\u00e1c n\u1ea5c b\u1ea5m<\/p>\n<p>\u2013 Khung t\u1eadp \u0111i \u0111\u01b0\u1ee3c l\u00e0m b\u1eb1ng khung nh\u00f4m, ch\u1eafc ch\u1eafn, b\u1ec1n \u0111\u1eb9p<\/p>\n<h2><strong>TH\u00d4NG S\u1ed0 K\u1ef8 THU\u1eacT<\/strong><\/h2>\n<p>Th\u01b0\u01a1ng hi\u1ec7u \u2013 Lucass<\/p>\n<p>Model: \u2013 W-9<\/p>\n<p>Ch\u1ea5t li\u1ec7u \u2013 Khung h\u1ee3p kim nh\u00f4m<\/p>\n<p>K\u00edch th\u01b0\u1edbc \u2013 Cao 83-93, r\u1ed9ng 63, d\u00e0i 48cm<\/p>\n<p>Ch\u1ee9c n\u0103ng \u2013 Khung t\u1eadp \u0111i, gh\u1ebf ng\u1ed3i<\/p>\n<p>Tr\u1ecdng l\u01b0\u1ee3ng \u2013 5.5kg<\/p>\n<p>T\u1ea3i tr\u1ecdng \u2013 120 kg<\/p>\n<p>T\u00ednh n\u0103ng:<\/p>\n<ul>\n<li>1 \u0110i\u1ec1u ch\u1ec9nh \u0111\u01b0\u1ee3c cao th\u1ea5p.<\/li>\n<li>2- H\u1ed7 tr\u1ee3 b\u1ec7nh nh\u00e2n \u0111i l\u1ea1i d\u1ec5 d\u00e0ng<\/li>\n<li>3- C\u00f3 b\u1ec7 ng\u1ed3i khi m\u1ecfi ch\u00e2n.<\/li>\n<\/ul>\n<p>B\u1ea3o h\u00e0nh. \u2013 12 th\u00e1ng<\/p>","protected":false},"excerpt":{"rendered":"<p><strong>Th\u01b0\u01a1ng hi\u1ec7u<\/strong>: Lucass &#8211; M\u1ef9<\/p>\n<p><strong>B\u1ea3o tr\u00ec<\/strong>\u00a0: tr\u1ecdn \u0111\u1eddi<\/p>\n<p><strong>B\u1ea3o h\u00e0nh ch\u00ednh h\u00e3ng<\/strong>: 18 th\u00e1ng<\/p>","protected":false},"featured_media":6551,"comment_status":"open","ping_status":"closed","template":"","meta":{"_acf_changed":false,"rank_math_lock_modified_date":false},"product_cat":[112,109],"product_tag":[],"class_list":{"0":"post-725","1":"product","2":"type-product","3":"status-publish","4":"has-post-thumbnail","6":"product_cat-khung-tap-di","7":"product_cat-san-pham-ho-tro-di-lai","9":"first","10":"instock","11":"shipping-taxable","12":"purchasable","13":"product-type-simple"},"acf":[],"_links":{"self":[{"href":"https:\/\/ykhoathongminh.com\/en\/wp-json\/wp\/v2\/product\/725"}],"collection":[{"href":"https:\/\/ykhoathongminh.com\/en\/wp-json\/wp\/v2\/product"}],"about":[{"href":"https:\/\/ykhoathongminh.com\/en\/wp-json\/wp\/v2\/types\/product"}],"replies":[{"embeddable":true,"href":"https:\/\/ykhoathongminh.com\/en\/wp-json\/wp\/v2\/comments?post=725"}],"wp:featuredmedia":[{"embeddable":true,"href":"https:\/\/ykhoathongminh.com\/en\/wp-json\/wp\/v2\/media\/6551"}],"wp:attachment":[{"href":"https:\/\/ykhoathongminh.com\/en\/wp-json\/wp\/v2\/media?parent=725"}],"wp:term":[{"taxonomy":"product_cat","embeddable":true,"href":"https:\/\/ykhoathongminh.com\/en\/wp-json\/wp\/v2\/product_cat?post=725"},{"taxonomy":"product_tag","embeddable":true,"href":"https:\/\/ykhoathongminh.com\/en\/wp-json\/wp\/v2\/product_tag?post=725"}],"curies":[{"name":"wp","href":"https:\/\/api.w.org\/{rel}","templated":true}]}}