{"id":728,"date":"2024-07-22T15:01:39","date_gmt":"2024-07-22T15:01:39","guid":{"rendered":"https:\/\/ykhoathongminh.com\/?post_type=product&#038;p=728"},"modified":"2024-09-09T07:35:40","modified_gmt":"2024-09-09T07:35:40","slug":"binh-xit-rua-mui-cho-tre-dr-green","status":"publish","type":"product","link":"https:\/\/ykhoathongminh.com\/en\/product\/binh-xit-rua-mui-cho-tre-dr-green\/","title":{"rendered":"B\u00ecnh x\u1ecbt r\u1eeda m\u0169i cho tr\u1ebb Dr Green"},"content":{"rendered":"<p><strong>TH\u00d4NG TIN S\u1ea2N PH\u1ea8M:<\/strong><\/p>\n<p>&#8211; Ch\u1ea5t li\u1ec7u b\u00ecnh r\u1eeda m\u0169i: Nh\u1ef1a y t\u1ebf, kh\u00f4ng c\u00f3 ch\u1ea5t BPA.<\/p>\n<p>-Th\u00e0nh ph\u1ea7n mu\u1ed1i bi\u1ec3n nha \u0111am r\u1eeda m\u0169i Dr.Green: Mu\u1ed1i bi\u1ec3n, baking soda, nha \u0111am.<\/p>\n<p>&#8211; H\u00e3ng:\u00a0Dr.Green (Golden Lotus Pharmaceautical Co.,Ltd).<\/p>\n<p>&#8211; Ki\u1ec3m \u0111\u1ecbnh:\u00a0B\u1ed9 Y T\u1ebf, T\u1ed5ng c\u1ee5c \u0111o l\u01b0\u1eddng ch\u1ea5t l\u01b0\u1ee3ng Vi\u1ec7t Nam.<\/p>\n<p>&#8211; S\u1ea3n xu\u1ea5t:\u00a0T\u1ea1i Vi\u1ec7t Nam.<\/p>\n<p>&#8211; Tr\u1ecdng l\u01b0\u1ee3ng: 300gram.<\/p>\n<p>&#8211; M\u00e0u s\u1eafc: Tr\u1eafng\u00a0&#8211;\u00a0Xanh l\u00e1.<\/p>\n<p>&#8211; NSX: Xem tr\u00ean bao b\u00ec.<\/p>\n<p>&#8211; HSD: 3 n\u0103m k\u1ec3 t\u1eeb ng\u00e0y s\u1ea3n xu\u1ea5t.<\/p>\n<p><strong>\u00a0C\u00d4NG D\u1ee4NG:<\/strong><\/p>\n<p>&#8211; Hi\u1ec7u qu\u1ea3 v\u1edbi: S\u1ed5 m\u0169i, ngh\u1eb9t m\u0169i, vi\u00eam m\u0169i, vi\u00eam m\u0169i xoang, vi\u00eam m\u0169i d\u1ecb \u1ee9ng, hen ph\u1ebf qu\u1ea3n, c\u1ea3m c\u00fam, c\u1ea3m l\u1ea1nh, ng\u1ee7 ng\u00e1y, h\u00f4i mi\u1ec7ng, l\u00e0m vi\u1ec7c l\u00e2u trong \u0111i\u1ec1u h\u00f2a, di chuy\u1ec3n trong m\u00f4i tr\u01b0\u1eddng nhi\u1ec1u kh\u00f3i b\u1ee5i.<\/p>\n<p>&#8211;\u00a0L\u00e0m s\u1ea1ch d\u1ecbch vi\u00eam trong khoang m\u0169i, l\u00e0m lo\u00e3ng d\u1ecbch v\u00e0 \u0111\u1ea9y ra kh\u1ecfi m\u0169i.<\/p>\n<p>&#8211;\u00a0\u1ed4n \u0111\u1ecbnh ch\u1ee9c n\u0103ng sinh l\u00fd m\u0169i xoang: H\u1ec7 th\u1ed1ng l\u00f4ng m\u0169i v\u00e0 tuy\u1ebfn d\u1ecbch nh\u1ea7y ho\u1ea1t \u0111\u1ed9ng t\u1ed1t h\u01a1n sau khi r\u1eeda\u00a0gi\u1ea3m t\u00ecnh tr\u1ea1ng kh\u00f4 m\u0169i, c\u1ea3i thi\u1ec7n kh\u1ee9u gi\u00e1c, v\u1ecb gi\u00e1c.<\/p>\n<p>&#8211;\u00a0Ph\u00f2ng ng\u1eeba c\u00e1c b\u1ec7nh v\u1ec1 \u0111\u01b0\u1eddng h\u00f4 h\u1ea5p:\u00a0Lo\u1ea1i b\u1ecf b\u1ee5i b\u1ea9n, ph\u1ea5n hoa, n\u1ea5m m\u1ed1c, l\u00f4ng th\u00fa v\u1eadt, vi khu\u1ea9n, gi\u00fap h\u1ec7 h\u00f4 h\u1ea5p \u0111\u01b0\u1ee3c s\u1ea1ch s\u1ebd th\u00f4ng tho\u00e1ng\u00a0kho\u1ebb m\u1ea1nh h\u01a1n.<\/p>\n<p>&nbsp;<\/p>\n<p><strong>\u0110\u1ed0I T\u01af\u1ee2NG S\u1eec D\u1ee4NG:<\/strong><\/p>\n<p>&#8211;\u00a0Dr.Green\u00a0d\u00f9ng v\u1edbi ng\u01b0\u1eddi b\u1ecb c\u1ea3m l\u1ea1nh, c\u1ea3m c\u00fam, vi\u00eam m\u0169i d\u1ecb \u1ee9ng, vi\u00eam xoang<\/p>\n<p>&#8211; Ng\u01b0\u1eddi b\u1ecb b\u1ec7nh hen suy\u1ec5n.<\/p>\n<p>&#8211; Vi\u00eam m\u0169i thai k\u1ef3.<\/p>\n<p>&#8211; Tr\u01b0\u1edbc \u0111i\u1ec1u tr\u1ecb b\u1eb1ng Steroid.<\/p>\n<p>&#8211; Nh\u1eefng ng\u01b0\u1eddi c\u00f3 d\u1ecb t\u1eadt m\u0169i, ho\u1eb7c sau ph\u1eabu thu\u1eadt.<\/p>\n<p>&#8211; Nh\u1eefng ng\u01b0\u1eddi ti\u1ebfp x\u00fac v\u1edbi kh\u00f4ng kh\u00ed \u00f4 nhi\u1ec5m, m\u00f4i tr\u01b0\u1eddng kh\u00f3i b\u1ee5i<\/p>\n<p>&#8211; Ca s\u0129, v\u1eadn \u0111\u1ed9ng vi\u00ean, kh\u00e1ch di h\u00e0nh, nh\u1eefng ng\u01b0\u1eddi c\u1ee9u h\u1ecfa, c\u00f4ng nh\u00e2n x\u00e2y d\u1ef1ng<\/p>\n<p>&#8211; Ng\u01b0\u1eddi cao tu\u1ed5i s\u1ee9c \u0111\u1ec1 kh\u00e1ng k\u00e9m.<\/p>\n<p><strong>S\u1eec D\u1ee4NG TRONG TR\u01af\u1edcNG H\u1ee2P N\u00c0O HI\u1ec6U QU\u1ea2?<\/strong><\/p>\n<p class=\"15\" align=\"justify\">&#8211; V\u1ec7 sinh m\u0169i h\u1eb1ng ng\u00e0y, l\u00e0m s\u1ea1ch m\u0169i xoang.<\/p>\n<p class=\"15\" align=\"justify\">&#8211; Ph\u1ee5 n\u1eef c\u00f3 thai, m\u0169i b\u1ecb k\u00edch th\u00edch.<\/p>\n<p class=\"15\" align=\"justify\">&#8211; Th\u1eddi ti\u1ebft thay \u0111\u1ed5i, kh\u00ed h\u1eadu kh\u00f4, s\u1eed d\u1ee5ng \u0111i\u1ec1u h\u00f2a.<\/p>\n<p class=\"15\" align=\"justify\">&#8211; Sau khi ti\u1ebfp x\u00fac v\u1edbi m\u00f4i tr\u01b0\u1eddng \u00f4 nhi\u1ec5m nh\u01b0: tham gia giao th\u00f4ng, l\u00e0m vi\u1ec7c n\u01a1i nhi\u1ec1u kh\u00f3i b\u1ee5i, h\u01a1i \u0111\u1ed9c: l\u00ednh c\u1ee9u h\u1ecfa, c\u00f4ng nh\u00e2n h\u1ea7m l\u00f2, c\u00f4ng nh\u00e2n nh\u00e0 m\u00e1y xi m\u0103ng\u2026<\/p>\n<p class=\"15\" align=\"justify\">&#8211; L\u00e0m vi\u1ec7c n\u01a1i nhi\u1ec1u t\u00e1c nh\u00e2n g\u00e2y b\u1ec7nh (kh\u00e1m b\u1ec7nh, ch\u0103m s\u00f3c b\u1ec7nh nh\u00e2n, ki\u1ec3m d\u1ecbch \u0111\u1ed9ng v\u1eadt, gi\u1ebft m\u1ed5 gia c\u1ea7m, gia s\u00fac, ch\u0103m s\u00f3c v\u1eadt nu\u00f4i, phun thu\u1ed1c b\u1ea3o v\u1ec7 th\u1ef1c v\u1eadt,&#8230;)<\/p>\n<p class=\"15\" align=\"justify\">&#8211; \u0110i\u1ec1u tr\u1ecb h\u1ed7 tr\u1ee3 vi\u00eam m\u0169i d\u1ecb \u1ee9ng, c\u1ea3m c\u00fam, vi\u00eam h\u1ecdng vi\u00eam xoang, vi\u00eam thanh ph\u1ebf qu\u1ea3n, sau ph\u1eabu thu\u1eadt m\u0169i xoang v\u00e0 tia x\u1ea1 v\u00f9ng h\u1ecdng.<\/p>\n<p class=\"15\" align=\"justify\">&#8211; Tr\u01b0\u1edbc khi s\u1eed d\u1ee5ng c\u00e1c lo\u1ea1i thu\u1ed1c x\u1ecbt m\u0169i.<\/p>\n<figure id=\"attachment_8029\" aria-describedby=\"caption-attachment-8029\" style=\"width: 540px\" class=\"wp-caption aligncenter\"><img loading=\"lazy\" decoding=\"async\" class=\"size-medium wp-image-8029\" src=\"https:\/\/ykhoathongminh.com\/wp-content\/uploads\/2023\/07\/Binh-rua-mui-dr-green-tai-dong-nai-540x540.jpg\" alt=\"\" width=\"540\" height=\"540\" \/><figcaption id=\"caption-attachment-8029\" class=\"wp-caption-text\">B\u00ecnh r\u1eeda m\u0169i Dr Green t\u1ea1i \u0110\u1ed3ng Nai<\/figcaption><\/figure>\n<p><strong>\u00a0\u01afU \u0110I\u1ec2M N\u1ed8I B\u1eacT S\u1ea2N PH\u1ea8M:<\/strong><\/p>\n<p><strong>1. B\u00ecnh r\u1eeda m\u0169i Dr.Green<\/strong><\/p>\n<p>&#8211; B\u00ecnh r\u1eeda m\u0169i Dr.Green \u0111\u01b0\u1ee3c nghi\u00ean c\u1ee9u v\u00e0 ph\u00e1t tri\u1ec3n d\u1ef1a tr\u00ean nguy\u00ean l\u00fd \u0111\u1ea9y \u00e1p l\u1ef1c n\u01b0\u1edbc \u0111\u1ec1u \u0111\u1eb7n c\u1ee7a \u0111\u1ecbnh lu\u1eadt Becnuli v\u00e0 hi\u1ec7u \u1ee9ng Ventury \u0111\u01b0\u1ee3c h\u1ed9i \u0111\u1ed3ng b\u00e1c s\u1ef9 tai m\u0169i h\u1ecdng c\u00f4ng nh\u1eadn v\u1ec1 t\u00e1c d\u1ee5ng v\u00e0 hi\u1ec7u qu\u1ea3 trong vi\u1ec7c r\u1eeda s\u1ea1ch ch\u1ea5t \u0111\u1ed9c h\u1ea1i, ch\u1ea5t g\u00e2y \u00f4 nhi\u1ec5m trong kh\u00f4ng kh\u00ed ph\u1ea5n hoa, b\u1ee5i b\u1ea9n, vi khu\u1ea9n, n\u1ea5m m\u1ed1c, l\u00e0m s\u1ea1ch \u0111\u01b0\u1eddng h\u00f4 h\u1ea5p, c\u1ea3i thi\u1ec7n v\u00e0 ph\u1ee5c h\u1ed3i kh\u1ea3 n\u0103ng t\u1ef1 b\u1ea3o v\u1ec7 c\u1ee7a m\u0169i xoang, lo\u1ea1i tr\u1eeb c\u00e1c nguy\u00ean nh\u00e2n g\u00e2y b\u1ec7nh.<\/p>\n<p>&#8211; V\u1edbi c\u1ea5u t\u1ea1o 2 van 1 chi\u1ec1u ng\u0103n c\u1ea3n s\u1ef1 nhi\u1ec5m khu\u1ea9n tr\u1edf l\u1ea1i: van n\u01b0\u1edbc ch\u1ec9 cho dung d\u1ecbch \u0111i m\u1ed9t chi\u1ec1u, van kh\u00ed c\u00f3 t\u00e1c d\u1ee5ng ng\u0103n ng\u1eeba \u00e1p l\u1ef1c \u00e2m khi ta b\u00f3p chai gi\u00fap qu\u00e1 tr\u00ecnh r\u1eeda \u0111\u01b0\u1ee3c li\u00ean t\u1ee5c. Hai van n\u00e0y ho\u1ea1t \u0111\u1ed9ng song song v\u00e0 ph\u1ed1i h\u1ee3p nh\u1ecbp nh\u00e0ng t\u1ea1o n\u00ean d\u00f2ng ch\u1ea3y li\u00ean t\u1ee5c m\u00e0 kh\u00f4ng b\u1ecb ng\u1eaft qu\u00e3ng, gi\u00fap cho dung d\u1ecbch r\u1eeda v\u00e0o s\u00e2u trong c\u00e1c ng\u00f3c ng\u00e1ch xoang l\u00e0 v\u00f9ng c\u1ea7n \u0111\u01b0\u1ee3c r\u1eeda nh\u1ea5t.<\/p>\n<p>&#8211;\u00a0D\u1ec5 d\u00e0ng ki\u1ec3m so\u00e1t \u00e1p l\u1ef1c n\u01b0\u1edbc, ph\u00f9 h\u1ee3p v\u1edbi c\u1ea3 tr\u1ebb t\u1eeb 6 th\u00e1ng tu\u1ed5i<\/p>\n<p>&#8211;\u00a0\u0110\u1ea7u v\u00e0 c\u1ed5 \u1edf v\u1ecb tr\u00ed t\u1ef1 nhi\u00ean, kh\u00f4ng c\u1ea7n nghi\u00eang v\u1eb9o\u00a0n\u00ean s\u1ebd c\u1ea3m th\u1ea5y r\u1ea5t tho\u1ea3i m\u00e1i.<\/p>\n<p>&#8211;\u00a0H\u1ec7 th\u1ed1ng van m\u1ed9t chi\u1ec1u ch\u1ec9 cho n\u01b0\u1edbc ch\u1ea3y ra ngo\u00e0i m\u00e0 kh\u00f4ng ch\u1ea3y ng\u01b0\u1ee3c \u0111\u01b0\u1ee3c v\u00e0o trong, tr\u00e1nh nhi\u1ec5m khu\u1ea9n ng\u01b0\u1ee3c nh\u01b0 c\u00e1c d\u1ee5ng c\u1ee5 th\u00f4ng th\u01b0\u1eddng kh\u00e1c.<\/p>\n<p>&#8211;\u00a0Ho\u00e0n to\u00e0n kh\u00f4ng ch\u1ee9a ch\u1ea5t \u0111\u1ed9c h\u1ea1i BPA<\/p>\n<p>&#8211;\u00a0Thi\u1ebft k\u1ebf nh\u1ecf g\u1ecdn thu\u1eadn ti\u1ec7n khi mang theo ng\u01b0\u1eddi<\/p>\n<p>&#8211;\u00a0C\u00f3 n\u1eafp \u0111\u1eady \u0111\u1ea3m b\u1ea3o v\u1ec7 sinh<\/p>\n<p><strong>2. Mu\u1ed1i bi\u1ec3n nha \u0111am Dr.Green<\/strong><\/p>\n<p>&#8211; H\u1ed7n h\u1ee3p\u00a0mu\u1ed1i bi\u1ec3n\u00a0Dr.Green l\u00e0 s\u1ef1 k\u1ebft h\u1ee3p ho\u00e0n h\u1ea3o c\u1ee7a c\u00e1c th\u00e0nh ph\u1ea7n thi\u00ean nhi\u00ean.\u00a0Nh\u1eb9 nh\u00e0ng l\u00e0m s\u1ea1ch m\u0169i, kh\u00f4ng g\u00e2y k\u00edch \u1ee9ng hay b\u1ecfng d\u00e1t nh\u01b0 c\u00e1c lo\u1ea1i mu\u1ed1i th\u00f4ng th\u01b0\u1eddng.\u00a0H\u1ed7n h\u1ee3p mu\u1ed1i bi\u1ec3n\u00a0r\u1eeda m\u0169i Dr.Green c\u00f3 t\u00ednh t\u01b0\u01a1ng th\u00edch sinh h\u1ecdc v\u00e0 pH trung t\u00ednh ph\u00f9 h\u1ee3p v\u1edbi m\u1ecdi l\u1ee9a tu\u1ed5i, g\u1ed3m 3 th\u00e0nh ph\u1ea7n:<\/p>\n<p>+\u00a0Mu\u1ed1i bi\u1ec3n gi\u00e0u kho\u00e1ng ch\u1ea5t l\u00e0m s\u1ea1ch s\u00e2u v\u00e0 kh\u00e1ng khu\u1ea9n cho ni\u00eam m\u1ea1c m\u0169i<\/p>\n<p>+\u00a0L\u00f4 h\u1ed9i c\u00f3 t\u00ednh ch\u1ea5t d\u01b0\u1ee1ng \u1ea9m v\u00e0 l\u00e0m d\u1ecbu m\u00e1t, ng\u0103n ng\u1eeba ch\u1ea3y m\u00e1u cam\u00a0do kh\u00f4 m\u0169i.<\/p>\n<p>+\u00a0Sodium Bicarbonate l\u00e0 h\u1ec7 \u0111\u1ec7m cho mu\u1ed1i gi\u00fap c\u00e2n b\u1eb1ng PH, gi\u1ea3m ho, gi\u1ea3m ng\u1ee9a, \u00a0gi\u00fap \u0111i\u1ec1u tr\u1ecb d\u1ecb \u1ee9ng m\u0169i t\u1ed1t h\u01a1n.<\/p>\n<p>&#8211;\u00a0Ho\u00e0n to\u00e0n kh\u00f4ng ch\u1ee9a ch\u1ea5t ph\u1ee5 gia, ch\u1ea5t b\u1ea3o qu\u1ea3n<\/p>","protected":false},"excerpt":{"rendered":"<p>B\u00ecnh r\u1eeda m\u0169i Dr.Green \u0111\u01b0\u1ee3c nghi\u00ean c\u1ee9u v\u00e0 ph\u00e1t tri\u1ec3n d\u1ef1a tr\u00ean nguy\u00ean l\u00fd \u0111\u1ea9y \u00e1p l\u1ef1c n\u01b0\u1edbc \u0111\u1ec1u \u0111\u1eb7n c\u1ee7a \u0111\u1ecbnh lu\u1eadt Becnuli v\u00e0 hi\u1ec7u \u1ee9ng Ventury \u0111\u01b0\u1ee3c h\u1ed9i \u0111\u1ed3ng b\u00e1c s\u1ef9 tai m\u0169i h\u1ecdng c\u00f4ng nh\u1eadn v\u1ec1 t\u00e1c d\u1ee5ng v\u00e0 hi\u1ec7u qu\u1ea3 trong vi\u1ec7c r\u1eeda s\u1ea1ch ch\u1ea5t \u0111\u1ed9c h\u1ea1i, ch\u1ea5t g\u00e2y \u00f4 nhi\u1ec5m trong kh\u00f4ng kh\u00ed ph\u1ea5n hoa, b\u1ee5i b\u1ea9n, vi khu\u1ea9n, n\u1ea5m m\u1ed1c, l\u00e0m s\u1ea1ch \u0111\u01b0\u1eddng h\u00f4 h\u1ea5p, c\u1ea3i thi\u1ec7n v\u00e0 ph\u1ee5c h\u1ed3i kh\u1ea3 n\u0103ng t\u1ef1 b\u1ea3o v\u1ec7 c\u1ee7a m\u0169i xoang, lo\u1ea1i tr\u1eeb c\u00e1c nguy\u00ean nh\u00e2n g\u00e2y b\u1ec7nh.<\/p>","protected":false},"featured_media":5451,"comment_status":"open","ping_status":"closed","template":"","meta":{"_acf_changed":false,"rank_math_lock_modified_date":false},"product_cat":[1210],"product_tag":[],"class_list":{"0":"post-728","1":"product","2":"type-product","3":"status-publish","4":"has-post-thumbnail","6":"product_cat-cham-soc-tai-mui","8":"first","9":"instock","10":"shipping-taxable","11":"purchasable","12":"product-type-simple"},"acf":[],"_links":{"self":[{"href":"https:\/\/ykhoathongminh.com\/en\/wp-json\/wp\/v2\/product\/728"}],"collection":[{"href":"https:\/\/ykhoathongminh.com\/en\/wp-json\/wp\/v2\/product"}],"about":[{"href":"https:\/\/ykhoathongminh.com\/en\/wp-json\/wp\/v2\/types\/product"}],"replies":[{"embeddable":true,"href":"https:\/\/ykhoathongminh.com\/en\/wp-json\/wp\/v2\/comments?post=728"}],"wp:featuredmedia":[{"embeddable":true,"href":"https:\/\/ykhoathongminh.com\/en\/wp-json\/wp\/v2\/media\/5451"}],"wp:attachment":[{"href":"https:\/\/ykhoathongminh.com\/en\/wp-json\/wp\/v2\/media?parent=728"}],"wp:term":[{"taxonomy":"product_cat","embeddable":true,"href":"https:\/\/ykhoathongminh.com\/en\/wp-json\/wp\/v2\/product_cat?post=728"},{"taxonomy":"product_tag","embeddable":true,"href":"https:\/\/ykhoathongminh.com\/en\/wp-json\/wp\/v2\/product_tag?post=728"}],"curies":[{"name":"wp","href":"https:\/\/api.w.org\/{rel}","templated":true}]}}