{"id":731,"date":"2024-07-22T15:01:40","date_gmt":"2024-07-22T15:01:40","guid":{"rendered":"https:\/\/ykhoathongminh.com\/?post_type=product&#038;p=731"},"modified":"2024-09-08T05:37:49","modified_gmt":"2024-09-08T05:37:49","slug":"nhiet-ke-hong-ngoai-do-tran-cam-ung-microlife-nc200","status":"publish","type":"product","link":"https:\/\/ykhoathongminh.com\/en\/product\/nhiet-ke-hong-ngoai-do-tran-cam-ung-microlife-nc200\/","title":{"rendered":"Nhi\u1ec7t k\u1ebf h\u1ed3ng ngo\u1ea1i \u0111o tr\u00e1n c\u1ea3m \u1ee9ng Microlife NC200"},"content":{"rendered":"<p>D\u00f2ng nhi\u1ec7t k\u1ebf \u0111i\u1ec7n t\u1eed \u0111o tr\u00e1n c\u1ee7a Microlife lu\u00f4n t\u1ef1 h\u00e0o l\u00e0 d\u00f2ng nhi\u1ec7t k\u1ebf b\u00e1n ch\u1ea1y nh\u1ea5t trong nhi\u1ec1u n\u0103m li\u1ec1n, kh\u1eb3ng \u0111\u1ecbnh uy t\u00edn tr\u00ean th\u1ecb tr\u01b0\u1eddng, trong b\u1ec7nh vi\u1ec7n Nhi \u0110\u1ed3ng l\u1edbn, tr\u01b0\u1eddng h\u1ecdc, v\u00e0 d\u00f9ng trong gia \u0111\u00ecnh. Kh\u00f4ng d\u1eebng l\u1ea1i \u1edf \u0111\u00f3, Microlife lu\u00f4n lu\u00f4n nghi\u00ean c\u1ee9u, c\u1ea3i ti\u1ebfn, \u00e1p d\u1ee5ng nh\u1eefng c\u00f4ng ngh\u1ec7 m\u1edbi nh\u1ea5t \u0111\u1ec3 cho ra \u0111\u1eddi d\u00f2ng nhi\u1ec7t k\u1ebf \u0111o tr\u00e1n th\u1ebf h\u1ec7 th\u1ee9 4 &#8211; th\u1ebf h\u1ec7 m\u1edbi nh\u1ea5t n\u0103m 2018 v\u1edbi t\u00ean g\u1ecdi nhi\u1ec7t k\u1ebf \u0111i\u1ec7n t\u1eed \u0111o tr\u00e1n Microlife NC200.<\/p>\n<h3>\u01afu \u0111i\u1ec3m n\u1ed5i b\u1eadt c\u1ee7a nhi\u1ec7t k\u1ebf h\u1ed3ng ngo\u1ea1i \u0111o tr\u00e1n c\u1ea3m \u1ee9ng Microlife NC200<\/h3>\n<p>Nhi\u1ec7t k\u1ebf \u0111i\u1ec7n t\u1eed h\u1ed3ng ngo\u1ea1i \u0111o tr\u00e1n Microlife NC200 t\u1ef1 c\u1ea3m \u1ee9ng \u0111o, thi\u1ebft k\u1ebf nh\u1ecf g\u1ecdn, d\u1ec5 s\u1eed d\u1ee5ng, ph\u00f9 h\u1ee3p cho vi\u1ec7c \u0111o th\u00e2n nhi\u1ec7t cho ng\u01b0\u1eddi l\u1edbn v\u00e0 tr\u1ebb em. Ph\u00e1t hi\u1ec7n s\u1ed1t nhanh v\u00e0 chu\u1ea9n nh\u1ea5t. \u0110o nhanh, kh\u00f4ng c\u1ea7n ch\u1ea1m b\u1ec1 m\u1eb7t \u0111o, an to\u00e0n, ch\u00ednh x\u00e1c ph\u00f9 h\u1ee3p d\u00f9ng trong gia \u0111\u00ecnh \u0111\u1eb7c bi\u1ec7t l\u00e0 c\u00f3 tr\u1ebb nh\u1ecf.<\/p>\n<p><strong>B\u1ea3o h\u00e0nh ch\u00ednh h\u00e3ng Microlife 2 n\u0103m (1 \u0111\u1ed5i 1):<\/strong> gi\u00fap kh\u00e1ch h\u00e0ng ho\u00e0n to\u00e0n an t\u00e2m v\u1ec1 ch\u1ea5t l\u01b0\u1ee3ng s\u1ea3n ph\u1ea9m c\u0169ng nh\u01b0 h\u1eadu m\u00e3i<strong><br \/>\n<\/strong><\/p>\n<p><strong>C\u00f4ng ngh\u1ec7 h\u1ed3ng ngo\u1ea1i cho ph\u00e9p \u0111o kh\u00f4ng ch\u1ea1m v\u00e0o \u0111\u1ed1i t\u01b0\u1ee3ng <\/strong>(tr\u00e1n, v\u1eadt th\u1ec3 do): \u0110i\u1ec1u n\u00e0y \u0111\u1ea3m b\u1ea3o an to\u00e0n v\u00e0 v\u1ec7 sinh trong su\u1ed1t qu\u00e1 tr\u00ecnh s\u1eed d\u1ee5ng v\u00e0 ch\u1ec9 m\u1ea5t v\u00e0i gi\u00e2y \u0111\u1ec3 th\u1ef1c hi\u1ec7n.<\/p>\n<p><strong>\u0110o nhi\u1ec7t \u0111\u1ed9 t\u1ef1 \u0111\u1ed9ng trong kho\u1ea3ng c\u00e1ch g\u1ea7n<\/strong>: thi\u1ebft b\u1ecb n\u00e0y c\u00f3 th\u1ec3 \u0111o nhi\u1ec7t \u0111\u1ed9 t\u1ef1 \u0111\u1ed9ng khi \u0111\u1ea7u c\u1ea3m bi\u1ebfn nhi\u1ec7t \u0111\u1ed9 ph\u00e1t hi\u1ec7n ra v\u1eadt th\u1ec3 trong ph\u1ea1m vi 5cm. C\u00f3 \u0111\u00e8n b\u00e1o s\u1ed1t khi th\u00e2n nhi\u1ec7t h\u01a1n 37,4\u00b0C.<\/p>\n<p><strong>An to\u00e0n: <\/strong>Qu\u00e1 tr\u00ecnh \u0111o nhi\u1ec7t k\u1ebf ch\u1ec9 thu nhi\u1ec7t v\u00e0 ho\u00e0n to\u00e0n kh\u00f4ng t\u1ecfa nhi\u1ec7t, \u0111i\u1ec1u n\u00e0y \u0111\u1ea3m b\u1ea3o an to\u00e0n cho s\u1ee9c kh\u1ecfe c\u1ee7a b\u00e9.<\/p>\n<p><img loading=\"lazy\" decoding=\"async\" class=\"aligncenter\" src=\"https:\/\/www.ytecaocap.com\/uploads\/Products\/1075\/Contents\/c_NC200_baby_green.jpg\" alt=\"Nhi\u1ec7t k\u1ebf \u0111i\u1ec7n t\u1eed \u0111o tr\u00e1n nc 200 \u0111o cho b\u00e9\" width=\"550\" height=\"309\" \/><\/p>\n<h3>T\u00ednh \u1ee9ng d\u1ee5ng nhi\u1ec7t k\u1ebf NC 200 cao, linh \u0111\u1ed9ng<\/h3>\n<p>Nhi\u1ec7t k\u1ebf NC200 \u0111\u01b0\u1ee3c trang b\u1ecb kh\u1ea3 n\u0103ng \u0111o \u0111\u01b0\u1ee3c kho\u1ea3ng nhi\u1ec7t \u0111\u1ed9 r\u1ed9ng t\u1eeb 0-100\u00b0C (32\u2013212\u00b0F), nh\u01b0 v\u1eady b\u1ea1n c\u00f3 th\u1ec3 d\u00f9ng s\u1ea3n ph\u1ea9m \u0111\u1ec3 \u0111o th\u00e2n nhi\u1ec7t c\u01a1 th\u1ec3 ho\u1eb7c chuy\u1ec3n sang t\u00ednh n\u0103ng \u0111o nhi\u1ec7t \u0111\u1ed9 b\u1ec1 m\u1eb7t c\u1ee7a nh\u1eefng v\u1eadt th\u1ec3 xung quanh, m\u00f4i tr\u01b0\u1eddng, ch\u1eb3ng h\u1ea1n:<\/p>\n<p>+ Nhi\u1ec7t \u0111\u1ed9 b\u1ec1 m\u1eb7t c\u1ee7a s\u1eefa trong b\u00ecnh c\u1ee7a em b\u00e9<\/p>\n<p>+ Nhi\u1ec7t \u0111\u1ed9 b\u1ec1 m\u1eb7t c\u1ee7a n\u01b0\u1edbc t\u1eafm cho b\u00e9<\/p>\n<p>+ Nhi\u1ec7t \u0111\u1ed9 m\u00f4i tr\u01b0\u1eddng<\/p>\n<p><img loading=\"lazy\" decoding=\"async\" class=\"aligncenter\" src=\"https:\/\/www.ytecaocap.com\/uploads\/Products\/1075\/Contents\/c_NC200-milk%20bottle.jpg\" alt=\"nhi\u1ec7t k\u1ebf microlife nc 200 \u0111o b\u00ecnh s\u1eefa\" width=\"550\" height=\"355\" \/><\/p>\n<h3>Ch\u00ednh x\u00e1c &#8211; \u0111\u00e1ng tin c\u1eady<\/h3>\n<p>V\u1edbi nh\u1eefng k\u1ef9 thu\u1eadt ti\u00ean ti\u1ebfn nh\u1ea5t \u0111\u01b0\u1ee3c Microlife nghi\u00ean c\u1ee9u nhi\u1ec1u n\u0103m li\u1ec1n, c\u00f9ng v\u1edbi c\u00f4ng ngh\u1ec7 ch\u1ebf t\u1ea1o, l\u1eafp r\u00e1p \u0111\u1ea7u d\u00f2 \u0111\u1ed9c \u0111\u00e1o k\u1ebft h\u1ee3p v\u1edbi c\u1ea3m bi\u1ebfn h\u1ed3ng ngo\u1ea1i hi\u1ec7n \u0111\u1ea1i, \u0111\u1ea3m b\u1ea3o m\u1ed7i k\u1ebft qu\u1ea3 \u0111o \u0111\u1ec1u ch\u00ednh x\u00e1c v\u00e0 \u0111\u00e1ng tin c\u1eady. \u0110i\u1ec1u n\u00e0y \u0111\u00e3 \u0111\u01b0\u1ee3c minh ch\u1ee9ng tr\u00ean th\u1ecb tr\u01b0\u1eddng b\u1edfi r\u1ea5t nhi\u1ec1u \u0111\u01a1n v\u1ecb uy t\u00edn, c\u00e1 nh\u00e2n \u0111ang s\u1eed d\u1ee5ng.<\/p>\n<h3>Thi\u1ebft k\u1ebf th\u00e2n thi\u1ec7n v\u00e0 d\u1ec5 s\u1eed d\u1ee5ng<\/h3>\n<p>Microlife r\u1ea5t ch\u00fa tr\u1ecdng trong vi\u1ec7c thi\u1ebft k\u1ebf sao cho d\u1ec5 s\u1eed d\u1ee5ng nh\u1ea5t ph\u00f9 h\u1ee3p v\u1edbi m\u1ecdi \u0111\u1ed1i t\u01b0\u1ee3ng t\u1eeb nh\u1eefng ng\u01b0\u1eddi l\u1edbn tu\u1ed5i ch\u0103m s\u00f3c b\u00e9, gia \u0111\u00ecnh, hay c\u01a1 quan, tr\u01b0\u1eddng h\u1ecdc, b\u1ec7nh vi\u1ec7n<\/p>\n<p>+ Thi\u1ebft k\u1ebf ti\u1ec7n d\u1ee5ng cho ph\u00e9p ng\u01b0\u1eddi d\u00f9ng thao t\u00e1c \u0111\u01a1n gi\u1ea3n v\u00e0 d\u1ec5 d\u00e0ng<\/p>\n<p>+ B\u1ea1n c\u00f3 th\u1ec3 theo d\u00f5i nhi\u1ec7t \u0111\u1ed9 ngay c\u1ea3 trong l\u00fac b\u00e9 \u0111ang ng\u1ee7 m\u00e0 kh\u00f4ng l\u00e0m b\u00e9 th\u1ee9c gi\u1ea5c<\/p>\n<p>+ Th\u1eddi gian \u0111o nhanh, ph\u00f9 h\u1ee3p \u0111\u1ec3 \u0111o cho tr\u1ebb em hi\u1ebfu \u0111\u1ed9ng<\/p>\n<h3>Xem k\u1ebft qu\u1ea3 \u0111o c\u0169<\/h3>\n<p>Khi ch\u1ecdn ch\u1ebf \u0111\u1ed9 xem l\u1ea1i b\u1ed9 nh\u1edb, ng\u01b0\u1eddi d\u00f9ng c\u00f3 th\u1ec3 xem l\u1ea1i k\u1ebft qu\u1ea3 c\u1ee7a 30 l\u1ea7n \u0111o tr\u01b0\u1edbc c\u00f9ng v\u1edbi ng\u00e0y v\u00e0 gi\u1edd \u0111o, cho ph\u00e9p theo d\u00f5i s\u1ef1 thay \u0111\u1ed5i nhi\u1ec7t \u0111\u1ed9 m\u1ed9t c\u00e1ch hi\u1ec7u qu\u1ea3.<\/p>\n<h3>An to\u00e0n v\u00e0 v\u1ec7 sinh<\/h3>\n<p>+ Kh\u00f4ng ti\u1ebfp x\u00fac tr\u1ef1c ti\u1ebfp v\u1edbi ng\u01b0\u1eddi ho\u1eb7c v\u1eadt th\u1ec3 c\u1ea7n \u0111o<\/p>\n<p>+ Kh\u00f4ng c\u00f2n nguy c\u01a1 g\u00e3y v\u1ee1 v\u00e0 r\u00f2 r\u1ec9 th\u1ee7y ng\u00e2n nh\u01b0 nhi\u1ec7t k\u1ebf lo\u1ea1i c\u0169<\/p>\n<p>+ Tuy\u1ec7t \u0111\u1ed1i an to\u00e0n cho tr\u1ebb em<\/p>\n<p>10 ti\u1ebfng b\u00edp ng\u1eafn v\u00e0 m\u00e0n h\u00ecnh LCD nh\u1ea5p nh\u00e1y m\u00e0u \u0111\u1ecf \u0111\u1ec3 c\u1ea3nh b\u00e1o ng\u01b0\u1eddi b\u1ec7nh bi\u1ebft th\u00e2n nhi\u1ec7t c\u1ee7a m\u00ecnh b\u1eb1ng ho\u1eb7c tr\u00ean 37.5\u00b0C\/ 99.5\u00b0F.<\/p>\n<h3>\u0110\u00e8n c\u1ea3m bi\u1ebfn tr\u1ee3 gi\u00fap cho ng\u01b0\u1eddi t\u1ef1 \u0111o<\/h3>\n<p>D\u00e0nh cho b\u1ea1n c\u1ea7n t\u1ef1 \u0111o cho b\u1ea3n th\u00e2n m\u00ecnh, nhi\u1ec7t k\u1ebf NC200 \u0111\u01b0\u1ee3c thi\u1ebft k\u1ebf m\u1ed9t \u0111\u00e8n b\u00e1o m\u00e0u xanh l\u1ee5c \u1edf l\u01b0ng \u0111\u1ec3 b\u00e1o hi\u1ec7u cho ng\u01b0\u1eddi t\u1ef1 \u0111o bi\u1ebft khi nhi\u1ec7t k\u1ebf \u0111\u01b0\u1ee3c \u0111\u1eb7t \u0111\u00fang v\u1ecb tr\u00ed, kho\u1ea3ng c\u00e1ch th\u00edch h\u1ee3p v\u00e0 s\u1eb5n s\u00e0ng \u0111o.<\/p>\n<h3>An t\u00e2m s\u1eed d\u1ee5ng v\u1edbi ch\u1ebf \u0111\u1ed9 b\u1ea3o h\u00e0nh ch\u00ednh h\u00e3ng 1 \u0111\u1ed5i 1<\/h3>\n<p>T\u1ef1 h\u00e0o v\u1ec1 ch\u1ea5t l\u01b0\u1ee3ng s\u1ea3n ph\u1ea9m, nh\u00e3n h\u00e0ng Microlife cam k\u1ebft cung c\u1ea5p ch\u1ebf \u0111\u1ed9 b\u1ea3o h\u00e0nh h\u01b0 \u0111\u1ed5i m\u1edbi (1 \u0111\u1ed5i 1), mang l\u1ea1i l\u1ee3i \u00edch t\u1ed1i \u0111a cho kh\u00e1ch h\u00e0ng. Trong th\u1eddi gian b\u1ea3o h\u00e0nh (2 n\u0103m k\u1ec3 t\u1eeb ng\u00e0y mua) n\u1ebfu s\u1ea3n ph\u1ea9m c\u00f3 b\u1ea5t k\u1ef3 l\u1ed7i n\u00e0o t\u1eeb ph\u00eda nh\u00e0 s\u1ea3n xu\u1ea5t, kh\u00e1ch h\u00e0ng \u0111\u01b0\u1ee3c \u0111\u1ed5i m\u00e1y m\u1edbi ho\u00e0n to\u00e0n mi\u1ec5n ph\u00ed. Microlife c\u0169ng mong mu\u1ed1n mang l\u1ea1i s\u1ea3n ph\u1ea9m v\u00e0 d\u1ecbch v\u1ee5 t\u1ed1t nh\u1ea5t, mang \u0111\u1ebfn c\u1ea3m gi\u00e1c an t\u00e2m s\u1eed d\u1ee5ng cho qu\u00fd kh\u00e1ch h\u00e0ng.<\/p>","protected":false},"excerpt":{"rendered":"<ul>\n<li>Nhi\u1ec7t k\u1ebf \u0111o kh\u00f4ng ch\u1ea1m: NC 200.<\/li>\n<li>\u0110o ho\u00e0n to\u00e0n t\u1ef1 \u0111\u1ed9ng (\u0111\u1ebf nhi\u1ec7t k\u1ebf c\u00e1ch v\u1eadt th\u1ec3 5cm s\u1ebd t\u1ef1 \u0111\u1ed9ng \u0111o).<\/li>\n<li>\u0110o \u0111\u01b0\u1ee3c th\u00e2n nhi\u1ec7t, m\u00f4i tr\u01b0\u1eddng.<\/li>\n<li>Cho ph\u00e9p chuy\u1ec3n \u0111\u1ed5i gi\u1eefa \u00b0C &#8211; \u00b0F.<\/li>\n<li>B\u1ea3o h\u00e0nh CH\u00cdNH H\u00c3NG<\/li>\n<li><i class=\"icon icon-check\"><\/i> C\u1eeda h\u00e0ng uy t\u00edn \u0111\u1ed1i di\u1ec7n C\u1ed5ng 4 <b>BV \u0110a Khoa \u0110\u1ed3ng Nai<\/b><\/li>\n<li><i class=\"icon icon-check\"><\/i> C\u1eeda h\u00e0ng uy t\u00edn khu v\u1ef1c <strong>Bi\u00ean H\u00f2a<\/strong>, <strong>\u0110\u1ed3ng Nai<\/strong><i class=\"icon icon-check\"><\/i><i class=\"icon icon-check\"><\/i><\/li>\n<\/ul>","protected":false},"featured_media":2157,"comment_status":"open","ping_status":"closed","template":"","meta":{"_acf_changed":false,"rank_math_lock_modified_date":false},"product_cat":[178,238,239],"product_tag":[1067,1068,1074,1073,1072,1076,1070,1077,1075,1069,1071],"class_list":{"0":"post-731","1":"product","2":"type-product","3":"status-publish","4":"has-post-thumbnail","6":"product_cat-cham-soc-me-va-be","7":"product_cat-nhiet-ke-do-nhiet-do","8":"product_cat-nhiet-ke-hong-ngoai-nhiet-ke-do-nhiet-do","9":"product_tag-microlife","10":"product_tag-nhiet-ke-dien-tu","11":"product_tag-nhiet-ke-do-chinh-xac","12":"product_tag-nhiet-ke-do-cho-tre-so-sinh","13":"product_tag-nhiet-ke-do-nhiet-do","14":"product_tag-nhiet-ke-do-nhiet-do-cho-tre-so-sinh-tai-dong-nai","15":"product_tag-nhiet-ke-do-tran","16":"product_tag-nhiet-ke-do-tran-tai-bien-hoa","17":"product_tag-nhiet-ke-do-tu-dong-nhiet-ke-do-nhiet-do-tot-nhat","18":"product_tag-nhiet-ke-hong-ngoai","19":"product_tag-nhiet-ke-microlife-nc200","21":"first","22":"instock","23":"sale","24":"shipping-taxable","25":"purchasable","26":"product-type-simple"},"acf":[],"_links":{"self":[{"href":"https:\/\/ykhoathongminh.com\/en\/wp-json\/wp\/v2\/product\/731"}],"collection":[{"href":"https:\/\/ykhoathongminh.com\/en\/wp-json\/wp\/v2\/product"}],"about":[{"href":"https:\/\/ykhoathongminh.com\/en\/wp-json\/wp\/v2\/types\/product"}],"replies":[{"embeddable":true,"href":"https:\/\/ykhoathongminh.com\/en\/wp-json\/wp\/v2\/comments?post=731"}],"wp:featuredmedia":[{"embeddable":true,"href":"https:\/\/ykhoathongminh.com\/en\/wp-json\/wp\/v2\/media\/2157"}],"wp:attachment":[{"href":"https:\/\/ykhoathongminh.com\/en\/wp-json\/wp\/v2\/media?parent=731"}],"wp:term":[{"taxonomy":"product_cat","embeddable":true,"href":"https:\/\/ykhoathongminh.com\/en\/wp-json\/wp\/v2\/product_cat?post=731"},{"taxonomy":"product_tag","embeddable":true,"href":"https:\/\/ykhoathongminh.com\/en\/wp-json\/wp\/v2\/product_tag?post=731"}],"curies":[{"name":"wp","href":"https:\/\/api.w.org\/{rel}","templated":true}]}}