{"id":747,"date":"2024-07-22T15:01:41","date_gmt":"2024-07-22T15:01:41","guid":{"rendered":"https:\/\/ykhoathongminh.com\/?post_type=product&#038;p=747"},"modified":"2024-09-09T14:14:29","modified_gmt":"2024-09-09T14:14:29","slug":"khau-trang-y-te-cho-tre-em-sun-cloud-50-cai","status":"publish","type":"product","link":"https:\/\/ykhoathongminh.com\/en\/product\/khau-trang-y-te-cho-tre-em-sun-cloud-50-cai\/","title":{"rendered":"Kh\u1ea9u trang y t\u1ebf cho tr\u1ebb em Sun Cloud 50 c\u00e1i"},"content":{"rendered":"<h2>Kh\u00e2\u0309u Trang SUN CLOUD<\/h2>\n<ul>\n<li>Ch\u1ea5t l\u01b0\u1ee3ng cao: kh\u1ea9u trang d\u00f9ng m\u1ed9t l\u1ea7n \u0111\u01b0\u1ee3c l\u00e0m t\u1eeb ch\u1ea5t li\u1ec7u cao c\u1ea5p, m\u1ec1m m\u1ea1i v\u00e0 tho\u1ea3i m\u00e1i, nh\u1eb9 nh\u00e0ng cho da.<\/li>\n<li>4 l\u1edbp tho\u00e1ng kh\u00ed, tho\u00e1t \u1ea9m v\u1edbi\u00a0l\u1edbp l\u1ecdc\u00a0c\u00f3 th\u1ec3 ng\u0103n ch\u1eb7n t\u1ed1t h\u01a1n c\u00e1c h\u1ea1t nh\u1ecf trong kh\u00f4ng kh\u00ed v\u00e0 l\u1ecdc n\u00f3, gi\u1ea3m c\u1ea3m gi\u00e1c \u1ea9m \u01b0\u1edbt khi \u0111eo kh\u1ea9u trang.<\/li>\n<li>Thi\u1ebft k\u1ebf tinh t\u1ebf: n\u1eb9p m\u0169i d\u1ea1ng \u1ea5n c\u00f3 th\u1ec3 gi\u00fap \u00f4m kh\u00edt s\u1ed1ng m\u0169i, gi\u1ea3m s\u01b0\u01a1ng m\u00f9 tr\u00ean k\u00ednh m\u1eaft.<\/li>\n<li>Tai \u0111eo \u0111\u00e0n h\u1ed3i: tai \u0111\u1eb9p c\u00f3 \u0111\u1ed9 \u0111\u00e0n h\u1ed3i cao, \u00edt t\u1ea1o \u00e1p l\u1ef1c l\u00ean tai v\u00e0 m\u1eb7t, tr\u00e1nh g\u00e2y kh\u00f3 ch\u1ecbu khi s\u1eed d\u1ee5ng trong th\u1eddi gian d\u00e0i.<\/li>\n<li>S\u1ea3n ph\u1ea9m ph\u1ea3i c\u00f3 cho c\u00e1 nh\u00e2n v\u00e0 gia \u0111\u00ecnh: g\u00f3i ch\u0103m s\u00f3c c\u00e1 nh\u00e2n ho\u00e0n h\u1ea3o \u0111\u1ec3 s\u1eed d\u1ee5ng h\u00e0ng ng\u00e0y, cho gia \u0111\u00ecnh v\u00e0 v\u0103n ph\u00f2ng, tr\u01b0\u1eddng h\u1ecdc v\u00e0 ngo\u00e0i tr\u1eddi, nh\u00e2n vi\u00ean ph\u1ee5c v\u1ee5 v\u00e0 c\u00e1c nhu c\u1ea7u c\u00e1 nh\u00e2n. M\u00f3n qu\u00e0 t\u1ed1t nh\u1ea5t cho gia \u0111\u00ecnh v\u00e0 b\u1ea1n b\u00e8.<\/li>\n<\/ul>\n<h2>C\u00f4ng du\u0323ng cu\u0309a 4 l\u1edbp<\/h2>\n<p>L\u1edbp ngo\u00e0i d\u00f9ng \u0111\u1ec3 ng\u0103n ch\u1eb7n tia n\u01b0\u1edbc v\u00e0 c\u00e1c h\u1ea1t nh\u1ecf trong kh\u00f4ng kh\u00ed, l\u1edbp gi\u1eefa d\u00f9ng \u0111\u1ec3 l\u1ecdc kh\u00f4ng kh\u00ed th\u1edf v\u00e0o, l\u1edbp vi l\u1ecdc d\u00f9ng \u0111\u1ec3 l\u1ecdc vi khu\u1ea9n, l\u1edbp ti\u1ebfp x\u00fac d\u00f9ng \u0111\u1ec3 h\u1ea5p th\u1ee5 h\u01a1i c\u1ee7a kh\u00ed th\u1edf ra.<\/p>\n<h2>Tai \u0111eo \u0111\u00e0n h\u1ed3i cao<\/h2>\n<p>\u0110\u1ed9 \u0111\u00e0n h\u1ed3i cao v\u00e0 s\u1ebd kh\u00f4ng d\u1ec5 b\u1ecb \u0111\u1ee9t, \u00edt g\u00e2y \u00e1p l\u1ef1c cho tai, \u00edt g\u00e2y c\u1ea3m gi\u00e1c kh\u00f3 ch\u1ecbu cho c\u01a1 th\u1ec3.<\/p>\n<h2>K\u1eb9p m\u0169i t\u00edch h\u1ee3p<\/h2>\n<p>Thu\u1eadn ti\u1ec7n cho vi\u1ec7c ch\u1ec9nh s\u1eeda k\u1eb9p m\u0169i cho v\u1eeba v\u1eb7n s\u1ed1ng m\u0169i, ph\u00f9 h\u1ee3p h\u01a1n v\u1edbi d\u00e1ng m\u1eb7t.<\/p>\n<h2>\u00c1p d\u1ee5ng r\u1ed9ng r\u00e3i<\/h2>\n<p>Kh\u1ea9u trang d\u00f9ng m\u1ed9t l\u1ea7n ph\u00f9 h\u1ee3p cho c\u00e1c ho\u1ea1t \u0111\u1ed9ng trong nh\u00e0 v\u00e0 ngo\u00e0i tr\u1eddi, b\u1ea5t k\u1ec3 nhu c\u1ea7u c\u00e1 nh\u00e2n hay y\u00eau c\u1ea7u c\u00f4ng vi\u1ec7c, kh\u1ea9u trang d\u00f9ng m\u1ed9t l\u1ea7n l\u00e0 s\u1ef1 l\u1ef1a ch\u1ecdn tuy\u1ec7t v\u1eddi.<\/p>\n<h2>Xin l\u01b0u \u00fd:<\/h2>\n<p>Khi \u0111eo kh\u1ea9u trang, kh\u00f4ng k\u00e9o d\u00e2y qu\u00e1 m\u1ee9c \u1edf c\u1ea3 hai b\u00ean n\u1ebfu kh\u00f4ng s\u1ebd b\u1ecb \u0111\u1ee9t.<\/p>\n<p>Kh\u1ea9u trang d\u00f9ng m\u1ed9t l\u1ea7n ch\u1ec9 \u0111\u1ec3 s\u1eed d\u1ee5ng m\u1ed9t l\u1ea7n, khuy\u00ean b\u1ea1n n\u00ean thay th\u1ebf n\u00f3 sau m\u1ed7i b\u1ed1n gi\u1edd. Vui l\u00f2ng v\u1ee9t b\u1ecf n\u00f3 \u0111\u00fang c\u00e1ch sau khi s\u1eed d\u1ee5ng.<\/p>\n<h2>Quy c\u00e1ch \u0111\u00f3ng g\u00f3i<\/h2>\n<p>1 H\u1ed9p : 50 C\u00e1i<\/p>","protected":false},"excerpt":{"rendered":"<p>L\u1edbp ngo\u00e0i d\u00f9ng \u0111\u1ec3 ng\u0103n ch\u1eb7n tia n\u01b0\u1edbc v\u00e0 c\u00e1c h\u1ea1t nh\u1ecf trong kh\u00f4ng kh\u00ed, l\u1edbp gi\u1eefa d\u00f9ng \u0111\u1ec3 l\u1ecdc kh\u00f4ng kh\u00ed th\u1edf v\u00e0o, l\u1edbp vi l\u1ecdc d\u00f9ng \u0111\u1ec3 l\u1ecdc vi khu\u1ea9n, l\u1edbp ti\u1ebfp x\u00fac d\u00f9ng \u0111\u1ec3 h\u1ea5p th\u1ee5 h\u01a1i c\u1ee7a kh\u00ed th\u1edf ra.<\/p>","protected":false},"featured_media":5579,"comment_status":"open","ping_status":"closed","template":"","meta":{"_acf_changed":false,"rank_math_lock_modified_date":false},"product_cat":[244,158,149],"product_tag":[],"class_list":{"0":"post-747","1":"product","2":"type-product","3":"status-publish","4":"has-post-thumbnail","6":"product_cat-khau-trang","7":"product_cat-vat-tu-tieu-hao","8":"product_cat-vat-tu-y-te","10":"first","11":"instock","12":"shipping-taxable","13":"purchasable","14":"product-type-simple"},"acf":[],"_links":{"self":[{"href":"https:\/\/ykhoathongminh.com\/en\/wp-json\/wp\/v2\/product\/747"}],"collection":[{"href":"https:\/\/ykhoathongminh.com\/en\/wp-json\/wp\/v2\/product"}],"about":[{"href":"https:\/\/ykhoathongminh.com\/en\/wp-json\/wp\/v2\/types\/product"}],"replies":[{"embeddable":true,"href":"https:\/\/ykhoathongminh.com\/en\/wp-json\/wp\/v2\/comments?post=747"}],"wp:featuredmedia":[{"embeddable":true,"href":"https:\/\/ykhoathongminh.com\/en\/wp-json\/wp\/v2\/media\/5579"}],"wp:attachment":[{"href":"https:\/\/ykhoathongminh.com\/en\/wp-json\/wp\/v2\/media?parent=747"}],"wp:term":[{"taxonomy":"product_cat","embeddable":true,"href":"https:\/\/ykhoathongminh.com\/en\/wp-json\/wp\/v2\/product_cat?post=747"},{"taxonomy":"product_tag","embeddable":true,"href":"https:\/\/ykhoathongminh.com\/en\/wp-json\/wp\/v2\/product_tag?post=747"}],"curies":[{"name":"wp","href":"https:\/\/api.w.org\/{rel}","templated":true}]}}