{"id":7497,"date":"2024-10-02T08:41:40","date_gmt":"2024-10-02T08:41:40","guid":{"rendered":"https:\/\/ykhoathongminh.com\/?post_type=product&#038;p=7497"},"modified":"2024-10-03T06:40:33","modified_gmt":"2024-10-03T06:40:33","slug":"may-massage-co-vai-gay-philips-ppm3522","status":"publish","type":"product","link":"https:\/\/ykhoathongminh.com\/en\/product\/may-massage-co-vai-gay-philips-ppm3522\/","title":{"rendered":"M\u00e1y Massage C\u1ed5 Vai G\u00e1y PHILIPS PPM3522"},"content":{"rendered":"<div id=\"row-1397065656\" class=\"row\">\n<div id=\"col-1355262861\" class=\"col hide-for-medium small-12 large-12\">\n<div class=\"col-inner\">\n<h3>M\u00e1y Massage C\u1ed5 Vai G\u00e1y PHILIPS PPM3522 \u2013 Massage chuy\u00ean nghi\u1ec7p t\u1ea1i nh\u00e0<\/h3>\n<div class=\"group w-full text-token-text-primary border-b border-black\/10 dark:border-gray-900\/50 bg-gray-50 dark:bg-[#444654]\" data-testid=\"conversation-turn-35\">\n<div class=\"p-4 justify-center text-base md:gap-6 md:py-6 m-auto\">\n<div class=\"flex flex-1 gap-4 text-base mx-auto md:gap-6 md:max-w-2xl lg:max-w-[38rem] xl:max-w-3xl }\">\n<div class=\"relative flex w-[calc(100%-50px)] flex-col gap-1 md:gap-3 lg:w-[calc(100%-115px)]\">\n<div class=\"flex flex-grow flex-col gap-3 max-w-full\">\n<div class=\"min-h-[20px] flex flex-col items-start gap-3 overflow-x-auto whitespace-pre-wrap break-words\">\n<div class=\"markdown prose w-full break-words dark:prose-invert light\">\n<ul>\n<li>2 c\u1ea5p \u0111\u1ed9 \u0111i\u1ec1u ch\u1ec9nh x 3 ch\u1ebf \u0111\u1ed9 Massage.<\/li>\n<li>M\u00f4 ph\u1ecfng Massage nh\u01b0 c\u00e1c \u0111\u1ea7u ng\u00f3n tay linh ho\u1ea1t v\u00e0 m\u1ea1nh m\u1ebd.<\/li>\n<li>C\u00f4ng ngh\u1ec7 ch\u01b0\u1eddm \u1ea5m gi\u00fap gi\u1ea3m c\u0103ng c\u01a1 v\u00f9ng c\u1ed5, gi\u00fap th\u01b0 gi\u00e3n.<\/li>\n<li>6 \u0111i\u1ec3m ti\u1ebfp x\u00fac gi\u00fap Massage chuy\u00ean s\u00e2u.<\/li>\n<\/ul>\n<\/div>\n<\/div>\n<\/div>\n<\/div>\n<\/div>\n<\/div>\n<\/div>\n<\/div>\n<\/div>\n<\/div>\n<div id=\"row-1047933666\" class=\"row row-small\">\n<div id=\"col-628173782\" class=\"col medium-4 small-12 large-4\">\n<div class=\"col-inner\">\n<div class=\"box has-hover has-hover box-text-bottom\">\n<div class=\"box-image\">\n<div class=\"\"><img loading=\"lazy\" decoding=\"async\" class=\"attachment- size- lazyloaded\" src=\"https:\/\/philipsmassager.vn\/wp-content\/uploads\/2023\/11\/philips-ppm3522.jpg\" sizes=\"(max-width: 800px) 100vw, 800px\" srcset=\"https:\/\/philipsmassager.vn\/wp-content\/uploads\/2023\/11\/philips-ppm3522.jpg 800w, https:\/\/philipsmassager.vn\/wp-content\/uploads\/2023\/11\/philips-ppm3522-300x300.jpg 300w, https:\/\/philipsmassager.vn\/wp-content\/uploads\/2023\/11\/philips-ppm3522-150x150.jpg 150w, https:\/\/philipsmassager.vn\/wp-content\/uploads\/2023\/11\/philips-ppm3522-768x768.jpg 768w, https:\/\/philipsmassager.vn\/wp-content\/uploads\/2023\/11\/philips-ppm3522-600x600.jpg 600w, https:\/\/philipsmassager.vn\/wp-content\/uploads\/2023\/11\/philips-ppm3522-100x100.jpg 100w\" alt=\"M\u00e1y Massage C\u1ed5 Vai G\u00e1y PHILIPS PPM3522\" width=\"800\" height=\"800\" data-lazy-srcset=\"https:\/\/philipsmassager.vn\/wp-content\/uploads\/2023\/11\/philips-ppm3522.jpg 800w, https:\/\/philipsmassager.vn\/wp-content\/uploads\/2023\/11\/philips-ppm3522-300x300.jpg 300w, https:\/\/philipsmassager.vn\/wp-content\/uploads\/2023\/11\/philips-ppm3522-150x150.jpg 150w, https:\/\/philipsmassager.vn\/wp-content\/uploads\/2023\/11\/philips-ppm3522-768x768.jpg 768w, https:\/\/philipsmassager.vn\/wp-content\/uploads\/2023\/11\/philips-ppm3522-600x600.jpg 600w, https:\/\/philipsmassager.vn\/wp-content\/uploads\/2023\/11\/philips-ppm3522-100x100.jpg 100w\" data-lazy-sizes=\"(max-width: 800px) 100vw, 800px\" data-lazy-src=\"https:\/\/philipsmassager.vn\/wp-content\/uploads\/2023\/11\/philips-ppm3522.jpg\" data-was-processed=\"true\" \/><\/div>\n<\/div>\n<div class=\"box-text text-left\">\n<div class=\"box-text-inner\">\n<h3 class=\"p-heading-04-large p-heading-bold p-feature-title\">M\u00e1y Massage C\u1ed5 Vai G\u00e1y PHILIPS PPM3522 \u2013 M\u00f4 ph\u1ecfng Massage nh\u01b0 c\u00e1c \u0111\u1ea7u ng\u00f3n tay<\/h3>\n<div class=\"group w-full text-token-text-primary border-b border-black\/10 dark:border-gray-900\/50 bg-gray-50 dark:bg-[#444654]\" data-testid=\"conversation-turn-37\">\n<div class=\"p-4 justify-center text-base md:gap-6 md:py-6 m-auto\">\n<div class=\"flex flex-1 gap-4 text-base mx-auto md:gap-6 md:max-w-2xl lg:max-w-[38rem] xl:max-w-3xl }\">\n<div class=\"relative flex w-[calc(100%-50px)] flex-col gap-1 md:gap-3 lg:w-[calc(100%-115px)]\">\n<div class=\"flex flex-grow flex-col gap-3 max-w-full\">\n<div class=\"min-h-[20px] flex flex-col items-start gap-3 overflow-x-auto whitespace-pre-wrap break-words\">\n<div class=\"markdown prose w-full break-words dark:prose-invert light\">\n<div class=\"group w-full text-token-text-primary border-b border-black\/10 dark:border-gray-900\/50 bg-gray-50 dark:bg-[#444654]\" data-testid=\"conversation-turn-41\">\n<div class=\"p-4 justify-center text-base md:gap-6 md:py-6 m-auto\">\n<div class=\"flex flex-1 gap-4 text-base mx-auto md:gap-6 md:max-w-2xl lg:max-w-[38rem] xl:max-w-3xl }\">\n<div class=\"relative flex w-[calc(100%-50px)] flex-col gap-1 md:gap-3 lg:w-[calc(100%-115px)]\">\n<div class=\"flex flex-grow flex-col gap-3 max-w-full\">\n<div class=\"min-h-[20px] flex flex-col items-start gap-3 overflow-x-auto whitespace-pre-wrap break-words\">\n<div class=\"markdown prose w-full break-words dark:prose-invert light\">\n<div class=\"flex-1 overflow-hidden\">\n<div class=\"react-scroll-to-bottom--css-dgqah-79elbk h-full dark:bg-gray-800\">\n<div class=\"react-scroll-to-bottom--css-dgqah-1n7m0yu\">\n<div class=\"flex flex-col text-sm dark:bg-gray-800\">\n<div class=\"group w-full text-token-text-primary border-b border-black\/10 dark:border-gray-900\/50 bg-gray-50 dark:bg-[#444654]\" data-testid=\"conversation-turn-5\">\n<div class=\"p-4 justify-center text-base md:gap-6 md:py-6 m-auto\">\n<div class=\"flex flex-1 gap-4 text-base mx-auto md:gap-6 md:max-w-2xl lg:max-w-[38rem] xl:max-w-3xl }\">\n<div class=\"relative flex w-[calc(100%-50px)] flex-col gap-1 md:gap-3 lg:w-[calc(100%-115px)]\">\n<div class=\"flex flex-grow flex-col gap-3 max-w-full\">\n<div class=\"min-h-[20px] flex flex-col items-start gap-3 overflow-x-auto whitespace-pre-wrap break-words\">\n<div class=\"markdown prose w-full break-words dark:prose-invert light\">\n<div class=\"group w-full text-token-text-primary border-b border-black\/10 gizmo:border-0 dark:border-gray-900\/50 gizmo:dark:border-0 bg-gray-50 gizmo:bg-transparent dark:bg-[#444654] gizmo:dark:bg-transparent\" data-testid=\"conversation-turn-17\">\n<div class=\"p-4 justify-center text-base md:gap-6 md:py-6 m-auto\">\n<div class=\"flex flex-1 gap-4 text-base mx-auto md:gap-6 gizmo:gap-3 gizmo:md:px-5 gizmo:lg:px-1 gizmo:xl:px-5 md:max-w-2xl lg:max-w-[38rem] gizmo:md:max-w-3xl gizmo:lg:max-w-[40rem] gizmo:xl:max-w-[48rem] xl:max-w-3xl }\">\n<div class=\"relative flex w-[calc(100%-50px)] flex-col gap-1 gizmo:w-full md:gap-3 lg:w-[calc(100%-115px)] agent-turn\">\n<div class=\"flex flex-grow flex-col gap-3 max-w-full\">\n<div class=\"min-h-[20px] flex flex-col items-start gap-3 overflow-x-auto whitespace-pre-wrap break-words\">\n<div class=\"markdown prose w-full break-words dark:prose-invert light\">\n<p>N\u1ebfu b\u1ea1n mu\u1ed1n t\u00ecm ki\u1ebfm m\u1ed9t s\u1ea3n ph\u1ea9m m\u00e1y massage c\u1ed5 vai g\u00e1y v\u1edbi hi\u1ec7u su\u1ea5t m\u1ea1nh m\u1ebd th\u00ec Philips PPM3522 ch\u00ednh l\u00e0 s\u1ef1 l\u1ef1a ch\u1ecdn ho\u00e0n h\u1ea3o. V\u1edbi c\u01a1 ch\u1ebf massage t\u00e1c \u0111\u1ed9ng s\u00e2u t\u1edbi nh\u00f3m c\u01a1 c\u1ea7u vai nh\u1edd m\u00f4 ph\u1ecfng massage nh\u01b0 c\u00e1c \u0111\u1ea7u ng\u00f3n tay, gi\u00fap th\u01b0 gi\u00e3n ho\u00e0n h\u1ea3o cho v\u00f9ng c\u1ed5 vai g\u00e1y.<\/p>\n<p>B\u00ean c\u1ea1nh \u0111\u00f3 v\u1edbi vi\u1ec7c c\u00f3 6 \u0111i\u1ec3m ti\u1ebfp x\u00fac massage gi\u00fap \u00f4m s\u00e1t vai c\u1ed5 k\u1ebft h\u1ee3p:<\/p>\n<p>+ 2 m\u1ee9c \u0111\u1ed9 \u0111i\u1ec1u ch\u1ec9nh nhi\u1ec7t \u0111\u1ed9 40\u2070C v\u00e0 45\u2070C<\/p>\n<p>+ 3 ch\u1ebf \u0111\u1ed9 massage: Ti\u00eau chu\u1ea9n \u2013 Th\u01b0 gi\u00e3n \u2013 Chuy\u00ean s\u00e2u<\/p>\n<\/div>\n<\/div>\n<\/div>\n<\/div>\n<\/div>\n<\/div>\n<\/div>\n<\/div>\n<\/div>\n<\/div>\n<\/div>\n<\/div>\n<\/div>\n<\/div>\n<\/div>\n<\/div>\n<\/div>\n<\/div>\n<\/div>\n<\/div>\n<\/div>\n<\/div>\n<\/div>\n<\/div>\n<\/div>\n<\/div>\n<\/div>\n<\/div>\n<\/div>\n<\/div>\n<\/div>\n<\/div>\n<\/div>\n<\/div>\n<\/div>\n<\/div>\n<\/div>\n<div id=\"col-378909086\" class=\"col medium-4 small-12 large-4\">\n<div class=\"col-inner\">\n<div class=\"box has-hover has-hover box-text-bottom\">\n<div class=\"box-image\">\n<div class=\"\"><img loading=\"lazy\" decoding=\"async\" class=\"attachment- size- lazyloaded\" src=\"https:\/\/philipsmassager.vn\/wp-content\/uploads\/2023\/11\/philips-ppm3522-1.jpg\" sizes=\"(max-width: 800px) 100vw, 800px\" srcset=\"https:\/\/philipsmassager.vn\/wp-content\/uploads\/2023\/11\/philips-ppm3522-1.jpg 800w, https:\/\/philipsmassager.vn\/wp-content\/uploads\/2023\/11\/philips-ppm3522-1-300x300.jpg 300w, https:\/\/philipsmassager.vn\/wp-content\/uploads\/2023\/11\/philips-ppm3522-1-150x150.jpg 150w, https:\/\/philipsmassager.vn\/wp-content\/uploads\/2023\/11\/philips-ppm3522-1-768x768.jpg 768w, https:\/\/philipsmassager.vn\/wp-content\/uploads\/2023\/11\/philips-ppm3522-1-600x600.jpg 600w, https:\/\/philipsmassager.vn\/wp-content\/uploads\/2023\/11\/philips-ppm3522-1-100x100.jpg 100w\" alt=\"M\u00e1y Massage C\u1ed5 Vai G\u00e1y PHILIPS PPM3522\" width=\"800\" height=\"800\" data-lazy-srcset=\"https:\/\/philipsmassager.vn\/wp-content\/uploads\/2023\/11\/philips-ppm3522-1.jpg 800w, https:\/\/philipsmassager.vn\/wp-content\/uploads\/2023\/11\/philips-ppm3522-1-300x300.jpg 300w, https:\/\/philipsmassager.vn\/wp-content\/uploads\/2023\/11\/philips-ppm3522-1-150x150.jpg 150w, https:\/\/philipsmassager.vn\/wp-content\/uploads\/2023\/11\/philips-ppm3522-1-768x768.jpg 768w, https:\/\/philipsmassager.vn\/wp-content\/uploads\/2023\/11\/philips-ppm3522-1-600x600.jpg 600w, https:\/\/philipsmassager.vn\/wp-content\/uploads\/2023\/11\/philips-ppm3522-1-100x100.jpg 100w\" data-lazy-sizes=\"(max-width: 800px) 100vw, 800px\" data-lazy-src=\"https:\/\/philipsmassager.vn\/wp-content\/uploads\/2023\/11\/philips-ppm3522-1.jpg\" data-was-processed=\"true\" \/><\/div>\n<\/div>\n<div class=\"box-text text-left\">\n<div class=\"box-text-inner\">\n<h3 class=\"p-heading-04-large p-heading-bold p-feature-title\">6 \u0111i\u1ec3m ti\u1ebfp x\u00fac Massage gi\u00fap bao ph\u1ee7 v\u00f9ng c\u1ed5 vai g\u00e1y<\/h3>\n<p>M\u00e1y trang b\u1ecb 6 \u0111i\u1ec3m ti\u1ebfp x\u00fac massage bao ph\u1ee7 v\u00f9ng c\u1ed5 vai g\u00e1y gi\u00fap gi\u1ea3m c\u0103ng th\u1eb3ng, nh\u1ee9c m\u1ecfi v\u00e0 th\u01b0 gi\u00e3n hi\u1ec7u qu\u1ea3. Thi\u1ebft k\u1ebf m\u00f4 ph\u1ecfng c\u00e1c \u0111\u1ea7u ng\u00f3n tay nh\u01b0 m\u1ed9t ng\u01b0\u1eddi massage chuy\u00ean nghi\u1ec7p gi\u00fap gi\u1ea3m c\u0103ng th\u1eb3ng, m\u00e1u l\u01b0u th\u00f4ng t\u1ed1t h\u01a1n, v\u00e0 gi\u00fap b\u1ea1n c\u1ea3m th\u1ea5y th\u01b0 th\u00e1i h\u01a1n sau m\u1ed9t ng\u00e0y d\u00e0i l\u00e0m vi\u1ec7c ho\u1eb7c sau khi t\u1eadp luy\u1ec7n.<\/p>\n<\/div>\n<\/div>\n<\/div>\n<\/div>\n<\/div>\n<div id=\"col-1837941973\" class=\"col medium-4 small-12 large-4\">\n<div class=\"col-inner\">\n<div class=\"box has-hover has-hover box-text-bottom\">\n<div class=\"box-image\">\n<div class=\"\"><img loading=\"lazy\" decoding=\"async\" class=\"attachment- size- lazyloaded\" src=\"https:\/\/philipsmassager.vn\/wp-content\/uploads\/2023\/11\/philips-ppm3522-2.jpg\" sizes=\"(max-width: 800px) 100vw, 800px\" srcset=\"https:\/\/philipsmassager.vn\/wp-content\/uploads\/2023\/11\/philips-ppm3522-2.jpg 800w, https:\/\/philipsmassager.vn\/wp-content\/uploads\/2023\/11\/philips-ppm3522-2-300x300.jpg 300w, https:\/\/philipsmassager.vn\/wp-content\/uploads\/2023\/11\/philips-ppm3522-2-150x150.jpg 150w, https:\/\/philipsmassager.vn\/wp-content\/uploads\/2023\/11\/philips-ppm3522-2-768x768.jpg 768w, https:\/\/philipsmassager.vn\/wp-content\/uploads\/2023\/11\/philips-ppm3522-2-600x600.jpg 600w, https:\/\/philipsmassager.vn\/wp-content\/uploads\/2023\/11\/philips-ppm3522-2-100x100.jpg 100w\" alt=\"M\u00e1y Massage C\u1ed5 Vai G\u00e1y PHILIPS PPM3522\" width=\"800\" height=\"800\" data-lazy-srcset=\"https:\/\/philipsmassager.vn\/wp-content\/uploads\/2023\/11\/philips-ppm3522-2.jpg 800w, https:\/\/philipsmassager.vn\/wp-content\/uploads\/2023\/11\/philips-ppm3522-2-300x300.jpg 300w, https:\/\/philipsmassager.vn\/wp-content\/uploads\/2023\/11\/philips-ppm3522-2-150x150.jpg 150w, https:\/\/philipsmassager.vn\/wp-content\/uploads\/2023\/11\/philips-ppm3522-2-768x768.jpg 768w, https:\/\/philipsmassager.vn\/wp-content\/uploads\/2023\/11\/philips-ppm3522-2-600x600.jpg 600w, https:\/\/philipsmassager.vn\/wp-content\/uploads\/2023\/11\/philips-ppm3522-2-100x100.jpg 100w\" data-lazy-sizes=\"(max-width: 800px) 100vw, 800px\" data-lazy-src=\"https:\/\/philipsmassager.vn\/wp-content\/uploads\/2023\/11\/philips-ppm3522-2.jpg\" data-was-processed=\"true\" \/><\/div>\n<\/div>\n<div class=\"box-text text-left\">\n<div class=\"box-text-inner\">\n<h3 class=\"p-heading-04-large p-heading-bold p-feature-title\">C\u00f4ng ngh\u1ec7 m\u00f4 ph\u1ecfng Massage nh\u01b0 c\u00e1c \u0111\u1ea7u ng\u00f3n tay<\/h3>\n<div class=\"group w-full text-token-text-primary border-b border-black\/10 dark:border-gray-900\/50 bg-gray-50 dark:bg-[#444654]\" data-testid=\"conversation-turn-37\">\n<div class=\"p-4 justify-center text-base md:gap-6 md:py-6 m-auto\">\n<div class=\"flex flex-1 gap-4 text-base mx-auto md:gap-6 md:max-w-2xl lg:max-w-[38rem] xl:max-w-3xl }\">\n<div class=\"relative flex w-[calc(100%-50px)] flex-col gap-1 md:gap-3 lg:w-[calc(100%-115px)]\">\n<div class=\"flex flex-grow flex-col gap-3 max-w-full\">\n<div class=\"min-h-[20px] flex flex-col items-start gap-3 overflow-x-auto whitespace-pre-wrap break-words\">\n<div class=\"markdown prose w-full break-words dark:prose-invert light\">\n<div class=\"group w-full text-token-text-primary border-b border-black\/10 dark:border-gray-900\/50 bg-gray-50 dark:bg-[#444654]\" data-testid=\"conversation-turn-41\">\n<div class=\"p-4 justify-center text-base md:gap-6 md:py-6 m-auto\">\n<div class=\"flex flex-1 gap-4 text-base mx-auto md:gap-6 md:max-w-2xl lg:max-w-[38rem] xl:max-w-3xl }\">\n<div class=\"relative flex w-[calc(100%-50px)] flex-col gap-1 md:gap-3 lg:w-[calc(100%-115px)]\">\n<div class=\"flex flex-grow flex-col gap-3 max-w-full\">\n<div class=\"min-h-[20px] flex flex-col items-start gap-3 overflow-x-auto whitespace-pre-wrap break-words\">\n<div class=\"markdown prose w-full break-words dark:prose-invert light\">\n<div class=\"flex-1 overflow-hidden\">\n<div class=\"react-scroll-to-bottom--css-dgqah-79elbk h-full dark:bg-gray-800\">\n<div class=\"react-scroll-to-bottom--css-dgqah-1n7m0yu\">\n<div class=\"flex flex-col text-sm dark:bg-gray-800\">\n<div class=\"group w-full text-token-text-primary border-b border-black\/10 dark:border-gray-900\/50 bg-gray-50 dark:bg-[#444654]\" data-testid=\"conversation-turn-5\">\n<div class=\"p-4 justify-center text-base md:gap-6 md:py-6 m-auto\">\n<div class=\"flex flex-1 gap-4 text-base mx-auto md:gap-6 md:max-w-2xl lg:max-w-[38rem] xl:max-w-3xl }\">\n<div class=\"relative flex w-[calc(100%-50px)] flex-col gap-1 md:gap-3 lg:w-[calc(100%-115px)]\">\n<div class=\"flex flex-grow flex-col gap-3 max-w-full\">\n<div class=\"min-h-[20px] flex flex-col items-start gap-3 overflow-x-auto whitespace-pre-wrap break-words\">\n<div class=\"markdown prose w-full break-words dark:prose-invert light\">\n<p>PHILIPS PPM3522, b\u1ea1n c\u00f3 th\u1ec3 t\u1eadn h\u01b0\u1edfng nh\u1eefng ph\u00fat gi\u00e2y massage th\u01b0 gi\u00e3n t\u1ea1i nh\u00e0 m\u00e0 kh\u00f4ng c\u1ea7n ph\u1ea3i \u0111\u1ebfn spa hay t\u1ed1n nhi\u1ec1u th\u1eddi gian v\u00e0 ti\u1ec1n b\u1ea1c b\u1edfi thi\u1ebft b\u1ecb \u0111\u01b0\u1ee3c m\u00f4 ph\u1ecfng c\u00f4ng ngh\u1ec7 massage nh\u01b0 c\u00e1c \u0111\u1ea7u ng\u00f3n tay. \u0110\u1eb7c bi\u1ec7t v\u00f9ng nh\u00f3m c\u01a1 c\u1ea7u vai \u0111\u01b0\u1ee3c massage hi\u1ec7u qu\u1ea3 t\u1eeb \u0111\u00f3 t\u0103ng hi\u1ec7u qu\u1ea3 th\u01b0 gi\u00e3n, x\u00e3 stress.<\/p>\n<\/div>\n<\/div>\n<\/div>\n<\/div>\n<\/div>\n<\/div>\n<\/div>\n<\/div>\n<\/div>\n<\/div>\n<\/div>\n<\/div>\n<\/div>\n<\/div>\n<\/div>\n<\/div>\n<\/div>\n<\/div>\n<\/div>\n<\/div>\n<\/div>\n<\/div>\n<\/div>\n<\/div>\n<\/div>\n<\/div>\n<\/div>\n<\/div>\n<\/div>\n<\/div>\n<div id=\"col-612242400\" class=\"col medium-4 small-12 large-4\">\n<div class=\"col-inner\">\n<div class=\"box has-hover has-hover box-text-bottom\">\n<div class=\"box-image\">\n<div class=\"\"><img loading=\"lazy\" decoding=\"async\" class=\"attachment- size- lazyloaded\" src=\"https:\/\/philipsmassager.vn\/wp-content\/uploads\/2023\/11\/philips-ppm3522-3.jpg\" sizes=\"(max-width: 800px) 100vw, 800px\" srcset=\"https:\/\/philipsmassager.vn\/wp-content\/uploads\/2023\/11\/philips-ppm3522-3.jpg 800w, https:\/\/philipsmassager.vn\/wp-content\/uploads\/2023\/11\/philips-ppm3522-3-300x300.jpg 300w, https:\/\/philipsmassager.vn\/wp-content\/uploads\/2023\/11\/philips-ppm3522-3-150x150.jpg 150w, https:\/\/philipsmassager.vn\/wp-content\/uploads\/2023\/11\/philips-ppm3522-3-768x768.jpg 768w, https:\/\/philipsmassager.vn\/wp-content\/uploads\/2023\/11\/philips-ppm3522-3-600x600.jpg 600w, https:\/\/philipsmassager.vn\/wp-content\/uploads\/2023\/11\/philips-ppm3522-3-100x100.jpg 100w\" alt=\"M\u00e1y Massage C\u1ed5 Vai G\u00e1y PHILIPS PPM3522\" width=\"800\" height=\"800\" data-lazy-srcset=\"https:\/\/philipsmassager.vn\/wp-content\/uploads\/2023\/11\/philips-ppm3522-3.jpg 800w, https:\/\/philipsmassager.vn\/wp-content\/uploads\/2023\/11\/philips-ppm3522-3-300x300.jpg 300w, https:\/\/philipsmassager.vn\/wp-content\/uploads\/2023\/11\/philips-ppm3522-3-150x150.jpg 150w, https:\/\/philipsmassager.vn\/wp-content\/uploads\/2023\/11\/philips-ppm3522-3-768x768.jpg 768w, https:\/\/philipsmassager.vn\/wp-content\/uploads\/2023\/11\/philips-ppm3522-3-600x600.jpg 600w, https:\/\/philipsmassager.vn\/wp-content\/uploads\/2023\/11\/philips-ppm3522-3-100x100.jpg 100w\" data-lazy-sizes=\"(max-width: 800px) 100vw, 800px\" data-lazy-src=\"https:\/\/philipsmassager.vn\/wp-content\/uploads\/2023\/11\/philips-ppm3522-3.jpg\" data-was-processed=\"true\" \/><\/div>\n<\/div>\n<div class=\"box-text text-left\">\n<div class=\"box-text-inner\">\n<h3 class=\"p-heading-04-large p-heading-bold p-feature-title\">2 m\u1ee9c nhi\u1ec7t c\u00f3 kh\u1ea3 n\u0103ng \u0111i\u1ec1u ch\u1ec9nh, ch\u01b0\u1eddm \u1ea5m hi\u1ec7u qu\u1ea3<\/h3>\n<div class=\"group w-full text-token-text-primary border-b border-black\/10 gizmo:border-0 dark:border-gray-900\/50 gizmo:dark:border-0 bg-gray-50 gizmo:bg-transparent dark:bg-[#444654] gizmo:dark:bg-transparent\" data-testid=\"conversation-turn-19\">\n<div class=\"p-4 justify-center text-base md:gap-6 md:py-6 m-auto\">\n<div class=\"flex flex-1 gap-4 text-base mx-auto md:gap-6 gizmo:gap-3 gizmo:md:px-5 gizmo:lg:px-1 gizmo:xl:px-5 md:max-w-2xl lg:max-w-[38rem] gizmo:md:max-w-3xl gizmo:lg:max-w-[40rem] gizmo:xl:max-w-[48rem] xl:max-w-3xl }\">\n<div class=\"relative flex w-[calc(100%-50px)] flex-col gap-1 gizmo:w-full md:gap-3 lg:w-[calc(100%-115px)] agent-turn\">\n<div class=\"flex flex-grow flex-col gap-3 max-w-full\">\n<div class=\"min-h-[20px] flex flex-col items-start gap-3 overflow-x-auto whitespace-pre-wrap break-words\">\n<div class=\"markdown prose w-full break-words dark:prose-invert light\">\n<p>\u0110\u01b0\u1ee3c trang b\u1ecb 2 m\u1ee9c nhi\u1ec7t \u0111\u1ed9 c\u00f3 kh\u1ea3 n\u0103ng \u0111i\u1ec1u ch\u1ec9nh t\u1eeb 40 \u2013 45\u2070C, gi\u00fap t\u1ea1o ra s\u1ef1 \u1ea5m \u00e1p v\u00e0 tho\u1ea3i m\u00e1i, \u0111\u1ed3ng th\u1eddi t\u0103ng c\u01b0\u1eddng hi\u1ec7u qu\u1ea3 c\u1ee7a qu\u00e1 tr\u00ecnh massage.<\/p>\n<p>&nbsp;<\/p>\n<p>B\u1ea1n c\u00f3 th\u1ec3 \u0111i\u1ec1u ch\u1ec9nh nhi\u1ec7t \u0111\u1ed9 theo s\u1edf th\u00edch c\u1ee7a m\u00ecnh \u0111\u1ec3 \u0111\u1ea3m b\u1ea3o r\u1eb1ng v\u00f9ng c\u1ed5, vai, v\u00e0 g\u00e1y \u0111\u01b0\u1ee3c massage v\u1edbi nhi\u1ec7t \u0111\u1ed9 ph\u00f9 h\u1ee3p. T\u1eadn h\u01b0\u1edfng m\u1ed9t tr\u1ea3i nghi\u1ec7m massage ch\u1ea5t l\u01b0\u1ee3ng t\u1ea1i nh\u00e0, gi\u00fap gi\u1ea3m c\u0103ng th\u1eb3ng v\u00e0 l\u00e0m d\u1ecbu c\u01a1 b\u1eafp sau m\u1ed9t ng\u00e0y d\u00e0i l\u00e0m vi\u1ec7c ho\u1eb7c sau khi t\u1eadp luy\u1ec7n.<\/p>\n<\/div>\n<\/div>\n<\/div>\n<\/div>\n<\/div>\n<\/div>\n<\/div>\n<\/div>\n<\/div>\n<\/div>\n<\/div>\n<\/div>\n<div id=\"col-753011260\" class=\"col medium-4 small-12 large-4\">\n<div class=\"col-inner\">\n<div class=\"box has-hover has-hover box-text-bottom\">\n<div class=\"box-image\">\n<div class=\"\"><img loading=\"lazy\" decoding=\"async\" class=\"attachment- size- lazyloaded\" src=\"https:\/\/philipsmassager.vn\/wp-content\/uploads\/2023\/11\/philips-ppm3522-4.jpg\" sizes=\"(max-width: 800px) 100vw, 800px\" srcset=\"https:\/\/philipsmassager.vn\/wp-content\/uploads\/2023\/11\/philips-ppm3522-4.jpg 800w, https:\/\/philipsmassager.vn\/wp-content\/uploads\/2023\/11\/philips-ppm3522-4-300x300.jpg 300w, https:\/\/philipsmassager.vn\/wp-content\/uploads\/2023\/11\/philips-ppm3522-4-150x150.jpg 150w, https:\/\/philipsmassager.vn\/wp-content\/uploads\/2023\/11\/philips-ppm3522-4-768x768.jpg 768w, https:\/\/philipsmassager.vn\/wp-content\/uploads\/2023\/11\/philips-ppm3522-4-600x600.jpg 600w, https:\/\/philipsmassager.vn\/wp-content\/uploads\/2023\/11\/philips-ppm3522-4-100x100.jpg 100w\" alt=\"M\u00e1y Massage C\u1ed5 Vai G\u00e1y PHILIPS PPM3522\" width=\"800\" height=\"800\" data-lazy-srcset=\"https:\/\/philipsmassager.vn\/wp-content\/uploads\/2023\/11\/philips-ppm3522-4.jpg 800w, https:\/\/philipsmassager.vn\/wp-content\/uploads\/2023\/11\/philips-ppm3522-4-300x300.jpg 300w, https:\/\/philipsmassager.vn\/wp-content\/uploads\/2023\/11\/philips-ppm3522-4-150x150.jpg 150w, https:\/\/philipsmassager.vn\/wp-content\/uploads\/2023\/11\/philips-ppm3522-4-768x768.jpg 768w, https:\/\/philipsmassager.vn\/wp-content\/uploads\/2023\/11\/philips-ppm3522-4-600x600.jpg 600w, https:\/\/philipsmassager.vn\/wp-content\/uploads\/2023\/11\/philips-ppm3522-4-100x100.jpg 100w\" data-lazy-sizes=\"(max-width: 800px) 100vw, 800px\" data-lazy-src=\"https:\/\/philipsmassager.vn\/wp-content\/uploads\/2023\/11\/philips-ppm3522-4.jpg\" data-was-processed=\"true\" \/><\/div>\n<\/div>\n<div class=\"box-text text-left\">\n<div class=\"box-text-inner\">\n<h3 class=\"p-heading-04-large p-heading-bold p-feature-title\">\u0110ai kh\u00f3a v\u00e0 tay k\u00e9o \u0111i\u1ec1u ch\u1ec9nh c\u1ea5p \u0111\u1ed9 Massage<\/h3>\n<p>Trang b\u1ecb \u0111ai kh\u00f3a c\u00f3 th\u1ec3 t\u1ef1 \u0111\u1ed9ng \u0111i\u1ec1u ch\u1ec9nh v\u00e0 c\u1ed1 \u0111\u1ecbnh ch\u1ebf \u0111\u1ed9 Massage ho\u1eb7c c\u00f3 th\u1ec3 s\u1eed d\u1ee5ng tay k\u00e9o th\u1ee7 c\u00f4ng \u0111\u1ec3 \u0111i\u1ec1u ch\u1ec9nh c\u1ea5p \u0111\u1ed9 Massage. \u0110i\u1ec1u n\u00e0y cho ph\u00e9p b\u1ea1n t\u00f9y ch\u1ec9nh tr\u1ea3i nghi\u1ec7m massage c\u1ee7a m\u00ecnh \u0111\u1ec3 ph\u00f9 h\u1ee3p v\u1edbi c\u01a1 th\u1ec3 v\u00e0 nhu c\u1ea7u c\u00e1 nh\u00e2n.<\/p>\n<p>Philips Massage lu\u00f4n ch\u00fa tr\u1ecdng mang \u0111\u1ebfn s\u1ef1 linh ho\u1ea1t v\u00e0 tho\u1ea3i m\u00e1i cho ng\u01b0\u1eddi d\u00f9ng, cho ph\u00e9p h\u1ecd t\u1eadn h\u01b0\u1edfng massage ch\u1ea5t l\u01b0\u1ee3ng t\u1ea1i nh\u00e0 theo c\u00e1ch t\u1ed1t nh\u1ea5t.<\/p>\n<\/div>\n<\/div>\n<\/div>\n<\/div>\n<\/div>\n<\/div>\n<div id=\"col-1513162200\" class=\"col small-12 large-12\">\n<div class=\"col-inner\">\n<h2 class=\"p-heading-02 p-heading-medium p-s08__spec-main-title\">Th\u00f4ng s\u1ed1 k\u1ef9 thu\u1eadt<\/h2>\n<\/div>\n<\/div>\n<div id=\"col-1370117691\" class=\"col small-12 large-12\">\n<div class=\"col-inner\">\n<table width=\"741\">\n<tbody>\n<tr>\n<td width=\"196\">Chi ti\u1ebft<\/td>\n<td width=\"285\"><strong>M\u00e0u s\u1eafc<\/strong><\/td>\n<td width=\"260\">Xanh \u0111\u1eadm<\/td>\n<\/tr>\n<tr>\n<td width=\"196\"><\/td>\n<td width=\"285\"><strong>Xu\u1ea5t x\u1ee9<\/strong><\/td>\n<td width=\"260\">Trung Qu\u1ed1c<\/td>\n<\/tr>\n<tr>\n<td width=\"196\"><\/td>\n<td width=\"285\"><strong>\u0110i\u1ec7n \u00e1p<\/strong><\/td>\n<td width=\"260\">\n<div class=\"p-body-copy-02\">7,4 V<\/div>\n<\/td>\n<\/tr>\n<tr>\n<td width=\"196\"><\/td>\n<td width=\"285\"><strong>C\u00f4ng su\u1ea5t<\/strong><\/td>\n<td width=\"260\">\n<div class=\"p-body-copy-02\">16 W<\/div>\n<\/td>\n<\/tr>\n<tr>\n<td width=\"196\"><\/td>\n<td width=\"285\"><strong>Tr\u1ecdng l\u01b0\u1ee3ng <\/strong><\/td>\n<td>\n<div class=\"p-body-copy-02\">\n<div class=\"p-body-copy-02\">1,3 kg<\/div>\n<\/div>\n<\/td>\n<\/tr>\n<tr>\n<td width=\"196\"><\/td>\n<td><strong>Pin<\/strong><\/td>\n<td>\n<div class=\"p-body-copy-02\">2000 mAh<\/div>\n<\/td>\n<\/tr>\n<\/tbody>\n<\/table>\n<\/div>\n<\/div>","protected":false},"excerpt":{"rendered":"<ul>\n<li>M\u00f4 ph\u1ecfng massage nh\u01b0 c\u00e1c \u0111\u1ea7u ng\u00f3n tay.<\/li>\n<li>6 \u0111i\u1ec3m ti\u1ebfp x\u00fac \u00f4m s\u00e1t v\u00f9ng vai c\u1ed5.<\/li>\n<li>2 c\u1ea5p \u0111\u1ed9 \u0111i\u1ec1u ch\u1ec9nh x 3 ch\u1ebf \u0111\u1ed9 massage.<\/li>\n<\/ul>","protected":false},"featured_media":7499,"comment_status":"open","ping_status":"closed","template":"","meta":{"_acf_changed":false,"rank_math_lock_modified_date":false},"product_cat":[274,1372,93],"product_tag":[],"class_list":{"0":"post-7497","1":"product","2":"type-product","3":"status-publish","4":"has-post-thumbnail","6":"product_cat-may-massage-co-vai-gay","7":"product_cat-san-pham-massage-ban-chay","8":"product_cat-thiet-bi-massage","10":"first","11":"instock","12":"sale","13":"shipping-taxable","14":"purchasable","15":"product-type-simple"},"acf":[],"_links":{"self":[{"href":"https:\/\/ykhoathongminh.com\/en\/wp-json\/wp\/v2\/product\/7497"}],"collection":[{"href":"https:\/\/ykhoathongminh.com\/en\/wp-json\/wp\/v2\/product"}],"about":[{"href":"https:\/\/ykhoathongminh.com\/en\/wp-json\/wp\/v2\/types\/product"}],"replies":[{"embeddable":true,"href":"https:\/\/ykhoathongminh.com\/en\/wp-json\/wp\/v2\/comments?post=7497"}],"wp:featuredmedia":[{"embeddable":true,"href":"https:\/\/ykhoathongminh.com\/en\/wp-json\/wp\/v2\/media\/7499"}],"wp:attachment":[{"href":"https:\/\/ykhoathongminh.com\/en\/wp-json\/wp\/v2\/media?parent=7497"}],"wp:term":[{"taxonomy":"product_cat","embeddable":true,"href":"https:\/\/ykhoathongminh.com\/en\/wp-json\/wp\/v2\/product_cat?post=7497"},{"taxonomy":"product_tag","embeddable":true,"href":"https:\/\/ykhoathongminh.com\/en\/wp-json\/wp\/v2\/product_tag?post=7497"}],"curies":[{"name":"wp","href":"https:\/\/api.w.org\/{rel}","templated":true}]}}