{"id":762,"date":"2024-07-22T15:01:42","date_gmt":"2024-07-22T15:01:42","guid":{"rendered":"https:\/\/ykhoathongminh.com\/?post_type=product&#038;p=762"},"modified":"2024-09-24T04:18:38","modified_gmt":"2024-09-24T04:18:38","slug":"ghe-ngoi-tap-phuc-hoi-chuc-nang-dap-chan-va-tap-tay-3-trong-1-phana-pn23","status":"publish","type":"product","link":"https:\/\/ykhoathongminh.com\/en\/product\/ghe-ngoi-tap-phuc-hoi-chuc-nang-dap-chan-va-tap-tay-3-trong-1-phana-pn23\/","title":{"rendered":"Gh\u1ebf ng\u1ed3i t\u1eadp ph\u1ee5c h\u1ed3i ch\u1ee9c n\u0103ng \u0111\u1ea1p ch\u00e2n v\u00e0 t\u1eadp tay 3 trong 1 Phana PN23"},"content":{"rendered":"<p><strong>Gh\u1ebf t\u1eadp ph\u1ee5c h\u1ed3i ch\u1ee9c n\u0103ng tay ch\u00e2n ( 3 trong 1)<\/strong> r\u1ea5t th\u00edch h\u1ee3p v\u00e0 hi\u00ea\u1ee5 qu\u1ea3 \u0111\u1ec3 t\u1eadp \u0111\u1ed1i v\u1edbi ng\u01b0\u1eddi c\u00f3 di ch\u1ee9ng li\u1ec7t b\u00e1n th\u00e2n do tai bi\u1ebfn m\u1ea1ch m\u00e1u n\u00e3o. Th\u00edch h\u1ee3p v\u1edbi ng\u01b0\u1eddi b\u1ec7nh c\u1ea7n v\u1eadn \u0111\u1ed9ng c\u01a1 kh\u1edbp t\u1ee9 chi.<\/p>\n<p>S\u1ea3n ph\u1ea9m \u0111\u01b0\u1ee3c thi\u1ebft k\u1ebf nhi\u1ec1u ch\u1ee9c n\u0103ng. Th\u00e1o r\u00e1p d\u1ec5 d\u00e0ng v\u00e0 g\u1ecdn g\u00e0ng n\u00ean r\u1ea5t ph\u00f9 h\u1ee3p cho luy\u1ec7n t\u1eadp t\u1ea1i nh\u00e0.<\/p>\n<h2><strong>Gh\u1ebf t\u1eadp ph\u1ee5c h\u1ed3i ch\u1ee9c n\u0103ng tay ch\u00e2n ( 3 trong 1) c\u00f3 3 ch\u1ee9c n\u0103ng ch\u00ednh nh\u01b0 sau:<\/strong><\/h2>\n<p><strong>&#8211; Ch\u1ee9c n\u0103ng 1:<\/strong> Ng\u01b0\u1eddi b\u1ec7nh ng\u1ed3i tr\u00ean gh\u1ebf c\u00f3 t\u1ef1a l\u01b0ng an to\u00e0n \u0111\u1ec3 k\u00e9o r\u00f2ng r\u1ecdc t\u1eadp v\u1eadn \u0111\u1ed9ng c\u00e1c c\u01a1 kh\u1edbp \u1edf tay nh\u01b0: kh\u1edbp vai, kh\u1edbp khu\u1ef7u tay, c\u1ed5 tay, b\u00e0n tay. Tr\u01b0\u1eddng h\u1ee3p ng\u01b0\u1eddi b\u1ec7nh c\u00f3 1 b\u00e0n tay y\u1ebfu kh\u00f4ng th\u1ec3 n\u1eafm v\u00e0o tay c\u1ea7m. S\u1ea3n ph\u1ea9m n\u00e0y c\u00f3 k\u00e8m th\u00eam bao tay \u0111\u1ec3 gi\u1eef ch\u1eb7t tay y\u1ebfu. Bao tay n\u1eafm ch\u1eafc v\u00e0o tay c\u1ea7m n\u00ean khi tay m\u1ea1nh k\u00e9o s\u1ebd h\u1ed7 tr\u1ee3 \u0111\u01b0\u1ee3c tay y\u1ebfu t\u1eadp theo.<\/p>\n<p><strong>&#8211; Ch\u1ee9c n\u0103ng 2:<\/strong> B\u1ed9 ph\u1eadn \u0111\u1ea1p xe \u0111\u1ec3 t\u1eadp m\u1ea1nh c\u01a1 2 ch\u00e2n. C\u00f3 n\u00fat \u0111i\u1ec1u ch\u1ec9nh l\u1ef1c n\u1eb7ng, nh\u1eb9 cho ph\u00f9 h\u1ee3p v\u1edbi s\u1ee9c c\u01a1 c\u1ee7a t\u1eebng ng\u01b0\u1eddi b\u1ec7nh. Hai b\u00e0n ch\u00e2n \u0111\u01b0\u1ee3c \u0111\u1ec3 tr\u00ean 2 chi\u1ebfc gu\u1ed1c c\u00f3 quai bu\u1ed9c v\u1eefng ch\u1eafc. Gi\u00fap ng\u01b0\u1eddi b\u1ec7nh t\u1eadp luy\u1ec7n d\u1ec5 d\u00e0ng.<\/p>\n<p><strong> &#8211; Ch\u1ee9c n\u0103ng 3:<\/strong> B\u1ed9 ph\u1eadn t\u1eadp quay tay, t\u1eadp \u0111\u01b0\u1ee3c c\u00e1c c\u01a1 kh\u1edbp \u1edf to\u00e0n c\u00e1nh tay. B\u1ed9 ph\u1eadn n\u00e0y c\u0169ng c\u00f3 th\u1ec3 \u0111i\u1ec1u ch\u1ec9nh \u0111\u01b0\u1ee3c l\u1ef1c n\u1eb7ng nh\u1eb9.<\/p>\n<p>\u0110\u1eb7c bi\u1ec7t, khi ng\u01b0\u1eddi b\u1ec7nh t\u1eadp ph\u1ed1i h\u1ee3p c\u00f9ng l\u00fac tay v\u00e0 ch\u00e2n th\u00ec s\u1ebd t\u1eadp \u0111\u01b0\u1ee3c c\u1eed \u0111\u1ed9ng t\u1ee9 chi v\u00e0 t\u1eadp c\u1eed \u0111\u1ed9ng \u0111i\u1ec1u h\u1ee3p. R\u1ea5t hi\u1ec7u qu\u1ea3 trong b\u1ec7nh Parkinson.<\/p>\n<h3><strong>Gh\u1ebf t\u1eadp ph\u1ee5c h\u1ed3i ch\u1ee9c n\u0103ng tay ch\u00e2n ( 3 trong 1) mua \u1edf \u0111\u00e2u ch\u00ednh h\u00e3ng?<\/strong><\/h3>\n<p>Ykhoathongminh l\u00e0 \u0111\u01a1n v\u1ecb ph\u00e2n ph\u1ed1i ch\u00ednh h\u00e3ng c\u00e1c s\u1ea3n ph\u1ea9m v\u1eadt l\u00fd tr\u1ecb li\u1ec7u ph\u1ee5c h\u1ed3i ch\u1ee9c n\u0103ng, c\u00e1c lo\u1ea1i m\u00e1y cho ng\u01b0\u1eddi b\u1ec7nh, m\u00e1y ph\u1ee5c h\u1ed3i ch\u1ee9c n\u0103ng cho b\u1ec7nh nh\u00e2n tai bi\u1ebfn&#8230;<\/p>\n<p>Tham kh\u1ea3o th\u00eam t\u1ea1i Showroom: E1 \u0110\u01b0\u1eddng \u0110\u1ed3ng Kh\u1edfi, Ph\u01b0\u1eddng T\u00e2n Hi\u1ec7p, Th\u00e0nh ph\u1ed1 Bi\u00ean H\u00f2a, \u0110\u1ed3ng Nai, Vi\u1ec7t Nam<\/p>\n<p>Hotline: 092.484.1368<\/p>","protected":false},"excerpt":{"rendered":"<p><strong>M\u00e3 s\u1ea3n ph\u1ea9m: PN23 (Gh\u1ebf t\u1eadp m\u1ea1nh tay ch\u00e2n )<\/strong><\/p>\n<p><strong>B\u1ea3o h\u00e0nh: 1 n\u0103m<\/strong><\/p>\n<p><strong>S\u1ea3n ph\u1ea9m do Phana s\u1ea3n xu\u1ea5t &#8211; Th\u01b0\u01a1ng hi\u1ec7u uy t\u00edn tr\u00ean 22 n\u0103m.<\/strong><\/p>","protected":false},"featured_media":5570,"comment_status":"open","ping_status":"closed","template":"","meta":{"_acf_changed":false,"rank_math_lock_modified_date":false},"product_cat":[255,256,257,118],"product_tag":[],"class_list":{"0":"post-762","1":"product","2":"type-product","3":"status-publish","4":"has-post-thumbnail","6":"product_cat-dung-cu-tap-chi-duoi","7":"product_cat-dung-cu-tap-chi-tren","8":"product_cat-dung-cu-tap-toan-than","9":"product_cat-phuc-hoi-chuc-nang","11":"first","12":"instock","13":"shipping-taxable","14":"purchasable","15":"product-type-simple"},"acf":[],"_links":{"self":[{"href":"https:\/\/ykhoathongminh.com\/en\/wp-json\/wp\/v2\/product\/762"}],"collection":[{"href":"https:\/\/ykhoathongminh.com\/en\/wp-json\/wp\/v2\/product"}],"about":[{"href":"https:\/\/ykhoathongminh.com\/en\/wp-json\/wp\/v2\/types\/product"}],"replies":[{"embeddable":true,"href":"https:\/\/ykhoathongminh.com\/en\/wp-json\/wp\/v2\/comments?post=762"}],"wp:featuredmedia":[{"embeddable":true,"href":"https:\/\/ykhoathongminh.com\/en\/wp-json\/wp\/v2\/media\/5570"}],"wp:attachment":[{"href":"https:\/\/ykhoathongminh.com\/en\/wp-json\/wp\/v2\/media?parent=762"}],"wp:term":[{"taxonomy":"product_cat","embeddable":true,"href":"https:\/\/ykhoathongminh.com\/en\/wp-json\/wp\/v2\/product_cat?post=762"},{"taxonomy":"product_tag","embeddable":true,"href":"https:\/\/ykhoathongminh.com\/en\/wp-json\/wp\/v2\/product_tag?post=762"}],"curies":[{"name":"wp","href":"https:\/\/api.w.org\/{rel}","templated":true}]}}