{"id":7804,"date":"2024-10-07T06:59:05","date_gmt":"2024-10-07T06:59:05","guid":{"rendered":"https:\/\/ykhoathongminh.com\/?post_type=product&#038;p=7804"},"modified":"2024-12-12T06:20:26","modified_gmt":"2024-12-12T06:20:26","slug":"may-massage-co-thong-minh-philips-ppm3311-chinh-hang","status":"publish","type":"product","link":"https:\/\/ykhoathongminh.com\/en\/product\/may-massage-co-thong-minh-philips-ppm3311-chinh-hang\/","title":{"rendered":"M\u00e1y Massage C\u1ed5 Th\u00f4ng Minh PHILIPS PPM3311 Ch\u00ednh H\u00e3ng"},"content":{"rendered":"<h2 class=\"p-heading-02 p-heading-medium p-s01__highlights-title\">PHILIPS PPM3311 \u2013 Th\u01b0 gi\u00e3n c\u1ed5 \u00eam \u00e1i c\u1ea3i thi\u1ec7n \u0111au nh\u1ee9c hi\u1ec7u qu\u1ea3<\/h2>\n<div class=\"group w-full text-token-text-primary border-b border-black\/10 dark:border-gray-900\/50 bg-gray-50 dark:bg-[#444654]\" data-testid=\"conversation-turn-67\">\n<div class=\"p-4 justify-center text-base md:gap-6 md:py-6 m-auto\">\n<div class=\"flex flex-1 gap-4 text-base mx-auto md:gap-6 md:max-w-2xl lg:max-w-[38rem] xl:max-w-3xl }\">\n<div class=\"relative flex w-[calc(100%-50px)] flex-col gap-1 md:gap-3 lg:w-[calc(100%-115px)]\">\n<div class=\"flex flex-grow flex-col gap-3 max-w-full\">\n<div class=\"min-h-[20px] flex flex-col items-start gap-3 overflow-x-auto whitespace-pre-wrap break-words\">\n<div class=\"markdown prose w-full break-words dark:prose-invert light\">\n<p>Thi\u1ebft k\u1ebf nh\u1eb9 nh\u00e0ng, gi\u00fap c\u01a1 th\u1ec3 c\u1ea3m th\u1ea5y th\u01b0 gi\u00e3n v\u00e0 tho\u1ea3i m\u00e1i, m\u00e1t xa theo nh\u1ecbp c\u00f9ng t\u00ednh n\u0103ng rung gi\u00fap xoa d\u1ecbu c\u01a1 b\u1eafp m\u1ed9t c\u00e1ch to\u00e0n di\u1ec7n. \u0110\u1eb7c bi\u1ec7t, ch\u1ee9c n\u0103ng ch\u01b0\u1eddm n\u00f3ng v\u1edbi nhi\u1ec7t \u0111\u1ed9 t\u0129nh nhi\u1ec7t mang l\u1ea1i c\u1ea3m gi\u00e1c \u1ea5m \u00e1p v\u00e0 th\u01b0 gi\u00e3n.<\/p>\n<div class=\"row\"  id=\"row-733068014\">\n\n\t<div id=\"col-364869191\" class=\"col medium-1\/3 large-4\"  >\n\t\t\t\t<div class=\"col-inner\"  >\n\t\t\t\n\t\t\t\n<p><img loading=\"lazy\" decoding=\"async\" class=\"alignnone size-medium wp-image-7805\" src=\"https:\/\/ykhoathongminh.com\/wp-content\/uploads\/2024\/10\/vn-11134207-7r98o-llosci010d0f8b-2-300x300.jpg\" alt=\"\" width=\"300\" height=\"300\" srcset=\"https:\/\/ykhoathongminh.com\/wp-content\/uploads\/2024\/10\/vn-11134207-7r98o-llosci010d0f8b-2-300x300.jpg 300w, https:\/\/ykhoathongminh.com\/wp-content\/uploads\/2024\/10\/vn-11134207-7r98o-llosci010d0f8b-2-150x150.jpg 150w, https:\/\/ykhoathongminh.com\/wp-content\/uploads\/2024\/10\/vn-11134207-7r98o-llosci010d0f8b-2-768x768.jpg 768w, https:\/\/ykhoathongminh.com\/wp-content\/uploads\/2024\/10\/vn-11134207-7r98o-llosci010d0f8b-2-12x12.jpg 12w, https:\/\/ykhoathongminh.com\/wp-content\/uploads\/2024\/10\/vn-11134207-7r98o-llosci010d0f8b-2-600x600.jpg 600w, https:\/\/ykhoathongminh.com\/wp-content\/uploads\/2024\/10\/vn-11134207-7r98o-llosci010d0f8b-2-100x100.jpg 100w, https:\/\/ykhoathongminh.com\/wp-content\/uploads\/2024\/10\/vn-11134207-7r98o-llosci010d0f8b-2.jpg 800w\" sizes=\"(max-width: 300px) 100vw, 300px\" \/><\/p>\n<h3 class=\"p-heading-04-large p-heading-bold p-feature-title\">Massage \u2013 ch\u01b0\u1eddm \u1ea5m v\u00f9ng c\u1ed5 \u00eam \u00e1i, g\u1ecdn nh\u1eb9<\/h3>\n<p class=\"p-body-copy-02\">Trang b\u1ecb t\u00ednh n\u0103ng ch\u01b0\u1eddm nhi\u1ec7t, gi\u00fap gi\u1ea3m s\u01b0ng v\u00e0 m\u1ec7t m\u1ecfi, nhi\u1ec7t \u0111\u1ed9 \u0111\u01b0\u1ee3c \u0111i\u1ec1u ch\u1ec9nh c\u1ea9n th\u1eadn \u0111\u1ec3 t\u1ea1o c\u1ea3m gi\u00e1c \u1ea5m \u00e1p v\u00e0 tho\u1ea3i m\u00e1i, \u0111\u1ed3ng th\u1eddi th\u00fac \u0111\u1ea9y l\u01b0u th\u00f4ng m\u00e1u v\u00e0 gi\u1ea3m c\u0103ng c\u01a1. \u0110i\u1ec1u n\u00e0y \u0111\u1ea3m b\u1ea3o b\u1ea1n c\u00f3 tr\u1ea3i nghi\u1ec7m ch\u01b0\u1eddm n\u00f3ng an to\u00e0n v\u00e0 tho\u1ea3i m\u00e1i, tr\u00e1nh nguy c\u01a1 b\u1ecfng do tai n\u1ea1n.<\/p>\n<p class=\"p-body-copy-02\">B\u00ean c\u1ea1nh \u0111\u00f3, m\u00e1y c\u00f2n c\u00f3 t\u00ednh n\u0103ng s\u00f3ng rung VibWave t\u1ea7n s\u1ed1 vi m\u00f4 mang l\u1ea1i s\u1ef1 th\u01b0 gi\u00e3n v\u00e0 c\u1ea3m gi\u00e1c s\u1ea3ng kho\u00e1i cho c\u01a1 th\u1ec3. V\u1edbi kh\u1ea3 n\u0103ng chia th\u00e0nh 4 v\u00f9ng \u00e1p, \u1ed5n \u0111\u1ecbnh v\u00f9ng c\u1ed5 m\u1ed9t c\u00e1ch hi\u1ec7u qu\u1ea3, gi\u00fap gi\u1ea3m c\u0103ng c\u01a1 v\u00e0 c\u0103ng th\u1eb3ng<\/p>\n\t\t<\/div>\n\t\t\t\t\t<\/div>\n\n\t\n\n\t<div id=\"col-1052503054\" class=\"col medium-1\/3 large-4\"  >\n\t\t\t\t<div class=\"col-inner\"  >\n\t\t\t\n\t\t\t\n<p><img loading=\"lazy\" decoding=\"async\" class=\"alignnone size-medium wp-image-7806\" src=\"https:\/\/ykhoathongminh.com\/wp-content\/uploads\/2024\/10\/vn-11134207-7r98o-llosci01ft9b82-2-300x300.jpg\" alt=\"\" width=\"300\" height=\"300\" srcset=\"https:\/\/ykhoathongminh.com\/wp-content\/uploads\/2024\/10\/vn-11134207-7r98o-llosci01ft9b82-2-300x300.jpg 300w, https:\/\/ykhoathongminh.com\/wp-content\/uploads\/2024\/10\/vn-11134207-7r98o-llosci01ft9b82-2-150x150.jpg 150w, https:\/\/ykhoathongminh.com\/wp-content\/uploads\/2024\/10\/vn-11134207-7r98o-llosci01ft9b82-2-768x768.jpg 768w, https:\/\/ykhoathongminh.com\/wp-content\/uploads\/2024\/10\/vn-11134207-7r98o-llosci01ft9b82-2-12x12.jpg 12w, https:\/\/ykhoathongminh.com\/wp-content\/uploads\/2024\/10\/vn-11134207-7r98o-llosci01ft9b82-2-600x600.jpg 600w, https:\/\/ykhoathongminh.com\/wp-content\/uploads\/2024\/10\/vn-11134207-7r98o-llosci01ft9b82-2-100x100.jpg 100w, https:\/\/ykhoathongminh.com\/wp-content\/uploads\/2024\/10\/vn-11134207-7r98o-llosci01ft9b82-2.jpg 800w\" sizes=\"(max-width: 300px) 100vw, 300px\" \/><\/p>\n<h3 class=\"p-heading-04-large p-heading-bold p-feature-title\">B\u1ec1 m\u1eb7t m\u1ec1m m\u1ea1i, th\u01b0 gi\u00e3n tho\u1ea3i m\u00e1i<\/h3>\n<div class=\"group w-full text-token-text-primary border-b border-black\/10 dark:border-gray-900\/50 bg-gray-50 dark:bg-&#091;#444654&#093;\" data-testid=\"conversation-turn-71\">\n<div class=\"p-4 justify-center text-base md:gap-6 md:py-6 m-auto\">\n<div class=\"flex flex-1 gap-4 text-base mx-auto md:gap-6 md:max-w-2xl lg:max-w-&#091;38rem&#093; xl:max-w-3xl }\">\n<div class=\"relative flex w-&#091;calc(100%-50px)&#093; flex-col gap-1 md:gap-3 lg:w-&#091;calc(100%-115px)&#093;\">\n<div class=\"flex flex-grow flex-col gap-3 max-w-full\">\n<div class=\"min-h-&#091;20px&#093; flex flex-col items-start gap-3 overflow-x-auto whitespace-pre-wrap break-words\">\n<div class=\"markdown prose w-full break-words dark:prose-invert light\">\n<p>B\u1ec1 m\u1eb7t l\u00e0m b\u1eb1ng v\u1ea3i \u0111\u00e0n h\u1ed3i, th\u00e2n thi\u1ec7n v\u1edbi da v\u00e0 c\u00f3 kh\u1ea3 n\u0103ng th\u00f4ng tho\u00e1ng, t\u1ea1o c\u1ea3m gi\u00e1c s\u1ea3ng kho\u00e1i v\u00e0 ng\u0103n ch\u1eb7n kh\u1ea3 n\u0103ng g\u00e2y d\u1ecb \u1ee9ng ho\u1eb7c t\u1ed5n th\u01b0\u01a1ng da do ma s\u00e1t. V\u1edbi tr\u1ecdng l\u01b0\u1ee3ng si\u00eau nh\u1eb9 ch\u1ec9 0.43kg, s\u1ea3n ph\u1ea9m n\u00e0y d\u1ec5 d\u00e0ng mang theo b\u1ea5t c\u1ee9 n\u01a1i \u0111\u00e2u, gi\u00fap b\u1ea1n t\u1eadn h\u01b0\u1edfng tr\u1ea3i nghi\u1ec7m m\u00e1t xa d\u1ecbu nh\u1eb9 v\u00e0 \u0111\u1ed9c \u0111\u00e1o. B\u1ec1 m\u1eb7t m\u1ec1m m\u1ea1i gi\u00fap gi\u1ea3m c\u0103ng c\u01a1 v\u00e0 c\u0103ng th\u1eb3ng, mang l\u1ea1i c\u1ea3m gi\u00e1c s\u1ea3ng kho\u00e1i v\u00e0 tho\u1ea3i m\u00e1i cho c\u01a1 th\u1ec3.<\/p>\n<\/div>\n<\/div>\n<\/div>\n<\/div>\n<\/div>\n<\/div>\n<\/div>\n\t\t<\/div>\n\t\t\t\t\t<\/div>\n\n\t\n\n\t<div id=\"col-963893931\" class=\"col medium-1\/3 large-4\"  >\n\t\t\t\t<div class=\"col-inner\"  >\n\t\t\t\n\t\t\t\n<p><img loading=\"lazy\" decoding=\"async\" class=\"alignnone size-medium wp-image-7807\" src=\"https:\/\/ykhoathongminh.com\/wp-content\/uploads\/2024\/10\/vn-11134207-7r98o-llosci010ctbc3-2-300x300.jpg\" alt=\"\" width=\"300\" height=\"300\" srcset=\"https:\/\/ykhoathongminh.com\/wp-content\/uploads\/2024\/10\/vn-11134207-7r98o-llosci010ctbc3-2-300x300.jpg 300w, https:\/\/ykhoathongminh.com\/wp-content\/uploads\/2024\/10\/vn-11134207-7r98o-llosci010ctbc3-2-150x150.jpg 150w, https:\/\/ykhoathongminh.com\/wp-content\/uploads\/2024\/10\/vn-11134207-7r98o-llosci010ctbc3-2-768x768.jpg 768w, https:\/\/ykhoathongminh.com\/wp-content\/uploads\/2024\/10\/vn-11134207-7r98o-llosci010ctbc3-2-12x12.jpg 12w, https:\/\/ykhoathongminh.com\/wp-content\/uploads\/2024\/10\/vn-11134207-7r98o-llosci010ctbc3-2-600x600.jpg 600w, https:\/\/ykhoathongminh.com\/wp-content\/uploads\/2024\/10\/vn-11134207-7r98o-llosci010ctbc3-2-100x100.jpg 100w, https:\/\/ykhoathongminh.com\/wp-content\/uploads\/2024\/10\/vn-11134207-7r98o-llosci010ctbc3-2.jpg 800w\" sizes=\"(max-width: 300px) 100vw, 300px\" \/><\/p>\n<h3 class=\"p-heading-04-large p-heading-bold p-feature-title\">Thi\u1ebft k\u1ebf \u0111\u1ecbnh h\u00ecnh ch\u1eef V \u2013 Gi\u00fap v\u00f9ng c\u1ed5 kh\u1ecfi nh\u1ee9c m\u1ecfi<\/h3>\n<p class=\"p-body-copy-02\">Thi\u1ebft k\u1ebf \u0111\u1ecbnh h\u00ecnh ch\u1eef V, gi\u00fap v\u00f9ng c\u1ed5 tr\u00e1nh kh\u1ecfi \u0111au nh\u1ee9c, v\u00ec ng\u1ee7 sai t\u01b0 th\u1ebf ho\u1eb7c ng\u1ed3i l\u00e0m vi\u1ec7c trong th\u1eddi gian d\u00e0i. V\u1edbi kh\u1ea3 n\u0103ng \u00f4m s\u00e1t t\u1ed1i \u01b0u, M\u00e1y Massage PHILIPS PPM3311 \u0111em l\u1ea1i tr\u1ea3i nghi\u1ec7m m\u00e1t xa v\u00f4 c\u00f9ng hi\u1ec7u qu\u1ea3.<\/p>\n<p class=\"p-body-copy-02\">M\u00e1y massage v\u00f9ng c\u1ed5 Philips PPM3311 gi\u00fap gi\u1ea3m c\u0103ng c\u01a1, gi\u1ea3i t\u1ecfa c\u0103ng th\u1eb3ng, v\u00e0 n\u00e2ng cao s\u1ef1 tho\u1ea3i m\u00e1i cho v\u00f9ng c\u1ed5, vai, v\u00e0 g\u00e1y. S\u1ea3n ph\u1ea9m n\u00e0y kh\u00f4ng ch\u1ec9 gi\u00fap b\u1ea1n th\u01b0 gi\u00e3n sau m\u1ed9t ng\u00e0y l\u00e0m vi\u1ec7c c\u0103ng th\u1eb3ng m\u00e0 c\u00f2n c\u1ea3i thi\u1ec7n t\u00ecnh tr\u1ea1ng s\u1ee9c kh\u1ecfe t\u1ed5ng th\u1ec3 c\u1ee7a b\u1ea1n.<\/p>\n\t\t<\/div>\n\t\t\t\t\t<\/div>\n\n\t\n<\/div>\n<\/div>\n<\/div>\n<\/div>\n<p>&nbsp;<\/p>\n<\/div>\n<\/div>\n<div class=\"row\"  id=\"row-734184224\">\n\n\t<div id=\"col-1502132006\" class=\"col medium-1\/3 large-4\"  >\n\t\t\t\t<div class=\"col-inner\"  >\n\t\t\t\n\t\t\t\n<p><img loading=\"lazy\" decoding=\"async\" class=\"alignnone size-medium wp-image-7808\" src=\"https:\/\/ykhoathongminh.com\/wp-content\/uploads\/2024\/10\/vn-11134207-7r98o-llosci01ft2703-2-300x300.jpg\" alt=\"\" width=\"300\" height=\"300\" srcset=\"https:\/\/ykhoathongminh.com\/wp-content\/uploads\/2024\/10\/vn-11134207-7r98o-llosci01ft2703-2-300x300.jpg 300w, https:\/\/ykhoathongminh.com\/wp-content\/uploads\/2024\/10\/vn-11134207-7r98o-llosci01ft2703-2-150x150.jpg 150w, https:\/\/ykhoathongminh.com\/wp-content\/uploads\/2024\/10\/vn-11134207-7r98o-llosci01ft2703-2-768x768.jpg 768w, https:\/\/ykhoathongminh.com\/wp-content\/uploads\/2024\/10\/vn-11134207-7r98o-llosci01ft2703-2-12x12.jpg 12w, https:\/\/ykhoathongminh.com\/wp-content\/uploads\/2024\/10\/vn-11134207-7r98o-llosci01ft2703-2-600x600.jpg 600w, https:\/\/ykhoathongminh.com\/wp-content\/uploads\/2024\/10\/vn-11134207-7r98o-llosci01ft2703-2-100x100.jpg 100w, https:\/\/ykhoathongminh.com\/wp-content\/uploads\/2024\/10\/vn-11134207-7r98o-llosci01ft2703-2.jpg 800w\" sizes=\"(max-width: 300px) 100vw, 300px\" \/><\/p>\n<h3 class=\"p-heading-04-large p-heading-bold p-feature-title\">2 c\u1ea5p \u0111\u1ed9 ch\u01b0\u1eddm \u1ea5m gi\u00fap gi\u1eef \u1ea5m di\u1ec7n r\u1ed9ng v\u00e0 v\u00f9ng c\u1ed5<\/h3>\n<div class=\"group w-full text-token-text-primary border-b border-black\/10 dark:border-gray-900\/50 bg-gray-50 dark:bg-&#091;#444654&#093;\" data-testid=\"conversation-turn-69\">\n<div class=\"p-4 justify-center text-base md:gap-6 md:py-6 m-auto\">\n<div class=\"flex flex-1 gap-4 text-base mx-auto md:gap-6 md:max-w-2xl lg:max-w-&#091;38rem&#093; xl:max-w-3xl }\">\n<div class=\"relative flex w-&#091;calc(100%-50px)&#093; flex-col gap-1 md:gap-3 lg:w-&#091;calc(100%-115px)&#093;\">\n<div class=\"flex flex-grow flex-col gap-3 max-w-full\">\n<div class=\"min-h-&#091;20px&#093; flex flex-col items-start gap-3 overflow-x-auto whitespace-pre-wrap break-words\">\n<div class=\"markdown prose w-full break-words dark:prose-invert light\">\n<p>S\u1ea3n ph\u1ea9m \u0111\u01b0\u1ee3c trang b\u1ecb t\u00ednh n\u0103ng ch\u01b0\u1eddm n\u00f3ng, gi\u00fap gi\u1ea3m s\u01b0ng v\u00e0 m\u1ec7t m\u1ecfi. Nhi\u1ec7t \u0111\u1ed9 gi\u1eef \u1ea5m th\u1ea9m th\u1ea5u s\u00e2u v\u00e0o v\u00f9ng m\u00e1t xa, t\u0103ng c\u01b0\u1eddng l\u01b0u th\u00f4ng m\u00e1u v\u00e0 gi\u1ea3m c\u0103ng c\u01a1. Ch\u1ebf \u0111\u1ed9 nhi\u1ec7t \u0111\u1ed9 \u0111\u00e3 \u0111\u01b0\u1ee3c \u0111i\u1ec1u ch\u1ec9nh c\u1ea9n th\u1eadn \u0111\u1ec3 \u0111\u1ea3m b\u1ea3o b\u1ea1n c\u00f3 tr\u1ea3i nghi\u1ec7m ch\u01b0\u1eddm n\u00f3ng tho\u1ea3i m\u00e1i v\u00e0 an to\u00e0n, tr\u00e1nh nguy c\u01a1 b\u1ecfng.<\/p>\n<\/div>\n<\/div>\n<\/div>\n<\/div>\n<\/div>\n<\/div>\n<\/div>\n\t\t<\/div>\n\t\t\t\t\t<\/div>\n\n\t\n\n\t<div id=\"col-1883493856\" class=\"col medium-1\/3 large-4\"  >\n\t\t\t\t<div class=\"col-inner\"  >\n\t\t\t\n\t\t\t\n<p><img loading=\"lazy\" decoding=\"async\" class=\"alignnone size-medium wp-image-7809\" src=\"https:\/\/ykhoathongminh.com\/wp-content\/uploads\/2024\/10\/ppm-3306n-2-300x300.jpg\" alt=\"\" width=\"300\" height=\"300\" srcset=\"https:\/\/ykhoathongminh.com\/wp-content\/uploads\/2024\/10\/ppm-3306n-2-300x300.jpg 300w, https:\/\/ykhoathongminh.com\/wp-content\/uploads\/2024\/10\/ppm-3306n-2-150x150.jpg 150w, https:\/\/ykhoathongminh.com\/wp-content\/uploads\/2024\/10\/ppm-3306n-2-768x768.jpg 768w, https:\/\/ykhoathongminh.com\/wp-content\/uploads\/2024\/10\/ppm-3306n-2-12x12.jpg 12w, https:\/\/ykhoathongminh.com\/wp-content\/uploads\/2024\/10\/ppm-3306n-2-600x600.jpg 600w, https:\/\/ykhoathongminh.com\/wp-content\/uploads\/2024\/10\/ppm-3306n-2-100x100.jpg 100w, https:\/\/ykhoathongminh.com\/wp-content\/uploads\/2024\/10\/ppm-3306n-2.jpg 800w\" sizes=\"(max-width: 300px) 100vw, 300px\" \/><\/p>\n<h3 class=\"p-heading-04-large p-heading-bold p-feature-title\">M\u00e1y massage v\u00f9ng c\u1ed5 h\u1ed7 tr\u1ee3 360 \u0111\u1ed9<\/h3>\n<p class=\"p-body-copy-02\">H\u1ed7 tr\u1ee3 v\u00f9ng c\u1ed5 360 \u0111\u1ed9, l\u00e0 m\u1ed9t tr\u1ee3 th\u1ee7 \u0111\u00e1ng tin c\u1eady cho s\u1ef1 th\u01b0 gi\u00e3n v\u00e0 t\u1ea1o m\u1ed9t kh\u00f4ng gian ngh\u1ec9 ng\u01a1i tho\u1ea3i m\u00e1i h\u01a1n. \u0110\u00e2y l\u00e0 s\u1ea3n ph\u1ea9m m\u00e1y massage c\u1ed5 vai g\u00e1y \u0111\u01b0\u1ee3c thi\u1ebft k\u1ebf \u0111\u1ec3 cung c\u1ea5p tr\u1ea3i nghi\u1ec7m m\u00e1t xa \u0111a chi\u1ec1u v\u00e0 to\u00e0n di\u1ec7n v\u00f9ng c\u1ed5, gi\u00fap b\u1ea1n gi\u1ea3m c\u0103ng c\u01a1 v\u00e0 c\u0103ng th\u1eb3ng m\u1ed9t c\u00e1ch hi\u1ec7u qu\u1ea3. V\u1edbi kh\u1ea3 n\u0103ng \u00f4m s\u00e1t to\u00e0n di\u1ec7n, \u0111\u1ea3m b\u1ea3o r\u1eb1ng b\u1ea1n c\u00f3 \u0111\u01b0\u1ee3c tr\u1ea3i nghi\u1ec7m t\u1ed1i \u01b0u v\u00e0 t\u01b0 th\u1ebf ngh\u1ec9 ng\u01a1i tho\u1ea3i m\u00e1i nh\u1ea5t, \u0111\u1ec3 b\u1ea1n c\u00f3 th\u1ec3 th\u01b0 gi\u00e3n v\u00e0 t\u00e1i n\u1ea1p n\u0103ng l\u01b0\u1ee3ng cho c\u1ea3 ng\u00e0y ti\u1ebfp theo.<\/p>\n\t\t<\/div>\n\t\t\t\t\t<\/div>\n\n\t\n\n\t<div id=\"col-293968401\" class=\"col medium-1\/3 large-4\"  >\n\t\t\t\t<div class=\"col-inner\"  >\n\t\t\t\n\t\t\t\n\t\t<\/div>\n\t\t\t\t\t<\/div>\n\n\t\n<\/div>\n<\/div>\n<\/div>","protected":false},"excerpt":{"rendered":"<p>PHILIPS PPM3311 \u2013 Th\u01b0 gi\u00e3n c\u1ed5 \u00eam \u00e1i c\u1ea3i thi\u1ec7n \u0111au nh\u1ee9c hi\u1ec7u qu\u1ea3 Thi\u1ebft k\u1ebf nh\u1eb9 nh\u00e0ng, gi\u00fap c\u01a1 th\u1ec3 c\u1ea3m th\u1ea5y th\u01b0 gi\u00e3n v\u00e0 tho\u1ea3i m\u00e1i, m\u00e1t xa theo nh\u1ecbp c\u00f9ng t\u00ednh n\u0103ng rung gi\u00fap xoa d\u1ecbu c\u01a1 b\u1eafp m\u1ed9t c\u00e1ch to\u00e0n di\u1ec7n. \u0110\u1eb7c bi\u1ec7t, ch\u1ee9c n\u0103ng ch\u01b0\u1eddm n\u00f3ng v\u1edbi nhi\u1ec7t \u0111\u1ed9 t\u0129nh [&#8230;]","protected":false},"featured_media":7482,"comment_status":"open","ping_status":"closed","template":"","meta":{"_acf_changed":false,"rank_math_lock_modified_date":false},"product_cat":[274,1372,93],"product_tag":[],"class_list":{"0":"post-7804","1":"product","2":"type-product","3":"status-publish","4":"has-post-thumbnail","6":"product_cat-may-massage-co-vai-gay","7":"product_cat-san-pham-massage-ban-chay","8":"product_cat-thiet-bi-massage","10":"first","11":"instock","12":"shipping-taxable","13":"purchasable","14":"product-type-simple"},"acf":[],"_links":{"self":[{"href":"https:\/\/ykhoathongminh.com\/en\/wp-json\/wp\/v2\/product\/7804"}],"collection":[{"href":"https:\/\/ykhoathongminh.com\/en\/wp-json\/wp\/v2\/product"}],"about":[{"href":"https:\/\/ykhoathongminh.com\/en\/wp-json\/wp\/v2\/types\/product"}],"replies":[{"embeddable":true,"href":"https:\/\/ykhoathongminh.com\/en\/wp-json\/wp\/v2\/comments?post=7804"}],"wp:featuredmedia":[{"embeddable":true,"href":"https:\/\/ykhoathongminh.com\/en\/wp-json\/wp\/v2\/media\/7482"}],"wp:attachment":[{"href":"https:\/\/ykhoathongminh.com\/en\/wp-json\/wp\/v2\/media?parent=7804"}],"wp:term":[{"taxonomy":"product_cat","embeddable":true,"href":"https:\/\/ykhoathongminh.com\/en\/wp-json\/wp\/v2\/product_cat?post=7804"},{"taxonomy":"product_tag","embeddable":true,"href":"https:\/\/ykhoathongminh.com\/en\/wp-json\/wp\/v2\/product_tag?post=7804"}],"curies":[{"name":"wp","href":"https:\/\/api.w.org\/{rel}","templated":true}]}}