{"id":802,"date":"2024-07-22T15:02:28","date_gmt":"2024-07-22T15:02:28","guid":{"rendered":"https:\/\/ykhoathongminh.com\/?post_type=product&#038;p=802"},"modified":"2025-10-01T07:55:15","modified_gmt":"2025-10-01T07:55:15","slug":"que-thu-duong-huyet-one-touch-ultra-plus-25-que","status":"publish","type":"product","link":"https:\/\/ykhoathongminh.com\/en\/product\/que-thu-duong-huyet-one-touch-ultra-plus-25-que\/","title":{"rendered":"QUE TH\u1eec \u0110\u01af\u1edcNG HUY\u1ebeT ONE TOUCH ULTRA PLUS 25 QUE"},"content":{"rendered":"<h2 class=\"m-b-12 m-b-md-8 ppc-typography-heading4\">Que th\u1eed \u0111\u01b0\u1eddng huy\u1ebft One Touch Ultra Plus 25 Que<\/h2>\n<p>Que th\u1eed \u0111\u01b0\u1eddng huy\u1ebft OneTouch Ultra Plus cho k\u1ebft qu\u1ea3 \u0111o nhanh v\u00e0 ch\u00ednh x\u00e1c khi k\u1ebft h\u1ee3p v\u1edbi m\u00e1y \u0111o \u0111\u01b0\u1eddng huy\u1ebft. Que th\u1eed \u0111\u01b0\u1eddng huy\u1ebft n\u00e0y s\u1eed d\u1ee5ng men glucose oxidase (GOD) l\u00e0m ch\u1ea5t ph\u1ea3n \u1ee9ng. Ch\u1ec9 ph\u1ea3n \u1ee9ng v\u1edbi \u0111\u01b0\u1eddng glucose trong m\u00e1u. Cho k\u1ebft qu\u1ea3 \u0111o \u0111\u01b0\u1eddng huy\u1ebft c\u00f3 \u0111\u1ed9 ch\u00ednh x\u00e1c l\u00ean \u0111\u1ebfn 99%. Ch\u1ec9 c\u1ea7n m\u1ed9t l\u01b0\u1ee3ng m\u00e1u nh\u1ecf \u0111\u1ec3 \u0111o \u0111\u01b0\u1eddng huy\u1ebft trong c\u01a1 th\u1ec3. Kh\u00f4ng g\u00e2y t\u1ed5n th\u01b0\u01a1ng hay \u0111au \u0111\u1edbn cho ng\u01b0\u1eddi s\u1eed d\u1ee5ng.<\/p>\n<p>S\u1ea3n ph\u1ea9m g\u1ed3m 25 que th\u1eed. Lo\u1ea1i b\u1ecf ho\u00e0n to\u00e0n kh\u1ea3 n\u0103ng b\u1ecb \u1ea3nh h\u01b0\u1edfng b\u1edfi kh\u00f4ng kh\u00ed v\u00e0 \u0111\u1ed9 \u1ea9m. Thu\u1eadn ti\u1ec7n cho vi\u1ec7c s\u1eed d\u1ee5ng v\u00e0 \u0111\u1ea3m b\u1ea3o th\u1eddi h\u1ea1n s\u1eed d\u1ee5ng t\u1ed1i \u0111a. Gi\u00fap b\u1ea1n y\u00ean t\u00e2m v\u1ec1 \u0111\u1ed9 ch\u00ednh x\u00e1c k\u1ebft qu\u1ea3 \u0111\u01b0\u1eddng huy\u1ebft trong c\u01a1 th\u1ec3.<\/p>\n<div><\/div>\n<div>\n<h2 class=\"_ilcss2_\">C\u00e1ch b\u1ea3o qu\u1ea3n que th\u1eed \u0111\u01b0\u1eddng huy\u1ebft<\/h2>\n<ul>\n<li>B\u1ea3o qu\u1ea3n \u1edf nhi\u1ec7t \u0111\u1ed9 t\u1eeb 4 \u0111\u1ebfn 30 \u0111\u1ed9 C v\u00e0 \u0111\u1ed9 \u1ea9m t\u1eeb 10% \u0111\u1ebfn 90%.<\/li>\n<li>Kh\u00f4ng \u0111\u1ec3 que th\u1eed trong t\u1ee7 l\u1ea1nh c\u0169ng nh\u01b0 nh\u1eefng v\u00f9ng c\u00f3 nhi\u1ec7t \u0111\u1ed9 v\u00e0 \u0111\u1ed9 \u1ea9m cao nh\u01b0 c\u1eeda s\u1ed5, b\u1ebfp, nh\u00e0 t\u1eafm\u2026<\/li>\n<li>Kh\u00f4ng l\u1ea5y que ra kh\u1ecfi h\u1ed9p khi ch\u01b0a d\u00f9ng v\u00e0 \u0111\u00f3ng ch\u1eb7t n\u1eafp h\u1ed9p sau khi l\u1ea5y que ra kh\u1ecfi h\u1ed9p \u0111\u1ec3 tr\u00e1nh que b\u1ecb h\u1ecfng do h\u00fat \u1ea9m.<\/li>\n<\/ul>\n<\/div>","protected":false},"excerpt":{"rendered":"<ul>\n<li>Quy c\u00e1ch: H\u1ed9p 25 Que.<\/li>\n<li>Xu\u1ea5t x\u1ee9 : Th\u1ee5y S\u0129.<\/li>\n<\/ul>\n<p>Que th\u1eed \u0111\u01b0\u1eddng huy\u1ebft Onetouch Ultra plus l\u00e0 ph\u1ee5 ki\u1ec7n \u0111i k\u00e8m c\u1ee7a m\u00e1y \u0111o \u0111\u01b0\u1eddng huy\u1ebft hi\u1ec7u Onetouch. Que th\u1eed \u0111\u01b0\u1ee3c t\u00edch h\u1ee3p c\u00f4ng ngh\u1ec7 c\u1ea3m \u1ee9ng \u0111i\u1ec7n c\u1ef1c c\u00f3 kh\u1ea3 n\u0103ng t\u1ef1 \u0111\u1ed9ng h\u00fat m\u00e1u l\u00ean v\u00e0 \u0111o k\u1ebft qu\u1ea3 m\u1ed9t c\u00e1ch nhanh ch\u00f3ng.<\/p>","protected":false},"featured_media":6445,"comment_status":"open","ping_status":"closed","template":"","meta":{"_acf_changed":false,"rank_math_lock_modified_date":false},"product_cat":[25,27],"product_tag":[],"class_list":{"0":"post-802","1":"product","2":"type-product","3":"status-publish","4":"has-post-thumbnail","6":"product_cat-cham-soc-nguoi-benh-tieu-duong","7":"product_cat-que-thu-tieu-duong","9":"first","10":"instock","11":"shipping-taxable","12":"purchasable","13":"product-type-simple"},"acf":[],"_links":{"self":[{"href":"https:\/\/ykhoathongminh.com\/en\/wp-json\/wp\/v2\/product\/802"}],"collection":[{"href":"https:\/\/ykhoathongminh.com\/en\/wp-json\/wp\/v2\/product"}],"about":[{"href":"https:\/\/ykhoathongminh.com\/en\/wp-json\/wp\/v2\/types\/product"}],"replies":[{"embeddable":true,"href":"https:\/\/ykhoathongminh.com\/en\/wp-json\/wp\/v2\/comments?post=802"}],"wp:featuredmedia":[{"embeddable":true,"href":"https:\/\/ykhoathongminh.com\/en\/wp-json\/wp\/v2\/media\/6445"}],"wp:attachment":[{"href":"https:\/\/ykhoathongminh.com\/en\/wp-json\/wp\/v2\/media?parent=802"}],"wp:term":[{"taxonomy":"product_cat","embeddable":true,"href":"https:\/\/ykhoathongminh.com\/en\/wp-json\/wp\/v2\/product_cat?post=802"},{"taxonomy":"product_tag","embeddable":true,"href":"https:\/\/ykhoathongminh.com\/en\/wp-json\/wp\/v2\/product_tag?post=802"}],"curies":[{"name":"wp","href":"https:\/\/api.w.org\/{rel}","templated":true}]}}