{"id":807,"date":"2024-07-22T15:02:28","date_gmt":"2024-07-22T15:02:28","guid":{"rendered":"https:\/\/ykhoathongminh.com\/?post_type=product&#038;p=807"},"modified":"2024-09-08T04:50:55","modified_gmt":"2024-09-08T04:50:55","slug":"may-tro-thinh-2-tai-nghe-mimitakara-japan-dp-6k5a","status":"publish","type":"product","link":"https:\/\/ykhoathongminh.com\/en\/product\/may-tro-thinh-2-tai-nghe-mimitakara-japan-dp-6k5a\/","title":{"rendered":"M\u00e1y tr\u1ee3 th\u00ednh 2 tai nghe Mimitakara (JAPAN) DP-6K5A"},"content":{"rendered":"<div class=\"wrap-title\"><strong style=\"font-size: 20.16px;\">T\u00cdNH N\u0102NG N\u1ed4I B\u1eacT<\/strong><\/div>\n<div class=\"content-product clearfix\">\n<div id=\"information\">\n<div class=\"content-detail js-content btn-show-more-true active\">\n<ul>\n<li>C\u00f4ng ngh\u1ec7 gi\u1ea3m nhi\u1ec5u s\u00f3ng hi\u1ec7n \u0111\u1ea1i cho ch\u1ea5t l\u01b0\u1ee3ng \u00e2m thanh cao<\/li>\n<li>Ti\u00eau th\u1ee5 n\u0103ng l\u01b0\u1ee3ng th\u1ea5p<\/li>\n<li>Thi\u1ebft k\u1ebf gi\u1ed1ng nh\u01b0 m\u1ed9t chi\u1ebfc m\u00e1y nghe nh\u1ea1c, th\u1ea9m m\u0129 cao<\/li>\n<li>K\u1ebft n\u1ed1i Bluetooth (v\u1edbi Smartphone)<\/li>\n<li>M\u00e1y nh\u1ecf g\u1ecdn, nh\u1eb9 v\u00e0 d\u1ec5 d\u00e0ng s\u1eed d\u1ee5ng<\/li>\n<li>C\u00f3 th\u1ec3 k\u1eb9p m\u00e1y v\u00e0o t\u00fai \u00e1o, c\u1ed5 \u00e1o \u0111\u1ec3 s\u1eed d\u1ee5ng trong c\u00e1c ho\u1ea1t \u0111\u1ed9ng b\u00ecnh th\u01b0\u1eddng nh\u01b0 l\u00e0m vi\u1ec7c, \u0111\u1ecdc s\u00e1ch hay ch\u01a1i th\u1ec3 thao<\/li>\n<li>Th\u1eddi gian s\u1eed d\u1ee5ng \u0111\u1ebfn 11 gi\u1edd cho m\u1ed7i l\u1ea7n s\u1ea1c<\/li>\n<li>B\u1ea3o h\u00e0nh: 12 th\u00e1ng<\/li>\n<li>M\u00e1y c\u00f3 nhi\u1ec1u m\u00e0u \u0111\u1ec3 b\u1ea1n l\u1ef1a ch\u1ecdn<\/li>\n<\/ul>\n<h2><strong>H\u01af\u1edaNG D\u1eaaN S\u1eec D\u1ee4NG M\u00e1y tr\u1ee3 th\u00ednh 2 tai nghe, bluetooth, pin s\u1ea1c, Mimitakara (JAPAN) DP-6K5A 5<\/strong><\/h2>\n<p><strong>1. Ch\u1ecdn ch\u1ebf \u0111\u1ed9 l\u1ecdc nhi\u1ec5u tu\u1ef3 v\u00e0o m\u00f4i tr\u01b0\u1eddng sinh ho\u1ea1t<\/strong><\/p>\n<p><strong>M\u00e1y DP-6KA c\u00f3 hai ch\u1ebf \u0111\u1ed9 s\u1eed d\u1ee5ng cho c\u00e1c m\u00f4i tr\u01b0\u1eddng s\u1eed d\u1ee5ng kh\u00e1c nhau:<\/strong><\/p>\n<ul>\n<li>Ch\u1ebf \u0111\u1ed9 1 (Full Gain &#8211; Khu\u1ebfch \u0111\u1ea1i \u0111\u1ea7y \u0111\u1ee7): m\u00e1y s\u1ebd thu v\u00e0 khu\u1ebfch \u0111\u1ea1i \u0111\u1ea7y \u0111\u1ee7 \u00e2m thanh xung quanh. Ch\u1ebf \u0111\u1ed9 n\u00e0y \u0111\u01b0\u1ee3c d\u00f9ng trong kh\u00f4ng gian y\u00ean t\u0129nh nh\u01b0 \u1edf nh\u00e0, th\u01b0 vi\u1ec7n&#8230;<\/li>\n<li>Ch\u1ebf \u0111\u1ed9 2 (Environmental &#8211; M\u00f4i tr\u01b0\u1eddng): l\u1ecdc \u00e2m thanh m\u00e0 b\u1ecb nhi\u1ec1u t\u1ea1p \u00e2m g\u00e2y nhi\u1ec5u, gi\u00fap cho ng\u01b0\u1eddi s\u1eed d\u1ee5ng c\u00f3 th\u1ec3 nghe \u00e2m thanh t\u1eeb ng\u01b0\u1eddi \u0111ang n\u00f3i chuy\u1ec7n t\u1ed1t h\u01a1n. Ch\u1ebf \u0111\u1ed9 n\u00e0y th\u01b0\u1eddng d\u00f9ng trong c\u00e1c n\u01a1i \u1ed3n \u00e0o nh\u01b0 nh\u00e0 h\u00e0ng, si\u00eau th\u1ecb, s\u1ef1 ki\u1ec7n&#8230;<\/li>\n<\/ul>\n<h4><strong>Hai ch\u1ebf \u0111\u1ed9 t\u01b0\u01a1ng \u1ee9ng v\u1edbi ch\u1ebf \u0111\u1ed9 l\u1ecdc nhi\u1ec5u \u0111\u1ec3 t\u1ea1o ra ch\u1ea5t l\u01b0\u1ee3ng \u00e2m thanh cao c\u1ea5p.<\/strong><\/h4>\n<ul>\n<li>Ch\u1ebf \u0111\u1ed9 chu\u1ea9n: \u00e2m thanh s\u1ebd \u0111\u01b0\u1ee3c nghe th\u00f4 v\u00e0 kh\u00f4ng th\u00f4ng qua ch\u1ebf \u0111\u1ed9 l\u1ecdc. Th\u01b0\u1eddng d\u00f9ng trong m\u00f4i tr\u01b0\u1eddng y\u00ean t\u0129nh nh\u01b0 \u1edf ph\u00f2ng ri\u00eang ho\u1eb7c th\u01b0 vi\u1ec7n.<\/li>\n<li>Ch\u1ebf \u0111\u1ed9 l\u1ecdc nhi\u1ec5u: Ch\u1ebf \u0111\u1ed9 n\u00e0y m\u00e1y s\u1ebd b\u1eadt b\u1ed9 l\u1ecdc \u0111\u1ec3 tr\u1ee3 gi\u00fap gi\u1ea3m nhi\u1ec5u t\u1eeb m\u00f4i tr\u01b0\u1eddng ngo\u00e0i, nh\u01b0 v\u1eady m\u00e1y s\u1ebd t\u1ea1o ra \u00e2m thanh r\u00f5 r\u00e0ng h\u01a1n cho ng\u01b0\u1eddi s\u1eed d\u1ee5ng.<\/li>\n<\/ul>\n<h3><strong>2. D\u1ec5 d\u00e0ng \u0111i\u1ec1u ch\u1ec9nh \u00e2m l\u01b0\u1ee3ng<\/strong><\/h3>\n<p>M\u00e1y \u0111\u01b0\u1ee3c thi\u1ebft k\u1ebf \u0111\u1ec3 \u0111i\u1ec1u ch\u1ec9nh \u00e2m l\u01b0\u1ee3ng nghe r\u1ea5t d\u1ec5 d\u00e0ng. C\u00e1c n\u00fat t\u0103ng (+) \/ gi\u1ea3m (-) \u00e2m l\u01b0\u1ee3ng r\u1ea5t d\u1ec5 nh\u1eadn ra v\u00e0 d\u1ec5 \u0111i\u1ec1u ch\u1ec9nh cho ng\u01b0\u1eddi s\u1eed d\u1ee5ng. Khi \u0111i\u1ec1u ch\u1ec9nh s\u1ebd c\u00f3 t\u00edn hi\u1ec7u b\u00e1o (ti\u1ebfng k\u00eau b\u00edp) m\u1ed7i l\u1ea7n nh\u1ea5n n\u00fat \u0111\u1ec3 d\u1ec5 d\u00e0ng \u0111i\u1ec1u ch\u1ec9nh \u00e2m thanh nghe nh\u01b0 \u00fd mu\u1ed1n.<\/p>\n<h3><strong>3. K\u1ebft n\u1ed1i Bluetooth<\/strong><\/h3>\n<ul>\n<li>M\u00e1y tr\u1ee3 th\u00ednh Mimitakara c\u00f3 th\u1ec3 k\u1ebft n\u1ed1i v\u1edbi c\u00e1c thi\u1ebft b\u1ecb di d\u1ed9ng (m\u00e1y t\u00ednh b\u1ea3ng, \u0111i\u1ec7n tho\u1ea1i th\u00f4ng minh&#8230;) th\u00f4ng qua c\u00f4ng ngh\u1ec7 Bluetooth hi\u1ec7n \u0111\u1ea1i r\u1ea5t \u0111\u01a1n gi\u1ea3n v\u00e0 d\u1ec5 d\u00e0ng.<\/li>\n<li>Vi\u1ec7c k\u1ebft n\u1ed1i ch\u1ec9 m\u1ea5t ch\u01b0a \u0111\u1ebfn 1 ph\u00fat \u0111\u1ec3 c\u00e0i \u0111\u1eb7t, sau khi \u0111\u00e3 k\u1ebft n\u1ed1i th\u00e0nh c\u00f4ng th\u00ec t\u1eeb l\u1ea7n sau m\u00e1y s\u1ebd t\u1ef1 \u0111\u1ed9ng k\u1ebft n\u1ed1i l\u1ea1i v\u1edbi c\u00e1c thi\u1ebft b\u1ecb di \u0111\u1ed9ng. M\u00e1y c\u00f3 th\u1ec3 k\u1ebft n\u1ed1i c\u00f9ng l\u00fac v\u1edbi hai thi\u1ebft b\u1ecb di d\u1ed9ng nh\u01b0 m\u00e1y t\u00ednh b\u1ea3ng v\u00e0 \u0111i\u1ec7n tho\u1ea1i th\u00f4ng minh.<\/li>\n<li>M\u00e1y cung c\u1ea5p th\u00eam ch\u1ee9c n\u0103ng Auto-Switching \u0111\u1ec3 chuy\u1ec3n \u0111\u1ed5i gi\u1eefa ch\u1ee9c n\u0103ng ch\u00ednh l\u00e0 tr\u1ee3 th\u00ednh v\u00e0 ch\u1ee9c n\u0103ng nghe nh\u1ea1c ho\u1eb7c \u0111\u00e0m tho\u1ea1i (khi c\u00f3 cu\u1ed9c g\u1ecdi \u0111\u1ebfn m\u00e1y \u0111i\u1ec7n tho\u1ea1i c\u1ee7a b\u1ea1n). Ch\u1ee9c n\u0103ng n\u00e0y ho\u1ea1t \u0111\u1ed9ng t\u1ef1 \u0111\u1ed9ng m\u00e0 kh\u00f4ng c\u1ea7n ph\u1ea3i b\u1ea5m b\u1ea5t c\u1ee9 m\u1ed9t n\u00fat b\u1ea5m n\u00e0o.<\/li>\n<li>M\u00e1y c\u00f3 th\u1ec3 k\u1ebft n\u1ed1i v\u1edbi c\u1ea3 hai h\u1ec7 \u0111i\u1ec1u h\u00ecnh iOS ho\u1eb7c Android.<\/li>\n<\/ul>\n<h3><strong>4. Microphone v\u00e0 tai nghe<\/strong><\/h3>\n<ul>\n<li>Thi\u1ebft k\u1ebf microphone ph\u00eda tr\u01b0\u1edbc gi\u00fap ng\u01b0\u1eddi s\u1eed d\u1ee5ng nghe r\u00f5 nh\u1ea5t<\/li>\n<li>M\u00e1y \u0111i k\u00e8m nhi\u1ec1u n\u00fat tai nghe t\u1eeb lo\u1ea1i nh\u1ecf \u0111\u1ebfn c\u1ee1 l\u1edbn n\u00ean r\u1ea5t ph\u00f9 h\u1ee3p v\u1edbi nhi\u1ec1u \u0111\u1ed1i t\u01b0\u1ee3ng s\u1eed d\u1ee5ng t\u1eeb tr\u1ebb em cho \u0111\u1ebfn ng\u01b0\u1eddi gi\u00e0<\/li>\n<li>Hai tai nghe c\u0169ng \u0111\u01b0\u1ee3c ph\u00e2n bi\u1ec7t r\u1ea5t r\u00f5 r\u00e0ng qua m\u00e0u s\u1eafc, d\u1ec5 d\u00e0ng ph\u00e2n bi\u1ec7t v\u00e0 s\u1eed d\u1ee5ng<\/li>\n<\/ul>\n<h3><strong>TH\u00d4NG TIN TH\u01af\u01a0NG HI\u1ec6U<\/strong><\/h3>\n<p><strong>Mimitakara<\/strong> l\u00e0 th\u01b0\u01a1ng hi\u1ec7u chuy\u00ean s\u1ea3n xu\u1ea5t c\u00e1c s\u1ea3n ph\u1ea9m m\u00e1y tr\u1ee3 th\u00ednh \u0111\u01b0\u1ee3c Clark Wu th\u00e0nh l\u1eadp v\u00e0o n\u0103m 2012. \u0110\u1ebfn nay, Mimitakara \u0111\u00e3 tr\u1edf th\u00e0nh t\u00ean tu\u1ed5i \u0111i \u0111\u1ea7u trong l\u0129nh v\u1ef1c cung c\u1ea5p c\u00e1c s\u1ea3n ph\u1ea9m tr\u1ee3 th\u00ednh t\u1ea1i th\u1ecb tr\u01b0\u1eddng Nh\u1eadt B\u1ea3n, H\u00e0n Qu\u1ed1c v\u00e0 \u0110\u00e0i Loan. Mimitakara l\u1ea5y <strong>Ch\u1ea5t l\u01b0\u1ee3ng<\/strong>, <strong>Gi\u00e1 tr\u1ecb<\/strong> v\u00e0 <strong>D\u1ecbch v\u1ee5<\/strong> l\u00e0m c\u1ed1t l\u00f5i. H\u1ecd kh\u00f4ng ng\u1eebng nghi\u00ean c\u1ee9u, ph\u00e1t tri\u1ec3n v\u00e0 cho ra \u0111\u1eddi nh\u1eefng s\u1ea3n ph\u1ea9m \u0111\u00e1p \u1ee9ng t\u1ed1i \u0111a nhu c\u1ea7u c\u1ee7a kh\u00e1ch h\u00e0ng v\u00e0 mang l\u1ea1i cho ng\u01b0\u1eddi khi\u1ebfm th\u00ednh cu\u1ed9c s\u1ed1ng thu\u1eadn ti\u1ec7n, d\u1ec5 d\u00e0ng h\u01a1n.<\/p>\n<\/div>\n<\/div>\n<\/div>","protected":false},"excerpt":{"rendered":"<ul>\n<li>C\u00f4ng ngh\u1ec7 gi\u1ea3m nhi\u1ec5u s\u00f3ng hi\u1ec7n \u0111\u1ea1i cho ch\u1ea5t l\u01b0\u1ee3ng \u00e2m thanh cao<\/li>\n<li>Ti\u00eau th\u1ee5 n\u0103ng l\u01b0\u1ee3ng th\u1ea5p<\/li>\n<li>Thi\u1ebft k\u1ebf gi\u1ed1ng nh\u01b0 m\u1ed9t chi\u1ebfc m\u00e1y nghe nh\u1ea1c, th\u1ea9m m\u0129 cao<\/li>\n<li>K\u1ebft n\u1ed1i Bluetooth (v\u1edbi Smartphone)<\/li>\n<li>M\u00e1y nh\u1ecf g\u1ecdn, nh\u1eb9 v\u00e0 d\u1ec5 d\u00e0ng s\u1eed d\u1ee5ng<\/li>\n<li>C\u00f3 th\u1ec3 k\u1eb9p m\u00e1y v\u00e0o t\u00fai \u00e1o, c\u1ed5 \u00e1o \u0111\u1ec3 s\u1eed d\u1ee5ng trong c\u00e1c ho\u1ea1t \u0111\u1ed9ng b\u00ecnh th\u01b0\u1eddng nh\u01b0 l\u00e0m vi\u1ec7c, \u0111\u1ecdc s\u00e1ch hay ch\u01a1i th\u1ec3 thao<\/li>\n<li>Th\u1eddi gian s\u1eed d\u1ee5ng \u0111\u1ebfn 11 gi\u1edd cho m\u1ed7i l\u1ea7n s\u1ea1c<\/li>\n<li>B\u1ea3o h\u00e0nh: 12 th\u00e1ng<\/li>\n<\/ul>","protected":false},"featured_media":2150,"comment_status":"open","ping_status":"closed","template":"","meta":{"_acf_changed":false,"rank_math_lock_modified_date":false},"product_cat":[73,175,692],"product_tag":[],"class_list":{"0":"post-807","1":"product","2":"type-product","3":"status-publish","4":"has-post-thumbnail","6":"product_cat-cham-soc-nguoi-cao-tuoi","7":"product_cat-may-tro-thinh-thiet-bi-y-te-gia-dinh","8":"product_cat-may-tro-thinh-co-day-may-tro-thinh-thiet-bi-y-te-gia-dinh","10":"first","11":"instock","12":"shipping-taxable","13":"purchasable","14":"product-type-simple"},"acf":[],"_links":{"self":[{"href":"https:\/\/ykhoathongminh.com\/en\/wp-json\/wp\/v2\/product\/807"}],"collection":[{"href":"https:\/\/ykhoathongminh.com\/en\/wp-json\/wp\/v2\/product"}],"about":[{"href":"https:\/\/ykhoathongminh.com\/en\/wp-json\/wp\/v2\/types\/product"}],"replies":[{"embeddable":true,"href":"https:\/\/ykhoathongminh.com\/en\/wp-json\/wp\/v2\/comments?post=807"}],"wp:featuredmedia":[{"embeddable":true,"href":"https:\/\/ykhoathongminh.com\/en\/wp-json\/wp\/v2\/media\/2150"}],"wp:attachment":[{"href":"https:\/\/ykhoathongminh.com\/en\/wp-json\/wp\/v2\/media?parent=807"}],"wp:term":[{"taxonomy":"product_cat","embeddable":true,"href":"https:\/\/ykhoathongminh.com\/en\/wp-json\/wp\/v2\/product_cat?post=807"},{"taxonomy":"product_tag","embeddable":true,"href":"https:\/\/ykhoathongminh.com\/en\/wp-json\/wp\/v2\/product_tag?post=807"}],"curies":[{"name":"wp","href":"https:\/\/api.w.org\/{rel}","templated":true}]}}