{"id":822,"date":"2024-07-22T15:02:29","date_gmt":"2024-07-22T15:02:29","guid":{"rendered":"https:\/\/ykhoathongminh.com\/?post_type=product&#038;p=822"},"modified":"2024-09-08T04:44:40","modified_gmt":"2024-09-08T04:44:40","slug":"can-suc-khoe-dien-tu-omron-hn-289","status":"publish","type":"product","link":"https:\/\/ykhoathongminh.com\/en\/product\/can-suc-khoe-dien-tu-omron-hn-289\/","title":{"rendered":"C\u00e2n s\u1ee9c kh\u1ecfe \u0111i\u1ec7n t\u1eed Omron HN 289"},"content":{"rendered":"<div class=\"overview_spec\">\n<div class=\"spec_icon\"><img decoding=\"async\" src=\"https:\/\/www.omronhealthcare-ap.com\/Content\/uploads\/products\/41df6cf069df4524a7c8569337136895.png\" alt=\"4 point_compact.png\" \/><\/div>\n<div class=\"spec_icon\"><span style=\"font-size: 14.4px;\">C\u00f4ng ngh\u1ec7 ch\u00ednh x\u00e1c 4 c\u1ea3m bi\u1ebfn<\/span><\/div>\n<\/div>\n<div class=\"overview_spec\">\n<div class=\"spec_icon\"><img decoding=\"async\" src=\"https:\/\/www.omronhealthcare-ap.com\/Content\/uploads\/products\/762f41a7129b47e3bd952fba213a7c01.png\" alt=\"Auto on-off_compact.png\" \/><\/div>\n<div class=\"spec_text\">\n<h5>Ch\u1ee9c n\u0103ng B\u1eacT \/ T\u1eaeT t\u1ef1 \u0111\u1ed9ng<\/h5>\n<\/div>\n<\/div>\n<div class=\"overview_spec\">\n<div class=\"spec_text\">\n<h5>C\u00e2n n\u1eb7ng t\u1edbi 150 kg<\/h5>\n<\/div>\n<\/div>\n<div class=\"overview_spec\">\n<div class=\"spec_text\">\n<h5>S\u1ed1 li\u1ec7u kg \/ lb \/ st c\u00f3 th\u1ec3 l\u1ef1a ch\u1ecdn<\/h5>\n<\/div>\n<\/div>\n<div class=\"overview_spec\">\n<div class=\"spec_text\">\n<h5>Hi\u1ec3n th\u1ecb ch\u00ednh x\u00e1c t\u1edbi m\u1ee9c t\u0103ng 100g g\u1eb1n nh\u1ea5t<\/h5>\n<\/div>\n<\/div>","protected":false},"excerpt":{"rendered":"<p><strong>Th\u01b0\u01a1ng hi\u1ec7u<\/strong>: Omron &#8211; Nh\u1eadt B\u1ea3n<\/p>\n<p><strong>B\u1ea3o h\u00e0nh ch\u00ednh h\u00e3ng<\/strong>: 24 th\u00e1ng.<\/p>","protected":false},"featured_media":4413,"comment_status":"open","ping_status":"closed","template":"","meta":{"_acf_changed":false,"rank_math_lock_modified_date":false},"product_cat":[298,178],"product_tag":[],"class_list":{"0":"post-822","1":"product","2":"type-product","3":"status-publish","4":"has-post-thumbnail","6":"product_cat-can-suc-khoe","7":"product_cat-cham-soc-me-va-be","9":"first","10":"instock","11":"shipping-taxable","12":"purchasable","13":"product-type-simple"},"acf":[],"_links":{"self":[{"href":"https:\/\/ykhoathongminh.com\/en\/wp-json\/wp\/v2\/product\/822"}],"collection":[{"href":"https:\/\/ykhoathongminh.com\/en\/wp-json\/wp\/v2\/product"}],"about":[{"href":"https:\/\/ykhoathongminh.com\/en\/wp-json\/wp\/v2\/types\/product"}],"replies":[{"embeddable":true,"href":"https:\/\/ykhoathongminh.com\/en\/wp-json\/wp\/v2\/comments?post=822"}],"wp:featuredmedia":[{"embeddable":true,"href":"https:\/\/ykhoathongminh.com\/en\/wp-json\/wp\/v2\/media\/4413"}],"wp:attachment":[{"href":"https:\/\/ykhoathongminh.com\/en\/wp-json\/wp\/v2\/media?parent=822"}],"wp:term":[{"taxonomy":"product_cat","embeddable":true,"href":"https:\/\/ykhoathongminh.com\/en\/wp-json\/wp\/v2\/product_cat?post=822"},{"taxonomy":"product_tag","embeddable":true,"href":"https:\/\/ykhoathongminh.com\/en\/wp-json\/wp\/v2\/product_tag?post=822"}],"curies":[{"name":"wp","href":"https:\/\/api.w.org\/{rel}","templated":true}]}}