{"id":832,"date":"2024-07-22T15:02:51","date_gmt":"2024-07-22T15:02:51","guid":{"rendered":"https:\/\/ykhoathongminh.com\/?post_type=product&#038;p=832"},"modified":"2024-09-11T04:35:32","modified_gmt":"2024-09-11T04:35:32","slug":"vong-bit-tui-hoi-cho-huyet-ap-omron-hem-8712","status":"publish","type":"product","link":"https:\/\/ykhoathongminh.com\/en\/product\/vong-bit-tui-hoi-cho-huyet-ap-omron-hem-8712\/","title":{"rendered":"V\u00f2ng b\u00edt t\u00fai h\u01a1i cho huy\u1ebft \u00e1p Omron HEM 8712"},"content":{"rendered":"<h3><strong>\u01afu \u0111i\u1ec3m c\u1ee7a v\u00f2ng b\u00edt t\u00fai h\u01a1i cho huy\u1ebft \u00e1p Omron HEM 8712<\/strong><\/h3>\n<p>&#8211; D\u00f9ng \u0111\u1ec3 thay th\u1ebf cho v\u00f2ng b\u00edt c\u1ee7a m\u00e1y \u0111o huy\u1ebft \u00e1p \u0111\u00e3 c\u0169, h\u1ecfng, kh\u00f4ng c\u00f2n ch\u00ednh x\u00e1c<\/p>\n<p>&#8211; \u0110\u1ed9 b\u1ec1n cao<\/p>\n<p>&#8211; D\u00f9ng \u0111\u01b0\u1ee3c cho lo\u1ea1i m\u00e1y \u0111o huy\u1ebft \u00e1p c\u1ee7a Omron Hem 8712<\/p>\n<p>&nbsp;<\/p>","protected":false},"excerpt":{"rendered":"<p>V\u00f2ng b\u00edt m\u00e1y \u0111o huy\u1ebft \u00e1p b\u1eafp tay Omron Hem 8712 l\u00e0 s\u1ea3n ph\u1ea9m thay th\u1ebf c\u00f3 th\u1ec3 s\u1eed d\u1ee5ng cho m\u00e1y \u0111o huy\u1ebft \u00e1p c\u1ee7a omron \u0111\u00e3 b\u1ecb th\u1ee7ng ho\u1eb7c qu\u00e1 c\u0169, kh\u00f4ng c\u00f2n ch\u00ednh x\u00e1c<\/p>","protected":false},"featured_media":6017,"comment_status":"open","ping_status":"closed","template":"","meta":{"_acf_changed":false,"rank_math_lock_modified_date":false},"product_cat":[20,24],"product_tag":[],"class_list":{"0":"post-832","1":"product","2":"type-product","3":"status-publish","4":"has-post-thumbnail","6":"product_cat-cham-soc-benh-huyet-ap","7":"product_cat-phu-kien-may-do-huyet-ap","9":"first","10":"instock","11":"shipping-taxable","12":"purchasable","13":"product-type-simple"},"acf":[],"_links":{"self":[{"href":"https:\/\/ykhoathongminh.com\/en\/wp-json\/wp\/v2\/product\/832"}],"collection":[{"href":"https:\/\/ykhoathongminh.com\/en\/wp-json\/wp\/v2\/product"}],"about":[{"href":"https:\/\/ykhoathongminh.com\/en\/wp-json\/wp\/v2\/types\/product"}],"replies":[{"embeddable":true,"href":"https:\/\/ykhoathongminh.com\/en\/wp-json\/wp\/v2\/comments?post=832"}],"wp:featuredmedia":[{"embeddable":true,"href":"https:\/\/ykhoathongminh.com\/en\/wp-json\/wp\/v2\/media\/6017"}],"wp:attachment":[{"href":"https:\/\/ykhoathongminh.com\/en\/wp-json\/wp\/v2\/media?parent=832"}],"wp:term":[{"taxonomy":"product_cat","embeddable":true,"href":"https:\/\/ykhoathongminh.com\/en\/wp-json\/wp\/v2\/product_cat?post=832"},{"taxonomy":"product_tag","embeddable":true,"href":"https:\/\/ykhoathongminh.com\/en\/wp-json\/wp\/v2\/product_tag?post=832"}],"curies":[{"name":"wp","href":"https:\/\/api.w.org\/{rel}","templated":true}]}}