{"id":867,"date":"2024-07-22T15:03:16","date_gmt":"2024-07-22T15:03:16","guid":{"rendered":"https:\/\/ykhoathongminh.com\/?post_type=product&#038;p=867"},"modified":"2024-09-08T04:00:34","modified_gmt":"2024-09-08T04:00:34","slug":"kem-xoa-cho-nguoi-bi-suy-gian-tinh-mach-celia","status":"publish","type":"product","link":"https:\/\/ykhoathongminh.com\/en\/product\/kem-xoa-cho-nguoi-bi-suy-gian-tinh-mach-celia\/","title":{"rendered":"Kem xoa cho ng\u01b0\u1eddi b\u1ecb suy gi\u00e3n t\u0129nh m\u1ea1ch Celia"},"content":{"rendered":"<p><strong>Th\u00e0nh ph\u1ea7n<\/strong><br \/>\nAqua, Paraffinum Liquidum, Isopropyl Palmitate, Cetearyl Ethylhexanoate, Propylene Glycol, Glycerin, Menthol, Polyglyceryt-3 Diisostearate, Carbomer, Sodium Hydroxide, Aerulates\/C1 0-30 Alkyl Acrylate Crosspolymer, Methylparaben, Aesculus Hippocastanum Seecl Extract, Ethylparaben, Disodium EDTA, Collagen Amino Actcls, BHA<\/p>\n<p><strong>C\u00f4ng d\u1ee5ng<\/strong><br \/>\n&#8211; Kem d\u01b0\u1ee1ng \u1ea9m, l\u00e0m m\u1ec1m da v\u00e0 mang l\u1ea1i cho da c\u1ea3m gi\u00e1c d\u1ec5 ch\u1ecbu sau s\u1eed d\u1ee5ng.<br \/>\n&#8211; L\u00e0m d\u1ecbu da<br \/>\n&#8211; Gia t\u0103ng \u0111\u1ed9 \u0111\u00e0n h\u1ed3i da vfa l\u00e0m s\u0103n ch\u1eafc da.<br \/>\n&#8211; S\u1ea3n ph\u1ea9m th\u00edch h\u1ee3p d\u00e0nh ch\u0103m s\u00f3c da cho m\u1ecdi \u0111\u1ed1i t\u01b0\u1ee3ng, \u0111\u1eb7c bi\u1ec7t da v\u00f9ng ch\u00e2n c\u1ee7a ng\u01b0\u1eddi \u0111\u1ee9ng l\u00e2u v\u00e0 ng\u01b0\u1eddi d\u1ec5 b\u1ecb ph\u00f9 n\u1ec1 ch\u00e2n<\/p>\n<p><strong>Li\u1ec1u d\u00f9ng &amp; c\u00e1ch d\u00f9ng:<\/strong><br \/>\nL\u1ea5y m\u1ed9t l\u01b0\u1ee3ng kem v\u1eeba \u0111\u1ee7 thoa \u0111\u1ec1u l\u00ean ch\u00e2n. M\u00e1t xa nh\u1eb9 nh\u00e0ng cho kem ng\u1ea5m h\u1ebft. S\u1eed d\u1ee5ng \u00edt nh\u1ea5t 2 l\u1ea7n\/ng\u00e0y ho\u1eb7c b\u1ea5t k\u1ef3 khi c\u00f3 nhu c\u1ea7u.<\/p>\n<p><strong>B\u1ea3o qu\u1ea3n:<\/strong><br \/>\nN\u01a1i kh\u00f4 r\u00e1o, \u00edt \u00e1nh s\u00e1ng, nhi\u1ec7t cao.<\/p>\n<p><strong>Quy c\u00e1ch \u0111\u00f3ng g\u00f3i:<\/strong> Tu\u00fdp 100ml<\/p>\n<p><strong>Xu\u1ea5t x\u1ee9 th\u01b0\u01a1ng hi\u1ec7u:<\/strong> Nh\u1eadt B\u1ea3n<\/p>\n<p><strong>S\u1ea3n xu\u1ea5t t\u1ea1i:<\/strong> Ba Lan<\/p>","protected":false},"excerpt":{"rendered":"<p><strong>Kem Celia<\/strong> gi\u1ea3m \u0111au nh\u1ee9c, m\u1ecfi ch\u00e2n, ph\u00f9 n\u1ec1, s\u01b0ng m\u1eaft c\u00e1 v\u00e0 b\u1eafp ch\u00e2n, chu\u1ed9t r\u00fat (v\u1ecdp b\u1ebb) ban \u0111\u00eam, hi\u1ec7n t\u01b0\u1ee3ng ki\u1ebfn b\u00f2 v\u00e0 ng\u1ee9a&#8230;do suy gi\u00e3n t\u0129nh m\u1ea1ch ch\u00e2n.<\/p>","protected":false},"featured_media":4555,"comment_status":"open","ping_status":"closed","template":"","meta":{"_acf_changed":false,"rank_math_lock_modified_date":false},"product_cat":[37,55],"product_tag":[],"class_list":{"0":"post-867","1":"product","2":"type-product","3":"status-publish","4":"has-post-thumbnail","6":"product_cat-cham-soc-benh-gian-tinh-mach","7":"product_cat-kem-xoa","9":"first","10":"instock","11":"shipping-taxable","12":"purchasable","13":"product-type-simple"},"acf":[],"_links":{"self":[{"href":"https:\/\/ykhoathongminh.com\/en\/wp-json\/wp\/v2\/product\/867"}],"collection":[{"href":"https:\/\/ykhoathongminh.com\/en\/wp-json\/wp\/v2\/product"}],"about":[{"href":"https:\/\/ykhoathongminh.com\/en\/wp-json\/wp\/v2\/types\/product"}],"replies":[{"embeddable":true,"href":"https:\/\/ykhoathongminh.com\/en\/wp-json\/wp\/v2\/comments?post=867"}],"wp:featuredmedia":[{"embeddable":true,"href":"https:\/\/ykhoathongminh.com\/en\/wp-json\/wp\/v2\/media\/4555"}],"wp:attachment":[{"href":"https:\/\/ykhoathongminh.com\/en\/wp-json\/wp\/v2\/media?parent=867"}],"wp:term":[{"taxonomy":"product_cat","embeddable":true,"href":"https:\/\/ykhoathongminh.com\/en\/wp-json\/wp\/v2\/product_cat?post=867"},{"taxonomy":"product_tag","embeddable":true,"href":"https:\/\/ykhoathongminh.com\/en\/wp-json\/wp\/v2\/product_tag?post=867"}],"curies":[{"name":"wp","href":"https:\/\/api.w.org\/{rel}","templated":true}]}}